{"id":5792,"date":"2020-03-29T18:20:41","date_gmt":"2020-03-29T17:20:41","guid":{"rendered":"https:\/\/neocatechumenaleiter.org\/discorsi-dei-papi\/s-giovanni-paolo-ii\/udienza-ai-giovani-del-cammino-neocatecumenale-27-iii-1988\/"},"modified":"2020-06-08T22:41:37","modified_gmt":"2020-06-08T21:41:37","slug":"udienza-ai-giovani-del-cammino-neocatecumenale-27-iii-1988","status":"publish","type":"page","link":"https:\/\/neocatechumenaleiter.org\/it\/discorsi-dei-papi\/s-giovanni-paolo-ii\/udienza-ai-giovani-del-cammino-neocatecumenale-27-iii-1988\/","title":{"rendered":"Udienza ai giovani del Cammino Neocatecumenale 27-III-1988"},"content":{"rendered":"\n<h1 class=\"has-text-align-center wp-block-heading\">Udienza ai giovani del Cammino Neocatecumenale 27-III-1988<\/h1>\n\n<div style=\"height:20px\" aria-hidden=\"true\" class=\"wp-block-spacer\"><\/div>\n\n<h4 class=\"has-text-align-center wp-block-heading\">S. Giovanni Paolo II<\/h4>\n\n<div style=\"height:20px\" aria-hidden=\"true\" class=\"wp-block-spacer\"><\/div>\n\n<div class=\"wp-block-image\"><figure class=\"alignright size-medium\"><img loading=\"lazy\" decoding=\"async\" width=\"300\" height=\"252\" src=\"https:\/\/neocatechumenaleiter.org\/wp-content\/uploads\/2020\/03\/Camino_Neocatecumenal_Juan_Pablo_II_audiencia_con_los_jovenes_1988-300x252.jpg\" alt=\"\" class=\"wp-image-2103\" srcset=\"https:\/\/neocatechumenaleiter.org\/wp-content\/uploads\/2020\/03\/Camino_Neocatecumenal_Juan_Pablo_II_audiencia_con_los_jovenes_1988-300x252.jpg 300w, https:\/\/neocatechumenaleiter.org\/wp-content\/uploads\/2020\/03\/Camino_Neocatecumenal_Juan_Pablo_II_audiencia_con_los_jovenes_1988.jpg 665w\" sizes=\"auto, (max-width: 300px) 100vw, 300px\" \/><\/figure><\/div>\n\n<p><strong>Citt\u00e0 del Vaticano \u2212 Domenica delle Palme, 27 marzo 1988 *<\/strong><\/p>\n\n<p><em>Circa diecimila giovani hanno partecipato ad un incontro promosso dal Cammino Neocatecumenale. Raccolti per tutto il pomeriggio della Domenica delle Palme nell\u2019Aula Paolo VI in Vaticano, hanno atteso in preghiera l\u2019arrivo del Santo Padre.<\/em>&#13;\n&#13;\n<em>Dopo vent\u2019anni di crisi profonda, le vocazioni stanno riapparendo nella Chiesa cattolica. Un sintomo di questo processo \u00e8 apparso ieri l\u2019altro nel corso dell\u2019incontro di dodicimila cantori e giovani delle Comunit\u00e0 Neocatecumenali con il Santo Padre, svoltosi nell\u2019aula Paolo VI in Vaticano in occasione della Domenica delle Palme.<\/em><\/p>\n\n<p><em>Mentre attendevano la visita del Santo Padre, Kiko Arg\u00fcello, uno degli iniziatori del Cammino Neocatecumenale insieme a Carmen Hern\u00e1ndez e al padre Mario Pezzi, ha provato con i presenti i canti per il triduo e la Veglia Pasquale che i Neocatecumeni celebrano durante tutta la notte e che sentono come perno di tutta la spiritualit\u00e0 battesimale. Dopo l\u2019ingresso del Santo Padre, una grande scultura in legno in grandezza naturale del Cristo crocifisso, dono delle comunit\u00e0 dell\u2019Ecuador, accompagnata da rami di palma e portata a braccia dai seminaristi del collegio romano \u00abRedemptoris Mater\u00bb \u00e8 stata introdotta in processione per presiedere la riunione.<\/em><br\/><br\/>&#13;\n&#13;\nPortare Cristo crocifisso nel mondo \u00e8 una nuova dimensione di amore \u2212 <em>ha detto Kiko davanti al Papa <\/em>\u2212. Cristo crocifisso \u00e8 una buona notizia, non \u00e8 un esempio di oppressione o di masochismo. Oggi il mondo vuole eliminare il crocifisso e vive terrorizzato da qualsiasi sofferenza. Cristo ha aperto un varco attraverso la morte. Soffriamo proprio perch\u00e9 non amiamo in questo modo, donandoci totalmente all\u2019altro. \u00c8 possibile amare cos\u00ec? S\u00ec, perch\u00e9 lui ci d\u00e0 la sua natura, e ci invia dal cielo il suo Spirito Santo, che ha vinto la morte e che ci dona la vita eterna all\u2019interno di noi, una vita nuova che ci permette di amare l\u2019altro al di l\u00e0 della morte, con i suoi difetti. Amarci cos\u00ec \u00e8 la felicit\u00e0. Come non portare quest\u2019acqua in un deserto quale \u00e8 oggi il mondo?<br\/><br\/><em>Kiko ha poi invitato chi avesse gi\u00e0 sentito o sentisse la chiamata al sacerdozio o alla vita contemplativa ad alzarsi; e sessantacinque giovani sono andati ad inginocchiarsi ai piedi del Santo Padre: quaranta ragazzi per entrare in seminario e venticinque ragazze per entrare in conventi di clausura.<\/em><\/p>\n\n<p><em>\u00c8 sorprendente vedere questo rifiorire di vocazioni. Negli ultimi tre anni oltre duemila giovani, provenienti dalle Comunit\u00e0 Neocatecumenali sono entrati in diversi seminari nel mondo per prepararsi al sacerdozio. A Roma \u00e8 stato aperto un collegio diocesano, il \u00abRedemptoris Mater\u00bb, per formare presbiteri per la Nuova Evangelizzazione indetta da Giovanni Paolo II. Questi futuri presbiteri, senza formare una congregazione, ma partendo dalle loro diocesi e sostenuti dalla loro comunit\u00e0 concreta, partiranno con le famiglie che hanno finito il tempo di formazione neocatecumenale e che, a centinaia, si sono offerte per andare ad evangelizzare nelle zone pi\u00f9 povere, pi\u00f9 miserabili e scristianizzate del mondo&#8230;<\/em>&#13;\n&#13;\n<em>Queste le parole del Papa:<\/em><\/p>\n\n<p>Abbiamo dato inizio con l\u2019odierna Domenica delle Palme alla Settimana Santa e, nello stesso tempo, abbiamo celebrato la terza Giornata Mondiale della Giovent\u00f9. Stamane, sul sagrato di San Pietro, abbiamo celebrato l\u2019una e l\u2019altra. Sono molto contento di trovarmi in mezzo a voi, giovani: di trovarmi cantando perch\u00e9 questa \u00e8 una giornata di canto: \u00abPueri hebraeorum portantes ramos olivarum&#8230;\u00bb. Conosciamo bene questa antifona della Domenica delle Palme. \u00c8 una giornata per voi giovani; per cantare \u00abOsanna! Benedetto Colui che viene nel nome del Signore!\u00bb. \u00c8 una giornata caratterizzata dall\u2019annuncio dei Profeti. Ma sappiamo bene che dentro questa celebrazione esaltante e gioiosa delle Palme, la Chiesa ci porta per mano alla Passione di Cristo. Questa gioia transitoria copre e nasconde in s\u00e9 il mistero della Passione e della croce che \u00e8 il mistero pasquale. In questa giornata voi vi siete riuniti non solo per cantare come i giovani di Gerusalemme, ma per scoprire la figura del crocifisso, di Ges\u00f9, che \u00e8 sulla croce, agonizzante. Per molte ore avete pregato, oggi pomeriggio. Avete meditato e pregato. Entrando nel mistero della Domenica delle Palme, mistero della Passione di Cristo, della croce e della sua Risurrezione, voi pensate insieme alla Chiesa e alla missione della Chiesa, perch\u00e9 Cristo \u00e8 morto sulla croce per dare la vita nuova all\u2019umanit\u00e0.<\/p>\n\n<div class=\"wp-block-image\"><figure class=\"alignleft size-medium\"><img loading=\"lazy\" decoding=\"async\" width=\"300\" height=\"239\" src=\"https:\/\/neocatechumenaleiter.org\/wp-content\/uploads\/2020\/03\/Camino_Neocatecumenal_Juan_Pablo_II_audiencia_con_los_jovenes_1988_2-300x239.jpg\" alt=\"\" class=\"wp-image-2110\" srcset=\"https:\/\/neocatechumenaleiter.org\/wp-content\/uploads\/2020\/03\/Camino_Neocatecumenal_Juan_Pablo_II_audiencia_con_los_jovenes_1988_2-300x239.jpg 300w, https:\/\/neocatechumenaleiter.org\/wp-content\/uploads\/2020\/03\/Camino_Neocatecumenal_Juan_Pablo_II_audiencia_con_los_jovenes_1988_2.jpg 709w\" sizes=\"auto, (max-width: 300px) 100vw, 300px\" \/><\/figure><\/div>\n\n<p>La Chiesa, come dicono i Santi Padri, \u00e8 stata fondata soprattutto soprattutto nel momento della Sua morte; dal Suo costato \u00e8 scaturita la nostra salvezza.&#13;\n&#13;\nSimbolicamente si apre una nuova realt\u00e0, una nuova missione divina che abbraccia l\u2019umanit\u00e0. Nasce cos\u00ec la Chiesa, che come ci dice il Concilio Vaticano II, \u00e8 \u00abin Cristo come un sacramento&#8230; dell\u2019intima unione con Dio e dell\u2019unit\u00e0 di tutto il genere umano\u00bb (<em>Lumen Gentium, <\/em>1).&#13;\n&#13;\nGes\u00f9 ha preparato a questo momento pasquale i suoi apostoli. Infatti, dopo la risurrezione, con le mani, i piedi ed il costato trafitti, si presenter\u00e0 ai suoi apostoli per donare lo Spirito Santo e per annunciare gi\u00e0 questa missione che spetta ad essi, a questo nuovo Israele di cui loro, gli Apostoli, sono l\u2019inizio e la prefigurazione.<\/p>\n\n<p>La Chiesa inizia a compiere cos\u00ec la sua missione e diventa missionaria. Se noi pensiamo seriamente al mistero pasquale di Cristo non possiamo separare la Chiesa dal suo mistero e dalla sua missione. Voi qui riflettete, pregate e pensate sulla missione della Chiesa in tutto il mondo. Questa missione domanda i missionari, domanda gli apostoli. I missionari continuano la missione degli apostoli. Il Concilio Vaticano II ci dice che tutta la Chiesa \u00e8 missionaria per sua natura. Missionaria vuol dire apostolica; vuol dire inviata. Voi vivete questo momento della chiamata e della missione della Chiesa che \u00e8 composta da diversi carismi e ministeri. L\u2019unica missione della Chiesa emerge, soprattutto oggi, anche sulla base dell\u2019apostolato dei laici. Ma, per la Chiesa e per la sua missione, ci vogliono le vocazioni sacerdotali e le vocazioni religiose. Ho visto qui alcuni giovani che si sono presentati spontaneamente per dire a questa assemblea: \u00abEcco, io vengo\u00bb. Ho pensato subito che questa offerta non si pu\u00f2 fare se non davanti a Dio. Ma, se la si fa anche davanti agli uomini, la si fa soprattutto nella famiglia. E voi siete una famiglia. Se queste scelte si possono fare cos\u00ec, spontaneamente, sotto la forza dello Spirito, questo vuol dire che voi siete una famiglia. Se infatti un ragazzo, una ragazza pu\u00f2 presentarsi davanti a tutti e dire davanti a tutti e a Cristo crocifisso: \u00abEcco, sono tuo\u00bb, questo vuol dire che Dio vi ama, che Dio vi chiama. Sono molto consapevole, profondamente consapevole della grazia della vocazione sacerdotale e della vocazione religiosa. \u00c8 una grazia per i chiamati, ma, nello stesso tempo, \u00e8 un dono per la comunit\u00e0, per la Chiesa, per la sua missione e per la sua consistenza.<\/p>\n\n<p>Se la Chiesa, come ci ricorda il Concilio Vaticano II, \u00e8 un popolo sacerdotale, se tutti i fedeli hanno un sacerdozio in comune, battesimale, allora tanto pi\u00f9 si vede la necessit\u00e0 di coloro che sono chiamati al sacerdozio per suscitare la consapevolezza del sacerdozio comune a tutti e per esprimere questa caratteristica sacerdotale di tutti i partners e poi per servire. Il sacerdozio \u00e8 infatti un ministero molto importante. Lo sappiamo, per esperienza anche negativa e dolorosa a motivo della mancanza di vocazioni sacerdotali e religiose. La Chiesa non pu\u00f2 essere s\u00e9 stessa se non aspirando a questo Regno dei cieli, anzi anticipando questo Regno dei cieli fin da quaggi\u00f9, dalla terra. Le persone, uomini e donne, devono essere capaci di seguire Cristo povero, Cristo vergine, Cristo obbediente fino alla morte. Si tratta delle dimensioni fondamentali, essenziali, costitutive dalla Chiesa.<\/p>\n\n<p>Quando si hanno le vocazioni sacerdotali e religiose si ha la prova della autentica cattolicit\u00e0 delle Chiese locali e delle parrocchie, come anche delle famiglie cristiane. Una volta e forse anche oggi le famiglie si vantavano di avere tra i loro figli e le loro figlie sacerdoti e religiose. La famiglia, sappiamo, \u00e8 la Chiesa domestica, cellula viva a vivificante della Chiesa.<\/p>\n\n<p>Vi ho detto cos\u00ec quello che mi stava a cuore. Sono grato ai genitori, alle famiglie e alle comunit\u00e0 capaci di far crescere e di far maturare le vocazioni sempre e dappertutto. Sono grato alla vostra famiglia e alla vostra comunit\u00e0 che si preoccupa di suscitare, far crescere e maturare le vocazioni. Nostro Signore crocifisso e risorto benedica quest\u2019opera vocazionale della vostra grande famiglia che cresce di giorno in giorno. Nostro Signore dia a tutti una profonda e coraggiosa vocazione cristiana; agli sposi, la vocazione matrimoniale, coniugale, familiare, di genitori e di educatori. A coloro che sentono dentro un\u2019altra chiamata, la capacit\u00e0 di seguire la vocazione sacerdotale e religiosa, accogliendo questo dono dello Spirito che viene sempre dal Cuore trafitto del nostro Salvatore che pende dalla croce.<\/p>\n\n<p><em>(*) Cfr. \u00abAvvenire\u00bb, 29 marzo 1988 e \u00abL\u2019Osservatore Romano\u00bb, 28-29 marzo 1988.<\/em><\/p>\n","protected":false},"excerpt":{"rendered":"<p>Udienza ai giovani del Cammino Neocatecumenale 27-III-1988 S. Giovanni Paolo II Citt\u00e0 del Vaticano \u2212 Domenica delle Palme, 27 marzo 1988 * Circa diecimila giovani hanno partecipato ad un incontro promosso dal Cammino Neocatecumenale. Raccolti per tutto il pomeriggio della Domenica delle Palme nell\u2019Aula Paolo VI in Vaticano, hanno atteso in preghiera l\u2019arrivo del Santo Padre.&#13; &#13; Dopo vent\u2019anni di crisi profonda, le vocazioni stanno riapparendo nella Chiesa cattolica. Un<\/p>\n<div class=\"read-more\"><a class=\"btn read-more-btn\" href=\"https:\/\/neocatechumenaleiter.org\/it\/discorsi-dei-papi\/s-giovanni-paolo-ii\/udienza-ai-giovani-del-cammino-neocatecumenale-27-iii-1988\/\">Leggi tutto<\/a><\/div>\n","protected":false},"author":2,"featured_media":0,"parent":3717,"menu_order":49,"comment_status":"closed","ping_status":"closed","template":"","meta":{"footnotes":""},"class_list":["post-5792","page","type-page","status-publish","hentry"],"_links":{"self":[{"href":"https:\/\/neocatechumenaleiter.org\/it\/wp-json\/wp\/v2\/pages\/5792","targetHints":{"allow":["GET"]}}],"collection":[{"href":"https:\/\/neocatechumenaleiter.org\/it\/wp-json\/wp\/v2\/pages"}],"about":[{"href":"https:\/\/neocatechumenaleiter.org\/it\/wp-json\/wp\/v2\/types\/page"}],"author":[{"embeddable":true,"href":"https:\/\/neocatechumenaleiter.org\/it\/wp-json\/wp\/v2\/users\/2"}],"replies":[{"embeddable":true,"href":"https:\/\/neocatechumenaleiter.org\/it\/wp-json\/wp\/v2\/comments?post=5792"}],"version-history":[{"count":9,"href":"https:\/\/neocatechumenaleiter.org\/it\/wp-json\/wp\/v2\/pages\/5792\/revisions"}],"predecessor-version":[{"id":14319,"href":"https:\/\/neocatechumenaleiter.org\/it\/wp-json\/wp\/v2\/pages\/5792\/revisions\/14319"}],"up":[{"embeddable":true,"href":"https:\/\/neocatechumenaleiter.org\/it\/wp-json\/wp\/v2\/pages\/3717"}],"wp:attachment":[{"href":"https:\/\/neocatechumenaleiter.org\/it\/wp-json\/wp\/v2\/media?parent=5792"}],"curies":[{"name":"wp","href":"https:\/\/api.w.org\/{rel}","templated":true}]}}