{"id":5794,"date":"2020-03-29T18:24:09","date_gmt":"2020-03-29T17:24:09","guid":{"rendered":"https:\/\/neocatechumenaleiter.org\/discorsi-dei-papi\/s-giovanni-paolo-ii\/veglia-pasquale-nella-basilica-di-s-pietro-solenne-rinnovazione-delle-promesse-battesimali-di-alcune-comunita-di-madrid-3-iv-1988\/"},"modified":"2020-03-29T18:24:09","modified_gmt":"2020-03-29T17:24:09","slug":"veglia-pasquale-nella-basilica-di-s-pietro-solenne-rinnovazione-delle-promesse-battesimali-di-alcune-comunita-di-madrid-3-iv-1988","status":"publish","type":"page","link":"https:\/\/neocatechumenaleiter.org\/it\/discorsi-dei-papi\/s-giovanni-paolo-ii\/veglia-pasquale-nella-basilica-di-s-pietro-solenne-rinnovazione-delle-promesse-battesimali-di-alcune-comunita-di-madrid-3-iv-1988\/","title":{"rendered":"Veglia Pasquale nella basilica di S. Pietro: solenne rinnovazione delle Promesse Battesimali di alcune comunit\u00e0 di Madrid 3-IV-1988"},"content":{"rendered":"\n<h1 class=\"has-text-align-center wp-block-heading\">Veglia Pasquale nella basilica di S. Pietro: solenne rinnovazione delle Promesse Battesimali di alcune comunit\u00e0 di Madrid 3-IV-1988<\/h1>\n\n<div style=\"height:20px\" aria-hidden=\"true\" class=\"wp-block-spacer\"><\/div>\n\n<h4 class=\"has-text-align-center wp-block-heading\">S. Giovanni Paolo II<\/h4>\n\n<div style=\"height:20px\" aria-hidden=\"true\" class=\"wp-block-spacer\"><\/div>\n\n<p><strong>Citt\u00e0 del Vaticano, 3 aprile 1988<\/strong><\/p>\n\n<p><em>I fratelli delle Comunit\u00e0 Neocatecumenali delle parrocchie de La Paloma, S. Jos\u00e9 e S. Sebastian di Madrid hanno rinnovato solennemente le promesse battesimali al termine del loro itinerario neocatecumenale.<\/em>&#13;\n&#13;\n<em>Indossando la veste bianca hanno partecipato alla Veglia Pasquale. Sono stati accompagnati dai loro catechisti e dalla prima Comunit\u00e0 della parrocchia dei Martiri Canadesi di Roma.<\/em><\/p>\n\n<div class=\"wp-block-image\"><figure class=\"aligncenter size-large\"><img loading=\"lazy\" decoding=\"async\" width=\"768\" height=\"516\" src=\"https:\/\/neocatechumenaleiter.org\/wp-content\/uploads\/2020\/03\/Camino_Neocatecumenal_Juan_Pablo_II_vigilia_pascual_hermanos_vestidura_blanca_comunidades_Madrid_1988.jpg\" alt=\"\" class=\"wp-image-2123\" srcset=\"https:\/\/neocatechumenaleiter.org\/wp-content\/uploads\/2020\/03\/Camino_Neocatecumenal_Juan_Pablo_II_vigilia_pascual_hermanos_vestidura_blanca_comunidades_Madrid_1988.jpg 768w, https:\/\/neocatechumenaleiter.org\/wp-content\/uploads\/2020\/03\/Camino_Neocatecumenal_Juan_Pablo_II_vigilia_pascual_hermanos_vestidura_blanca_comunidades_Madrid_1988-300x202.jpg 300w\" sizes=\"auto, (max-width: 768px) 100vw, 768px\" \/><\/figure><\/div>\n","protected":false},"excerpt":{"rendered":"<p>Veglia Pasquale nella basilica di S. Pietro: solenne rinnovazione delle Promesse Battesimali di alcune comunit\u00e0 di Madrid 3-IV-1988 S. Giovanni Paolo II Citt\u00e0 del Vaticano, 3 aprile 1988 I fratelli delle Comunit\u00e0 Neocatecumenali delle parrocchie de La Paloma, S. Jos\u00e9 e S. Sebastian di Madrid hanno rinnovato solennemente le promesse battesimali al termine del loro itinerario neocatecumenale.&#13; &#13; Indossando la veste bianca hanno partecipato alla Veglia Pasquale. Sono stati accompagnati<\/p>\n<div class=\"read-more\"><a class=\"btn read-more-btn\" href=\"https:\/\/neocatechumenaleiter.org\/it\/discorsi-dei-papi\/s-giovanni-paolo-ii\/veglia-pasquale-nella-basilica-di-s-pietro-solenne-rinnovazione-delle-promesse-battesimali-di-alcune-comunita-di-madrid-3-iv-1988\/\">Leggi tutto<\/a><\/div>\n","protected":false},"author":2,"featured_media":0,"parent":3717,"menu_order":51,"comment_status":"closed","ping_status":"closed","template":"","meta":{"footnotes":""},"class_list":["post-5794","page","type-page","status-publish","hentry"],"_links":{"self":[{"href":"https:\/\/neocatechumenaleiter.org\/it\/wp-json\/wp\/v2\/pages\/5794","targetHints":{"allow":["GET"]}}],"collection":[{"href":"https:\/\/neocatechumenaleiter.org\/it\/wp-json\/wp\/v2\/pages"}],"about":[{"href":"https:\/\/neocatechumenaleiter.org\/it\/wp-json\/wp\/v2\/types\/page"}],"author":[{"embeddable":true,"href":"https:\/\/neocatechumenaleiter.org\/it\/wp-json\/wp\/v2\/users\/2"}],"replies":[{"embeddable":true,"href":"https:\/\/neocatechumenaleiter.org\/it\/wp-json\/wp\/v2\/comments?post=5794"}],"version-history":[{"count":1,"href":"https:\/\/neocatechumenaleiter.org\/it\/wp-json\/wp\/v2\/pages\/5794\/revisions"}],"predecessor-version":[{"id":5795,"href":"https:\/\/neocatechumenaleiter.org\/it\/wp-json\/wp\/v2\/pages\/5794\/revisions\/5795"}],"up":[{"embeddable":true,"href":"https:\/\/neocatechumenaleiter.org\/it\/wp-json\/wp\/v2\/pages\/3717"}],"wp:attachment":[{"href":"https:\/\/neocatechumenaleiter.org\/it\/wp-json\/wp\/v2\/media?parent=5794"}],"curies":[{"name":"wp","href":"https:\/\/api.w.org\/{rel}","templated":true}]}}