{"id":5796,"date":"2020-03-29T18:28:54","date_gmt":"2020-03-29T17:28:54","guid":{"rendered":"https:\/\/neocatechumenaleiter.org\/discorsi-dei-papi\/s-giovanni-paolo-ii\/visita-alla-parrocchia-di-santa-maria-madre-del-redentore-10-iv-1988\/"},"modified":"2020-03-29T18:28:54","modified_gmt":"2020-03-29T17:28:54","slug":"visita-alla-parrocchia-di-santa-maria-madre-del-redentore-10-iv-1988","status":"publish","type":"page","link":"https:\/\/neocatechumenaleiter.org\/it\/discorsi-dei-papi\/s-giovanni-paolo-ii\/visita-alla-parrocchia-di-santa-maria-madre-del-redentore-10-iv-1988\/","title":{"rendered":"Visita alla parrocchia di Santa Maria Madre del Redentore 10-IV-1988"},"content":{"rendered":"\n<h1 class=\"has-text-align-center wp-block-heading\">Visita alla parrocchia di Santa Maria Madre del Redentore 10-IV-1988<\/h1>\n\n<div style=\"height:20px\" aria-hidden=\"true\" class=\"wp-block-spacer\"><\/div>\n\n<h4 class=\"has-text-align-center wp-block-heading\">S. Giovanni Paolo II<\/h4>\n\n<div style=\"height:20px\" aria-hidden=\"true\" class=\"wp-block-spacer\"><\/div>\n\n<p><strong>Roma, 10 aprile 1988<\/strong><\/p>\n\n<p><em>\u00abAbbiamo<\/em> <em>sentito<\/em> <em>nel<\/em> <em>Vangelo<\/em> <em>di oggi che Tommaso cercava dei segni per credere che Ges\u00f9 era veramente risorto. Ecco, credo che per Tor Bella Monaca un segno che Ges\u00f9 \u00e8 risorto possano essere questi fratelli e sorelle, la loro fede e il loro entusiasmo nella fede\u00bb: lo ha detto il parroco presentando al Santo Padre le due Comunit\u00e0 Neocatecumenali della parrocchia, riunite nella chiesa.<\/em>&#13;\n&#13;\n<em>\u00abNoi siamo preoccupati della pastorale degli adulti \u2013 <\/em>ha proseguito don Mario <em>\u2013. Molti sono lontani da Dio, dalla Chiesa, ma sto vedendo che attraverso il Cammino Neocatecumenale una rete \u00e8 stata gettata al largo e vediamo come molti vengono presi in questa rete e si met- tono in cammino per cercare il Signore\u00bb.<\/em>&#13;\n&#13;\n<em>Dopo aver ascoltato alcune testimonianze, il Papa si \u00e8 rivolto ai presenti con queste parole:<\/em><\/p>\n\n<div class=\"wp-block-image\"><figure class=\"alignleft size-large\"><img loading=\"lazy\" decoding=\"async\" width=\"679\" height=\"557\" src=\"https:\/\/neocatechumenaleiter.org\/wp-content\/uploads\/2020\/03\/Camino_Neocatecumenal_Juan_Pablo_II_visita_parroquia_Santa_Maria_Madre_del_Redentor_1988.jpg\" alt=\"\" class=\"wp-image-2133\" srcset=\"https:\/\/neocatechumenaleiter.org\/wp-content\/uploads\/2020\/03\/Camino_Neocatecumenal_Juan_Pablo_II_visita_parroquia_Santa_Maria_Madre_del_Redentor_1988.jpg 679w, https:\/\/neocatechumenaleiter.org\/wp-content\/uploads\/2020\/03\/Camino_Neocatecumenal_Juan_Pablo_II_visita_parroquia_Santa_Maria_Madre_del_Redentor_1988-300x246.jpg 300w\" sizes=\"auto, (max-width: 679px) 100vw, 679px\" \/><\/figure><\/div>\n\n<p>Carissimi, vi saluto tutti. Saluto i genitori, saluto gli adulti, i giovani e i bambini che come sempre nelle vostre comunit\u00e0 sono numerosi. Ringrazio il Signore per questa vita nascente. Vi incontro spesso, vi ho incontrato la domenica delle Palme, nel pomeriggio, ho ascoltato molte testimonianze e poi ho cercato di parlare un po\u2019 pi\u00f9 a lungo. Oggi vi incontro in questa parrocchia e devo dire che gioisco per questo incontro e soprattutto per questa parrocchia che avete trovato. Gi\u00e0 cercate di portare avanti la vostra presenza, la vostra testimonianza, la vostra missione.<\/p>\n\n<p>Oggi abbiamo ascoltato un brano del Vangelo molto interessante sul Cenacolo, perch\u00e9 c\u2019era la figura di Tommaso, l\u2019incredulo, che si \u00e8 convertito a Cristo Risorto nel Cenacolo. Ho pensato a voi, perch\u00e9 le vostre comunit\u00e0, come mi riferiscono in molti, sono anche i luoghi, gli ambienti in cui le conversioni di increduli, di un Tommaso incredulo che diventa un Tommaso credente e grida \u00abSignore\u00bb si ripetono.<\/p>\n\n<p>Penso che questa sia la grazia del Cenacolo. Voi dovete rimanere sempre nel Cenacolo. (*) Cfr. \u00abL&#8217;Osservatore Romano\u00bb, 11 aprile 1988.<\/p>\n","protected":false},"excerpt":{"rendered":"<p>Visita alla parrocchia di Santa Maria Madre del Redentore 10-IV-1988 S. Giovanni Paolo II Roma, 10 aprile 1988 \u00abAbbiamo sentito nel Vangelo di oggi che Tommaso cercava dei segni per credere che Ges\u00f9 era veramente risorto. Ecco, credo che per Tor Bella Monaca un segno che Ges\u00f9 \u00e8 risorto possano essere questi fratelli e sorelle, la loro fede e il loro entusiasmo nella fede\u00bb: lo ha detto il parroco presentando<\/p>\n<div class=\"read-more\"><a class=\"btn read-more-btn\" href=\"https:\/\/neocatechumenaleiter.org\/it\/discorsi-dei-papi\/s-giovanni-paolo-ii\/visita-alla-parrocchia-di-santa-maria-madre-del-redentore-10-iv-1988\/\">Leggi tutto<\/a><\/div>\n","protected":false},"author":2,"featured_media":0,"parent":3717,"menu_order":51,"comment_status":"closed","ping_status":"closed","template":"","meta":{"footnotes":""},"class_list":["post-5796","page","type-page","status-publish","hentry"],"_links":{"self":[{"href":"https:\/\/neocatechumenaleiter.org\/it\/wp-json\/wp\/v2\/pages\/5796","targetHints":{"allow":["GET"]}}],"collection":[{"href":"https:\/\/neocatechumenaleiter.org\/it\/wp-json\/wp\/v2\/pages"}],"about":[{"href":"https:\/\/neocatechumenaleiter.org\/it\/wp-json\/wp\/v2\/types\/page"}],"author":[{"embeddable":true,"href":"https:\/\/neocatechumenaleiter.org\/it\/wp-json\/wp\/v2\/users\/2"}],"replies":[{"embeddable":true,"href":"https:\/\/neocatechumenaleiter.org\/it\/wp-json\/wp\/v2\/comments?post=5796"}],"version-history":[{"count":1,"href":"https:\/\/neocatechumenaleiter.org\/it\/wp-json\/wp\/v2\/pages\/5796\/revisions"}],"predecessor-version":[{"id":5797,"href":"https:\/\/neocatechumenaleiter.org\/it\/wp-json\/wp\/v2\/pages\/5796\/revisions\/5797"}],"up":[{"embeddable":true,"href":"https:\/\/neocatechumenaleiter.org\/it\/wp-json\/wp\/v2\/pages\/3717"}],"wp:attachment":[{"href":"https:\/\/neocatechumenaleiter.org\/it\/wp-json\/wp\/v2\/media?parent=5796"}],"curies":[{"name":"wp","href":"https:\/\/api.w.org\/{rel}","templated":true}]}}