{"id":5798,"date":"2020-03-29T19:18:24","date_gmt":"2020-03-29T18:18:24","guid":{"rendered":"https:\/\/neocatechumenaleiter.org\/discorsi-dei-papi\/s-giovanni-paolo-ii\/saluto-del-papa-giovanni-paolo-ii-dal-balcone-della-nunziatura-apostolica-durante-la-visita-in-peru-16-v-1988\/"},"modified":"2020-03-29T19:18:25","modified_gmt":"2020-03-29T18:18:25","slug":"saluto-del-papa-giovanni-paolo-ii-dal-balcone-della-nunziatura-apostolica-durante-la-visita-in-peru-16-v-1988","status":"publish","type":"page","link":"https:\/\/neocatechumenaleiter.org\/it\/discorsi-dei-papi\/s-giovanni-paolo-ii\/saluto-del-papa-giovanni-paolo-ii-dal-balcone-della-nunziatura-apostolica-durante-la-visita-in-peru-16-v-1988\/","title":{"rendered":"Saluto del Papa Giovanni Paolo II dal balcone della nunziatura apostolica durante la visita in Per\u00f9 16-V-1988"},"content":{"rendered":"\n<h1 class=\"has-text-align-center wp-block-heading\">Saluto del Papa Giovanni Paolo II dal balcone della nunziatura apostolica durante la visita in Per\u00f9 16-V-1988<\/h1>\n\n<div style=\"height:20px\" aria-hidden=\"true\" class=\"wp-block-spacer\"><\/div>\n\n<h4 class=\"has-text-align-center wp-block-heading\">S. Giovanni Paolo II<\/h4>\n\n<div style=\"height:20px\" aria-hidden=\"true\" class=\"wp-block-spacer\"><\/div>\n\n<p><strong>Lima, 16 maggio 1988<\/strong><\/p>\n\n<p><em>Nella sua visita Apostolica in Per\u00f9, nella citt\u00e0 di Lima, il Santo Padre ha rivolto il seguente saluto alle Comunit\u00e0 Neocatecumenali e alle famiglie che da pi\u00f9 di un anno lavorano nel \u00abPueblos J\u00f3venes\u00bb, in mezzo ai poveri.<\/em><\/p>\n\n<p>Diamo una nostra traduzione dallo spagnolo:&#13;\n&#13;\nI miei ringraziamenti a tutti i presenti e a tutti coloro che hanno contribuito all\u2019organizzazione e all\u2019attuazione di codesto grande congresso Eucaristico Bolivariano, specialmente a coloro che ieri hanno contribuito alla sua conclusione.<\/p>\n\n<p>Penso a tutti, non soltanto ai presenti, ma anche a Lima e a tutta la nazione. Desidero salutare i diversi gruppi, associazioni e movimenti, alcuni dei quali molto attivi. Questa attivit\u00e0 si \u00e8 dimostrata pure attraverso gli inviti rivolti al Papa perch\u00e9 visitasse le loro sedi, ma non si potevano fare visite private, essendo una visita generale a tutta la citt\u00e0 di Lima, a tutta la capitale, che conta circa sei o sette milioni di abitanti. Rimango, tuttavia, molto grato per questi inviti, e specialmente per le attivit\u00e0 apostoliche di questi movimenti, come per esempio i Neocatecumenali. Essi meritavano veramente una visita, meritavano sinceramente di pi\u00f9; ma non \u00e8 stata possibile quella visita.<\/p>\n\n<p>Desidero benedire tutto ci\u00f2 che fanno per promuovere l\u2019evangelizzazione di questa nazione, cos\u00ec pure per promuovere le vocazioni. Sappiamo bene che vi sono tra di loro anche diversi itineranti; famiglie itineranti che, a quanto mi dice il Cardinale Land\u00e1zuri, lavorano molto bene. Ringrazio pertanto tutti e vi benedico di tutto cuore.<\/p>\n","protected":false},"excerpt":{"rendered":"<p>Saluto del Papa Giovanni Paolo II dal balcone della nunziatura apostolica durante la visita in Per\u00f9 16-V-1988 S. Giovanni Paolo II Lima, 16 maggio 1988 Nella sua visita Apostolica in Per\u00f9, nella citt\u00e0 di Lima, il Santo Padre ha rivolto il seguente saluto alle Comunit\u00e0 Neocatecumenali e alle famiglie che da pi\u00f9 di un anno lavorano nel \u00abPueblos J\u00f3venes\u00bb, in mezzo ai poveri. Diamo una nostra traduzione dallo spagnolo:&#13; &#13;<\/p>\n<div class=\"read-more\"><a class=\"btn read-more-btn\" href=\"https:\/\/neocatechumenaleiter.org\/it\/discorsi-dei-papi\/s-giovanni-paolo-ii\/saluto-del-papa-giovanni-paolo-ii-dal-balcone-della-nunziatura-apostolica-durante-la-visita-in-peru-16-v-1988\/\">Leggi tutto<\/a><\/div>\n","protected":false},"author":2,"featured_media":0,"parent":3717,"menu_order":52,"comment_status":"closed","ping_status":"closed","template":"","meta":{"footnotes":""},"class_list":["post-5798","page","type-page","status-publish","hentry"],"_links":{"self":[{"href":"https:\/\/neocatechumenaleiter.org\/it\/wp-json\/wp\/v2\/pages\/5798","targetHints":{"allow":["GET"]}}],"collection":[{"href":"https:\/\/neocatechumenaleiter.org\/it\/wp-json\/wp\/v2\/pages"}],"about":[{"href":"https:\/\/neocatechumenaleiter.org\/it\/wp-json\/wp\/v2\/types\/page"}],"author":[{"embeddable":true,"href":"https:\/\/neocatechumenaleiter.org\/it\/wp-json\/wp\/v2\/users\/2"}],"replies":[{"embeddable":true,"href":"https:\/\/neocatechumenaleiter.org\/it\/wp-json\/wp\/v2\/comments?post=5798"}],"version-history":[{"count":1,"href":"https:\/\/neocatechumenaleiter.org\/it\/wp-json\/wp\/v2\/pages\/5798\/revisions"}],"predecessor-version":[{"id":5799,"href":"https:\/\/neocatechumenaleiter.org\/it\/wp-json\/wp\/v2\/pages\/5798\/revisions\/5799"}],"up":[{"embeddable":true,"href":"https:\/\/neocatechumenaleiter.org\/it\/wp-json\/wp\/v2\/pages\/3717"}],"wp:attachment":[{"href":"https:\/\/neocatechumenaleiter.org\/it\/wp-json\/wp\/v2\/media?parent=5798"}],"curies":[{"name":"wp","href":"https:\/\/api.w.org\/{rel}","templated":true}]}}