{"id":5802,"date":"2020-03-29T19:31:29","date_gmt":"2020-03-29T18:31:29","guid":{"rendered":"https:\/\/neocatechumenaleiter.org\/discorsi-dei-papi\/s-giovanni-paolo-ii\/visita-alla-parrocchia-di-san-luigi-gonzaga-6-xi-1988\/"},"modified":"2020-03-29T19:31:30","modified_gmt":"2020-03-29T18:31:30","slug":"visita-alla-parrocchia-di-san-luigi-gonzaga-6-xi-1988","status":"publish","type":"page","link":"https:\/\/neocatechumenaleiter.org\/it\/discorsi-dei-papi\/s-giovanni-paolo-ii\/visita-alla-parrocchia-di-san-luigi-gonzaga-6-xi-1988\/","title":{"rendered":"Visita alla parrocchia di San Luigi Gonzaga 6-XI-1988"},"content":{"rendered":"\n<h1 class=\"has-text-align-center wp-block-heading\">Visita alla parrocchia di San Luigi Gonzaga 6-XI-1988<\/h1>\n\n<div style=\"height:20px\" aria-hidden=\"true\" class=\"wp-block-spacer\"><\/div>\n\n<h4 class=\"has-text-align-center wp-block-heading\">S. Giovanni Paolo II<\/h4>\n\n<div style=\"height:20px\" aria-hidden=\"true\" class=\"wp-block-spacer\"><\/div>\n\n<p><strong>Roma, 6 novembre 1988<\/strong><\/p>\n\n<div class=\"wp-block-image\"><figure class=\"alignleft size-medium\"><img loading=\"lazy\" decoding=\"async\" width=\"300\" height=\"200\" src=\"https:\/\/neocatechumenaleiter.org\/wp-content\/uploads\/2020\/03\/Camino_Neocatecumenal_Juan_Pablo_II_visita_parroquia_San_Luis_Gonzaga_1988-300x200.jpg\" alt=\"\" class=\"wp-image-2153\" srcset=\"https:\/\/neocatechumenaleiter.org\/wp-content\/uploads\/2020\/03\/Camino_Neocatecumenal_Juan_Pablo_II_visita_parroquia_San_Luis_Gonzaga_1988-300x200.jpg 300w, https:\/\/neocatechumenaleiter.org\/wp-content\/uploads\/2020\/03\/Camino_Neocatecumenal_Juan_Pablo_II_visita_parroquia_San_Luis_Gonzaga_1988.jpg 424w\" sizes=\"auto, (max-width: 300px) 100vw, 300px\" \/><\/figure><\/div>\n\n<p><em>Evangelizzazione e catechesi occupano ed hanno avuto, nell\u2019impegno della parrocchia, un posto preminente rispetto ad altre attivit\u00e0. Si sono compiuti vari tentativi di animazione liturgica per le Messe festive e di coinvolgimento nelle iniziative con Giornate Parrocchiali. Si sono cercati, con particolare attenzione, i \u00ablontani\u00bb, con visite alle famiglie. Si \u00e8 intensificata la preparazione alla Cresima, cercando di seguire anche il dopo Cresima e la preparazione al Matrimonio. A questo lavoro assiduo, tanto impegnativo quanto fruttuoso, offrono un particolare contributo i Neocatecumenali. Attivi a San Luigi Gonzaga da quasi vent\u2019anni, essi sono presenti oggi con cinque comunit\u00e0 che raggruppano circa centocinquanta adulti e una ottantina di bambini. E dalla parrocchia dei Parioli sono partiti vari catechisti itineranti, i quali hanno raggiunto diversi Paesi dell\u2019Europa, dell\u2019Asia, dell\u2019Africa e delle Americhe. I Neocatecumenali hanno ricevuto il Papa sotto una grande tenda bianca e gialla, approntata nel cortile del complesso parrocchiale. Ad una breve introduzione del parroco, ha fatto seguito la presentazione delle diverse comunit\u00e0 da parte di Kiko Arg\u00fcello, iniziatore del Cammino Neocatecumenale.<\/em><\/p>\n\n<p><em>Il Papa, dopo un affettuoso saluto ai numerosi bambini presenti, ha detto:<\/em><\/p>\n\n<p>Il radicalismo evangelico, che incontriamo in diverse pagine dei Vangeli, si esprime soprattutto con le parole: dare la vita. Cristo certamente era un maestro, un \u00abrabb\u00ec\u00bb, ha insegnato: ma ci ha detto tutto e alla fine, pienamente, dando la vita. Con la sua morte e la sua resurrezione. E la sua ultima parola \u00e8 la parola pi\u00f9 completa. Allora: dare la vita. Io vedo che nelle vostre Comunit\u00e0 Neocatecumenali questa parola si fa carne. Sono tanti che sono pronti a dare la vita in modi diversi. Sono tanti. Lo sa bene lo Spirito Santo.&#13;\n<\/p>\n\n<p>Un\u2019altra considerazione \u00e8 legata alla parola lievito. Sappiamo bene la parabola del Vangelo che parla del lievito. Ecco, voi siete un lievito, un lievito che fa crescere la massa. La Chiesa \u00e8 una massa, l\u2019umanit\u00e0 \u00e8 una massa maggiore. Anche la Chiesa \u00e8 una massa.<\/p>\n\n<p>Ma questa massa qualche volta \u00e8 una massa inerte, non sufficientemente catechizzata, non sufficientemente alimentata dai sacramenti, non sufficientemente consapevole di quello che \u00e8 il Battesimo. Il Battesimo \u00e8, possiamo dire, il primo lievito in ciascuno di noi, che ci fa vivere personalmente nel nostro corpo, nella nostra anima, nella nostra persona. Noi siamo sempre insufficientemente consapevoli di quello che \u00e8 il nostro Battesimo. San Paolo ci ha lasciato indicazioni, messaggi perfetti su quello che \u00e8 il Battesimo. Noi, per\u00f2, siamo sempre al di sotto nella consapevolezza di ci\u00f2 che \u00e8, della sua realt\u00e0, di quello che vuol dire. Ecco perch\u00e9 ci vuole il lievito per far crescere la consapevolezza del Battesimo, che \u00e8 esso stesso un lievito sacramentale; ci vuole per\u00f2 un lievito anche apostolico. Basandovi su questa consapevolezza, vi fate lievito per la massa nelle chiese, nelle diocesi, nelle parrocchie, e fate s\u00ec che si realizzi una parola che corrisponda pienamente a quello che voleva Cristo dagli Apostoli: andate. Non diceva: prendete i palazzi, le ricchezze, le case&#8230; no. Gli diceva: andate. Cos\u00ec anche voi siete itineranti in corrispondenza alla parola di Cristo. Anche il Papa, nonostante la sua casa, il Vaticano, la Basilica di San Pietro, cerca di essere anche lui un po\u2019 itinerante.<\/p>\n\n<p>Non ho preteso di esaurire tutto l\u2019argomento. Ma in queste quattro osservazioni potete gi\u00e0 incontrare voi stessi, potete gi\u00e0 trovare la vostra immagine, trovare anche un incoraggiamento per restare sempre quello che siete, quello che volete essere. Ma vedete in queste parole anche la mia benedizione e speriamo che essa esprima e porti con s\u00e9 la grazia del Signore. Il lievito, l\u2019itineranza, cresce nella grazia del Signore. <\/p>\n\n<p>Il catechista che poco fa ci ha detto di aver sentito un rumore nel suo cuore, nella sua coscienza: certo lo ha sentito perch\u00e9 c\u2019era Kiko che ha operato, ma soltanto come strumento umano, in realt\u00e0 era lo Spirito che ha operato, la grazia del Signore, lo Spirito Santo che ha cominciato a soffiare. \u00c8 stato lo Spirito a soffiare e a non lasciare pi\u00f9 in pace questo signore. Perch\u00e9 Cristo non \u00e8 venuto per lasciarci in pace. \u00c8 venuto a portarci la pace, la pi\u00f9 grande pace alla quale aspira la persona umana: la pace con Dio, la riconciliazione; ma non \u00e8 venuto a portarci la vita comoda, tranquilla, no, certamente no.&#13;\n&#13;\n(*) Cfr. \u00abL\u2018Osservatore Romano\u00bb, 7 novembre 1988.<\/p>\n","protected":false},"excerpt":{"rendered":"<p>Visita alla parrocchia di San Luigi Gonzaga 6-XI-1988 S. Giovanni Paolo II Roma, 6 novembre 1988 Evangelizzazione e catechesi occupano ed hanno avuto, nell\u2019impegno della parrocchia, un posto preminente rispetto ad altre attivit\u00e0. Si sono compiuti vari tentativi di animazione liturgica per le Messe festive e di coinvolgimento nelle iniziative con Giornate Parrocchiali. Si sono cercati, con particolare attenzione, i \u00ablontani\u00bb, con visite alle famiglie. Si \u00e8 intensificata la preparazione<\/p>\n<div class=\"read-more\"><a class=\"btn read-more-btn\" href=\"https:\/\/neocatechumenaleiter.org\/it\/discorsi-dei-papi\/s-giovanni-paolo-ii\/visita-alla-parrocchia-di-san-luigi-gonzaga-6-xi-1988\/\">Leggi tutto<\/a><\/div>\n","protected":false},"author":2,"featured_media":0,"parent":3717,"menu_order":54,"comment_status":"closed","ping_status":"closed","template":"","meta":{"footnotes":""},"class_list":["post-5802","page","type-page","status-publish","hentry"],"_links":{"self":[{"href":"https:\/\/neocatechumenaleiter.org\/it\/wp-json\/wp\/v2\/pages\/5802","targetHints":{"allow":["GET"]}}],"collection":[{"href":"https:\/\/neocatechumenaleiter.org\/it\/wp-json\/wp\/v2\/pages"}],"about":[{"href":"https:\/\/neocatechumenaleiter.org\/it\/wp-json\/wp\/v2\/types\/page"}],"author":[{"embeddable":true,"href":"https:\/\/neocatechumenaleiter.org\/it\/wp-json\/wp\/v2\/users\/2"}],"replies":[{"embeddable":true,"href":"https:\/\/neocatechumenaleiter.org\/it\/wp-json\/wp\/v2\/comments?post=5802"}],"version-history":[{"count":1,"href":"https:\/\/neocatechumenaleiter.org\/it\/wp-json\/wp\/v2\/pages\/5802\/revisions"}],"predecessor-version":[{"id":5803,"href":"https:\/\/neocatechumenaleiter.org\/it\/wp-json\/wp\/v2\/pages\/5802\/revisions\/5803"}],"up":[{"embeddable":true,"href":"https:\/\/neocatechumenaleiter.org\/it\/wp-json\/wp\/v2\/pages\/3717"}],"wp:attachment":[{"href":"https:\/\/neocatechumenaleiter.org\/it\/wp-json\/wp\/v2\/media?parent=5802"}],"curies":[{"name":"wp","href":"https:\/\/api.w.org\/{rel}","templated":true}]}}