{"id":5806,"date":"2020-03-29T20:17:17","date_gmt":"2020-03-29T19:17:17","guid":{"rendered":"https:\/\/neocatechumenaleiter.org\/discorsi-dei-papi\/s-giovanni-paolo-ii\/visita-alla-parrocchia-di-san-cipriano-a-torrevecchia-22-i-1989\/"},"modified":"2020-06-13T03:37:52","modified_gmt":"2020-06-13T02:37:52","slug":"visita-alla-parrocchia-di-san-cipriano-a-torrevecchia-22-i-1989","status":"publish","type":"page","link":"https:\/\/neocatechumenaleiter.org\/it\/discorsi-dei-papi\/s-giovanni-paolo-ii\/visita-alla-parrocchia-di-san-cipriano-a-torrevecchia-22-i-1989\/","title":{"rendered":"Visita alla parrocchia di San Cipriano a Torrevecchia 22-I-1989"},"content":{"rendered":"\n<h1 class=\"has-text-align-center wp-block-heading\">Visita alla parrocchia di San Cipriano a Torrevecchia 22-I-1989<\/h1>\n\n<div style=\"height:20px\" aria-hidden=\"true\" class=\"wp-block-spacer\"><\/div>\n\n<h4 class=\"has-text-align-center wp-block-heading\">S. Giovanni Paolo II<\/h4>\n\n<div style=\"height:20px\" aria-hidden=\"true\" class=\"wp-block-spacer\"><\/div>\n\n<p><strong>Roma, 22 gennaio 1989 *<\/strong><\/p>\n\n<p><em>Il Cammino Neocatecumenale, aperto nel 1981, \u00e8 l\u2019esperienza religiosa pi\u00f9 forte tra quelle che in questo momento si svolgono nella parrocchia di San Cipriano, e ai componenti delle cinque comunit\u00e0, circa centocinquanta fratelli, il Papa ha dedicato l\u2019ultimo incontro dell\u2019intensa visita.<\/em><br\/><br\/>&#13;\n\u00abDopo questa Sua Messa in parrocchia, Santo Padre, inizier\u00e0 qui una nuova catechesi \u2013 <em>ha annunciato Claudio, il catechisata che ha aperto il Cammino a San Cipriano.<\/em><\/p>\n\n<div class=\"wp-block-image\"><figure class=\"alignright size-medium\"><img loading=\"lazy\" decoding=\"async\" width=\"300\" height=\"247\" src=\"https:\/\/neocatechumenaleiter.org\/wp-content\/uploads\/2020\/03\/Camino_Neocatecumenal_Juan_Pablo_II_visita_parroquia_San_Cipriano_1989-300x247.jpg\" alt=\"\" class=\"wp-image-2209\" srcset=\"https:\/\/neocatechumenaleiter.org\/wp-content\/uploads\/2020\/03\/Camino_Neocatecumenal_Juan_Pablo_II_visita_parroquia_San_Cipriano_1989-300x247.jpg 300w, https:\/\/neocatechumenaleiter.org\/wp-content\/uploads\/2020\/03\/Camino_Neocatecumenal_Juan_Pablo_II_visita_parroquia_San_Cipriano_1989.jpg 692w\" sizes=\"auto, (max-width: 300px) 100vw, 300px\" \/><\/figure><\/div>\n\n<p>Speriamo che questa venuta di Pietro tra di noi smuova molte persone a voler conoscere Ges\u00f9 Cristo. Come ci dice questo manifesto, Padre, noi eravamo ciechi, storpi, lontani. Io ero lontano dalla Chiesa. Abbiamo conosciuto in questa Chiesa, come dice la Parola oggi, la libert\u00e0 per tutti i prigionieri dell\u2019angoscia, della paura, della morte. Eravamo tanto ciechi che non vedevamo l\u2019amore di Dio nella nostra vita. Ringraziamo Pietro che \u00e8 venuto oggi a confermarci nel nostro cammino\u00bb.<\/p>\n\n<p><em>Intensa e toccante \u00e8 stata poi la testimonianza del Parroco, Monsignor Marcello Pieraccini, che di seguito riportiamo:<\/em><br\/><br\/>Io ho cominciato questo cammino nel 1971, quando ero nella parrocchia di Sant\u2019Eugenio \u2013 ha detto il parroco Mons. Pieraccini \u2013. Era un momento di grande crisi, perch\u00e9 io mi ritenevo un prete molto bravo, molto intelligente, di successo. Ed ero un orgoglioso, un presuntuoso; adesso vedo chiaramente, ma allora ero come accecato. Mi sono trovato in una situazione di grande crisi, di grande depressione.<\/p>\n\n<p>Ed \u00e8 arrivato questo Cammino, questo movimento, questa catechesi, che sono venuti a risvegliare in me l\u2019abbandono a Dio, la fiducia che Dio mi vuole bene, cos\u00ec come io sono. Nonostante le mie debolezze e i miei peccati, questo amore mi ha aperto gli occhi e mi ha fatto vedere nei segni l\u2019amore che Dio ha per me. E questo ha cominciato a cambiare la mia vita e a mettermi nella pace. Poi ho dovuto lasciare quella parrocchia per venire qui. Ho trovato questa parrocchia pi\u00f9 grande, da adulto, da vecchio ormai; ma anche questa \u00e8 una cosa che faccio giorno per giorno con gioia, con allegria. Devo dire che in questo Cammino si scopre veramente la gioia dello stare col Signore. Ho visto anche un\u2019altra cosa in tutto questo tempo: come questa forma di predicare il Vangelo afferri le persone lontane e le avvicini a Dio.<\/p>\n\n<p><em>Profondamente colpito da queste testimonianze, il Santo Padre ha rivolto alle comunit\u00e0 le seguenti parole:<\/em><br\/><br\/>&#13;\n&#13;\nMi viene sempre in mente questa parola che ho anche introdotto come parola di vita per l\u2019anno mariano e per l\u2019Enciclica Redemptoris Mater. Questa parola di Maria, \u00abSei Beata perch\u00e9 hai creduto nel Signore\u00bb, la ripeto perch\u00e9 \u00e8 certamente centrale nel cammino di fede della Vergine. Su questa parola ho impostato tutta l\u2019Enciclica mariana. Impostata cos\u00ec, pu\u00f2 servire alla Chiesa e forse anche ai fratelli separati, perch\u00e9 Maria ci precede nel cammino della fede. Quando vi incontro, vivo sempre un momento di sorpresa, perch\u00e9 tanti di voi dicono che vengono da un\u2019altra sponda dove non si crede, dove non si vive da cristiani, dove anzi si nega Dio e si cerca un altro programma di vita personale e sociale. E poi hanno trovato questo Cammino.<\/p>\n\n<div class=\"wp-block-image\"><figure class=\"alignleft size-medium\"><img loading=\"lazy\" decoding=\"async\" width=\"300\" height=\"247\" src=\"https:\/\/neocatechumenaleiter.org\/wp-content\/uploads\/2020\/03\/Camino_Neocatecumenal_Juan_Pablo_II_visita_parroquia_San_Cipriano_1989_2-300x247.jpg\" alt=\"\" class=\"wp-image-2216\" srcset=\"https:\/\/neocatechumenaleiter.org\/wp-content\/uploads\/2020\/03\/Camino_Neocatecumenal_Juan_Pablo_II_visita_parroquia_San_Cipriano_1989_2-300x247.jpg 300w, https:\/\/neocatechumenaleiter.org\/wp-content\/uploads\/2020\/03\/Camino_Neocatecumenal_Juan_Pablo_II_visita_parroquia_San_Cipriano_1989_2.jpg 688w\" sizes=\"auto, (max-width: 300px) 100vw, 300px\" \/><\/figure><\/div>\n\n<p>Essi sono entrati in questa strada e dicono: \u00ababbiamo trovato la gioia, abbiamo trovato la pace\u00bb. Carissimi, voi camminate sostanzialmente all\u2019interno di questa parrocchia. Camminate <strong>nel mondo contemporaneo<\/strong>, questo mondo odierno, molto ricco e opulento, progredito e sicuro di s\u00e9 per le sue ricerche e le sue invenzioni. Voi camminate in questo mondo che nello stesso tempo fa fatica a camminare.&#13;\n&#13;\nPenso che il carisma speciale di questo movimento, di questo Cammino, \u00e8 appunto quello di camminare insieme con i nostri contemporanei, con questi uomini ricchi e poveri allo stesso tempo: andare tra di loro e portare la testimonianza di un altro cammino, di un\u2019altra vita, di un\u2019altra prospettiva. Questo \u00e8 <strong>il cammino di Maria, il cammino di fede. Voi camminate con Lei lungo lo stesso cammino.<\/strong><\/p>\n\n<p>Pensate sempre che voi cos\u00ec camminate con Maria, che cammina con tutti perch\u00e9 Madre: con la Chiesa, con la cristianit\u00e0, con i cristiani che difficilmente ritrovano la loro unit\u00e0 con un mondo diviso tra Ovest ed Est, Nord e Sud, poveri e ricchi. Il vostro carisma \u00e8 come quello di Maria: <strong>camminare nella fede e portare nella fede la testimonianza a tutti<\/strong>, la testimonianza di un\u2019altra possibilit\u00e0, di un\u2019altra auto-realizzazione. L\u2019uomo cerca di realizzarsi e non vi riesce. A questo uomo si deve testimoniare la realizzazione che Maria trova in Cristo. <strong>Lui \u00e8 la vera auto-realizzazione dell\u2019uomo<\/strong>. Perch\u00e9 Egli dice: \u00ab<strong>Io sono la Via, la Verit\u00e0, la Vita<\/strong>\u00bb.<\/p>\n\n<p>Vi auguro di continuare in questa parrocchia, in questa vocazione e in questo cammino.<br\/><br\/><em>(*) Cfr. \u00abL\u2018Osservatore Romano\u00bb, 23-24 gennaio 1989, e \u00abL\u2018Osservatore Romano\u00bb, 27 gennaio 1989.<\/em><\/p>\n","protected":false},"excerpt":{"rendered":"<p>Visita alla parrocchia di San Cipriano a Torrevecchia 22-I-1989 S. Giovanni Paolo II Roma, 22 gennaio 1989 * Il Cammino Neocatecumenale, aperto nel 1981, \u00e8 l\u2019esperienza religiosa pi\u00f9 forte tra quelle che in questo momento si svolgono nella parrocchia di San Cipriano, e ai componenti delle cinque comunit\u00e0, circa centocinquanta fratelli, il Papa ha dedicato l\u2019ultimo incontro dell\u2019intensa visita. &#13; \u00abDopo questa Sua Messa in parrocchia, Santo Padre, inizier\u00e0 qui<\/p>\n<div class=\"read-more\"><a class=\"btn read-more-btn\" href=\"https:\/\/neocatechumenaleiter.org\/it\/discorsi-dei-papi\/s-giovanni-paolo-ii\/visita-alla-parrocchia-di-san-cipriano-a-torrevecchia-22-i-1989\/\">Leggi tutto<\/a><\/div>\n","protected":false},"author":2,"featured_media":0,"parent":3717,"menu_order":56,"comment_status":"closed","ping_status":"closed","template":"","meta":{"footnotes":""},"class_list":["post-5806","page","type-page","status-publish","hentry"],"_links":{"self":[{"href":"https:\/\/neocatechumenaleiter.org\/it\/wp-json\/wp\/v2\/pages\/5806","targetHints":{"allow":["GET"]}}],"collection":[{"href":"https:\/\/neocatechumenaleiter.org\/it\/wp-json\/wp\/v2\/pages"}],"about":[{"href":"https:\/\/neocatechumenaleiter.org\/it\/wp-json\/wp\/v2\/types\/page"}],"author":[{"embeddable":true,"href":"https:\/\/neocatechumenaleiter.org\/it\/wp-json\/wp\/v2\/users\/2"}],"replies":[{"embeddable":true,"href":"https:\/\/neocatechumenaleiter.org\/it\/wp-json\/wp\/v2\/comments?post=5806"}],"version-history":[{"count":5,"href":"https:\/\/neocatechumenaleiter.org\/it\/wp-json\/wp\/v2\/pages\/5806\/revisions"}],"predecessor-version":[{"id":15805,"href":"https:\/\/neocatechumenaleiter.org\/it\/wp-json\/wp\/v2\/pages\/5806\/revisions\/15805"}],"up":[{"embeddable":true,"href":"https:\/\/neocatechumenaleiter.org\/it\/wp-json\/wp\/v2\/pages\/3717"}],"wp:attachment":[{"href":"https:\/\/neocatechumenaleiter.org\/it\/wp-json\/wp\/v2\/media?parent=5806"}],"curies":[{"name":"wp","href":"https:\/\/api.w.org\/{rel}","templated":true}]}}