{"id":5808,"date":"2020-03-29T20:19:43","date_gmt":"2020-03-29T19:19:43","guid":{"rendered":"https:\/\/neocatechumenaleiter.org\/discorsi-dei-papi\/s-giovanni-paolo-ii\/veglia-pasquale-in-san-pietro-solenne-rinnovazione-delle-promesse-battesimali-26-iii-1989\/"},"modified":"2020-03-29T20:19:43","modified_gmt":"2020-03-29T19:19:43","slug":"veglia-pasquale-in-san-pietro-solenne-rinnovazione-delle-promesse-battesimali-26-iii-1989","status":"publish","type":"page","link":"https:\/\/neocatechumenaleiter.org\/it\/discorsi-dei-papi\/s-giovanni-paolo-ii\/veglia-pasquale-in-san-pietro-solenne-rinnovazione-delle-promesse-battesimali-26-iii-1989\/","title":{"rendered":"Veglia Pasquale in san pietro: solenne rinnovazione delle Promesse Battesimali 26-III-1989"},"content":{"rendered":"\n<h1 class=\"has-text-align-center wp-block-heading\">Veglia Pasquale in san pietro: solenne rinnovazione delle Promesse Battesimali 26-III-1989<\/h1>\n\n<div style=\"height:20px\" aria-hidden=\"true\" class=\"wp-block-spacer\"><\/div>\n\n<h4 class=\"has-text-align-center wp-block-heading\">S. Giovanni Paolo II<\/h4>\n\n<div style=\"height:20px\" aria-hidden=\"true\" class=\"wp-block-spacer\"><\/div>\n\n<p><strong>Citt\u00e0 del Vaticano, 26 marzo 1989<\/strong><\/p>\n\n<p><em>I fratelli delle comunit\u00e0 di San Luigi Gonzaga e dei Martiri Canadesi hanno rinnovato solennemente le promesse battesimali al termine del loro itinerario Neocatecumenale.<\/em>&#13;\n&#13;\n<em>Sono stati accompagnati dai loro catechisti Kiko Arg\u00fcello, Carmen Hern\u00e1ndez, P. Mario Pezzi e dalla prima Comunit\u00e0 dei Martiri Canadesi.<\/em><\/p>\n\n<figure class=\"wp-block-image size-large\"><img loading=\"lazy\" decoding=\"async\" width=\"714\" height=\"569\" src=\"https:\/\/neocatechumenaleiter.org\/wp-content\/uploads\/2020\/03\/Camino_Neocatecumenal_Juan_Pablo_II_vigilia_pascual_hermanos_vestidura_blanca_1989.jpg\" alt=\"\" class=\"wp-image-2229\" srcset=\"https:\/\/neocatechumenaleiter.org\/wp-content\/uploads\/2020\/03\/Camino_Neocatecumenal_Juan_Pablo_II_vigilia_pascual_hermanos_vestidura_blanca_1989.jpg 714w, https:\/\/neocatechumenaleiter.org\/wp-content\/uploads\/2020\/03\/Camino_Neocatecumenal_Juan_Pablo_II_vigilia_pascual_hermanos_vestidura_blanca_1989-300x239.jpg 300w\" sizes=\"auto, (max-width: 714px) 100vw, 714px\" \/><\/figure>\n","protected":false},"excerpt":{"rendered":"<p>Veglia Pasquale in san pietro: solenne rinnovazione delle Promesse Battesimali 26-III-1989 S. Giovanni Paolo II Citt\u00e0 del Vaticano, 26 marzo 1989 I fratelli delle comunit\u00e0 di San Luigi Gonzaga e dei Martiri Canadesi hanno rinnovato solennemente le promesse battesimali al termine del loro itinerario Neocatecumenale.&#13; &#13; Sono stati accompagnati dai loro catechisti Kiko Arg\u00fcello, Carmen Hern\u00e1ndez, P. Mario Pezzi e dalla prima Comunit\u00e0 dei Martiri Canadesi.<\/p>\n","protected":false},"author":2,"featured_media":0,"parent":3717,"menu_order":57,"comment_status":"closed","ping_status":"closed","template":"","meta":{"footnotes":""},"class_list":["post-5808","page","type-page","status-publish","hentry"],"_links":{"self":[{"href":"https:\/\/neocatechumenaleiter.org\/it\/wp-json\/wp\/v2\/pages\/5808","targetHints":{"allow":["GET"]}}],"collection":[{"href":"https:\/\/neocatechumenaleiter.org\/it\/wp-json\/wp\/v2\/pages"}],"about":[{"href":"https:\/\/neocatechumenaleiter.org\/it\/wp-json\/wp\/v2\/types\/page"}],"author":[{"embeddable":true,"href":"https:\/\/neocatechumenaleiter.org\/it\/wp-json\/wp\/v2\/users\/2"}],"replies":[{"embeddable":true,"href":"https:\/\/neocatechumenaleiter.org\/it\/wp-json\/wp\/v2\/comments?post=5808"}],"version-history":[{"count":1,"href":"https:\/\/neocatechumenaleiter.org\/it\/wp-json\/wp\/v2\/pages\/5808\/revisions"}],"predecessor-version":[{"id":5809,"href":"https:\/\/neocatechumenaleiter.org\/it\/wp-json\/wp\/v2\/pages\/5808\/revisions\/5809"}],"up":[{"embeddable":true,"href":"https:\/\/neocatechumenaleiter.org\/it\/wp-json\/wp\/v2\/pages\/3717"}],"wp:attachment":[{"href":"https:\/\/neocatechumenaleiter.org\/it\/wp-json\/wp\/v2\/media?parent=5808"}],"curies":[{"name":"wp","href":"https:\/\/api.w.org\/{rel}","templated":true}]}}