{"id":5812,"date":"2020-03-29T20:36:28","date_gmt":"2020-03-29T19:36:28","guid":{"rendered":"https:\/\/neocatechumenaleiter.org\/discorsi-dei-papi\/s-giovanni-paolo-ii\/visita-alla-parrocchia-dei-ss-fabiano-e-venanzio-14-i-1990\/"},"modified":"2020-06-13T03:17:51","modified_gmt":"2020-06-13T02:17:51","slug":"visita-alla-parrocchia-dei-ss-fabiano-e-venanzio-14-i-1990","status":"publish","type":"page","link":"https:\/\/neocatechumenaleiter.org\/it\/discorsi-dei-papi\/s-giovanni-paolo-ii\/visita-alla-parrocchia-dei-ss-fabiano-e-venanzio-14-i-1990\/","title":{"rendered":"Visita alla parrocchia dei SS. Fabiano e Venanzio 14-I-1990"},"content":{"rendered":"\n<h1 class=\"has-text-align-center wp-block-heading\">Visita alla parrocchia dei SS. Fabiano e Venanzio 14-I-1990<\/h1>\n\n<div style=\"height:20px\" aria-hidden=\"true\" class=\"wp-block-spacer\"><\/div>\n\n<h4 class=\"has-text-align-center wp-block-heading\">S. Giovanni Paolo II<\/h4>\n\n<div style=\"height:20px\" aria-hidden=\"true\" class=\"wp-block-spacer\"><\/div>\n\n<div class=\"wp-block-image\"><figure class=\"alignleft size-medium\"><img loading=\"lazy\" decoding=\"async\" width=\"300\" height=\"253\" src=\"https:\/\/neocatechumenaleiter.org\/wp-content\/uploads\/2020\/03\/Camino_Neocatecumenal_Juan_Pablo_II_visita_parroquia_Santos_Fabian_Venancio_1990-300x253.jpg\" alt=\"\" class=\"wp-image-2265\" srcset=\"https:\/\/neocatechumenaleiter.org\/wp-content\/uploads\/2020\/03\/Camino_Neocatecumenal_Juan_Pablo_II_visita_parroquia_Santos_Fabian_Venancio_1990-300x253.jpg 300w, https:\/\/neocatechumenaleiter.org\/wp-content\/uploads\/2020\/03\/Camino_Neocatecumenal_Juan_Pablo_II_visita_parroquia_Santos_Fabian_Venancio_1990.jpg 661w\" sizes=\"auto, (max-width: 300px) 100vw, 300px\" \/><\/figure><\/div>\n\n<p><strong>Roma, 14 gennaio 1990 *<\/strong><\/p>\n\n<p>\u00abIL MONDO SI APRE, CERCA UNA DIMENSIONE UMANA E PI\u00d9 CRISTIANA<br\/>ED ASPETTA QUELLA RISPOSTA DI VERIT\u00c0 CHE \u00c8 CRISTO\u00bb<\/p>\n\n<p><em>Festoso \u00e8 stato l\u2019incontro del Santo Padre con i numerosi rappresentanti delle Comunit\u00e0 Neocatecumenali della parrocchia. Festoso soprattutto per la presenza dei tanti bambini che, come di consueto, sottolinea la dimensione della \u00abfamiglia\u00bb come momento portante della comunit\u00e0 che percorre il Cammino Neocatecumenale.<\/em><\/p>\n\n<p><em>Dopo alcune parole di presentazione rivoltegli da Giuseppe, uno dei catechisti della comunit\u00e0, il Santo Padre ha pronunciato il seguente discorso:<\/em><\/p>\n\n<p>Vi auguro un anno 1990 come un anno nuovo per il vostro cammino. Certamente l\u2019anno precedente, il 1989, ci ha lasciato molte cose sorprendenti, soprattutto in Europa. Molti ambienti, molti Paesi si sono aperti, ma tutto ci\u00f2 \u00e8 solamente una sfida. Questo mondo che si apre, che forse rompe con la tradizione meno umana e meno cristiana, cercando quella cristiana e pi\u00f9 umana, aspetta, queste popolazioni aspettano la Parola della Verit\u00e0, la Parola del Vangelo, la Parola della comunione con Cristo. Allo stesso tempo noi siamo qui in occidente.<\/p>\n\n<div class=\"wp-block-image\"><figure class=\"alignright size-medium\"><img loading=\"lazy\" decoding=\"async\" width=\"300\" height=\"239\" src=\"https:\/\/neocatechumenaleiter.org\/wp-content\/uploads\/2020\/03\/Camino_Neocatecumenal_Juan_Pablo_II_visita_parroquia_Santos_Fabian_Venancio_1990_2-300x239.jpg\" alt=\"\" class=\"wp-image-2272\" srcset=\"https:\/\/neocatechumenaleiter.org\/wp-content\/uploads\/2020\/03\/Camino_Neocatecumenal_Juan_Pablo_II_visita_parroquia_Santos_Fabian_Venancio_1990_2-300x239.jpg 300w, https:\/\/neocatechumenaleiter.org\/wp-content\/uploads\/2020\/03\/Camino_Neocatecumenal_Juan_Pablo_II_visita_parroquia_Santos_Fabian_Venancio_1990_2.jpg 704w\" sizes=\"auto, (max-width: 300px) 100vw, 300px\" \/><\/figure><\/div>\n\n<p>Ieri ho parlato agli Ambasciatori accreditati presso la Santa Sede e ho detto che questo momento \u00e8 anche una sfida per i Paesi dell&#8217;Europa occidentale, perch\u00e9 devono anch&#8217;essi riprendere i veri valori, ricercare le radici cristiane della loro identit\u00e0 e andare verso Cristo. Cos\u00ec, voi carissimi avete anche molte sfide davanti a voi.<\/p>\n\n<p>Vi auguro che questo anno nuovo sia un nuovo anno per il vostro cammino, fruttuoso con la grazia del Signore, con la luce dello Spirito Santo e con la presenza della Vergine e Madre.<\/p>\n\n<p><em>(*) Cfr. \u00abL\u2018Osservatore Romano\u00bb, 19 gennaio 1990.<\/em><\/p>\n","protected":false},"excerpt":{"rendered":"<p>Visita alla parrocchia dei SS. Fabiano e Venanzio 14-I-1990 S. Giovanni Paolo II Roma, 14 gennaio 1990 * \u00abIL MONDO SI APRE, CERCA UNA DIMENSIONE UMANA E PI\u00d9 CRISTIANAED ASPETTA QUELLA RISPOSTA DI VERIT\u00c0 CHE \u00c8 CRISTO\u00bb Festoso \u00e8 stato l\u2019incontro del Santo Padre con i numerosi rappresentanti delle Comunit\u00e0 Neocatecumenali della parrocchia. Festoso soprattutto per la presenza dei tanti bambini che, come di consueto, sottolinea la dimensione della \u00abfamiglia\u00bb<\/p>\n<div class=\"read-more\"><a class=\"btn read-more-btn\" href=\"https:\/\/neocatechumenaleiter.org\/it\/discorsi-dei-papi\/s-giovanni-paolo-ii\/visita-alla-parrocchia-dei-ss-fabiano-e-venanzio-14-i-1990\/\">Leggi tutto<\/a><\/div>\n","protected":false},"author":2,"featured_media":0,"parent":3717,"menu_order":60,"comment_status":"closed","ping_status":"closed","template":"","meta":{"footnotes":""},"class_list":["post-5812","page","type-page","status-publish","hentry"],"_links":{"self":[{"href":"https:\/\/neocatechumenaleiter.org\/it\/wp-json\/wp\/v2\/pages\/5812","targetHints":{"allow":["GET"]}}],"collection":[{"href":"https:\/\/neocatechumenaleiter.org\/it\/wp-json\/wp\/v2\/pages"}],"about":[{"href":"https:\/\/neocatechumenaleiter.org\/it\/wp-json\/wp\/v2\/types\/page"}],"author":[{"embeddable":true,"href":"https:\/\/neocatechumenaleiter.org\/it\/wp-json\/wp\/v2\/users\/2"}],"replies":[{"embeddable":true,"href":"https:\/\/neocatechumenaleiter.org\/it\/wp-json\/wp\/v2\/comments?post=5812"}],"version-history":[{"count":2,"href":"https:\/\/neocatechumenaleiter.org\/it\/wp-json\/wp\/v2\/pages\/5812\/revisions"}],"predecessor-version":[{"id":15795,"href":"https:\/\/neocatechumenaleiter.org\/it\/wp-json\/wp\/v2\/pages\/5812\/revisions\/15795"}],"up":[{"embeddable":true,"href":"https:\/\/neocatechumenaleiter.org\/it\/wp-json\/wp\/v2\/pages\/3717"}],"wp:attachment":[{"href":"https:\/\/neocatechumenaleiter.org\/it\/wp-json\/wp\/v2\/media?parent=5812"}],"curies":[{"name":"wp","href":"https:\/\/api.w.org\/{rel}","templated":true}]}}