{"id":5816,"date":"2020-03-29T20:45:10","date_gmt":"2020-03-29T19:45:10","guid":{"rendered":"https:\/\/neocatechumenaleiter.org\/discorsi-dei-papi\/s-giovanni-paolo-ii\/visita-alla-parrocchia-di-s-remigio-a-colleverde-9-vi-1990\/"},"modified":"2020-06-09T21:27:40","modified_gmt":"2020-06-09T20:27:40","slug":"visita-alla-parrocchia-di-s-remigio-a-colleverde-9-vi-1990","status":"publish","type":"page","link":"https:\/\/neocatechumenaleiter.org\/it\/discorsi-dei-papi\/s-giovanni-paolo-ii\/visita-alla-parrocchia-di-s-remigio-a-colleverde-9-vi-1990\/","title":{"rendered":"Visita alla parrocchia di S. Remigio a Colleverde 9-VI-1990"},"content":{"rendered":"\n<h1 class=\"has-text-align-center wp-block-heading\">Visita alla parrocchia di S. Remigio a Colleverde 9-VI-1990<\/h1>\n\n<div style=\"height:20px\" aria-hidden=\"true\" class=\"wp-block-spacer\"><\/div>\n\n<h4 class=\"has-text-align-center wp-block-heading\">S. Giovanni Paolo II<\/h4>\n\n<div style=\"height:20px\" aria-hidden=\"true\" class=\"wp-block-spacer\"><\/div>\n\n<p><strong>Roma, 9 giugno 1990 *<\/strong><\/p>\n\n<p><em>Nel teatro parrocchiale erano raccolti i componenti delle Comunit\u00e0 Neocatecumenali con la consueta corona di numerosissimi bambini. Non sono mancate le canzoni, n\u00e9 gli \u00abassalti\u00bb dei bambini al Santo Padre il quale tra l\u2019altro, come sempre, ha mostrato di gradire l\u2019affetto dei pi\u00f9 piccoli.<\/em>&#13;\n&#13;\n<em>Massimo, catechista della parrocchia, ha presentato al Santo Padre la realt\u00e0 delle Comunit\u00e0 Neocatecumenali nella parrocchia.<\/em><\/p>\n\n<div class=\"wp-block-image\"><figure class=\"alignleft size-large\"><img loading=\"lazy\" decoding=\"async\" width=\"693\" height=\"560\" src=\"https:\/\/neocatechumenaleiter.org\/wp-content\/uploads\/2020\/03\/Camino_Neocatecumenal_Juan_Pablo_II_visita_parroquia_San_Remigio_1990.jpg\" alt=\"\" class=\"wp-image-2295\" srcset=\"https:\/\/neocatechumenaleiter.org\/wp-content\/uploads\/2020\/03\/Camino_Neocatecumenal_Juan_Pablo_II_visita_parroquia_San_Remigio_1990.jpg 693w, https:\/\/neocatechumenaleiter.org\/wp-content\/uploads\/2020\/03\/Camino_Neocatecumenal_Juan_Pablo_II_visita_parroquia_San_Remigio_1990-300x242.jpg 300w\" sizes=\"auto, (max-width: 693px) 100vw, 693px\" \/><\/figure><\/div>\n\n<p><em>Il Santo Padre ha cos\u00ec risposto:<\/em><\/p>\n\n<p>\u2026 Il Battesimo come oggi viene offerto ai bambini \u00e8 una esperienza che riguarda pi\u00f9 che altro la famiglia, ma per vivere questa esperienza ci vuole un ritorno. Questo ritorno \u00e8 ci\u00f2 che favoriscono le Comunit\u00e0 Neocatecumenali. Dicono a ciascuno: \u00abtu sei un cristiano, devi tornare al tuo Battesimo, devi prepararti un\u2019altra volta a questo Battesimo che hai ricevuto. Devi farti catecumeno, e devi, con questo catecumenato, giungere a quella esperienza del Battesimo che hanno avuto i primi cristiani, che ha avuto San Paolo\u00bb. Sono stupende le parole di San Paolo sul Battesimo. L\u2019esperienza cristiana \u00e8 prima di tutto esperienza del Battesimo e ci\u00f2 ci porta verso tutti i sacramenti, ma soprattutto verso l\u2019Eucaristia. <\/p>\n\n<p>L\u2019Eucaristia \u00e8 il sacramento che nella pratica della vita cristiana parrocchiale \u00e8 pi\u00f9 vissuto, \u00e8 un\u2019esperienza vissuta anche con i bambini che si preparano alla Prima Comunione. C\u2019\u00e8 una preparazione, c\u2019\u00e8 un approfondimento, si sente ci\u00f2 che, sotto le specie del pane e del vino, vuol dire Eucaristia, ci\u00f2 che Cristo ci ha lasciato come Eucaristia: s\u00e9 stesso, come dono, come cibo. Certamente, l\u2019esperienza cristiana \u00e8 soprattutto l\u2019esperienza eucaristica e se essa comincia con l\u2019esperienza del Battesimo quest\u2019ultimo ci porta verso l\u2019esperienza eucaristica.<\/p>\n\n<p>\u2026 \u00c8 necessaria l\u2019esperienza. Possiamo ricevere i sacramenti non vivendola, non entrando nella profondit\u00e0 del mistero che viene celebrato. Ci vuole questa esperienza, questo aspetto sperimentale della vita cristiana e sono molto grato per tutti questi movimenti che fanno crescere ed abbondare l\u2019esperienza cristiana e i diversi aspetti della vita cristiana di un battezzato, che portano verso la profondit\u00e0 della vita cristiana.&#13;\n&#13;\nCos\u00ec l\u2019uomo diventa pi\u00f9 aperto a Dio, capisce le proporzioni e le sproporzioni, capisce cosa vuol dire la conversione radicale, capisce cos\u2019\u00e8 il peccato, cosa significa essere giustificato per la grazia, cosa significa l\u2019abisso della misericordia, dell\u2019amore, della Trinit\u00e0, del dono di Dio. Attraverso tutte queste esperienze basate sui sacramenti, c\u2019\u00e8 sempre l\u2019esperienza della preghiera. Anche la preghiera pu\u00f2 essere rituale, priva di una profonda esperienza, superficiale, che resta alla superficie dei nostri pensieri, del nostro impegno, della nostra personalit\u00e0. Ma entrando con la preghiera pi\u00f9 profondamente nella comunione con Dio, la preghiera stessa diventa abbondante, una cosa splendente, insolita. Le nostre preghiere si devono approfondire, si devono vivere, bisogna farne una esperienza per non eliminare ci\u00f2 che la preghiera \u00e8, che vuole essere, ci\u00f2 che Dio ci offre attraverso di essa.<\/p>\n\n<p>Ringrazio Dio che nella vostra parrocchia ci siano queste esperienze, che portano avanti ci\u00f2 che \u00e8 essenziale per la vita della parrocchia, perch\u00e9 essa non \u00e8 solo una struttura amministrativa, ma la vita, la partecipazione alla vita divina, la partecipazione, attraverso Cristo e lo Spirito Santo, alla vita trinitaria.<\/p>\n\n<p><em>(*) Cfr. \u00abL\u2019Osservatore Romano\u00bb, 15-16 giugno 1990. Qui riportiamo parte del discorso che il Santo Padre ha rivolto ai gruppi parrocchiali.<\/em><\/p>\n","protected":false},"excerpt":{"rendered":"<p>Visita alla parrocchia di S. Remigio a Colleverde 9-VI-1990 S. Giovanni Paolo II Roma, 9 giugno 1990 * Nel teatro parrocchiale erano raccolti i componenti delle Comunit\u00e0 Neocatecumenali con la consueta corona di numerosissimi bambini. Non sono mancate le canzoni, n\u00e9 gli \u00abassalti\u00bb dei bambini al Santo Padre il quale tra l\u2019altro, come sempre, ha mostrato di gradire l\u2019affetto dei pi\u00f9 piccoli.&#13; &#13; Massimo, catechista della parrocchia, ha presentato al<\/p>\n<div class=\"read-more\"><a class=\"btn read-more-btn\" href=\"https:\/\/neocatechumenaleiter.org\/it\/discorsi-dei-papi\/s-giovanni-paolo-ii\/visita-alla-parrocchia-di-s-remigio-a-colleverde-9-vi-1990\/\">Leggi tutto<\/a><\/div>\n","protected":false},"author":2,"featured_media":0,"parent":3717,"menu_order":61,"comment_status":"closed","ping_status":"closed","template":"","meta":{"footnotes":""},"class_list":["post-5816","page","type-page","status-publish","hentry"],"_links":{"self":[{"href":"https:\/\/neocatechumenaleiter.org\/it\/wp-json\/wp\/v2\/pages\/5816","targetHints":{"allow":["GET"]}}],"collection":[{"href":"https:\/\/neocatechumenaleiter.org\/it\/wp-json\/wp\/v2\/pages"}],"about":[{"href":"https:\/\/neocatechumenaleiter.org\/it\/wp-json\/wp\/v2\/types\/page"}],"author":[{"embeddable":true,"href":"https:\/\/neocatechumenaleiter.org\/it\/wp-json\/wp\/v2\/users\/2"}],"replies":[{"embeddable":true,"href":"https:\/\/neocatechumenaleiter.org\/it\/wp-json\/wp\/v2\/comments?post=5816"}],"version-history":[{"count":2,"href":"https:\/\/neocatechumenaleiter.org\/it\/wp-json\/wp\/v2\/pages\/5816\/revisions"}],"predecessor-version":[{"id":14621,"href":"https:\/\/neocatechumenaleiter.org\/it\/wp-json\/wp\/v2\/pages\/5816\/revisions\/14621"}],"up":[{"embeddable":true,"href":"https:\/\/neocatechumenaleiter.org\/it\/wp-json\/wp\/v2\/pages\/3717"}],"wp:attachment":[{"href":"https:\/\/neocatechumenaleiter.org\/it\/wp-json\/wp\/v2\/media?parent=5816"}],"curies":[{"name":"wp","href":"https:\/\/api.w.org\/{rel}","templated":true}]}}