{"id":5818,"date":"2020-03-29T20:49:14","date_gmt":"2020-03-29T19:49:14","guid":{"rendered":"https:\/\/neocatechumenaleiter.org\/discorsi-dei-papi\/s-giovanni-paolo-ii\/visita-alla-parrocchia-di-santa-maria-della-fiducia-21-x-1990\/"},"modified":"2020-03-29T20:49:15","modified_gmt":"2020-03-29T19:49:15","slug":"visita-alla-parrocchia-di-santa-maria-della-fiducia-21-x-1990","status":"publish","type":"page","link":"https:\/\/neocatechumenaleiter.org\/it\/discorsi-dei-papi\/s-giovanni-paolo-ii\/visita-alla-parrocchia-di-santa-maria-della-fiducia-21-x-1990\/","title":{"rendered":"Visita alla parrocchia di Santa Maria della Fiducia 21-X-1990"},"content":{"rendered":"\n<h1 class=\"has-text-align-center wp-block-heading\">Visita alla parrocchia di Santa Maria della Fiducia 21-X-1990<\/h1>\n\n<div style=\"height:20px\" aria-hidden=\"true\" class=\"wp-block-spacer\"><\/div>\n\n<h4 class=\"has-text-align-center wp-block-heading\">S. Giovanni Paolo II<\/h4>\n\n<div style=\"height:20px\" aria-hidden=\"true\" class=\"wp-block-spacer\"><\/div>\n\n<p><strong>Roma, 21 ottobre 1990<\/strong><\/p>\n\n<p><em>Da dodici anni sono presenti ed operano a Santa Maria della Fiducia le Comunit\u00e0 Neocatecumenali. Attualmente ve ne sono quattro, che offrono un contributo alla vita della parrocchia soprattutto nel settore della catechesi e della liturgia. Il Papa le ha incontrate nel salone parrocchiale, dove giovani e meno giovani impegnati nel \u00abCammino\u00bb lo hanno accolto con le note gioiose di un canto mariano.<\/em>&#13;\n&#13;\n<em>\u00c8 stato Gastone Rocchetti, il primo catechista giunto a S. Maria della Fiducia, a presentare a Giovanni Paolo II la realt\u00e0 delle quattro comunit\u00e0:<\/em><\/p>\n\n<p>Santit\u00e0, faccio parte della prima Comunit\u00e0 Neocatecumenale della parrocchia di Sant\u2019Ireneo a Centocelle. Sono diciassette anni che cammino felicemente e dodici anni fa, su invito del parroco, io, mia moglie e alcuni fratelli della mia comunit\u00e0 siamo venuti in questa parrocchia per annunciare la Lieta Novella.&#13;\n\u00c8 iniziata una catechesi e si \u00e8 formata una prima comunit\u00e0. Oggi in parrocchia vi sono quattro comunit\u00e0. La prima \u00e8 al momento della traditio: sono due anni che essi vanno di casa in casa a portare il Kerygma annunciando la morte e la Risurrezione di Nostro Signore Ges\u00f9 Cristo. Alla seconda comunit\u00e0 \u00e8 stato consegnato il Salterio, l\u2019iniziazione alla preghiera. Le altre due comunit\u00e0 sono alle prime tappe del Cammino.<\/p>\n\n<p>Tutto questo avviene, Santit\u00e0, nell\u2019obbedienza assoluta alla Chiesa e ai suoi ministri e agli iniziatori del cammino. Noi siamo profondamente lieti, Santit\u00e0, perch\u00e9 lei ha voluto dare un maggiore impulso al Cammino Neocatecumenale con la lettera che ha inviato al Vescovo Mons. Cordes. Noi, Santit\u00e0, siamo consapevoli del gran dono che Dio ci sta facendo perch\u00e9 ognuno di noi ha la possibilit\u00e0 di sperimentare nella propria carne la salvezza portata da Nostro Signore Ges\u00f9 Cristo e assaporare un\u2019abbondante caparra di vita eterna. Santit\u00e0, ci benedica.<\/p>\n\n<p><em>Queste le parole rivolte dal Papa ai presenti:<\/em><\/p>\n\n<p>Vorrei sottolineare due cose. La prima \u00e8 questa: voi amate tanto cantare canzoni alla Madonna, a Maria che, secondo le parole di Elisabetta, ha creduto alla Parola del Signore. E questa, possiamo dire, \u00e8 una parola, un testo emblematico per il vostro movimento, per il vostro Cammino, perch\u00e9 non si dice movimento&#8230; Certo, quando si cammina ci si muove anche&#8230; Allora, io partendo da questa parola che \u00e8 veramente ispiratrice, che ha ispirato anche tutta l\u2019enciclica Redemptoris Mater, vi auguro di camminare sempre nella fede e di far camminare nella fede gli altri a cui siete inviati, vicini e lontani. Poi, vi offro una seconda osservazione. Io so che i Neocatecumenali amano i bambini. Anche il Papa ama i bambini, e cos\u00ec ci incontriamo sempre. (*) Cfr. \u00abL\u2019Osservatore Romano\u00bb, 26 ottobre 1990.<\/p>\n","protected":false},"excerpt":{"rendered":"<p>Visita alla parrocchia di Santa Maria della Fiducia 21-X-1990 S. Giovanni Paolo II Roma, 21 ottobre 1990 Da dodici anni sono presenti ed operano a Santa Maria della Fiducia le Comunit\u00e0 Neocatecumenali. Attualmente ve ne sono quattro, che offrono un contributo alla vita della parrocchia soprattutto nel settore della catechesi e della liturgia. Il Papa le ha incontrate nel salone parrocchiale, dove giovani e meno giovani impegnati nel \u00abCammino\u00bb lo<\/p>\n<div class=\"read-more\"><a class=\"btn read-more-btn\" href=\"https:\/\/neocatechumenaleiter.org\/it\/discorsi-dei-papi\/s-giovanni-paolo-ii\/visita-alla-parrocchia-di-santa-maria-della-fiducia-21-x-1990\/\">Leggi tutto<\/a><\/div>\n","protected":false},"author":2,"featured_media":0,"parent":3717,"menu_order":62,"comment_status":"closed","ping_status":"closed","template":"","meta":{"footnotes":""},"class_list":["post-5818","page","type-page","status-publish","hentry"],"_links":{"self":[{"href":"https:\/\/neocatechumenaleiter.org\/it\/wp-json\/wp\/v2\/pages\/5818","targetHints":{"allow":["GET"]}}],"collection":[{"href":"https:\/\/neocatechumenaleiter.org\/it\/wp-json\/wp\/v2\/pages"}],"about":[{"href":"https:\/\/neocatechumenaleiter.org\/it\/wp-json\/wp\/v2\/types\/page"}],"author":[{"embeddable":true,"href":"https:\/\/neocatechumenaleiter.org\/it\/wp-json\/wp\/v2\/users\/2"}],"replies":[{"embeddable":true,"href":"https:\/\/neocatechumenaleiter.org\/it\/wp-json\/wp\/v2\/comments?post=5818"}],"version-history":[{"count":1,"href":"https:\/\/neocatechumenaleiter.org\/it\/wp-json\/wp\/v2\/pages\/5818\/revisions"}],"predecessor-version":[{"id":5819,"href":"https:\/\/neocatechumenaleiter.org\/it\/wp-json\/wp\/v2\/pages\/5818\/revisions\/5819"}],"up":[{"embeddable":true,"href":"https:\/\/neocatechumenaleiter.org\/it\/wp-json\/wp\/v2\/pages\/3717"}],"wp:attachment":[{"href":"https:\/\/neocatechumenaleiter.org\/it\/wp-json\/wp\/v2\/media?parent=5818"}],"curies":[{"name":"wp","href":"https:\/\/api.w.org\/{rel}","templated":true}]}}