{"id":5822,"date":"2020-03-29T21:36:54","date_gmt":"2020-03-29T20:36:54","guid":{"rendered":"https:\/\/neocatechumenaleiter.org\/discorsi-dei-papi\/s-giovanni-paolo-ii\/udienza-invio-di-cento-famiglie-per-la-nuova-evangelizzazione-3-i-1991\/"},"modified":"2020-06-09T19:49:29","modified_gmt":"2020-06-09T18:49:29","slug":"udienza-invio-di-cento-famiglie-per-la-nuova-evangelizzazione-3-i-1991","status":"publish","type":"page","link":"https:\/\/neocatechumenaleiter.org\/it\/discorsi-dei-papi\/s-giovanni-paolo-ii\/udienza-invio-di-cento-famiglie-per-la-nuova-evangelizzazione-3-i-1991\/","title":{"rendered":"Udienza invio di cento famiglie per la &#8220;Nuova Evangelizzazione&#8221; 3-I-1991"},"content":{"rendered":"\n<h1 class=\"has-text-align-center wp-block-heading\">Udienza invio di cento famiglie per la &#8220;Nuova Evangelizzazione&#8221; 3-I-1991<\/h1>\n\n<div style=\"height:20px\" aria-hidden=\"true\" class=\"wp-block-spacer\"><\/div>\n\n<h4 class=\"has-text-align-center wp-block-heading\">S. Giovanni Paolo II<\/h4>\n\n<div style=\"height:20px\" aria-hidden=\"true\" class=\"wp-block-spacer\"><\/div>\n\n<p><strong>Citt\u00e0 del Vaticano &#8211; Aula Paolo VI, 3 gennaio 1991 *<\/strong><\/p>\n\n<div class=\"wp-block-image\"><figure class=\"alignright size-medium\"><img loading=\"lazy\" decoding=\"async\" width=\"300\" height=\"252\" src=\"https:\/\/neocatechumenaleiter.org\/wp-content\/uploads\/2020\/03\/Camino_Neocatecumenal_Juan_Pablo_II_audiencia_envio_cien_familias_en_mision_1991-300x252.jpg\" alt=\"\" class=\"wp-image-2307\" srcset=\"https:\/\/neocatechumenaleiter.org\/wp-content\/uploads\/2020\/03\/Camino_Neocatecumenal_Juan_Pablo_II_audiencia_envio_cien_familias_en_mision_1991-300x252.jpg 300w, https:\/\/neocatechumenaleiter.org\/wp-content\/uploads\/2020\/03\/Camino_Neocatecumenal_Juan_Pablo_II_audiencia_envio_cien_familias_en_mision_1991.jpg 365w\" sizes=\"auto, (max-width: 300px) 100vw, 300px\" \/><\/figure><\/div>\n\n<p><strong>\u00abLE FAMIGLIE EVANGELIZZINO LE FAMIGLIE\u00bb<\/strong><br\/><em>Cento famiglie del Cammino Neocatecumenale sono state inviate dal Santo Padre in ventiquattro nazioni dei cinque continenti nel corso di una udienza in cui erano presenti anche centodieci famiglie gi\u00e0 in missione, altre trecento sono gi\u00e0 pronte a partire. Le accompagnavano i centoventi seminaristi del Collegio Diocesano \u201cRedemptoris Mater&#8221; e circa diecimila fratelli delle comunit\u00e0.<\/em>&#13;\n<br\/><br\/><em>Presentazione di Kiko Arg\u00fcello:<\/em><\/p>\n\n<p>Caro, reverendissimo Padre, veniamo adesso da Porto San Giorgio, dalla tenda che Lei due anni fa ha onorato, ha santificato con la sua presenza.&#13;\nSiamo stati sette giorni, preparandoci in ritiro di conversione, millequattrocento fratelli.<\/p>\n\n<p>Sono venute le famiglie che due anni fa sono state inviate alle zone piu difficili dell\u2019America Latina (ai \u201cpueblos jovenes&#8221;, alle baracche di Guayaquil in Ecuador e in tante altre parti&#8230;) e anche alle periferie dell\u2019Europa come Amburgo o anche in quartieri dell\u2019Olanda (di Amsterdam), a New York (al Bronx) e abbiamo visto insieme un pochino la loro esperienza: tutti vengono con gli occhi pieni della luce, dell\u2019amore, della tenerezza di nostro Signore Ges\u00f9 Cristo, che ci \u00e8 stato vicino in mezzo a grandissime sofferenze e che ci ha aiutato tantissimo. Tutti hanno deciso di ritornare: hanno raccontato dei fatti impressionanti e come Dio li ha provati e preparati alla missione. In questi anni di &#8220;incarnazione&#8221; molti sono andati in paesi senza conoscere la lingua, per esempio nel Giappone, e lo abbiamo fatto esattamente perch\u00e9 pensiamo che sia meglio andare come gli ultimi (uno che non conosce la lingua \u00e8 un povero). Ed effettivamente \u00e8 stato molto efficace perch\u00e9 la gente all\u2019intorno dava dei beni a queste famiglie, \u00e8 venuta loro incontro, le hanno aiutate ed \u00e8 stata piu facile la loro missione, facendo presente il mistero immenso della famiglia di Nazareth. In molte parti queste famiglie hanno cominciato a far catechesi, hanno potuto annunciare Gesu Cristo e si sono formate delle piccole comunit\u00e0 cristiane, con gente pagana; anche in Cina a Taiwan, in un villaggio completamente pagano, \u00e8 nata una piccola comunit\u00e0 di undici persone con quattro catecumeni.<\/p>\n\n<p>Adesso abbiamo tantissime richieste da tanti vescovi, anche vescovi che hanno chiesto le famiglie e dopo due-tre anni (alcune hanno gi\u00e0 quattro anni di missione) hanno visto il frutto, soprattutto in America Latina di fronte alle \u201csette&#8221;.<\/p>\n\n<p>Queste famiglie sono andate in zone in cui non ci sono parrocchie, dove non ci sono chiese per mancanza di clero, e loro hanno avuto tantissimo frutto e i vescovi chiedono di pi\u00f9: abbiamo molte richieste, tanto che abbiamo dovuto fare una piccola selezione. Allora abbiamo chiesto alle prime comunit\u00e0 della Spagna, le cui famiglie hanno una preparazione sufficiente con pi\u00f9 di quattordici anni di Cammino, e si sono offerte tantissime famiglie. \u00c8 qualcosa di sorprendente, con i loro figli, disposte ad andare dove la Chiesa creda opportuno; l\u00e0 dove la famiglia \u00e8 distrutta loro sono disposte ad essere una presenza reale della famiglia cristiana e noi siamo sorpresi di questa generosit\u00e0, di questo ardore che c\u2019\u00e8 in loro perch\u00e9 sanno che vanno, molti di loro, al martirio, vanno in situazioni di grande difficolt\u00e0. Abbiamo quattrocento nuove famiglie che si sono offerte; ci siamo radunati insieme a quelli che gi\u00e0 erano in missione e ad altri itineranti. In tutto eravamo mille persone.<\/p>\n\n<div class=\"wp-block-image\"><figure class=\"alignleft size-medium\"><img loading=\"lazy\" decoding=\"async\" width=\"255\" height=\"300\" src=\"https:\/\/neocatechumenaleiter.org\/wp-content\/uploads\/2020\/03\/Camino_Neocatecumenal_Juan_Pablo_II_audiencia_envio_cien_familias_en_mision_1991_2-255x300.jpg\" alt=\"\" class=\"wp-image-2314\" srcset=\"https:\/\/neocatechumenaleiter.org\/wp-content\/uploads\/2020\/03\/Camino_Neocatecumenal_Juan_Pablo_II_audiencia_envio_cien_familias_en_mision_1991_2-255x300.jpg 255w, https:\/\/neocatechumenaleiter.org\/wp-content\/uploads\/2020\/03\/Camino_Neocatecumenal_Juan_Pablo_II_audiencia_envio_cien_familias_en_mision_1991_2.jpg 569w\" sizes=\"auto, (max-width: 255px) 100vw, 255px\" \/><\/figure><\/div>\n\n<p>Erano presenti anche i seminaristi, del <em>Redemptoris Mater <\/em>di Roma e per loro \u00e8 stata una preparazione meravigliosa sentire queste famiglie, le difficolt\u00e0, ecc.&#13;\n&#13;\nAllora, fino a ieri notte, fin quasi alle tre di questa mattina, tutta la giornata di ieri \u00e8 servita per vedere, vagliare ogni &#8220;petizione&#8221;. Per poter mandare le famiglie abbiamo chiesto una lettera ufficiale a ogni vescovo, e che il vescovo anche si responsabilizzi per aiutarli per la casa, ecc.<\/p>\n\n<p>Alla fine abbiamo scelto altre cento famiglie: qui ci sono i fratelli che gi\u00e0 sono stati destinati, che sono pronti a partire. Partiranno sei famiglie per la Russia, a Mosca; quattro per la Bielorussia; due per la Georgia; due per la Jugoslavia; sei nuove famiglie per la Germania (sono gi\u00e0 diciotto famiglie chieste dai vescovi), quattro per l\u2019Austria, tre per l\u2019Olanda (a continuare l\u2019opera meravigliosa che queste famiglie stanno facendo in Olanda, richieste dai vescovi); due per l\u2019Inghilterra; due per la Francia; dopo, negli Stati Uniti, i vescovi hanno chiesto diciannove famiglie, nelle periferie, soprattutto, per cominciare una pastorale con gli afroamericani, dove la Chiesa cattolica si trova in difficolt\u00e0: cos\u00ec hanno fatto delle richieste, per esempio, il cardinale di Washington, quello di Dallas, di San Antonio, quelli del Texas, ecc. Dopo in America Centrale e America Latina, ad esempio in Cile, in Colombia (due famiglie); un\u2019altra famiglia in Ecuador; in Venezuela due; tre in Messico. In Asia: dieci famiglie in Giappone; nella Cina nazionalista altre cinque; in Africa: quattro nello Zambia; quattro nel Camerun; poi Etiopia, Costa d\u2019Avorio, Australia: ecco, in totale sono centoquattro famiglie con un totale di quattrocentonove figli; e tutti &#8220;piccoletti&#8221;, alcuni meno piccoli.<\/p>\n\n<p>Quando (queste famiglie) hanno figli di quindici, sedici anni abbiamo chiesto a questi il loro parere, se fossero disposti ad accompagnare i loro genitori. Abbiamo visto, in questo senso, una generosit\u00e0 enorme e come questi giovanotti vogliono un bene ai loro genitori&#8230; Riguardo alla missione abbiamo sentito le famiglie che sono ritornate: queste dicevano che i primi evangelizzatori sono stati i loro figli (in Giappone, in Cina, in Olanda&#8230;) nei loro collegi, nelle scuole, con le mamme &#8230; \u00e8 stato bellissimo. Questi figli sono, diciamo cos\u00ec, la punta di lancia della \u201cNuova Evangelizzazione\u201d fatta attraverso le famiglie. Anche i figli danno testimonianza ai loro \u201camichetti\u201d, portano i loro amici &#8230; per esempio le famiglie del Giappone trovano le loro case sempre invase dai bambini giapponesi amici dei loro figli; i quali gi\u00e0 sanno tutti la lingua che imparano rapidamente. Attraverso i figli queste famiglie hanno fatto conoscenza con le altre famiglie giapponesi. Ci\u00f2 facilita l\u2019evangelizzazione di queste famiglie che sono tutte non cristiane, sono tutte pagane, alle quali interessa moltissimo, impressiona, questa forma di \u201cvivere la famiglia\u201d, vedere la tavola familiare come un altare, dove il padre trasmette, \u201cpassa\u201d la fede ai figli e il talamo nuziale \u00e8 anche un altare dove si d\u00e0 la vita a nuovi figli.<\/p>\n\n<div class=\"wp-block-image\"><figure class=\"alignleft size-medium\"><img loading=\"lazy\" decoding=\"async\" width=\"208\" height=\"300\" src=\"https:\/\/neocatechumenaleiter.org\/wp-content\/uploads\/2020\/03\/Camino_Neocatecumenal_Juan_Pablo_II_audiencia_envio_cien_familias_en_mision_1991_3-208x300.jpg\" alt=\"\" class=\"wp-image-2321\" srcset=\"https:\/\/neocatechumenaleiter.org\/wp-content\/uploads\/2020\/03\/Camino_Neocatecumenal_Juan_Pablo_II_audiencia_envio_cien_familias_en_mision_1991_3-208x300.jpg 208w, https:\/\/neocatechumenaleiter.org\/wp-content\/uploads\/2020\/03\/Camino_Neocatecumenal_Juan_Pablo_II_audiencia_envio_cien_familias_en_mision_1991_3.jpg 563w\" sizes=\"auto, (max-width: 208px) 100vw, 208px\" \/><\/figure><\/div>\n\n<p>Appare una nuova cultura, anche una realt\u00e0 profonda e meravigliosa tanto che noi siamo sorpresi &#8230; Ecco, Padre, non voglio dilungarmi di pi\u00f9, soltanto vorrei dire che siamo impressionatissimi del fatto che tutti volevano partire: di queste quattrocento famiglie soltanto cento hanno potuto partire, ma tutte volevano partire.  Ed io dicevo loro: \u00abma vi rendete conto? Andate in zone poverissime, andate in zone difficilissime?\u00bb. Ma eravamo tutti emozionati per l\u2019ardore, per il desiderio di martirio, per una \u201cforza&#8221; soprannaturale che era presente in mezzo a noi &#8230;<\/p>\n\n<p><em>Dopo la proclamazione cantata della conclusione del Vangelo di Marco, il Santo Padre si \u00e8 cos\u00ec rivolto ai presenti:<\/em><\/p>\n\n<p>Carissimi Fratelli e Sorelle!<br\/><br\/>&#13;\n&#13;\n1. Nella luce del Natale abbiamo incontrato il Salvatore; abbiamo contemplato le meraviglie che Dio ha operato; siamo stati invitati ad accogliere il dono della Salvezza e a diffonderlo fra i nostri fratelli.&#13;\n&#13;\nNasce da questo mistico abbraccio con il Verbo incarnato il nostro impegno ad evangelizzare. Impegno oggi tanto pi\u00f9 urgente perch\u00e9 viviamo momenti di profondi mutamenti sociali. <strong>Ci troviamo, infatti, come ad un tornante della storia, proiettati verso un futuro carico di aspettative e di speranza, ma minacciato da inquietudini e timori, che investono l&#8217;essere umano nella sua struttura pi\u00f9 profonda<\/strong>. L&#8217;uomo invoca la pace, la serenit\u00e0, chiede aiuto e solidariet\u00e0: ha bisogno di Amore. Ha bisogno di Cristo.<\/p>\n\n<p>Meravigliosa \u00e8, pertanto, l\u2019opera di chi, come voi, consacra tutta la sua esistenza ed ogni risorsa sia fisica che spirituale all&#8217;evangelizzazione. Voi siete persuasi che solamente Ges\u00f9 pu\u00f2 colmare le attese della persona, e per questo non esitate ad abbandonare tutto e a mettervi in viaggio per le vie del mondo, testimoniando cos\u00ec la viva presenza del Redentore fra noi e il potere della sua Parola che salva. Siate riconoscenti alla Provvidenza che vi ha scelti e mantenetevi costantemente in ascolto dello Spirito; perseverate nella preghiera e nella pratica delle virt\u00f9. Siate messaggeri della riconciliazione e apostoli della fraternit\u00e0 e del servizio. Il Signore, che vi chiede totale disponibilit\u00e0, vi associa in tal modo al mistero della Redenzione del  mondo.<\/p>\n\n<p>2. Non posso non sottolineare, con intima gioia, che la vostra ansia evagelizzatrice vi sospinge soprattutto alle famiglie. Non ha forse bisogno la famiglia di essere in questo tempo nuovamente evangelizzata perch\u00e9 riscopra il suo ruolo di cellula primaria della comunit\u00e0 cristiana, chiesa domestica, all&#8217;interno della quale sia possibile vivere la primordiale esperienza dell\u2019incontro con Dio? Quanto risente l&#8217;attuale situazione sociale della crisi delle famiglie! Non \u00e8 facile pensare ad un avvenire migliore se il focolare domestico non torna ad essere il luogo privilegiato dell\u2019accoglienza della vita e della crescita della persona: scuola di sapienza umana e di formazione spirituale. Con animo lieto saluto fra voi i numerosi nuclei familiari che si trovano gi\u00e0 in missione nelle zone pi\u00f9 scristianizzate del pianeta; saluto, inoltre, le coppie che si preparano a partire. S\u00ec, le famiglie evangelizzino le famiglie!<\/p>\n\n<p>Possa il Signore rendervi dappertutto suoi strumenti di misericordia; vi accompagni sempre la sua grazia.<\/p>\n\n<div class=\"wp-block-image\"><figure class=\"alignright size-large\"><img loading=\"lazy\" decoding=\"async\" width=\"768\" height=\"523\" src=\"https:\/\/neocatechumenaleiter.org\/wp-content\/uploads\/2020\/03\/Camino_Neocatecumenal_Juan_Pablo_II_audiencia_envio_cien_familias_en_mision_1991_4.jpg\" alt=\"\" class=\"wp-image-2331\" srcset=\"https:\/\/neocatechumenaleiter.org\/wp-content\/uploads\/2020\/03\/Camino_Neocatecumenal_Juan_Pablo_II_audiencia_envio_cien_familias_en_mision_1991_4.jpg 768w, https:\/\/neocatechumenaleiter.org\/wp-content\/uploads\/2020\/03\/Camino_Neocatecumenal_Juan_Pablo_II_audiencia_envio_cien_familias_en_mision_1991_4-300x204.jpg 300w\" sizes=\"auto, (max-width: 768px) 100vw, 768px\" \/><\/figure><\/div>\n\n<p>Consegno volentieri il crocifisso a quanti sono chiamati a recarsi, itineranti al servizio del Vangelo, in altri Paesi. Fidatevi di Dio e, resistendo ad ogni difficolt\u00e0, fatevi \u00abambasciatori per Cristo, come Dio esortasse per mezzo nostro\u00bb (2 Cor 5,19).&#13;\n&#13;\nVivete in cordiale obbedienza e filiale comunione con i Pastori, essendo voi membra di un corpo vivo: la Chiesa. Sono essi che vi invitano e vi accolgono. \u00c8 a loro che dovete manifestare docilit\u00e0 e fiducia; \u00e8 dalle loro direttive che vi viene partecipata la volont\u00e0 del Signore in ordine alla vostra particolare missione.<\/p>\n\n<p>Il compito che vi attende \u2013 la Nuova Evangelizzazione \u2013 vi domanda di presentare con nuovo entusiasmo e metodi rinnovati l\u2019eterno e immutabile contenuto del patrimonio della nostra fede cristiana. Non si tratta, voi lo sapete bene, soltanto di trasmettere una dottrina, ma di incontrare in modo personale e profondo il Salvatore. Invoco Maria, Madre del Redentore, perch\u00e9 vi assista in questo cammino; a Lei, Stella della Nuova Evangelizzazione, affido ciascuno di voi, le vostre comunit\u00e0 e quanti incontrerete. Mentre, nel nome del Signore, vi esorto a partire con coraggio e ad essere dovunque testimoni ardimentosi del Vangelo, di cuore vi benedico.<br\/><br\/><em>Il Santo Padre ha aggiunto queste parole a braccio:<\/em><\/p>\n\n<p>Allora, questo che ho detto era una risposta alla sua bella e realistica \u201ccristianamente, neocatecumenalmente&#8221;, introduzione. Ma le introduzioni devono sempre avere un s\u00e9guito: adesso abbiamo questo s\u00e9guito qui nell\u2019aula Paolo VI, ma poi, s\u00e9guito ulteriore nei vostri cammini delle famiglie itineranti, le famiglie evangelizzate profondamente nel Neocatecumenato che abbraccia tutta la vita umana, abbraccia tutta la vita della famiglia evangelizzata o evangelizzante.<\/p>\n\n<p>E cos\u00ec vi auguro buon cammino: il Papa itinerante agli itineranti!<br\/><br\/><\/p>\n\n<p><em>(*) Cfr. \u00abL\u2019Osservatore Romano\u00bb, 4 gennaio 1991, con integrazioni dalla registrazione diretta.<\/em><\/p>\n","protected":false},"excerpt":{"rendered":"<p>Udienza invio di cento famiglie per la &#8220;Nuova Evangelizzazione&#8221; 3-I-1991 S. Giovanni Paolo II Citt\u00e0 del Vaticano &#8211; Aula Paolo VI, 3 gennaio 1991 * \u00abLE FAMIGLIE EVANGELIZZINO LE FAMIGLIE\u00bbCento famiglie del Cammino Neocatecumenale sono state inviate dal Santo Padre in ventiquattro nazioni dei cinque continenti nel corso di una udienza in cui erano presenti anche centodieci famiglie gi\u00e0 in missione, altre trecento sono gi\u00e0 pronte a partire. Le accompagnavano<\/p>\n<div class=\"read-more\"><a class=\"btn read-more-btn\" href=\"https:\/\/neocatechumenaleiter.org\/it\/discorsi-dei-papi\/s-giovanni-paolo-ii\/udienza-invio-di-cento-famiglie-per-la-nuova-evangelizzazione-3-i-1991\/\">Leggi tutto<\/a><\/div>\n","protected":false},"author":2,"featured_media":0,"parent":3717,"menu_order":63,"comment_status":"closed","ping_status":"closed","template":"","meta":{"footnotes":""},"class_list":["post-5822","page","type-page","status-publish","hentry"],"_links":{"self":[{"href":"https:\/\/neocatechumenaleiter.org\/it\/wp-json\/wp\/v2\/pages\/5822","targetHints":{"allow":["GET"]}}],"collection":[{"href":"https:\/\/neocatechumenaleiter.org\/it\/wp-json\/wp\/v2\/pages"}],"about":[{"href":"https:\/\/neocatechumenaleiter.org\/it\/wp-json\/wp\/v2\/types\/page"}],"author":[{"embeddable":true,"href":"https:\/\/neocatechumenaleiter.org\/it\/wp-json\/wp\/v2\/users\/2"}],"replies":[{"embeddable":true,"href":"https:\/\/neocatechumenaleiter.org\/it\/wp-json\/wp\/v2\/comments?post=5822"}],"version-history":[{"count":16,"href":"https:\/\/neocatechumenaleiter.org\/it\/wp-json\/wp\/v2\/pages\/5822\/revisions"}],"predecessor-version":[{"id":14590,"href":"https:\/\/neocatechumenaleiter.org\/it\/wp-json\/wp\/v2\/pages\/5822\/revisions\/14590"}],"up":[{"embeddable":true,"href":"https:\/\/neocatechumenaleiter.org\/it\/wp-json\/wp\/v2\/pages\/3717"}],"wp:attachment":[{"href":"https:\/\/neocatechumenaleiter.org\/it\/wp-json\/wp\/v2\/media?parent=5822"}],"curies":[{"name":"wp","href":"https:\/\/api.w.org\/{rel}","templated":true}]}}