{"id":5828,"date":"2020-03-03T23:56:44","date_gmt":"2020-03-03T22:56:44","guid":{"rendered":"https:\/\/neocatechumenaleiter.org\/discorsi-dei-papi\/s-giovanni-paolo-ii\/saluto-del-santo-padre-giovanni-paolo-ii-ai-parroci-agli-itineranti-e-ai-responsabili-delle-comunita-neocatecumenale-riuniti-a-roma-4-xii-1991\/"},"modified":"2021-08-10T11:02:26","modified_gmt":"2021-08-10T10:02:26","slug":"saluto-del-santo-padre-giovanni-paolo-ii-ai-parroci-agli-itineranti-e-ai-responsabili-delle-comunita-neocatecumenale-riuniti-a-roma-4-xii-1991","status":"publish","type":"page","link":"https:\/\/neocatechumenaleiter.org\/it\/discorsi-dei-papi\/s-giovanni-paolo-ii\/saluto-del-santo-padre-giovanni-paolo-ii-ai-parroci-agli-itineranti-e-ai-responsabili-delle-comunita-neocatecumenale-riuniti-a-roma-4-xii-1991\/","title":{"rendered":"Saluto del Santo Padre Giovanni Paolo II ai parroci, agli itineranti e ai responsabili delle Comunit\u00e0 Neocatecumenale, riuniti a Roma 4-XII-1991"},"content":{"rendered":"\n<h1 class=\"has-text-align-center wp-block-heading\">Saluto del Santo Padre Giovanni Paolo II ai parroci, agli itineranti e ai responsabili delle Comunit\u00e0 Neocatecumenale, riuniti a Roma 4-XII-1991<\/h1>\n\n<div style=\"height:20px\" aria-hidden=\"true\" class=\"wp-block-spacer\"><\/div>\n\n<h4 class=\"has-text-align-center wp-block-heading\">S. Giovanni Paolo II<\/h4>\n\n<div style=\"height:20px\" aria-hidden=\"true\" class=\"wp-block-spacer\"><\/div>\n\n<p><strong>Citt\u00e0 del Vaticano &#8211; Aula Paolo VI, 4 dicembre 1991<\/strong><\/p>\n\n<p><em>Come di consueto, la serie dei saluti che il Papa ha rivolto, si \u00e8 conclusa con i gruppi venuti da diverse diocesi italiane:<\/em><\/p>\n\n<p>Sono, inoltre, lieto di accogliere i numerosi aderenti al Cammino Neocatecumenale. Fra essi ci sono parroci provenienti da diverse diocesi europee, responsabili di comunit\u00e0 e catechisti itineranti in molte Nazioni d\u2019Europa e non poche famiglie inviate in missione durante questi ultimi anni.<\/p>\n\n<p>Carissimi Fratelli e Sorelle, con la vostra presenza a Roma, durante lo svolgimento del Sinodo speciale per l\u2019Europa, voi intendete accompagnarne i lavori sinodali mediante la riflessione e la preghiera. Nel corso della vostra convivenza, che oggi si conclude, avete avuto modo di riaffermare la necessit\u00e0 di accogliere senza indugi il comando di Ges\u00f9 di recare dappertutto il suo Vangelo. Si tratta di un mandato reso singolarmente urgente dalle attuali circostanze sociali e culturali.<\/p>\n\n<p>Vi aiuti la Vergine Maria a ben proseguire nel cammino intrapreso sempre fedeli a Cristo e alla sua Chiesa. Sarete cos\u00ec apostoli infaticabili e gioiosi della Nuova Evangelizzazione. (*) Cfr. \u00abL\u2019Osservatore Romano\u00bb, 5 dicembre 1991.<\/p>\n\n<figure class=\"wp-block-gallery columns-2 is-cropped wp-block-gallery-1 is-layout-flex wp-block-gallery-is-layout-flex\"><ul class=\"blocks-gallery-grid\"><li class=\"blocks-gallery-item\"><figure><img loading=\"lazy\" decoding=\"async\" width=\"676\" height=\"562\" src=\"https:\/\/neocatechumenaleiter.org\/wp-content\/uploads\/2020\/03\/Camino_Neocatecumenal_Juan_Pablo_II_saludo_parrocos_itinerantes_responsables_1991.jpg\" alt=\"\" data-id=\"2352\" data-link=\"https:\/\/neocatechumenaleiter.org\/?attachment_id=2352\" class=\"wp-image-2355\" srcset=\"https:\/\/neocatechumenaleiter.org\/wp-content\/uploads\/2020\/03\/Camino_Neocatecumenal_Juan_Pablo_II_saludo_parrocos_itinerantes_responsables_1991.jpg 676w, https:\/\/neocatechumenaleiter.org\/wp-content\/uploads\/2020\/03\/Camino_Neocatecumenal_Juan_Pablo_II_saludo_parrocos_itinerantes_responsables_1991-300x249.jpg 300w\" sizes=\"auto, (max-width: 676px) 100vw, 676px\" \/><\/figure><\/li><li class=\"blocks-gallery-item\"><figure><img loading=\"lazy\" decoding=\"async\" width=\"495\" height=\"354\" src=\"https:\/\/neocatechumenaleiter.org\/wp-content\/uploads\/2020\/03\/Camino_Neocatecumenal_Juan_Pablo_II_saludo_parrocos_itinerantes_responsables_1991_2.jpg\" alt=\"\" data-id=\"2359\" data-full-url=\"https:\/\/neocatechumenaleiter.org\/wp-content\/uploads\/2020\/03\/Camino_Neocatecumenal_Juan_Pablo_II_saludo_parrocos_itinerantes_responsables_1991_2.jpg\" data-link=\"https:\/\/neocatechumenaleiter.org\/?attachment_id=2359\" class=\"wp-image-2362\" srcset=\"https:\/\/neocatechumenaleiter.org\/wp-content\/uploads\/2020\/03\/Camino_Neocatecumenal_Juan_Pablo_II_saludo_parrocos_itinerantes_responsables_1991_2.jpg 495w, https:\/\/neocatechumenaleiter.org\/wp-content\/uploads\/2020\/03\/Camino_Neocatecumenal_Juan_Pablo_II_saludo_parrocos_itinerantes_responsables_1991_2-300x215.jpg 300w\" sizes=\"auto, (max-width: 495px) 100vw, 495px\" \/><\/figure><\/li><\/ul><\/figure>","protected":false},"excerpt":{"rendered":"<p>Saluto del Santo Padre Giovanni Paolo II ai parroci, agli itineranti e ai responsabili delle Comunit\u00e0 Neocatecumenale, riuniti a Roma 4-XII-1991 S. Giovanni Paolo II Citt\u00e0 del Vaticano &#8211; Aula Paolo VI, 4 dicembre 1991 Come di consueto, la serie dei saluti che il Papa ha rivolto, si \u00e8 conclusa con i gruppi venuti da diverse diocesi italiane: Sono, inoltre, lieto di accogliere i numerosi aderenti al Cammino Neocatecumenale. Fra<\/p>\n<div class=\"read-more\"><a class=\"btn read-more-btn\" href=\"https:\/\/neocatechumenaleiter.org\/it\/discorsi-dei-papi\/s-giovanni-paolo-ii\/saluto-del-santo-padre-giovanni-paolo-ii-ai-parroci-agli-itineranti-e-ai-responsabili-delle-comunita-neocatecumenale-riuniti-a-roma-4-xii-1991\/\">Leggi tutto<\/a><\/div>\n","protected":false},"author":2,"featured_media":0,"parent":3717,"menu_order":66,"comment_status":"closed","ping_status":"closed","template":"","meta":{"footnotes":""},"class_list":["post-5828","page","type-page","status-publish","hentry"],"_links":{"self":[{"href":"https:\/\/neocatechumenaleiter.org\/it\/wp-json\/wp\/v2\/pages\/5828","targetHints":{"allow":["GET"]}}],"collection":[{"href":"https:\/\/neocatechumenaleiter.org\/it\/wp-json\/wp\/v2\/pages"}],"about":[{"href":"https:\/\/neocatechumenaleiter.org\/it\/wp-json\/wp\/v2\/types\/page"}],"author":[{"embeddable":true,"href":"https:\/\/neocatechumenaleiter.org\/it\/wp-json\/wp\/v2\/users\/2"}],"replies":[{"embeddable":true,"href":"https:\/\/neocatechumenaleiter.org\/it\/wp-json\/wp\/v2\/comments?post=5828"}],"version-history":[{"count":2,"href":"https:\/\/neocatechumenaleiter.org\/it\/wp-json\/wp\/v2\/pages\/5828\/revisions"}],"predecessor-version":[{"id":24086,"href":"https:\/\/neocatechumenaleiter.org\/it\/wp-json\/wp\/v2\/pages\/5828\/revisions\/24086"}],"up":[{"embeddable":true,"href":"https:\/\/neocatechumenaleiter.org\/it\/wp-json\/wp\/v2\/pages\/3717"}],"wp:attachment":[{"href":"https:\/\/neocatechumenaleiter.org\/it\/wp-json\/wp\/v2\/media?parent=5828"}],"curies":[{"name":"wp","href":"https:\/\/api.w.org\/{rel}","templated":true}]}}