{"id":5830,"date":"2020-03-04T00:14:54","date_gmt":"2020-03-03T23:14:54","guid":{"rendered":"https:\/\/neocatechumenaleiter.org\/discorsi-dei-papi\/s-giovanni-paolo-ii\/visita-alla-parrocchia-di-s-leonardo-murialdo-22-iii-1992\/"},"modified":"2021-08-10T11:02:32","modified_gmt":"2021-08-10T10:02:32","slug":"visita-alla-parrocchia-di-s-leonardo-murialdo-22-iii-1992","status":"publish","type":"page","link":"https:\/\/neocatechumenaleiter.org\/it\/discorsi-dei-papi\/s-giovanni-paolo-ii\/visita-alla-parrocchia-di-s-leonardo-murialdo-22-iii-1992\/","title":{"rendered":"Visita alla parrocchia di S. Leonardo Murialdo 22-III-1992"},"content":{"rendered":"\n<h1 class=\"has-text-align-center wp-block-heading\">Visita alla parrocchia di S. Leonardo Murialdo 22-III-1992<\/h1>\n\n<div style=\"height:20px\" aria-hidden=\"true\" class=\"wp-block-spacer\"><\/div>\n\n<h4 class=\"has-text-align-center wp-block-heading\">S. Giovanni Paolo II<\/h4>\n\n<div style=\"height:20px\" aria-hidden=\"true\" class=\"wp-block-spacer\"><\/div>\n\n<p><strong>Roma, 22 marzo 1992<\/strong><\/p>\n\n<p><em>All\u2019inizio della Messa, dopo il saluto liturgico, il Parroco, P. Domenico Paiusco, ha salutato il Santo Padre a nome della comunit\u00e0:<\/em><\/p>\n\n<p>Beatissimo Padre,&#13;\n&#13;\nbenvenuto tra noi! Grazie di essere con noi. La comunit\u00e0 parrocchiale di San Leonardo Murialdo, affidata alla Congregazione dei Padri Giuseppini, si \u00e8 preparata a questo primo incontro col suo Vescovo con gioia ed entusiasmo mediante la preghiera personale e comunitaria, la riflessione per questo evento di fede nei numerosi centri di ascolto presso le famiglie.&#13;\n&#13;\nTrent\u2019anni sono trascorsi dall\u2019inizio della parrocchia \u2013 marzo 1958 \u2013 alla consacrazione di questo edificio nel 1988. Attuale impegno pastorale \u00e8 la costruzione del tempio spirituale, fatto di pietre vive, una comunit\u00e0 che sia testimonianza e segno di Cristo piantato nel quartiere, con la duplice funzione di crescere nel suo interno, per una carica spirituale che diventi a sua volta capacit\u00e0 di comunione, di sostegno per tutti coloro che qui abitano.&#13;\n&#13;\nLa popolazione, inizialmente costituita da giovani coppie con figli, si \u00e8 mantenuta stabile e dopo 30 anni si trova in cammino verso la terza et\u00e0, e la maggior parte dei figli, formati nuovi nuclei familiari, si sono trasferiti altrove.<\/p>\n\n<p>Le famiglie composte da impiegati ed operai, molti in pensione, non soffrono di povert\u00e0, quanto piuttosto per i problemi inerenti all\u2019anzianit\u00e0 e alla solitudine, e i giovani ancora rimasti, soffrono per la casa e il lavoro.<\/p>\n\n<p>\u00c8 evidente in molte famiglie una scarsa formazione religiosa con la conseguente mancanza di unit\u00e0 tra fede e vita, tra il vangelo apprezzato e la condotta di vita.<\/p>\n\n<div class=\"wp-block-image\"><figure class=\"alignleft size-medium\"><img loading=\"lazy\" decoding=\"async\" width=\"300\" height=\"246\" src=\"https:\/\/neocatechumenaleiter.org\/wp-content\/uploads\/2020\/03\/Camino_Neocatecumenal_Juan_Pablo_II_visita_parroquia_San_Leonardo_1992-300x246.jpg\" alt=\"\" class=\"wp-image-2370\" srcset=\"https:\/\/neocatechumenaleiter.org\/wp-content\/uploads\/2020\/03\/Camino_Neocatecumenal_Juan_Pablo_II_visita_parroquia_San_Leonardo_1992-300x246.jpg 300w, https:\/\/neocatechumenaleiter.org\/wp-content\/uploads\/2020\/03\/Camino_Neocatecumenal_Juan_Pablo_II_visita_parroquia_San_Leonardo_1992.jpg 698w\" sizes=\"auto, (max-width: 300px) 100vw, 300px\" \/><\/figure><\/div>\n\n<p>L\u2019impegno primario in parrocchia \u00e8 sempre stata l\u2019evangelizzazione con la catechesi a tutte le et\u00e0. Una catechesi permanente nell\u2019et\u00e0 scolare dai 6 ai 13 anni; quest\u2019anno anche bambini dai 3 ai 6, per avviarli ad un cammino di fede dove i sacramenti della Riconciliazione, dell\u2019Eucaristia e della Cresima sono tappe privilegiate. Offriamo una catechesi agli adulti per un rinnovamento della famiglia. In questo mi \u00e8 di grande aiuto l\u2019esperienza non unica, ma rilevante dei Neocatecumenali. Dal 1971 ad oggi sono sorte 10 comunit\u00e0 con circa 400 fratelli, che oltre alla riscoperta di una fede personale e comunitaria, sono veramente sale e lievito per tutta la parrocchia. In questo sentirsi Chiesa sono disponibili per una catechesi impegnata dei genitori in preparazione al Battesimo dei figli, degli adulti per la Cresima, dei fidanzati al Matrimonio, dell\u2019incontro nelle famiglie. Ogni anno vedo avvicinarsi alla Chiesa persone lontane, indifferenti, famiglie in difficolt\u00e0 nel matrimonio.<\/p>\n\n<p>In parrocchia \u00e8 presente la formazione e l\u2019animazione liturgica, il servizio della carit\u00e0 verso malati, indifesi, soli; infatti il carisma specifico della nostra Congregazione \u00e8 aiutare i ragazzi e i giovani in difficolt\u00e0 con le case-famiglie. L\u2019oratorio \u00e8 finalmente un luogo di incontro per ragazzi, giovani e famiglie. Con grande impegno vi opera una \u00e9quipe di collaboratori laici che, oltre a formarsi, promuovono le varie attivit\u00e0 con i ragazzi e i giovani. In questo periodo la parrocchia \u00e8 impegnata nel \u00abconfronto con la citt\u00e0\u00bb nel cammino sinodale che la sua diocesi sta conducendo e in cui \u00e8 data priorit\u00e0 alla condizione attuale della famiglia.<\/p>\n\n<p>Beatissimo Padre, celebrare con lei l\u2019Eucaristia, momento forte di comunione, segni una tappa importante nel sentirci pi\u00f9 Chiesa. La sua presenza ci allieta perch\u00e9 lei \u00e8 venuto tra noi con il suo grande cuore di Padre, capace di amare i vicini e i lontani. A nome dei vicini e dei lontani le rinnoviamo il grazie e le chiediamo una parola illuminante, di speranza che renda pi\u00f9 fruttuoso nella perseveranza l\u2019incontro con lei, nostro Vescovo, successore di Pietro e vicario di Cristo. Attendiamo una parola che dia ai giovani, disorientati da tanti richiami, una valida motivazione di vita e ai non pi\u00f9 giovani il bisogno di essere testimoni nella loro famiglia e nel loro ambiente di lavoro. Grazie, Beatissimo Padre. <em>Fin dal primo momento della visita, la parrocchia di San Leonardo Murialdo ha offerto al Papa l\u2019immagine di \u00abcomunit\u00e0 internazionale\u00bb, grazie alla presenza, nel grande cortile retrostante la chiesa, dei rappresentanti delle Comunit\u00e0 Neocatecumenali e della numerosa popolazione nomade ospitata in un vicino campo. Insieme ai numerosi ragazzi e giovani \u2013 tra canti e sventolio di striscioni e di bandiere \u2013 hanno offerto al Papa un caloroso benvenuto. A presentare la festante assemblea ha provveduto un vice parroco:<\/em><\/p>\n\n<p>Caro Giovanni Paolo II, Successore di Pietro, benvenuto tra i ragazzi e i giovani della nostra parrocchia e del nostro centro giovanile e sociale \u201cSan Leonardo Murialdo\u201d. Abbiamo tanto desiderato questo incontro per far festa insieme e per ascoltare la sua parola di guida che ci accompagna nel ricalcare nella nostra vita le orme di Ges\u00f9, nostro amico e salvatore. Oggi pi\u00f9 che mai ci siamo tutti: piccoli, giovani, ragazzi assieme ai cooperatori laici giuseppini, impegnati nell\u2019opera di formazione umana e cristiana delle giovani generazioni. Una ben unita famiglia come San Leonardo Murialdo desiderava.<\/p>\n\n<p><em>Ha preso infine la parola il Papa:<\/em><\/p>\n\n<p>Sia lodato Ges\u00f9 Cristo.&#13;\n&#13;\nComincio con questa parola indirizzata a Ges\u00f9 Cristo da parte di tutti noi perch\u00e9 ho seguito la presentazione fatta prima e si vede che qui siete in qualche senso diversi: non solamente tra i ragazzi della scuola, della catechesi sacramentale, degli scout, ma anche per le diverse nazionalit\u00e0. E ci sono anche i nomadi.&#13;\n&#13;\nSi sente tutta questa diversit\u00e0, ma nello stesso tempo si sente una unit\u00e0, una comunione, una comunit\u00e0. Questa comunit\u00e0 dei ragazzi, dei giovani, dei bambini si fa attraverso Ges\u00f9 Cristo.<\/p>\n\n<p>Lui \u00e8 il centro intorno a cui tutti siamo una cosa sola. \u00c8 questo il suo mistero. Il mistero di Ges\u00f9, il mistero del Figlio di Dio fattosi uomo, \u00e8 proprio questo: che lui facendosi uomo ha costituito un centro di comunione, di comunit\u00e0 per persone diverse, per ambienti diversi, per popoli diversi. Questo si \u00e8 visto fin dall\u2019inizio della Chiesa, dalla prima comunit\u00e0 cristiana a Gerusalemme, poi attraverso i secoli, quando gli apostoli sono usciti da Gerusalemme per andare nei diversi paesi del mondo per predicare il Vangelo ai diversi popoli e questi diversi popoli si facevano la stessa Chiesa.<\/p>\n\n<div class=\"wp-block-image\"><figure class=\"alignright size-large\"><img loading=\"lazy\" decoding=\"async\" width=\"704\" height=\"569\" src=\"https:\/\/neocatechumenaleiter.org\/wp-content\/uploads\/2020\/03\/Camino_Neocatecumenal_Juan_Pablo_II_visita_parroquia_San_Leonardo_1992_2.jpg\" alt=\"\" class=\"wp-image-2380\" srcset=\"https:\/\/neocatechumenaleiter.org\/wp-content\/uploads\/2020\/03\/Camino_Neocatecumenal_Juan_Pablo_II_visita_parroquia_San_Leonardo_1992_2.jpg 704w, https:\/\/neocatechumenaleiter.org\/wp-content\/uploads\/2020\/03\/Camino_Neocatecumenal_Juan_Pablo_II_visita_parroquia_San_Leonardo_1992_2-300x242.jpg 300w\" sizes=\"auto, (max-width: 704px) 100vw, 704px\" \/><\/figure><\/div>\n\n<p>Che cosa \u00e8 la Chiesa? \u00c8 Cristo vivente fra noi, con noi e per noi. La Chiesa \u00e8 Cristo vivente con noi e per noi, sempre e dovunque. Nello stesso tempo la Chiesa siamo noi riuniti attorno a Ges\u00f9 Cristo, al suo Vangelo, alla sua croce e alla sua Resurrezione, noi tutti uniti in Ges\u00f9 Cristo, non solamente attorno a Lui. Non siamo solamente un\u2019aggregazione, siamo una Chiesa, un corpo, e cos\u00ec \u2013 riuniti attorno a Lui e in Lui \u2013 noi tutti siamo in qualche misura partecipi della sua vita divina, siamo partecipi della sua missione, e questo ci fa una cosa sola, una comunit\u00e0, una Chiesa. Cos\u00ec ho parlato, ascoltando i ragazzi e i bambini, ma vi sono pure i genitori, gli adulti che hanno altre responsabilit\u00e0: maestri e insegnanti. Vi \u00e8 poi questa Comunit\u00e0 Neocatecumenale che si sente attraverso i suoi canti e il suo entusiasmo. Mi auguro che questo primo incontro sia una buona introduzione nella vostra parrocchia. Attraverso la vostra Comunit\u00e0 gi\u00e0 si sente in qualche misura lo spirito della comunit\u00e0 parrocchiale, \u00e8 un nucleo con cui la comunit\u00e0 parrocchiale deve vivere e crescere e deve sempre crescere sorgendo dalla vita di Ges\u00f9 e portando in s\u00e9 la stessa carit\u00e0 che Ges\u00f9 ci ha portato.<\/p>\n\n<p>Ges\u00f9 \u00e8 cos\u00ec presente tra noi da identificarsi soprattutto con questi pi\u00f9 piccoli, pi\u00f9 poveri, pi\u00f9 sofferenti. Lui lo dice: \u00abCi\u00f2 che avrete fatto a qualcuno di questi, lo avrete fatto a me\u00bb.<\/p>\n\n<p>Vi auguro di vivere la vita di Cristo e di cercare e di nutrire sempre pi\u00f9 della vita di Cristo la vostra vita cristiana, la vostra vita umana, la vostra vita divinizzata dalla sua presenza e dai suoi sacramenti. Voglio offrire a tutti i presenti una benedizione introduttiva, augurando \u2013 come vedo scritto in questi striscioni \u2013 di evangelizzare sempre pi\u00f9 la vita umana in questo quartiere, e di renderlo sempre pi\u00f9 imbevuto dello Spirito di Cristo.<\/p>\n\n<p><em>Al termine della celebrazione, il Papa ha salutato i sacerdoti della Prefettura e gli appartenenti alla comunit\u00e0 religiosa murialdina, in particolare, i seminaristi della comunit\u00e0 vocazionale giuseppina della provincia romana dell\u2019Immacolata.<\/em>&#13;\n&#13;\n<em>Quindi ha avuto un breve incontro con le forze adulte della parrocchia presentategli dal portavoce del Consiglio pastorale, il diacono Giovanni Pennacchio:<\/em><\/p>\n\n<p>Santo Padre, sono qui presenti tutti i membri del Consiglio pastorale parrocchiale e i responsabili delle realt\u00e0 ecclesiali di questa parrocchia e delle varie branche dell\u2019attivit\u00e0 pastorale: catechesi, liturgia, carit\u00e0, pastorale giovanile. Sono anche presenti \u2013 per la prima volta ammessi nel consiglio pastorale \u2013 i responsabili di zona, perch\u00e9 da quest\u2019anno per andare il pi\u00f9 possibile alla gente anche lontana dalla parrocchia, si \u00e8 divisa la parrocchia in dieci zone, e ogni zona ha il suo responsabile. Sono presenti poi i responsabili delle dieci Comunit\u00e0 Neocatecumenali, con i loro presbiteri e i loro catechisti, e le famiglie di itineranti in varie parti del mondo: Africa, Australia, Europa. Siamo qui a rinnovare la nostra adesione e concordia con Pietro, con il suo insegnamento con quel rispetto religioso di cui si parla nella Lumen Gentium. Grazie per essere tra noi. <br\/><br\/><em>Il Papa, dopo aver sentito le varie testimonianze, ha cos\u00ec risposto:<\/em><br\/><br\/> Grazie per questa presentazione verbale, ma soprattutto personale. Si vede che la vostra parrocchia sta qui in Roma, in questa zona, ma nello stesso tempo si trova in molti posti, in molte zone, in molti ambienti, in molti continenti: fuori Roma. \u00c8 una parrocchia missionaria, itinerante, neocatecumenale.<\/p>\n\n<p>Vi saluto tutti: australiani, africani, francesi, tedeschi, polacchi, bielorussi&#8230; La Chiesa di Roma, dovete sapere, vive ora un periodo di confronto. Confronto vuol dire \u2013 possiamo dirlo \u2013 applicazione soprattutto del Vaticano II, soprattutto della Lumen Gentium e della Gaudium et Spes. Confronto con le realt\u00e0 diverse che contraddistinguono questa citt\u00e0 e questa societ\u00e0 romana, importante per il futuro della citt\u00e0, dell\u2019Italia e anche della Chiesa. Ma \u00e8 un confronto in cui la Chiesa viene confrontata e a sua volta confronta nella fede; attraverso la sua fede bimillenaria, Roma guarda ai problemi del nostro millennio, anzi di questa conclusione del secondo millennio.<\/p>\n\n<p>Guarda nella fede e cerca di comprendere questi problemi, anche se sono difficili, anche se talvolta sono contrastanti con quello che ci dice la fede.&#13;\n&#13;\nGuarda questi problemi con coraggio, perch\u00e9 la Chiesa deve avere coraggio. Cristo ci ha detto: \u00abNon abbiate paura\u00bb, e questa \u00e8 la parola chiave della sua missione messianica e della nostra missione apostolica. Non abbiate paura. Lo dico anche a voi itineranti perch\u00e9 siete coraggiosi. Qualche volta sento che avete paura di qualche realt\u00e0 con cui vi incontrate che vi affronta e che voi affrontate. Non abbiate paura, perch\u00e9 si tratta sempre dello stesso argomento: \u00abIo sono con voi\u00bb. Questa non \u00e8 solamente una parola, \u00e8 una realt\u00e0.<\/p>\n\n<p>Con una benedizione a tutti i presenti \u2013 i pochi che ancora restano a Roma in questa parrocchia \u2013 e ai molti che sono nei diversi continenti.&#13;\n&#13;\n(*) Cfr. \u00abL\u2019Osservatore Romano\u00bb, 23-24 marzo 1992.<\/p>\n","protected":false},"excerpt":{"rendered":"<p>Visita alla parrocchia di S. Leonardo Murialdo 22-III-1992 S. Giovanni Paolo II Roma, 22 marzo 1992 All\u2019inizio della Messa, dopo il saluto liturgico, il Parroco, P. Domenico Paiusco, ha salutato il Santo Padre a nome della comunit\u00e0: Beatissimo Padre,&#13; &#13; benvenuto tra noi! Grazie di essere con noi. La comunit\u00e0 parrocchiale di San Leonardo Murialdo, affidata alla Congregazione dei Padri Giuseppini, si \u00e8 preparata a questo primo incontro col suo<\/p>\n<div class=\"read-more\"><a class=\"btn read-more-btn\" href=\"https:\/\/neocatechumenaleiter.org\/it\/discorsi-dei-papi\/s-giovanni-paolo-ii\/visita-alla-parrocchia-di-s-leonardo-murialdo-22-iii-1992\/\">Leggi tutto<\/a><\/div>\n","protected":false},"author":2,"featured_media":0,"parent":3717,"menu_order":67,"comment_status":"closed","ping_status":"closed","template":"","meta":{"footnotes":""},"class_list":["post-5830","page","type-page","status-publish","hentry"],"_links":{"self":[{"href":"https:\/\/neocatechumenaleiter.org\/it\/wp-json\/wp\/v2\/pages\/5830","targetHints":{"allow":["GET"]}}],"collection":[{"href":"https:\/\/neocatechumenaleiter.org\/it\/wp-json\/wp\/v2\/pages"}],"about":[{"href":"https:\/\/neocatechumenaleiter.org\/it\/wp-json\/wp\/v2\/types\/page"}],"author":[{"embeddable":true,"href":"https:\/\/neocatechumenaleiter.org\/it\/wp-json\/wp\/v2\/users\/2"}],"replies":[{"embeddable":true,"href":"https:\/\/neocatechumenaleiter.org\/it\/wp-json\/wp\/v2\/comments?post=5830"}],"version-history":[{"count":15,"href":"https:\/\/neocatechumenaleiter.org\/it\/wp-json\/wp\/v2\/pages\/5830\/revisions"}],"predecessor-version":[{"id":14160,"href":"https:\/\/neocatechumenaleiter.org\/it\/wp-json\/wp\/v2\/pages\/5830\/revisions\/14160"}],"up":[{"embeddable":true,"href":"https:\/\/neocatechumenaleiter.org\/it\/wp-json\/wp\/v2\/pages\/3717"}],"wp:attachment":[{"href":"https:\/\/neocatechumenaleiter.org\/it\/wp-json\/wp\/v2\/media?parent=5830"}],"curies":[{"name":"wp","href":"https:\/\/api.w.org\/{rel}","templated":true}]}}