{"id":5838,"date":"2020-03-04T00:33:21","date_gmt":"2020-03-03T23:33:21","guid":{"rendered":"https:\/\/neocatechumenaleiter.org\/discorsi-dei-papi\/s-giovanni-paolo-ii\/udienza-ai-giovani-del-cammino-neocatecumenale-in-preparazione-dellincontro-di-denver-28-iii-1993\/"},"modified":"2021-08-10T11:02:52","modified_gmt":"2021-08-10T10:02:52","slug":"udienza-ai-giovani-del-cammino-neocatecumenale-in-preparazione-dellincontro-di-denver-28-iii-1993","status":"publish","type":"page","link":"https:\/\/neocatechumenaleiter.org\/it\/discorsi-dei-papi\/s-giovanni-paolo-ii\/udienza-ai-giovani-del-cammino-neocatecumenale-in-preparazione-dellincontro-di-denver-28-iii-1993\/","title":{"rendered":"Udienza ai giovani del Cammino Neocatecumenale in preparazione dell&#8217;incontro di Denver 28-III-1993"},"content":{"rendered":"\n<h1 class=\"has-text-align-center wp-block-heading\">Udienza ai giovani del Cammino Neocatecumenale che hanno partecipato a una giornata in preparazione dell\u2019incontro mondiale di Denver 28-III-1993<\/h1>\n\n<div style=\"height:20px\" aria-hidden=\"true\" class=\"wp-block-spacer\"><\/div>\n\n<h4 class=\"has-text-align-center wp-block-heading\">S. Giovanni Paolo II<\/h4>\n\n<div style=\"height:20px\" aria-hidden=\"true\" class=\"wp-block-spacer\"><\/div>\n\n<p><strong>Citt\u00e0 del Vaticano &#8211; Aula Paolo VI, 28 marzo 1993<\/strong><\/p>\n\n<p><em>Il Santo Padre ha ricevuto in udienza nella serata di domenica 28 marzo circa ottomila giovani impegnati nel Cammino Neocatecumenale che hanno animato nell\u2019Aula Paolo VI una giornata in preparazione alla Giornata Mondiale della Giovent\u00f9 che si celebrer\u00e0 il prossimo agosto a Denver. I giovani erano accompagnati da Kiko Arg\u00fcello e da Carmen Hern\u00e1ndez. All\u2019incontro hanno assistito i Cardinali Pio Laghi e Camillo Ruini, gli Arcivescovi Crescenzio Sepe e Massimino Romero de Lema e i Vescovi Paul Cordes e Giulio Salimei.<\/em>&#13;\n&#13;\n<em>Ai giovani \u2013 provenienti per la maggior parte dalle regioni centrali d\u2019Italia \u2013 il Papa ha rivolto le seguenti parole:<\/em><\/p>\n\n<div class=\"wp-block-image\"><figure class=\"alignleft size-medium\"><img loading=\"lazy\" decoding=\"async\" width=\"300\" height=\"241\" src=\"https:\/\/neocatechumenaleiter.org\/wp-content\/uploads\/2020\/03\/Camino_Neocatecumenal_Juan_Pablo_II_audiencia_jovenes_preparacion_jmj_denver_1993-300x241.jpg\" alt=\"\" class=\"wp-image-2425\" srcset=\"https:\/\/neocatechumenaleiter.org\/wp-content\/uploads\/2020\/03\/Camino_Neocatecumenal_Juan_Pablo_II_audiencia_jovenes_preparacion_jmj_denver_1993-300x241.jpg 300w, https:\/\/neocatechumenaleiter.org\/wp-content\/uploads\/2020\/03\/Camino_Neocatecumenal_Juan_Pablo_II_audiencia_jovenes_preparacion_jmj_denver_1993.jpg 708w\" sizes=\"auto, (max-width: 300px) 100vw, 300px\" \/><\/figure><\/div>\n\n<p>Quando ho visto questa folla \u2013 certamente una grande adunanza \u2013 e quando ho saputo che tutti si accingono ad andare a Denver, ho pensato:&#13;\n\u00abMa dove trovano i soldi necessari questi neocatecumenali? O forse intendono andarvi a piedi o a nuoto, ma questo \u00e8 difficilmente pensabile&#8230;\u00bb. So che siete stati qui, in questa aula, tutta la giornata. Non sono al corrente di che cosa avete fatto qui durante tutta la giornata, non l\u2019ho neanche chiesto. Ho visto per\u00f2 quest\u2019ultima tappa, la presentazione delle vocazioni e si potrebbe dire guardando questo: \u00abEcco come Kiko fa le vocazioni\u00bb. <\/p>\n\n<p>Ma, grazie a Dio, non \u00e8 Kiko che le fa: \u00e8 lo Spirito Santo che le fa \u2013 forse non \u00e8 questa la parola corretta, ma una volta usata deve essere usata anche qui \u2013; \u00e8 lo Spirito Santo che fa queste vocazioni attraverso questi differenti mezzi umani: attraverso tutto questo movimento \u2013 oh, non movimento, ma Cammino Neocatecumenale \u2013, tutta questa struttura organizzativa \u00e8 umana, \u00e8 visibile, ma \u00e8 aperta all\u2019influsso, all\u2019ispirazione dello Spirito Santo.<\/p>\n\n<p>Io mi domando dove sta il nucleo di questo processo che attraverso il Cammino Neocatecumenale, attraverso diverse persone, attraverso diverse circostanze, produce, suscita, ispira vocazioni sacerdotali, alla vita consacrata, religiosa. Sono convinto che il \u201cpunctum saliens\u201d, il punto di partenza di tutto questo \u00e8 la scoperta della ricchezza, della profondit\u00e0 divina, sacramentale del Battesimo. La nostra prima vocazione \u00e8 quella battesimale. Nel santo Battesimo, in questo sacramento ex aqua et Spiritu Sancto, in questa rinascita nella morte di Cristo dalla sua Risurrezione, si trovano tutte le vocazioni come in radice.&#13;\n\u00c8 una scoperta profonda, vissuta, del Battesimo che porta con s\u00e9 come conseguenza possibile anzi necessaria, la scoperta della vita come vocazione.&#13;\nQui si capisce il senso della denominazione: Cammino Neocatecumenale. C\u2019era il Catecumenato tradizionale nei primi secoli della Chiesa e c\u2019\u00e8 ancora nei Paesi di missione e fa tanto bene alla Chiesa: prepara i cristiani, prepara le vocazioni. Voi siete stati battezzati nella vostra infanzia, forse nei primi giorni della vostra vita. Il Catecumenato deve venire dopo per la scoperta delle ricchezze del santo Battesimo, di queste ricchezze divine e anche umane, che sono tante. Le ha presentate San Paolo, specialmente nella Lettera ai Romani, ma oggi si potrebbe scrivere un commento molto pi\u00f9 diffuso, molto pi\u00f9 particolareggiato di queste ricchezze che sono proprie del Battesimo, che sono ricchezze divine e umane insieme. Una di queste ricchezze \u00e8 appunto che il Battesimo non \u00e8 statico. Si potrebbe andare una volta e basta. Si va in un momento della vita e poi basta. Si registra nei libri parrocchiali e basta. Invece no, non \u00e8 statico, \u00e8 dinamico: provoca, appunto, un cammino della vita cristiana. Ma questo cammino pu\u00f2 rimanere scoperto. Il vostro Cammino Neocatecumenale aiuta a scoprire quel cammino battesimale \u2013 quel cammino che inizia col sacramento del Battesimo&#13;\n\u2013 e che deve portare ciascuno di noi a una vocazione, innanzitutto alla vocazione cristiana universale. Gi\u00e0 essere cristiani \u00e8 una vocazione stupenda e poi sappiamo bene che dentro questa vocazione cristiana che \u00e8 di tutti i credenti, di tutti i battezzati, vi sono diverse vocazioni. <\/p>\n\n<div class=\"wp-block-image\"><figure class=\"alignright size-large\"><img loading=\"lazy\" decoding=\"async\" width=\"682\" height=\"563\" src=\"https:\/\/neocatechumenaleiter.org\/wp-content\/uploads\/2020\/03\/Camino_Neocatecumenal_Juan_Pablo_II_audiencia_jovenes_preparacion_jmj_denver_1993_2.jpg\" alt=\"\" class=\"wp-image-2435\" srcset=\"https:\/\/neocatechumenaleiter.org\/wp-content\/uploads\/2020\/03\/Camino_Neocatecumenal_Juan_Pablo_II_audiencia_jovenes_preparacion_jmj_denver_1993_2.jpg 682w, https:\/\/neocatechumenaleiter.org\/wp-content\/uploads\/2020\/03\/Camino_Neocatecumenal_Juan_Pablo_II_audiencia_jovenes_preparacion_jmj_denver_1993_2-300x248.jpg 300w\" sizes=\"auto, (max-width: 682px) 100vw, 682px\" \/><\/figure><\/div>\n\n<p>Il matrimonio, certamente, \u00e8 sacramento e vocazione. Se lo si considera con altre categorie, non \u00e8 un modo di trattare sufficiente, non \u00e8 il modo di trattare propriamente cristiano: il matrimonio \u00e8 una vocazione grande: sacramentum ma- gnum, come diceva San Paolo nella Lettera agli Efesini. Ma c\u2019\u00e8 una economia nella Chiesa, una cerimonia soprannaturale, le vocazioni sono ordinate a partire dalla Chiesa. A partire dalla Chiesa, sono necessarie, indispensabili, queste vocazioni che abbiamo visto presentare oggi. Sono indispensabili e, noi sappiamo bene come indispensabili sono i sacerdoti nella Chiesa e, come indispensabili sono, da un altro punto di vista, le persone consacrate, le religiose, i religiosi, contemplativi e apostolici; tutti sono attivi in un certo modo e tutti sono contemplativi in un certo modo; come sono indispensabili per far vivere tutto questo organismo che \u00e8 la Chiesa.&#13;\nEcco, brevemente volevo darvi un piccolo commento a questa assemblea di oggi, a questa vostra preparazione all\u2019incontro di Denver. Fate bene a prepararvi, perch\u00e9 deve essere una grande esperienza della fede, della fede battesimale questa di Denver, come lo sono state le precedenti Giornate Mondiali della Giovent\u00f9: Roma, Buenos Aires, poi Santiago de Compostela e ultima Cze\u00b8stochowa.&#13;\n<\/p>\n\n<p>Vi auguro di proseguire lungo questo cammino che avete scoperto grazie al Cammino Neocatecumenale, questo cammino della vita cristiana, della vocazione cristiana che \u00e8 propria di ciascuno di noi e poi vi auguro di proseguire su questo cammino della vocazione al sacerdozio o alla vita consacrata che avete scoperto grazie anche a questo Cammino Neocatecumenale. E vi auguro di andare a Denver, anche se non avete molte ricchezze, troverete il modo. Non so come, ma lo troverete. Cammino significa anche viaggio: vi auguro quindi \u00abbuon viaggio\u00bb.&#13;\n&#13;\n(*) Cfr. \u00abL\u2019Osservatore Romano\u00bb, 29-30 marzo 1993.<\/p>\n","protected":false},"excerpt":{"rendered":"<p>Udienza ai giovani del Cammino Neocatecumenale che hanno partecipato a una giornata in preparazione dell\u2019incontro mondiale di Denver 28-III-1993 S. Giovanni Paolo II Citt\u00e0 del Vaticano &#8211; Aula Paolo VI, 28 marzo 1993 Il Santo Padre ha ricevuto in udienza nella serata di domenica 28 marzo circa ottomila giovani impegnati nel Cammino Neocatecumenale che hanno animato nell\u2019Aula Paolo VI una giornata in preparazione alla Giornata Mondiale della Giovent\u00f9 che si<\/p>\n<div class=\"read-more\"><a class=\"btn read-more-btn\" href=\"https:\/\/neocatechumenaleiter.org\/it\/discorsi-dei-papi\/s-giovanni-paolo-ii\/udienza-ai-giovani-del-cammino-neocatecumenale-in-preparazione-dellincontro-di-denver-28-iii-1993\/\">Leggi tutto<\/a><\/div>\n","protected":false},"author":2,"featured_media":0,"parent":3717,"menu_order":71,"comment_status":"closed","ping_status":"closed","template":"","meta":{"footnotes":""},"class_list":["post-5838","page","type-page","status-publish","hentry"],"_links":{"self":[{"href":"https:\/\/neocatechumenaleiter.org\/it\/wp-json\/wp\/v2\/pages\/5838","targetHints":{"allow":["GET"]}}],"collection":[{"href":"https:\/\/neocatechumenaleiter.org\/it\/wp-json\/wp\/v2\/pages"}],"about":[{"href":"https:\/\/neocatechumenaleiter.org\/it\/wp-json\/wp\/v2\/types\/page"}],"author":[{"embeddable":true,"href":"https:\/\/neocatechumenaleiter.org\/it\/wp-json\/wp\/v2\/users\/2"}],"replies":[{"embeddable":true,"href":"https:\/\/neocatechumenaleiter.org\/it\/wp-json\/wp\/v2\/comments?post=5838"}],"version-history":[{"count":1,"href":"https:\/\/neocatechumenaleiter.org\/it\/wp-json\/wp\/v2\/pages\/5838\/revisions"}],"predecessor-version":[{"id":5839,"href":"https:\/\/neocatechumenaleiter.org\/it\/wp-json\/wp\/v2\/pages\/5838\/revisions\/5839"}],"up":[{"embeddable":true,"href":"https:\/\/neocatechumenaleiter.org\/it\/wp-json\/wp\/v2\/pages\/3717"}],"wp:attachment":[{"href":"https:\/\/neocatechumenaleiter.org\/it\/wp-json\/wp\/v2\/media?parent=5838"}],"curies":[{"name":"wp","href":"https:\/\/api.w.org\/{rel}","templated":true}]}}