{"id":5842,"date":"2020-03-04T00:36:23","date_gmt":"2020-03-03T23:36:23","guid":{"rendered":"https:\/\/neocatechumenaleiter.org\/discorsi-dei-papi\/s-giovanni-paolo-ii\/visita-alla-parrocchia-di-s-crispino-da-viterbo-28-iii-1993\/"},"modified":"2021-08-10T11:02:57","modified_gmt":"2021-08-10T10:02:57","slug":"visita-alla-parrocchia-di-s-crispino-da-viterbo-28-iii-1993","status":"publish","type":"page","link":"https:\/\/neocatechumenaleiter.org\/it\/discorsi-dei-papi\/s-giovanni-paolo-ii\/visita-alla-parrocchia-di-s-crispino-da-viterbo-28-iii-1993\/","title":{"rendered":"Visita alla parrocchia di S. Crispino da Viterbo 28-III-1993"},"content":{"rendered":"\n<h1 class=\"has-text-align-center wp-block-heading\">Visita alla parrocchia di S. Crispino da Viterbo 28-III-1993<\/h1>\n\n<div style=\"height:20px\" aria-hidden=\"true\" class=\"wp-block-spacer\"><\/div>\n\n<h4 class=\"has-text-align-center wp-block-heading\">S. Giovanni Paolo II<\/h4>\n\n<div style=\"height:20px\" aria-hidden=\"true\" class=\"wp-block-spacer\"><\/div>\n\n<p><strong>Roma, 28 marzo 1993<\/strong><\/p>\n\n<p><em>Giovanni<\/em> <em>Paolo<\/em> <em>II<\/em> <em>ha<\/em> <em>incontrato<\/em> <em>le<\/em> <em>due<\/em> <em>Comunit\u00e0<\/em> <em>Neocatecumenali,<\/em> <em>frutto<\/em> <em>di<\/em> <em>otto<\/em> <em>anni<\/em> <em>di<\/em> <em>evangelizzazione <\/em><em>nella <\/em><em>parrocchia <\/em><em>di <\/em><em>San<\/em> <em>Crispino.<\/em>&#13;\n&#13;\n<em>L\u2019indirizzo di omaggio al Santo Padre \u00e8 stato pronunciato da un giovane, Roberto Santoponte:<\/em><\/p>\n\n<div class=\"wp-block-image\"><figure class=\"alignright size-large\"><img loading=\"lazy\" decoding=\"async\" width=\"768\" height=\"517\" src=\"https:\/\/neocatechumenaleiter.org\/wp-content\/uploads\/2020\/03\/Camino_Neocatecumenal_Juan_Pablo_II_visita_parroquia_San_Crispin_1993.jpg\" alt=\"\" class=\"wp-image-2445\" srcset=\"https:\/\/neocatechumenaleiter.org\/wp-content\/uploads\/2020\/03\/Camino_Neocatecumenal_Juan_Pablo_II_visita_parroquia_San_Crispin_1993.jpg 768w, https:\/\/neocatechumenaleiter.org\/wp-content\/uploads\/2020\/03\/Camino_Neocatecumenal_Juan_Pablo_II_visita_parroquia_San_Crispin_1993-300x202.jpg 300w\" sizes=\"auto, (max-width: 768px) 100vw, 768px\" \/><\/figure><\/div>\n\n<p>Santo Padre, sono qui presenti le due Comunit\u00e0 Neocatecumenali frutto di otto anni di sofferta evangelizzazione in questa parrocchia da parte della nostra <em>\u00e9quipe <\/em>proveniente dalla quinta comunit\u00e0 della parrocchia di Santa Francesca Cabrini in Roma, dove abbiamo iniziato il Cammino 14 anni fa. Sono l\u2019<em>\u00e9quipes <\/em>di catechisti sempre della nostra comunit\u00e0 che portano avanti la pastorale dei battesimi e dei matrimoni in questa parrocchia.&#13;\n&#13;\nNella nostra parrocchia di origine questo Cammino di riscoperta del Battesimo \u00e8 iniziato ormai da 24 anni, durante i quali sono sorte 25 comunit\u00e0; le prime due hanno gi\u00e0 rinnovato le promesse battesimali davanti a Sua Santit\u00e0 in San Pietro e da loro sono partiti itineranti, presbiteri e famiglie che hanno catechizzato praticamente in tutto il mondo.&#13;\n&#13;\nNella nostra comunit\u00e0 molti erano lontani da tanti anni dalla Chiesa e la meraviglia \u00e8 stata proprio quella di riscoprire la sollecitudine e la maternit\u00e0 di questa Chiesa che \u00e8 venuta a cercarci per far risuonare nella nostra vita, per molti di noi ormai senza senso, la Buona Notizia dell\u2019amore di Dio manifestato nel suo Figlio Ges\u00f9 Cristo.&#13;\n&#13;\nNel corso di questi anni, grazie all\u2019ascolto della Parola di Dio ed alla partecipazione alle liturgie siamo stati spettatori dei miracoli che Dio ha compiuto nella nostra vita ed in quella dei nostri fratelli: vocazioni al sacerdozio ed alla vita consacrata; matrimoni ricostruiti; famiglie aperte ad accogliere generosamente la vita, riscoperta come autentico e gratuito dono di Dio.<\/p>\n\n<p>Io, pur essendo stato nella Chiesa sin da ragazzo, non avevo mai sperimentato la gratuit\u00e0 dell\u2019amore di Dio soprattutto verso i peccatori, come io ho scoperto di essere.&#13;\nIncontrare Dio proprio nella sofferenza e negli avvenimenti di morte che hanno segnato la mia vita \u00e8 stato l\u2019evento che ha trasformato la mia esistenza e l\u2019esistenza di questi fratelli catechisti insieme a me e questo ci ha portato a donare un po\u2019 della nostra vita per il Vangelo, mossi da un sentimento di gratitudine a Dio Padre e coscienti che, come dice S. Paolo, \u201cl\u2019amore di Cristo ci spinge\u201d a fare in modo che questa Buona Notizia che ha cambiato la nostra vita possa arrivare a tutti coloro che la stanno aspettando.&#13;\nIn questo quartiere esistono tanti problemi: droga, emarginazione, disoccupazione, povert\u00e0, violenza e tanti giovani hanno gi\u00e0 smarrito il senso pi\u00f9 profondo della loro esistenza, ma noi sappiamo che l\u2019unica soluzione a questi drammi enormi, l\u2019unica risposta ai bisogni pi\u00f9 profondi di ogni uomo \u00e8 Ges\u00f9 Cristo, morto per i nostri peccati e risorto per la nostra giustificazione. Questi fratelli sono oggi il segno che questa Parola \u00e8 vera, che \u00e8 possibile arrivare ad amarsi come Cristo stesso ci ha amato, attraverso un cammino di gestazione alla fede, sperimentando la propria debolezza ma contemporaneamente gustando l\u2019amore di Dio e la misericordia della Chiesa e la nostra speranza \u00e8 che essi siano \u201ci primogeniti di molti fratelli\u201d che verranno dopo di loro.&#13;\nEd \u00e8 proprio grazie alla loro costanza ed al sostegno del parroco Don Vincenzo, che non ci ha mai abbandonato anche nei momenti pi\u00f9 difficili, che oggi \u00e8 aperta in questa parrocchia una strada, un cammino di ritorno al Padre per tanti nostri fratelli lontani.<\/p>\n\n<p>Alla Vergine Maria, ispiratrice di questo Cammino, affidiamo le nostre aspirazioni ed i nostri desideri e da Lei, Santo Padre, attendiamo il sostegno delle sue preghiere e l\u2019incoraggiamento a proseguire nell\u2019opera intrapresa, convinti che senza lo Spirito di Ges\u00f9 Cristo e la comunione con \u201cPietro\u201d non possiamo fare nulla.&#13;\nVoglia accettare, al termine di questo incontro, questo piccolo omaggio segno proprio del nostro desiderio di unione con Lei che, come Cristo, ci esorta a \u201cgettare le reti\u201d fidando solo sulla Sua Parola, certi che il frutto che ne scaturir\u00e0 sar\u00e0 ad edificazione di tutta la Chiesa.&#13;\nSignificativo il dono offerto al Santo Padre da una giovane donna, una scultura che rappresenta Pietro che tira le reti e guarda Ges\u00f9 Cristo, \u00abSperiamo di gettare le reti all\u2019est, \u00e8 il desiderio di tutti noi anche se siamo deboli, poveri ed immaturi, ma desideriamo evangelizzare\u00bb.<\/p>\n\n<p><em>\u00abEvangelizzare all\u2019est e all\u2019ovest, ovunque\u00bb ha risposto il Santo Padre che ha poi pronunciato il seguente discorso, che qui di seguito riportiamo:<\/em><\/p>\n\n<div class=\"wp-block-image\"><figure class=\"alignleft size-large\"><img loading=\"lazy\" decoding=\"async\" width=\"702\" height=\"566\" src=\"https:\/\/neocatechumenaleiter.org\/wp-content\/uploads\/2020\/03\/Camino_Neocatecumenal_Juan_Pablo_II_visita_parroquia_San_Crispin_1993_2.jpg\" alt=\"\" class=\"wp-image-2452\" srcset=\"https:\/\/neocatechumenaleiter.org\/wp-content\/uploads\/2020\/03\/Camino_Neocatecumenal_Juan_Pablo_II_visita_parroquia_San_Crispin_1993_2.jpg 702w, https:\/\/neocatechumenaleiter.org\/wp-content\/uploads\/2020\/03\/Camino_Neocatecumenal_Juan_Pablo_II_visita_parroquia_San_Crispin_1993_2-300x242.jpg 300w\" sizes=\"auto, (max-width: 702px) 100vw, 702px\" \/><\/figure><\/div>\n\n<p>Ha detto il vostro rappresentante che don Vincenzo non vi ha mai abbandonato. Ringraziamo il Signore perch\u00e9 don Vincenzo \u00e8 cos\u00ec buono, ma anche voi non avete abbandonato don Vincenzo e questo \u00e8 importante. \u00c8 importante questa comunione con il vostro parroco, con il sacerdote, e attraverso il sacerdote, con Cristo.&#13;\nHo parlato adesso al consiglio pastorale dell\u2019animazione perch\u00e9 \u00e8 vero che questa parrocchia, come comunit\u00e0 umana e cristiana, ha bisogno di una grande animazione. Animazione \u00e8 il processo che fa \u00abcoessere\u00bb i diversi elementi dell\u2019organismo in una unit\u00e0 vivente.<\/p>\n\n<p><strong>E voi, in modi diversi, fate questa animazione. <\/strong>Quando si entra nella chiesa, quando si celebra la Messa, si pu\u00f2 dire: ecco, fanno animazione con il canto. Certamente ho fatto tante esperienze delle celebrazioni nelle diverse parrocchie e nelle diverse chiese del mondo: il canto \u00e8 un\u2019animazione, d\u00e0 anima alla comunit\u00e0 pregante, credente. D\u00e0 anima, e non era senza fondamento, anzi aveva molto fondamento, quello che ha detto Sant\u2019Agostino: \u00abqui cantat bis orat\u00bb. \u00abBis orat\u00bb perch\u00e9 anche fa \u00aborare\u00bb gli altri.&#13;\n&#13;\nMa questa animazione propria dei Neocatecumenali \u00e8 <em>radicata pi\u00f9 profondamente<\/em>. Non sono solamente dei cantori, anche se sono buoni cantori. <strong>Questa animazione viene dalla radice stessa della nostra esperienza in Cristo e questa radice \u00e8 il Battesimo.<\/strong>&#13;\n&#13;\nHanno scelto questo nome \u00abNeocatecumenali\u00bb pensando al catecumenato che ha formato le prime generazioni della Chiesa, qui a Roma e dappertutto. Questo Catecumenato faceva scoprire ai non cristiani, ai candidati al Battesimo, il mistero di Cristo, le ricchezze insondabili che sono in Cristo e che sono per noi, a cui noi partecipiamo. E questa partecipazione \u00e8 piena, il nucleo comincia gi\u00e0 con il Battesimo.<\/p>\n\n<p>Si deve ritornare al Battesimo, ogni cristiano deve ritornare al suo Battesimo per conoscere chi \u00e8, s\u00ec, per conoscere chi \u00e8 in Cristo. Chi \u00e8 grazie a Cristo. E cos\u00ec cambiare la sua vita: vita nuova. Noi sappiamo che questa vita nuova \u00e8 tanto profondamente iscritta nel messaggio cristiano, nelle Lettere degli Apostoli e soprattutto nel Vangelo. Una cosa \u00e8 questa vita nuova letta come parola, un\u2019altra cosa \u00e8 questa vita nuova come \u00e8 vissuta. \u00c8 un vivere tremendo, un\u2019esperienza tremenda.&#13;\nQuesta \u00e8 la vostra animazione pi\u00f9 fondamentale, l\u2019animazione fatta attraverso questa riscoperta delle ricchezze che sono in Cristo e che sono in noi grazie a Cristo e che lo Spirito Santo dona a tutti attraverso il Battesimo.<\/p>\n\n<p>E poi c\u2019\u00e8 ancora una ricchezza, un\u2019animazione molto importante che portate davanti al mondo. Questo mondo cos\u00ec rassegnato che, con tutto il suo progresso, non vede prospettive e molte volte non ha nessuna speranza: non ama la vita; questa \u00e8 la malattia profonda della nostra civilt\u00e0 moderna, occidentale, americana, europea. Non ama la vita, teme la vita, fa di tutto per non dare la vita.<\/p>\n\n<p>Ecco, un\u2019animazione vostra \u00e8 anche quella dell\u2019amore per la vita. E questa \u00e8 un\u2019animazione che va dentro di voi, va nelle vostre famiglie e l\u00ec si realizza, coraggiosa, piena di speranza e piena di gioia perch\u00e9 la vita nuova, i bambini portano la gioia. E poi \u00e8 un\u2019animazione di coraggio umano e cristiano.&#13;\nQuesto vi volevo dire, perch\u00e9 vi seguo, non sempre da vicino, pi\u00f9 volte da lontano, ma vi seguo abbastanza e penso che questo movimento, come anche molti altri movimenti, \u00e8 un grande dono dello Spirito Santo per la Chiesa e per l\u2019umanit\u00e0 di oggi. Buona Pasqua e la Pasqua \u00e8 il punto centrale del nostro credo e della nostra vita.&#13;\n&#13;\n(*) Cfr. \u00abL\u2019Osservatore Romano\u00bb, 29-30 marzo 1993.<\/p>\n","protected":false},"excerpt":{"rendered":"<p>Visita alla parrocchia di S. Crispino da Viterbo 28-III-1993 S. Giovanni Paolo II Roma, 28 marzo 1993 Giovanni Paolo II ha incontrato le due Comunit\u00e0 Neocatecumenali, frutto di otto anni di evangelizzazione nella parrocchia di San Crispino.&#13; &#13; L\u2019indirizzo di omaggio al Santo Padre \u00e8 stato pronunciato da un giovane, Roberto Santoponte: Santo Padre, sono qui presenti le due Comunit\u00e0 Neocatecumenali frutto di otto anni di sofferta evangelizzazione in questa<\/p>\n<div class=\"read-more\"><a class=\"btn read-more-btn\" href=\"https:\/\/neocatechumenaleiter.org\/it\/discorsi-dei-papi\/s-giovanni-paolo-ii\/visita-alla-parrocchia-di-s-crispino-da-viterbo-28-iii-1993\/\">Leggi tutto<\/a><\/div>\n","protected":false},"author":2,"featured_media":0,"parent":3717,"menu_order":72,"comment_status":"closed","ping_status":"closed","template":"","meta":{"footnotes":""},"class_list":["post-5842","page","type-page","status-publish","hentry"],"_links":{"self":[{"href":"https:\/\/neocatechumenaleiter.org\/it\/wp-json\/wp\/v2\/pages\/5842","targetHints":{"allow":["GET"]}}],"collection":[{"href":"https:\/\/neocatechumenaleiter.org\/it\/wp-json\/wp\/v2\/pages"}],"about":[{"href":"https:\/\/neocatechumenaleiter.org\/it\/wp-json\/wp\/v2\/types\/page"}],"author":[{"embeddable":true,"href":"https:\/\/neocatechumenaleiter.org\/it\/wp-json\/wp\/v2\/users\/2"}],"replies":[{"embeddable":true,"href":"https:\/\/neocatechumenaleiter.org\/it\/wp-json\/wp\/v2\/comments?post=5842"}],"version-history":[{"count":1,"href":"https:\/\/neocatechumenaleiter.org\/it\/wp-json\/wp\/v2\/pages\/5842\/revisions"}],"predecessor-version":[{"id":5843,"href":"https:\/\/neocatechumenaleiter.org\/it\/wp-json\/wp\/v2\/pages\/5842\/revisions\/5843"}],"up":[{"embeddable":true,"href":"https:\/\/neocatechumenaleiter.org\/it\/wp-json\/wp\/v2\/pages\/3717"}],"wp:attachment":[{"href":"https:\/\/neocatechumenaleiter.org\/it\/wp-json\/wp\/v2\/media?parent=5842"}],"curies":[{"name":"wp","href":"https:\/\/api.w.org\/{rel}","templated":true}]}}