{"id":5844,"date":"2020-03-04T00:39:08","date_gmt":"2020-03-03T23:39:08","guid":{"rendered":"https:\/\/neocatechumenaleiter.org\/discorsi-dei-papi\/s-giovanni-paolo-ii\/incontro-a-vienna-del-cammino-neocatecumenale-alla-presenza-di-numerosi-vescovi-europei-13-iv-1993\/"},"modified":"2021-08-10T11:03:03","modified_gmt":"2021-08-10T10:03:03","slug":"incontro-a-vienna-del-cammino-neocatecumenale-alla-presenza-di-numerosi-vescovi-europei-13-iv-1993","status":"publish","type":"page","link":"https:\/\/neocatechumenaleiter.org\/it\/discorsi-dei-papi\/s-giovanni-paolo-ii\/incontro-a-vienna-del-cammino-neocatecumenale-alla-presenza-di-numerosi-vescovi-europei-13-iv-1993\/","title":{"rendered":"Incontro a Vienna del Cammino Neocatecumenale alla presenza di numerosi vescovi europei 13-IV-1993"},"content":{"rendered":"\n<h1 class=\"has-text-align-center wp-block-heading\">Incontro a Vienna del Cammino Neocatecumenale alla presenza di numerosi vescovi europei 13-IV-1993<\/h1>\n\n<div style=\"height:20px\" aria-hidden=\"true\" class=\"wp-block-spacer\"><\/div>\n\n<h4 class=\"has-text-align-center wp-block-heading\">S. Giovanni Paolo II<\/h4>\n\n<div style=\"height:20px\" aria-hidden=\"true\" class=\"wp-block-spacer\"><\/div>\n\n<p><strong>Vienna, 13-17 aprile 1993<\/strong><\/p>\n\n<p><em>Sar\u00e0 cristiana l\u2019Europa del 2000? \u00c8 per rispondere a questo interrogativo formulato dal Santo Padre che 5 Cardinali e 120 Vescovi provenienti da tutti i Paesi d\u2019Europa, dal Portogallo fino alla Russia, si sono riuniti per cinque giorni a Vienna, dal 13 al 17 aprile.<\/em>&#13;\n&#13;\n<em>L\u2019incontro <\/em><em>\u00e8 stato inaugurato nella mattinata di mercoled\u00ec 14 aprile dal Cardinale Gro\u00ebr, che ha sottolineato l\u2019importanza del Cammino Neocatecumenale per la Chiesa alle soglie del terzo millennio. Il Vice Presidente del Pontificio Consiglio per i Laici, Mons. Paul Cordes, ha letto la Lettera inviata dal Santo Padre.<\/em><\/p>\n\n<div class=\"wp-block-image\"><figure class=\"aligncenter size-large\"><img loading=\"lazy\" decoding=\"async\" width=\"400\" height=\"276\" src=\"https:\/\/neocatechumenaleiter.org\/wp-content\/uploads\/2020\/03\/Camino_Neocatecumenal_Juan_Pablo_II_encuentro_viena_obispos_1993.jpg\" alt=\"\" class=\"wp-image-2462\" srcset=\"https:\/\/neocatechumenaleiter.org\/wp-content\/uploads\/2020\/03\/Camino_Neocatecumenal_Juan_Pablo_II_encuentro_viena_obispos_1993.jpg 400w, https:\/\/neocatechumenaleiter.org\/wp-content\/uploads\/2020\/03\/Camino_Neocatecumenal_Juan_Pablo_II_encuentro_viena_obispos_1993-300x207.jpg 300w\" sizes=\"auto, (max-width: 400px) 100vw, 400px\" \/><\/figure><\/div>\n\n<p>Riportiamo qui di seguito la Lettera:<\/p>\n\n<p>Venerati Confratelli nell&#8217;Episcopato, Carissimi Fratelli e Sorelle!&#13;\n&#13;\nE&#8217; per me motivo di grande consolazione, a pochi anni dal mio appello per la nuova evangelizzazione dell&#8217;Europa, sapere che siete riuniti a Vienna per riflettere insieme sui frutti dell&#8217;attivit\u00e0 missionaria che sacerdoti, itineranti e famiglie del Cammino Neocatecumenale stanno svolgendo con generoso slancio e grande zelo per il Vangelo.&#13;\n&#13;\nIn occasione dell&#8217;apertura dei lavori dell&#8217;Assemblea Speciale per l&#8217;Europa, il 5 giugno 1990, rilevavo con rammarico che in questo nostro continente molti si sono abituati a considerare la realt\u00e0 &#8220;come se Dio non esistesse&#8221;. In tale prospettiva &#8211; aggiungevo &#8211; l&#8217;uomo \u00abdiventa la fonte della legge morale, e soltanto tale legge, che l&#8217;uomo si d\u00e0 da s\u00e9, costituisce la misura della sua coscienza e del suo comportamento\u00bb (<u>Insegnamenti<\/u>, vol. XIII, 1, 1990, pp. 1517 s.). D&#8217;altra parte, non si pu\u00f2 negare che lo Spirito Santo, mediante il Concilio Vaticano II, ha suscitato strumenti validi &#8211; e tra questi anche il Cammino Neocatecumenale &#8211; per rispondere agli interrogativi dell&#8217;uomo contemporaneo. Dopo vari anni, alla luce dei risultati conseguiti, ho ritenuto di incoraggiare per iscritto tale esperienza in vista della nuova evangelizzazione, auspicando che venisse aiutata e valorizzata dai Fratelli nell&#8217;Episcopato (cfr. Lettera del 30.8.1990).&#13;\n&#13;\nDi tali risultati molti di voi sono diretti testimoni ed anche primi protagonisti per l&#8217;aiuto offerto alla diffusione di questa nuova realt\u00e0 ecclesiale; perci\u00f2 la vostra riflessione di oggi \u00e8 particolarmente importante, come lo \u00e8 stata quella dei Vescovi del continente americano durante l&#8217;incontro dello scorso anno a Santo Domingo.&#13;\n&#13;\nI1 Cammino Neocatecumenale, nel quale maturano gli itineranti e le famiglie missionarie, pu\u00f2 rispondere alle sfide del secolarismo, della diffusione delle sette e della mancanza di vocazioni. La riflessione sulla Parola di Dio e la partecipazione all&#8217;Eucaristia rendono possibile una graduale iniziazione ai santi Misteri, formano cellule vive della Chiesa, rinnovano la vitalit\u00e0 della Parrocchia mediante cristiani maturi capaci di testimoniare la verit\u00e0 con una fede radicalmente vissuta.&#13;\n&#13;\nQuesto Cammino appare particolarmente idoneo a contribuire, in zone scristianizzate, alla necessaria &#8220;reimplantatio Ecclesiae&#8221;, portando l&#8217;uomo nel suo comportamento morale all&#8217;obbedienza alla verit\u00e0 rivelata e ricostruendo pure lo stesso tessuto sociale, disfatto dalla mancata conoscenza di Dio e del suo amore. E gi\u00e0 in alcune regioni stanno costituendosi nuclei di famiglie missionarie che possono essere luce di Cristo ed esempio di vita.&#13;\n&#13;\nMa tale missione non sarebbe possibile senza presbiteri preparati ad accompagnare e sostenere con il loro ministero ordinato quest&#8217;opera per la nuova evangelizzazione. Sono riconoscente al Signore che ha voluto il sorgere di numerose vocazioni e quindi la costituzione di seminari diocesani e missionari in vari Paesi d&#8217;Europa, chiamati col dolce nome della Vergine Maria, \u00abRedemptoris Mater\u00bb. Sotto la sua materna protezione e la sua potente ispirazione metto anche il vostro incontro, che potr\u00e0 darvi ulteriore slancio e coraggio nell&#8217;impegno apostolico verso l&#8217;uomo contemporaneo, il quale ha bisogno della guida dei Pastori e dei testimoni da essi inviati per conoscere Dio, invocare il suo nome e riceverne la salvezza.&#13;\n&#13;\nLa luce del Signore Risorto, che abbiamo solennemente celebrato nella Veglia pasquale, continui a risplendere in voi, sostenendovi nella vostra missione a servizio della Chiesa e dell&#8217;intera umanit\u00e0.<\/p>\n\n<p>Dal Vaticano, 12 Aprile 1993.&#13;\n&#13;\nJoannes Paulus II&#13;\n&#13;\n<em>(*) Cfr. \u00abL\u2019Osservatore Romano\u00bb, 22 aprile 1993.<\/em><\/p>\n","protected":false},"excerpt":{"rendered":"<p>Incontro a Vienna del Cammino Neocatecumenale alla presenza di numerosi vescovi europei 13-IV-1993 S. Giovanni Paolo II Vienna, 13-17 aprile 1993 Sar\u00e0 cristiana l\u2019Europa del 2000? \u00c8 per rispondere a questo interrogativo formulato dal Santo Padre che 5 Cardinali e 120 Vescovi provenienti da tutti i Paesi d\u2019Europa, dal Portogallo fino alla Russia, si sono riuniti per cinque giorni a Vienna, dal 13 al 17 aprile.&#13; &#13; L\u2019incontro \u00e8 stato<\/p>\n<div class=\"read-more\"><a class=\"btn read-more-btn\" href=\"https:\/\/neocatechumenaleiter.org\/it\/discorsi-dei-papi\/s-giovanni-paolo-ii\/incontro-a-vienna-del-cammino-neocatecumenale-alla-presenza-di-numerosi-vescovi-europei-13-iv-1993\/\">Leggi tutto<\/a><\/div>\n","protected":false},"author":2,"featured_media":0,"parent":3717,"menu_order":73,"comment_status":"closed","ping_status":"closed","template":"","meta":{"footnotes":""},"class_list":["post-5844","page","type-page","status-publish","hentry"],"_links":{"self":[{"href":"https:\/\/neocatechumenaleiter.org\/it\/wp-json\/wp\/v2\/pages\/5844","targetHints":{"allow":["GET"]}}],"collection":[{"href":"https:\/\/neocatechumenaleiter.org\/it\/wp-json\/wp\/v2\/pages"}],"about":[{"href":"https:\/\/neocatechumenaleiter.org\/it\/wp-json\/wp\/v2\/types\/page"}],"author":[{"embeddable":true,"href":"https:\/\/neocatechumenaleiter.org\/it\/wp-json\/wp\/v2\/users\/2"}],"replies":[{"embeddable":true,"href":"https:\/\/neocatechumenaleiter.org\/it\/wp-json\/wp\/v2\/comments?post=5844"}],"version-history":[{"count":4,"href":"https:\/\/neocatechumenaleiter.org\/it\/wp-json\/wp\/v2\/pages\/5844\/revisions"}],"predecessor-version":[{"id":24157,"href":"https:\/\/neocatechumenaleiter.org\/it\/wp-json\/wp\/v2\/pages\/5844\/revisions\/24157"}],"up":[{"embeddable":true,"href":"https:\/\/neocatechumenaleiter.org\/it\/wp-json\/wp\/v2\/pages\/3717"}],"wp:attachment":[{"href":"https:\/\/neocatechumenaleiter.org\/it\/wp-json\/wp\/v2\/media?parent=5844"}],"curies":[{"name":"wp","href":"https:\/\/api.w.org\/{rel}","templated":true}]}}