{"id":5848,"date":"2020-03-04T00:46:49","date_gmt":"2020-03-03T23:46:49","guid":{"rendered":"https:\/\/neocatechumenaleiter.org\/discorsi-dei-papi\/s-giovanni-paolo-ii\/visita-pastorale-a-macerata-foligno-e-al-gran-sasso-19-vi-1993\/"},"modified":"2021-08-10T11:03:14","modified_gmt":"2021-08-10T10:03:14","slug":"visita-pastorale-a-macerata-foligno-e-al-gran-sasso-19-vi-1993","status":"publish","type":"page","link":"https:\/\/neocatechumenaleiter.org\/it\/discorsi-dei-papi\/s-giovanni-paolo-ii\/visita-pastorale-a-macerata-foligno-e-al-gran-sasso-19-vi-1993\/","title":{"rendered":"Visita pastorale a Macerata, Foligno e al Gran Sasso 19-VI-1993"},"content":{"rendered":"\n<h1 class=\"has-text-align-center wp-block-heading\">Visita pastorale a Macerata, Foligno e al Gran Sasso 19-VI-1993<\/h1>\n\n<div style=\"height:20px\" aria-hidden=\"true\" class=\"wp-block-spacer\"><\/div>\n\n<h4 class=\"has-text-align-center wp-block-heading\">S. Giovanni Paolo II<\/h4>\n\n<div style=\"height:20px\" aria-hidden=\"true\" class=\"wp-block-spacer\"><\/div>\n\n<p><strong>Sabato 19 e domenica 20 giugno 1993<\/strong><\/p>\n\n<p><em>Cos\u00ec scrive Mons. Francesco Tarcisio Carboni, Vescovo di Macerata:<\/em><\/p>\n\n<p>Giovanni Paolo II, il 13 settembre 1992, mi scriveva: \u00abPoich\u00e9 la Cina \u00e8 tanto cara al mio cuore e la sollecitudine per quella Chiesa \u201c\u00e8 divenuta particolare e costante assillo del mio Pontificato\u201d (Lettera ai Vescovi del mondo del 6 gennaio 1982 \u2013 <em>L\u2019Osservatore Romano <\/em>del 24.1.1982) formulo vivissimo auspicio che la figura di quest\u2019uomo di Dio sia sempre meglio conosciuta ed apprezzata, per i meriti acquisiti nei suoi 57 anni di vita, di cui ben 28 spesi in quella vasta regione\u00bb (<em>L\u2019Osservatore Romano<\/em>, 27 ottobre 1992, p. 2).<\/p>\n\n<p>Arriva ora il tempo di sostare con il Santo Padre, dinanzi alla casa dove nacque Matteo Ricci e ripercorrere quelle strade di Macerata, dove l\u2019Apostolo della Cina ebbe il primo germe della sua vocazione. Matteo Ricci nasce infatti a Macerata il 6 ottobre 1552, il 15 agosto 1571 entra nel noviziato della Compagnia di Ges\u00f9, il 18 maggio 1577 lascia Roma per le Missioni d\u2019Oriente, il 26 luglio 1580 viene Ordinato Sacerdote a Cocin (India); il 10 settembre 1583 porta la data del suo arrivo in Cina, muore a Pechino l\u201911 settembre 1610.<\/p>\n\n<p>\u00abOggi \u2013 scriveva il Papa nel 1982 \u2013 la figura del padre Ricci \u00e8 viva presso il popolo cinese col nome di \u201cLi Ma-tou\u201d. Egli costituisce una comune eredit\u00e0 della Chiesa e della Cina e si presenta come solido ed emblematico punto di riferimento per un dialogo costruttivo rivolto al futuro\u00bb (<em>L\u2019Osservatore Romano<\/em>, 27 ottobre 1982).<\/p>\n\n<p>Sono passati soltanto 11 anni e la venuta del Santo Padre a Macerata conferma e d\u00e0 impulso nuovo a quel rapporto fraterno \u00abChiesa-Cina\u00bb che \u2013 si ha pi\u00f9 di una ragione per crederlo \u2013 sta innegabilmente passando anche per Macerata:<br\/><br\/>&#13;\n&#13;\n\u2022 Da due anni si \u00e8 avviato a Macerata un Seminario Diocesano Missionario <em>Redemptoris Mater<\/em>, con lo scopo specifico di formare sacerdoti disponibili a dare la vita come Padre Matteo Ricci, per la evangelizzazione della Cina: sono gi\u00e0 18 i seminaristi che stanno frequentando regolari Corsi di Filosofia e Teologia.<\/p>\n\n<p>\u2022 Gi\u00e0 nell\u2019anno scolastico 1993-94 il numero degli alunni potr\u00e0 raggiungere i 30 elementi; essi si formeranno negli ambienti del seminario, in attesa d\u2019una struttura capace di accoglierne un centinaio entro qualche anno.<br\/><br\/>\u2022 Il Santo Padre benedir\u00e0 in Cattedrale la Prima Pietra del nuovo \u00abSeminario per la Cina\u00bb che sorger\u00e0 qui nella citt\u00e0 di Matteo Ricci, considerato a ragione \u00abPonte tra l\u2019Occidente e l\u2019Oriente\u00bb.<br\/><br\/>\u2022 La locale Universit\u00e0 degli Studi ha intanto avviato un corso di lingua cinese, frequentata dai nostri seminaristi e da altri alunni interessati alla lingua mandarina.<\/p>\n\n<p>Sono luci di significativo chiarore su quella espressione del Santo Padre: \u00ab\u00c8 al futuro che dobbiamo guardare\u00bb (<em>Insegnamenti di Giovanni Paolo II<\/em>, IV, 1, 1981, p. 384).&#13;\n&#13;\n\u00abNutro speranza di copiosi vantaggi, non solo all\u2019azione missionaria della Chiesa \u2013 <em>scrive il Papa <\/em>\u2013 ma anche a tutto il diletto popolo cinese, al quale la sede Apostolica guarda con particolare simpatia ed affetto per tutta la mirabile realt\u00e0 di tradizioni e di cultura, di alta umanit\u00e0 e di ricca spiritualit\u00e0 che forma il retaggio storico ed attuale della grande Nazione cinese\u00bb (Cfr. <em>L\u2019Osservatore Romano <\/em>24, gennaio 1982).<\/p>\n\n<p>La presenza del Papa tra i 18 seminaristi che guardano alla Cina dar\u00e0 vigore a queste speranze, rafforzer\u00e0 i vincoli e rinnover\u00e0 l\u2019efficacia degli incoraggiamenti. (*) Supplemento a \u00abL\u2019Osservatore Romano\u00bb n. 139 &#8211; sabato 19 giugno 1993.<\/p>\n\n<div class=\"wp-block-image\"><figure class=\"aligncenter size-large\"><img loading=\"lazy\" decoding=\"async\" width=\"569\" height=\"693\" src=\"https:\/\/neocatechumenaleiter.org\/wp-content\/uploads\/2020\/03\/Camino_Neocatecumenal_Juan_Pablo_II_visita_pastoral_Macerata_1993.jpg\" alt=\"\" class=\"wp-image-2498\" srcset=\"https:\/\/neocatechumenaleiter.org\/wp-content\/uploads\/2020\/03\/Camino_Neocatecumenal_Juan_Pablo_II_visita_pastoral_Macerata_1993.jpg 569w, https:\/\/neocatechumenaleiter.org\/wp-content\/uploads\/2020\/03\/Camino_Neocatecumenal_Juan_Pablo_II_visita_pastoral_Macerata_1993-246x300.jpg 246w\" sizes=\"auto, (max-width: 569px) 100vw, 569px\" \/><\/figure><\/div>\n","protected":false},"excerpt":{"rendered":"<p>Visita pastorale a Macerata, Foligno e al Gran Sasso 19-VI-1993 S. Giovanni Paolo II Sabato 19 e domenica 20 giugno 1993 Cos\u00ec scrive Mons. Francesco Tarcisio Carboni, Vescovo di Macerata: Giovanni Paolo II, il 13 settembre 1992, mi scriveva: \u00abPoich\u00e9 la Cina \u00e8 tanto cara al mio cuore e la sollecitudine per quella Chiesa \u201c\u00e8 divenuta particolare e costante assillo del mio Pontificato\u201d (Lettera ai Vescovi del mondo del 6<\/p>\n<div class=\"read-more\"><a class=\"btn read-more-btn\" href=\"https:\/\/neocatechumenaleiter.org\/it\/discorsi-dei-papi\/s-giovanni-paolo-ii\/visita-pastorale-a-macerata-foligno-e-al-gran-sasso-19-vi-1993\/\">Leggi tutto<\/a><\/div>\n","protected":false},"author":2,"featured_media":0,"parent":3717,"menu_order":75,"comment_status":"closed","ping_status":"closed","template":"","meta":{"footnotes":""},"class_list":["post-5848","page","type-page","status-publish","hentry"],"_links":{"self":[{"href":"https:\/\/neocatechumenaleiter.org\/it\/wp-json\/wp\/v2\/pages\/5848","targetHints":{"allow":["GET"]}}],"collection":[{"href":"https:\/\/neocatechumenaleiter.org\/it\/wp-json\/wp\/v2\/pages"}],"about":[{"href":"https:\/\/neocatechumenaleiter.org\/it\/wp-json\/wp\/v2\/types\/page"}],"author":[{"embeddable":true,"href":"https:\/\/neocatechumenaleiter.org\/it\/wp-json\/wp\/v2\/users\/2"}],"replies":[{"embeddable":true,"href":"https:\/\/neocatechumenaleiter.org\/it\/wp-json\/wp\/v2\/comments?post=5848"}],"version-history":[{"count":3,"href":"https:\/\/neocatechumenaleiter.org\/it\/wp-json\/wp\/v2\/pages\/5848\/revisions"}],"predecessor-version":[{"id":14312,"href":"https:\/\/neocatechumenaleiter.org\/it\/wp-json\/wp\/v2\/pages\/5848\/revisions\/14312"}],"up":[{"embeddable":true,"href":"https:\/\/neocatechumenaleiter.org\/it\/wp-json\/wp\/v2\/pages\/3717"}],"wp:attachment":[{"href":"https:\/\/neocatechumenaleiter.org\/it\/wp-json\/wp\/v2\/media?parent=5848"}],"curies":[{"name":"wp","href":"https:\/\/api.w.org\/{rel}","templated":true}]}}