{"id":5854,"date":"2020-03-04T00:53:11","date_gmt":"2020-03-03T23:53:11","guid":{"rendered":"https:\/\/neocatechumenaleiter.org\/discorsi-dei-papi\/s-giovanni-paolo-ii\/omelia-del-santo-padre-giovanni-paolo-ii-durante-leucaristia-celebrata-con-la-comunita-del-seminario-romano-redemptoris-mater-31-x-1993\/"},"modified":"2021-08-10T11:03:26","modified_gmt":"2021-08-10T10:03:26","slug":"omelia-del-santo-padre-giovanni-paolo-ii-durante-leucaristia-celebrata-con-la-comunita-del-seminario-romano-redemptoris-mater-31-x-1993","status":"publish","type":"page","link":"https:\/\/neocatechumenaleiter.org\/it\/discorsi-dei-papi\/s-giovanni-paolo-ii\/omelia-del-santo-padre-giovanni-paolo-ii-durante-leucaristia-celebrata-con-la-comunita-del-seminario-romano-redemptoris-mater-31-x-1993\/","title":{"rendered":"Omelia del Santo Padre Giovanni Paolo II durante l\u2019Eucaristia celebrata con la comunit\u00e0 del seminario romano \u00abRedemptoris Mater\u00bb 31-X-1993"},"content":{"rendered":"\n<h1 class=\"has-text-align-center wp-block-heading\">Omelia del Santo Padre Giovanni Paolo II durante l\u2019Eucaristia celebrata con la comunit\u00e0 del seminario romano \u00abRedemptoris Mater\u00bb all\u2019inizio del suo settimo anno di attivit\u00e0 31-X-1993<\/h1>\n\n<div style=\"height:20px\" aria-hidden=\"true\" class=\"wp-block-spacer\"><\/div>\n\n<h4 class=\"has-text-align-center wp-block-heading\">S. Giovanni Paolo II<\/h4>\n\n<div style=\"height:20px\" aria-hidden=\"true\" class=\"wp-block-spacer\"><\/div>\n\n<p><strong>Citt\u00e0 del Vaticano &#8211; Cappella &#8220;Redemptoris Mater&#8221;, 31 ottobre 1993<\/strong><\/p>\n\n<p><em>\u00ab\u00c8 proprio l\u2019approfondimento della vita spirituale, nell\u2019accettazione del \u201cradicalismo\u201d evangelico, il terreno pi\u00f9 fecondo per lo sbocciare di una vocazione\u00bb.\u00a0 Lo\u00a0 ha\u00a0 affermato\u00a0 Giovanni Paolo II nell\u2019omelia pronunciata domenica 31 ottobre durante la messa celebrata per la comunit\u00e0 del Seminario romano \u00abRedemptoris Mater\u00bb.<\/em><\/p>\n\n<div class=\"wp-block-image\"><figure class=\"alignleft size-medium\"><img loading=\"lazy\" decoding=\"async\" width=\"300\" height=\"248\" src=\"https:\/\/neocatechumenaleiter.org\/wp-content\/uploads\/2020\/03\/Camino_Neocatecumenal_Juan_Pablo_II_homilia_seminario_redemptoris_mater_Roma_1993-300x248.jpg\" alt=\"\" class=\"wp-image-2515\" srcset=\"https:\/\/neocatechumenaleiter.org\/wp-content\/uploads\/2020\/03\/Camino_Neocatecumenal_Juan_Pablo_II_homilia_seminario_redemptoris_mater_Roma_1993-300x248.jpg 300w, https:\/\/neocatechumenaleiter.org\/wp-content\/uploads\/2020\/03\/Camino_Neocatecumenal_Juan_Pablo_II_homilia_seminario_redemptoris_mater_Roma_1993.jpg 689w\" sizes=\"auto, (max-width: 300px) 100vw, 300px\" \/><\/figure><\/div>\n\n<p><em>Questo \u00e8 il testo dell\u2019omelia:<\/em><br\/><br\/>Sia lodato Ges\u00f9 Cristo!<br\/><br\/>1. Venerati Fratelli nell\u2019Episcopato e nel Sacerdozio, <em>fratelli e sorelle tutti!<\/em>&#13;\n&#13;\n\u201cSiamo stati amorevoli in mezzo a voi come una madre nutre e ha cura delle proprie creature\u201d (1 Ts 2,7): <em>parole di S. Paolo ai Tessalonicesi. <\/em>Ogni presbitero dovrebbe poter far sue queste parole di San Paolo poc\u2019anzi ascoltate. <strong>L\u2019immagine materna <\/strong>che egli si attribuisce <strong>\u00e8 infatti una delle pi\u00f9 suggestive per esprimere la bellezza della vocazione sacerdotale. <\/strong>Essa non soltanto indica una rara intensit\u00e0 di affetto e di dedizione, ma suggerisce anche l\u2019intima connessione che vi \u00e8 tra il ministero apostolico e il ministero della nuova \u201cnascita\u201d in Cristo mediante lo Spirito Santo (cfr Gv 3,5-8). <em>La madre che ha cura delle proprie creature, la madre che nutre.<\/em>&#13;\n&#13;\nEcco, in quanto portatore della \u201cparola divina della predicazione\u201d, l\u2019Apostolo si percepisce strumento di questa spirituale rigenerazione, <em>si percepisce come una madre<\/em>. Egli incarna per i fratelli la \u201cmaternit\u00e0\u201d della Chiesa. Essendo stato chiamato a generarli in Cristo mediante il Vangelo (cfr 1 Cor 4, 15), a buon diritto si sente, nei loro confronti, <em>non solamente padre<\/em>, <em>ma anche una madre<\/em>, \u201cpadre\u201d e \u201cmadre\u201d, pronto a dare non sol- tanto il Vangelo, ma la \u201csua stessa vita\u201d per loro (cfr 1 Ts 2,8).<\/p>\n\n<p>2. Quale differenza tra questa immagine dell\u2019apostolato e quella che emerge nelle due altre letture, scandite da moniti taglienti e severi! Essi sono indirizzati ai sacerdoti dell\u2019Antica Alleanza, agli scribi, ai farisei, ma additano rischi di deviazione che sono sempre in agguato anche nel nostro ministero.&#13;\n\u201cVoi vi siete allontanati dalla retta via e siete stati d\u2019inciampo a molti con il vostro insegnamento\u201d (Mal 2,8).&#13;\nQuesta parola del profeta Malachia sottolinea la grande responsabilit\u00e0 dei ministri dell\u2019altare nella Parola: la loro incoerenza \u00e8 doppiamente grave, perch\u00e9 ad essa s\u2019accompagna lo scandalo. Guai a coloro che dovrebbero essere gli educatori del popolo di Dio e invece gli sono d\u2019inciampo!&#13;\nNon meno dure le parole di Ges\u00f9, per coloro che si sono seduti sulla cattedra di Mos\u00e8, non come umili servi della Parola di Dio, ma come avidi cercatori del plauso degli uomini. In essi, parola e vita appaiono in stridente contrasto: sono maestri di cose che non osservano, impongono fardelli che non osano portare, rivendicano un titolo \u2013 quello di \u201crabbi\u201d \u2013 che a loro non appartiene, perch\u00e9 \u201cuno solo \u00e8 il Maestro, il Cristo\u201d (cfr Mt 23,10).<\/p>\n\n<div class=\"wp-block-image\"><figure class=\"alignright size-large\"><img loading=\"lazy\" decoding=\"async\" width=\"676\" height=\"507\" src=\"https:\/\/neocatechumenaleiter.org\/wp-content\/uploads\/2020\/03\/Camino_Neocatecumenal_Juan_Pablo_II_homilia_seminario_redemptoris_mater_Roma_1993_2.jpg\" alt=\"\" class=\"wp-image-2525\" srcset=\"https:\/\/neocatechumenaleiter.org\/wp-content\/uploads\/2020\/03\/Camino_Neocatecumenal_Juan_Pablo_II_homilia_seminario_redemptoris_mater_Roma_1993_2.jpg 676w, https:\/\/neocatechumenaleiter.org\/wp-content\/uploads\/2020\/03\/Camino_Neocatecumenal_Juan_Pablo_II_homilia_seminario_redemptoris_mater_Roma_1993_2-300x225.jpg 300w\" sizes=\"auto, (max-width: 676px) 100vw, 676px\" \/><\/figure><\/div>\n\n<p>3. <strong>La Parola di Dio ci presenta <\/strong>cos\u00ec, da una parte, <strong>il modello autentico della vocazione apostolica e sacerdotale<\/strong>, dall\u2019altra le sue possibili degenerazioni. <em>La Parola di Dio in questa liturgia <\/em>giunge a proposito per questo mio incontro con voi, \u201cRedemptoris Mater\u201d, responsabili e studenti, chierici del seminario romano <em>che ha preso lo stesso nome di questa cappella: &#8220;Redemptoris Mater\u201d.<\/em>&#13;\n&#13;\n<em>Questo ci ricorda tanto della redenzione, ci ricorda \u201cRedemptor hominis\u201d, \u201cRedemptoris Mater\u201d, \u201cRedemptoris Custos\u201d, e anche \u201cRedemptoris Missio\u201d, tutto nello stesso arco. Saluto quindi i seminaristi e i superiori del \u201cRedemptoris Mater\u201d in questa cappella dedicata alla \u201cRedemptoris Mater\u201d.<\/em>&#13;\n&#13;\nSaluto il Cardinale Vicario di Roma, Camillo Ruini, che in un certo senso \u00e8 il primo responsabile del vostro Seminario, dal momento che esso, pur qualificandosi per la sua finalit\u00e0 missionaria, si configura come Seminario della Diocesi di Roma <em>e lo \u00e8<\/em>. Saluto il vostro Rettore, Mons. Giulio Salimei, il vostro Padre Spirituale, Mons. Massimino Romero de Lema <em>e ringrazio ambedue che hanno voluto prendere questi compiti importanti dell\u2019educazione del \u201cRedemptoris Mater\u201d, dopo tanti anni di lavoro nella Curia Romana, nel Vicariato di Roma. <\/em>Saluto tutti voi, carissimi seminaristi, vi saluto uno ad uno, <em>vedendo in voi futuri sacerdoti, che hanno gi\u00e0 fatto una scelta <\/em>e si avviano verso il Sacerdozio <em>di Cristo<\/em>. \u00c8 significativo e importante che voi avete scoperto la vocazione sacerdotale seguendo il Cammino Neocatecumenale ed ora proseguite il vostro itinerario formativo attenendovi \u2013 com\u2019\u00e8 doveroso \u2013 agli orientamenti che la Chiesa indica per tutti i candidati al Sacerdozio. Il traguardo a cui tendete \u00e8 una profonda radicazione in Cristo, accompagnata dall\u2019adesione <em>totale<\/em>, cordiale alla Chiesa. \u00c8 questa la base irrinunciabile di un\u2019autentica formazione sacerdotale e anche la garanzia della benedizione di Dio <em>in questo cammino sacerdotale e neocatecumenale, neocatecumenale e missionario, apostolico e missionario<\/em>.<\/p>\n\n<p>Perci\u00f2 apprendo con gioia che, come le vostre, molte altre vocazioni stanno fiorendo sul sentiero della vostra spiritualit\u00e0, il Cammino Neocatecumenale, non solamente qui a Roma ma in diversi posti, in diversi Paesi dell\u2019Europa e del mondo intero. \u00c8 proprio l\u2019approfondimento della vita spirituale proprio in questo Cammino, che trova, nell\u2019accettazione del \u201cradicalismo evangelico\u201d, anche un terreno pi\u00f9 fecondo per lo sbocciare di una vocazione. Dio non cessa di chiamare, ma solo la profonda intimit\u00e0 con Cristo consente di udirne la voce, di accoglierla con prontezza e di seguirla con perseveranza.<\/p>\n\n<div class=\"wp-block-image\"><figure class=\"alignleft size-medium\"><img loading=\"lazy\" decoding=\"async\" width=\"300\" height=\"251\" src=\"https:\/\/neocatechumenaleiter.org\/wp-content\/uploads\/2020\/03\/Camino_Neocatecumenal_Juan_Pablo_II_homilia_seminario_redemptoris_mater_Roma_1993_3-300x251.jpg\" alt=\"\" class=\"wp-image-2529\" srcset=\"https:\/\/neocatechumenaleiter.org\/wp-content\/uploads\/2020\/03\/Camino_Neocatecumenal_Juan_Pablo_II_homilia_seminario_redemptoris_mater_Roma_1993_3-300x251.jpg 300w, https:\/\/neocatechumenaleiter.org\/wp-content\/uploads\/2020\/03\/Camino_Neocatecumenal_Juan_Pablo_II_homilia_seminario_redemptoris_mater_Roma_1993_3.jpg 684w\" sizes=\"auto, (max-width: 300px) 100vw, 300px\" \/><\/figure><\/div>\n\n<p>4. Non si pu\u00f2 essere \u201cgeneratori\u201d di fede se non si \u00e8 prima \u201cgenerati\u201d dalla fede. Paolo poteva annunciare Cristo, anche perch\u00e9 poteva dire con tutta verit\u00e0: \u201cNon sono pi\u00f9 io che vivo, ma Cristo vive in me\u201d (Gal 2,20). Cos\u00ec poteva annunziare Cristo, essendo prima generato da Cristo, converso da Cristo, permeato da Cristo. \u201cNon sono pi\u00f9 io che vivo, ma Cristo vive in me\u201d. Allora non rivendicava un titolo improprio, come quello che l\u2019odierno Vangelo proibisce, quando si sentiva e si diceva \u201cpadre\u201d delle sue comunit\u00e0, perch\u00e9 la sua paternit\u00e0 non era altro che trasparente manifestazione di quella di Dio. Nello stesso tempo si diceva \u201cmadre\u201d, anzi dava una certa precedenza alla maternit\u00e0 apostolica che era propria di lui verso queste comunit\u00e0.&#13;\nIl mistero del sacerdozio va colto infatti nella sua intima connessione col mistero di Cristo. A tutta la Chiesa spetta di rendere il Cristo, in qualche modo, \u201cvisibile\u201d, presente nella storia degli uomini, ma compete in primo luogo al sacerdote, al presbitero, chiamato ad agire \u201cin persona Christi\u201d, chiamato a rappresentarlo come \u201cpastore\u201d e \u201ccapo\u201d del suo popolo, del suo gregge, della sua comunit\u00e0.&#13;\nIl sacerdote deve essere una persona conquistata, \u201cafferrata\u201d da Cristo (cfr Fil 3,12). Ministero davvero \u201cgrande\u201d, anche se di una grandezza contraddistinta dall\u2019umilt\u00e0 del servizio: \u201cIl pi\u00f9 grande tra voi sia vostro servo\u201d (cfr Mt 23,11), cos\u00ec dice Ges\u00f9.<\/p>\n\n<div class=\"wp-block-image\"><figure class=\"alignright size-large\"><img loading=\"lazy\" decoding=\"async\" width=\"662\" height=\"560\" src=\"https:\/\/neocatechumenaleiter.org\/wp-content\/uploads\/2020\/03\/Camino_Neocatecumenal_Juan_Pablo_II_homilia_seminario_redemptoris_mater_Roma_1993_4.jpg\" alt=\"\" class=\"wp-image-2539\" srcset=\"https:\/\/neocatechumenaleiter.org\/wp-content\/uploads\/2020\/03\/Camino_Neocatecumenal_Juan_Pablo_II_homilia_seminario_redemptoris_mater_Roma_1993_4.jpg 662w, https:\/\/neocatechumenaleiter.org\/wp-content\/uploads\/2020\/03\/Camino_Neocatecumenal_Juan_Pablo_II_homilia_seminario_redemptoris_mater_Roma_1993_4-300x254.jpg 300w\" sizes=\"auto, (max-width: 662px) 100vw, 662px\" \/><\/figure><\/div>\n\n<p>5. Vi saluto ancora una volta in questa cappella \u201cRedemptoris Mater\u201d, mi sento tanto lieto di poter celebrare con voi questa Eucaristia che offro al Signore per la vostra perseveranza. Che Dio vi aiuti a camminare sui sentieri della santit\u00e0, della gioia, verso tutti i popoli ai quali la Sua Provvidenza vi guider\u00e0. \u00c8 bene che il Cardinale Vicario ci ha dato questa domenica libera: neanche una parrocchia di Roma da visitare! Accanto al Seminario Romano c\u2019\u00e8 il \u201cRedemptoris Mater\u201d: valeva la pena di trovare questa domenica libera!<\/p>\n\n<p>Vi auguro la presenza, il sostegno di Maria, Santissima Madre del Redentore. Affidandovi a Lei, alla sua maternit\u00e0 vi sentirete davvero \u201ctranquilli e sereni\u201d come \u201cbimbi nelle braccia della madre\u201d (le parole del Salmo responsoriale di oggi). Maria vi ottenga di spendervi con l\u2019ardore dell\u2019apostolo Paolo per il Regno di Dio, in fedelt\u00e0 totale e obbedienza alla Chiesa, alla Chiesa che \u00e8 anche Madre, come ci insegna tutta la Tradizione, il Vaticano II: la Chiesa \u00e8 anche Madre, a imitazione della Madre di Cristo. Questa Chiesa vi genera, vi ha generati alla fede e in questa Chiesa voi siete chiamati ad essere presbiteri, a servire fino alla fine dei vostri giorni. Cos\u00ec sia. (*) Cfr. \u00abL\u2019Osservatore Romano\u00bb, 2-3 novembre 1993.<\/p>\n","protected":false},"excerpt":{"rendered":"<p>Omelia del Santo Padre Giovanni Paolo II durante l\u2019Eucaristia celebrata con la comunit\u00e0 del seminario romano \u00abRedemptoris Mater\u00bb all\u2019inizio del suo settimo anno di attivit\u00e0 31-X-1993 S. Giovanni Paolo II Citt\u00e0 del Vaticano &#8211; Cappella &#8220;Redemptoris Mater&#8221;, 31 ottobre 1993 \u00ab\u00c8 proprio l\u2019approfondimento della vita spirituale, nell\u2019accettazione del \u201cradicalismo\u201d evangelico, il terreno pi\u00f9 fecondo per lo sbocciare di una vocazione\u00bb.\u00a0 Lo\u00a0 ha\u00a0 affermato\u00a0 Giovanni Paolo II nell\u2019omelia pronunciata domenica 31<\/p>\n<div class=\"read-more\"><a class=\"btn read-more-btn\" href=\"https:\/\/neocatechumenaleiter.org\/it\/discorsi-dei-papi\/s-giovanni-paolo-ii\/omelia-del-santo-padre-giovanni-paolo-ii-durante-leucaristia-celebrata-con-la-comunita-del-seminario-romano-redemptoris-mater-31-x-1993\/\">Leggi tutto<\/a><\/div>\n","protected":false},"author":2,"featured_media":0,"parent":3717,"menu_order":77,"comment_status":"closed","ping_status":"closed","template":"","meta":{"footnotes":""},"class_list":["post-5854","page","type-page","status-publish","hentry"],"_links":{"self":[{"href":"https:\/\/neocatechumenaleiter.org\/it\/wp-json\/wp\/v2\/pages\/5854","targetHints":{"allow":["GET"]}}],"collection":[{"href":"https:\/\/neocatechumenaleiter.org\/it\/wp-json\/wp\/v2\/pages"}],"about":[{"href":"https:\/\/neocatechumenaleiter.org\/it\/wp-json\/wp\/v2\/types\/page"}],"author":[{"embeddable":true,"href":"https:\/\/neocatechumenaleiter.org\/it\/wp-json\/wp\/v2\/users\/2"}],"replies":[{"embeddable":true,"href":"https:\/\/neocatechumenaleiter.org\/it\/wp-json\/wp\/v2\/comments?post=5854"}],"version-history":[{"count":13,"href":"https:\/\/neocatechumenaleiter.org\/it\/wp-json\/wp\/v2\/pages\/5854\/revisions"}],"predecessor-version":[{"id":9939,"href":"https:\/\/neocatechumenaleiter.org\/it\/wp-json\/wp\/v2\/pages\/5854\/revisions\/9939"}],"up":[{"embeddable":true,"href":"https:\/\/neocatechumenaleiter.org\/it\/wp-json\/wp\/v2\/pages\/3717"}],"wp:attachment":[{"href":"https:\/\/neocatechumenaleiter.org\/it\/wp-json\/wp\/v2\/media?parent=5854"}],"curies":[{"name":"wp","href":"https:\/\/api.w.org\/{rel}","templated":true}]}}