{"id":5858,"date":"2020-03-04T01:48:56","date_gmt":"2020-03-04T00:48:56","guid":{"rendered":"https:\/\/neocatechumenaleiter.org\/discorsi-dei-papi\/s-giovanni-paolo-ii\/udienza-del-santo-padre-giovanni-paolo-ii-ad-un-gruppo-di-catechisti-itineranti-del-cammino-neocatecumenale-17-i-1994\/"},"modified":"2021-08-10T11:03:32","modified_gmt":"2021-08-10T10:03:32","slug":"udienza-del-santo-padre-giovanni-paolo-ii-ad-un-gruppo-di-catechisti-itineranti-del-cammino-neocatecumenale-17-i-1994","status":"publish","type":"page","link":"https:\/\/neocatechumenaleiter.org\/it\/discorsi-dei-papi\/s-giovanni-paolo-ii\/udienza-del-santo-padre-giovanni-paolo-ii-ad-un-gruppo-di-catechisti-itineranti-del-cammino-neocatecumenale-17-i-1994\/","title":{"rendered":"Udienza del Santo Padre Giovanni Paolo II ad un gruppo di catechisti itineranti del Cammino Neocatecumenale 17-I-1994"},"content":{"rendered":"\n<h1 class=\"has-text-align-center wp-block-heading\">Udienza del Santo Padre Giovanni Paolo II ad un gruppo di catechisti itineranti del Cammino Neocatecumenale 17-I-1994<\/h1>\n\n<div style=\"height:20px\" aria-hidden=\"true\" class=\"wp-block-spacer\"><\/div>\n\n<h4 class=\"has-text-align-center wp-block-heading\">S. Giovanni Paolo II<\/h4>\n\n<div style=\"height:20px\" aria-hidden=\"true\" class=\"wp-block-spacer\"><\/div>\n\n<p><strong>Citt\u00e0 del Vaticano &#8211; Sala Clementina, 17 gennaio 1994<\/strong><\/p>\n\n<p><em>Giovanni Paolo II ha ricevuto in udienza nella Sala Clementina un gruppo di catechisti itineranti del Cammino Neocatecumenale.<\/em>&#13;\n&#13;\n<em>Questo il testo del discorso rivolto loro dal Santo Padre:<\/em><\/p>\n\n<div class=\"wp-block-image\"><figure class=\"alignright size-large\"><img loading=\"lazy\" decoding=\"async\" width=\"690\" height=\"567\" src=\"https:\/\/neocatechumenaleiter.org\/wp-content\/uploads\/2020\/03\/Camino_Neocatecumenal_Juan_Pablo_II_audiencia_catequistas_itinerantes_1994.jpg\" alt=\"\" class=\"wp-image-2549\" srcset=\"https:\/\/neocatechumenaleiter.org\/wp-content\/uploads\/2020\/03\/Camino_Neocatecumenal_Juan_Pablo_II_audiencia_catequistas_itinerantes_1994.jpg 690w, https:\/\/neocatechumenaleiter.org\/wp-content\/uploads\/2020\/03\/Camino_Neocatecumenal_Juan_Pablo_II_audiencia_catequistas_itinerantes_1994-300x247.jpg 300w\" sizes=\"auto, (max-width: 690px) 100vw, 690px\" \/><\/figure><\/div>\n\n<p>Carissimi Fratelli e Sorelle in Cristo!<br\/><br\/>&#13;\n&#13;\n1. \u00c8 motivo per me di grande gioia incontrare voi, esperti catechisti itineranti del Cammino Neocatecumenale, che, insieme con gli iniziatori ed i responsabili, vi siete riuniti per pregare e riflettere sui frutti e sulle prospettive della missione a voi affidata, con particolare riguardo al ruolo delle famiglie in mezzo ai poveri.&#13;\n&#13;\nSaluto il Signor Kiko Arg\u00fcello e lo ringrazio per le parole che a vostro nome mi ha rivolto; saluto con affetto ciascuno di voi. La pace del Signore sia con voi!<\/p>\n\n<p>2. Il vostro \u00abCammino\u00bb intende attingere allo spirito del Concilio Vaticano II, per offrire un esempio di nuova evangelizzazione che d\u00e0 speranza alla Chiesa alla vigilia del terzo millennio cristiano.&#13;\n&#13;\nVostro merito \u00e8 l\u2019aver riscoperto una predicazione <strong>\u00abcherigmatica\u00bb, che invita alla fede anche i \u00ablontani\u00bb realizzando un itinerario postbattesimale secondo le indicazioni dell\u2019 \u201cOrdo Initiationis Christianae Adultorum\u201d<\/strong>, richiamate dal <em>Catechismo della Chiesa Cattolica <\/em>(cfr. n. 1231). <em>Al centro di tale percorso di fede vi \u00e8 una fruttuosa sintesi tra predicazione, cambiamento della vita morale e liturgia<\/em>. Tutto ci\u00f2 viene attuato in piccole comunit\u00e0, nelle quali \u00abla riflessione sulla parola di Dio e la partecipazione all\u2019Eucaristia&#8230; formano cellule vive della Chiesa, rinnovano la vitalit\u00e0 della Parrocchia mediante cristiani maturi capaci di testimoniare la verit\u00e0 con una fede radicalmente vissuta\u00bb (<em>Messaggio ai Vescovi d\u2019Europa riuniti a Vienna, 12 aprile 1993<\/em>). Tali Comunit\u00e0 aiutano a sperimentare la Chiesa come Corpo di Cristo nel quale, mediante i segni sacramentali, Dio estende la sua azione salvifica agli uomini di ogni generazione, soprattutto alle famiglie.<\/p>\n\n<p>3. Oggi tutti riconoscono <strong>la grave crisi che investe la famiglia ed \u00e8 all\u2019origine dei mali pi\u00f9 profondi della societ\u00e0 contemporanea. <\/strong>Proprio per questo la Chiesa, facendo propria l\u2019iniziativa delle Nazioni Unite, ha designato il 1994 come Anno della Famiglia. <strong>La vostra ormai pluriennale esperienza nel \u00abCammino\u00bb vi avr\u00e0 certo insegnato che la piccola Comunit\u00e0<\/strong>, sostenuta dalla parola di Dio e dall\u2019Eucaristia domenicale, <strong>diventa luogo di comunione, dove la famiglia ritrova il senso e la gioia della sua missione fondamentale di trasmettere la vita naturale e quella soprannaturale. La famiglia non pu\u00f2 delegare questo compito primordiale ad altri. <\/strong>Fin dai tempi pi\u00f9 antichi vediamo che, nel popolo di Dio, \u00e8 <strong>la famiglia a proporsi come primo ambito di evangelizzazione<\/strong>, secondo quanto si legge nel Deuteronomio: \u00abQuesti precetti&#8230; li ripeterai ai tuoi figli, ne parlerai quando sarai seduto in casa tua, quando camminerai per via, quando ti coricherai e quando ti alzerai\u00bb (Dt 6,7). <strong>Le vostre famiglie riscoprono allora la preghiera quotidiana con i figli e soprattutto quella celebrazione domestica compiuta nel giorno del Signore<\/strong>, nella quale il padre e la madre aprono il Sacro Testo, lo leggono e commentano ed <strong>i figli possono aprirsi in un dialogo illuminato dallo Spirito Santo<\/strong>. Di tale usanza si trova eco nella Lettera in cui San Paolo ricorda a Timoteo come la mamma e la nonna sin dall\u2019infanzia lo iniziarono alle sacre scritture (cfr 2 Tm 1,5; 3,14-15).<\/p>\n\n<p>4. Non \u00e8 difficile, pertanto, alla luce di ci\u00f2, constatare <strong>i frutti del Cammino Neocatecumenale: le famiglie riconciliate, aperte alla vita e <\/strong><strong>grate alla Chiesa, si offrono per portare l\u2019annuncio del Vangelo fino ai confini della terra. <\/strong>Io stesso ho avuto modo in altre occasioni di consegnare il Crocefisso a famiglie in partenza per le zone pi\u00f9 povere e scristianizzate. Da queste, stanno ora sorgendo <strong>moltissime vocazioni. Ragazze che abbracciano la vita religiosa e contemplativa; ragazzi incamminati verso il Sacerdozio nei seminari locali ed in quelli diocesani missionari <\/strong><em>Redemptoris Mater<\/em>, sorti per venire in aiuto alle Chiese che, data la scarsit\u00e0 di clero, si trovano in grave difficolt\u00e0. Viene cos\u00ec ad attuarsi l\u2019auspicio del Vaticano II: \u00abRicordiamo ai Presbiteri che ad essi incombe la sollecitudine di tutte le Chiese&#8230; A questo scopo potr\u00e0 essere utile la creazione di seminari internazionali&#8230;\u00bb (<em>Presbiterorum Ordinis<\/em>, 10).<\/p>\n\n<div class=\"wp-block-image\"><figure class=\"alignleft size-large\"><img loading=\"lazy\" decoding=\"async\" width=\"681\" height=\"558\" src=\"https:\/\/neocatechumenaleiter.org\/wp-content\/uploads\/2020\/03\/Camino_Neocatecumenal_Juan_Pablo_II_audiencia_catequistas_itinerantes_1994_2.jpg\" alt=\"\" class=\"wp-image-2556\" srcset=\"https:\/\/neocatechumenaleiter.org\/wp-content\/uploads\/2020\/03\/Camino_Neocatecumenal_Juan_Pablo_II_audiencia_catequistas_itinerantes_1994_2.jpg 681w, https:\/\/neocatechumenaleiter.org\/wp-content\/uploads\/2020\/03\/Camino_Neocatecumenal_Juan_Pablo_II_audiencia_catequistas_itinerantes_1994_2-300x246.jpg 300w\" sizes=\"auto, (max-width: 681px) 100vw, 681px\" \/><\/figure><\/div>\n\n<p>5. Ma soprattutto grande <strong>frutto di questo Cammino \u00e8 lo slancio missionario. <\/strong>Apprendo con gioia che le parole da me rivolte ai giovani a Denver hanno trovato un\u2019eco in voi. Dicevo allora: \u00abNon \u00e8 tempo di vergognarsi del Vangelo (cfr Rm 1,16). \u00c8 tempo di predicarlo dai tetti (cfr Mt 10,27)\u00bb (<em>Omelia della S. Messa nella Giornata Mondiale della Giovent\u00f9 a Denver<\/em>, 15 agosto 1993).&#13;\n&#13;\nPer questo vi state preparando a <strong>grandi missioni popolari rivolte particolarmente a quanti si sono allontanati dalla Chiesa o ancora non la conoscono. <\/strong>Auspico che l\u2019iniziativa di annunciare il Vangelo per le strade, svolta in pieno accordo con i Vescovi locali, porti ovunque abbondanti frutti.&#13;\n<br\/><br\/><strong>6. Carissimi evangelizzatori itineranti! <\/strong>Mi rivolgo con grande affetto a voi che avete lasciato tutto per predicare Cristo e Cristo crocifisso in 94 Paesi dei cinque continenti, in docile e costante obbedienza ai Vescovi. <strong>Vi esorto a restare sempre fedeli al carisma che Dio vi ha affidato per il bene dell\u2019intera comunit\u00e0 ecclesiale<\/strong>, contribuendo con la vostra opera alla pi\u00f9 profonda riscoperta dell\u2019iniziazione cristiana degli adulti. Mentre vi assicuro il mio costante ricordo nella preghiera, sono lieto quest\u2019oggi, in un clima di festosa comunione, di consegnare il Crocefisso a quanti fra voi sono chiamati ad essere evangelizzatori itineranti.&#13;\n&#13;\nMaria Santissima, l\u2019umile Vergine di Nazaret, vi accompagni nel vostro peregrinare nel mondo per l\u2019annuncio del Regno di Dio. Rimanete tutti sotto la sua protezione materna! Di cuore imparto a voi, alle vostre famiglie, al Cammino Neocatecumenale, l\u2019apostolica benedizione.<\/p>\n\n<p><em>Nel saluto rivolto a Giovanni Paolo II in apertura di udienza, l\u2019iniziatore del Cammino Neocatecumenale, Kiko Arg\u00fcello, ha ricordato innanzitutto i frutti della straordinaria esperienza compiuta da 30.000 giovani del \u00abCammino\u00bb durante il raduno mondiale di Denver, svoltosi nell\u2019agosto dello scorso anno in occasione della VIII Giornata Mondiale della Giovent\u00f9. Dopo quell\u2019incontro, milleduecento ragazzi hanno deciso di entrare in seminario e mille ragazze hanno fatto la scelta della vita monastica di clausura. \u00abDa Denver \u2013 <\/em>ha detto <em>\u2013 c\u2019\u00e8 stata veramente una svolta nella Chiesa. A Denver c\u2019\u00e8 stata una grazia speciale dello Spirito Santo e i giovani sono stati soprattutto toccati dalla parola del Santo Padre\u00bb.<\/em><\/p>\n\n<p><em>Kiko Arg\u00fcello ha poi presentato al Papa i responsabili itineranti di 94 Nazioni dei cinque Continenti, che hanno partecipato ad un incontro di sette giorni sulla realt\u00e0 del \u00abCammino\u00bb, sui frutti delle famiglie in missione (400 in tutto il mondo) e sui seminari \u00abRedemptoris Mater\u00bb (25 gi\u00e0 aperti in diversi Paesi), i cui Rettori erano presenti all\u2019udienza.<\/em>&#13;\n&#13;\n<em>Sono trascorsi sette anni da quando le prime famiglie del \u00abCammino\u00bb sono partite in missione per i Paesi pi\u00f9 poveri dell\u2019America Latina. Oggi l\u2019opera di evangelizzazione svolta ha prodotto frutti copiosi nelle parrocchie, nei seminari, nelle famiglie, in realt\u00e0 politiche e sociali difficili e ostili alla fede. \u00abNoi siamo pienamente convinti \u2013 <\/em>ha detto tra l\u2019altro Kiko Arg\u00fcello <em>\u2013 che il futuro dell\u2019umanit\u00e0 passa attraverso la famiglia\u00bb. Crescendo nella fede le famiglie si aprono alla vita e trasmettono ai figli la novit\u00e0 e la gioia del messaggio cristiano. A questa importante opera di evangelizzazione il Cammino Neocatecumenale offre un sostegno costante, nella consapevolezza \u2013 ha detto Kiko Arg\u00fcello \u2013 che \u00abla piccola Comunit\u00e0 potr\u00e0 salvare la famiglia in Europa\u00bb.<\/em>&#13;\n<br\/><br\/><em>(*) Cfr. \u00abL\u2019Osservatore Romano\u00bb, 17-18 gennaio 1994<\/em>.<\/p>\n","protected":false},"excerpt":{"rendered":"<p>Udienza del Santo Padre Giovanni Paolo II ad un gruppo di catechisti itineranti del Cammino Neocatecumenale 17-I-1994 S. Giovanni Paolo II Citt\u00e0 del Vaticano &#8211; Sala Clementina, 17 gennaio 1994 Giovanni Paolo II ha ricevuto in udienza nella Sala Clementina un gruppo di catechisti itineranti del Cammino Neocatecumenale.&#13; &#13; Questo il testo del discorso rivolto loro dal Santo Padre: Carissimi Fratelli e Sorelle in Cristo! &#13; &#13; 1. \u00c8 motivo<\/p>\n<div class=\"read-more\"><a class=\"btn read-more-btn\" href=\"https:\/\/neocatechumenaleiter.org\/it\/discorsi-dei-papi\/s-giovanni-paolo-ii\/udienza-del-santo-padre-giovanni-paolo-ii-ad-un-gruppo-di-catechisti-itineranti-del-cammino-neocatecumenale-17-i-1994\/\">Leggi tutto<\/a><\/div>\n","protected":false},"author":2,"featured_media":0,"parent":3717,"menu_order":78,"comment_status":"closed","ping_status":"closed","template":"","meta":{"footnotes":""},"class_list":["post-5858","page","type-page","status-publish","hentry"],"_links":{"self":[{"href":"https:\/\/neocatechumenaleiter.org\/it\/wp-json\/wp\/v2\/pages\/5858","targetHints":{"allow":["GET"]}}],"collection":[{"href":"https:\/\/neocatechumenaleiter.org\/it\/wp-json\/wp\/v2\/pages"}],"about":[{"href":"https:\/\/neocatechumenaleiter.org\/it\/wp-json\/wp\/v2\/types\/page"}],"author":[{"embeddable":true,"href":"https:\/\/neocatechumenaleiter.org\/it\/wp-json\/wp\/v2\/users\/2"}],"replies":[{"embeddable":true,"href":"https:\/\/neocatechumenaleiter.org\/it\/wp-json\/wp\/v2\/comments?post=5858"}],"version-history":[{"count":4,"href":"https:\/\/neocatechumenaleiter.org\/it\/wp-json\/wp\/v2\/pages\/5858\/revisions"}],"predecessor-version":[{"id":24215,"href":"https:\/\/neocatechumenaleiter.org\/it\/wp-json\/wp\/v2\/pages\/5858\/revisions\/24215"}],"up":[{"embeddable":true,"href":"https:\/\/neocatechumenaleiter.org\/it\/wp-json\/wp\/v2\/pages\/3717"}],"wp:attachment":[{"href":"https:\/\/neocatechumenaleiter.org\/it\/wp-json\/wp\/v2\/media?parent=5858"}],"curies":[{"name":"wp","href":"https:\/\/api.w.org\/{rel}","templated":true}]}}