{"id":5860,"date":"2020-03-04T01:52:32","date_gmt":"2020-03-04T00:52:32","guid":{"rendered":"https:\/\/neocatechumenaleiter.org\/discorsi-dei-papi\/s-giovanni-paolo-ii\/udienza-vescovi-dellafrica-31-i-1994\/"},"modified":"2021-08-10T11:03:38","modified_gmt":"2021-08-10T10:03:38","slug":"udienza-vescovi-dellafrica-31-i-1994","status":"publish","type":"page","link":"https:\/\/neocatechumenaleiter.org\/it\/discorsi-dei-papi\/s-giovanni-paolo-ii\/udienza-vescovi-dellafrica-31-i-1994\/","title":{"rendered":"Udienza Vescovi dell\u2019Africa 31-I-1994"},"content":{"rendered":"\n<h1 class=\"has-text-align-center wp-block-heading\">Udienza a numerosi vescovi dell&#8217;Africa partecipanti ad un convegno promosso dal Cammino Neocatecumenale 31-I-1994<\/h1>\n\n<div style=\"height:20px\" aria-hidden=\"true\" class=\"wp-block-spacer\"><\/div>\n\n<h4 class=\"has-text-align-center wp-block-heading\">S. Giovanni Paolo II<\/h4>\n\n<div style=\"height:20px\" aria-hidden=\"true\" class=\"wp-block-spacer\"><\/div>\n\n<p><strong>Citt\u00e0 del Vaticano &#8211; Sala Clementina, 31 gennaio 1994<\/strong><\/p>\n\n<p><em>\u00abA cent\u2019anni dalla prima evangelizzazione, fecondata dal sangue dei martiri e dalla testimonianza di tanti missionari, l\u2019Africa attende nuovi santi che portino il Vangelo incarnato in loro, nuovi evangelizzatori con i quali Cristo Risorto operi confermando la loro parola\u00bb. Lo ha ribadito Giovanni Paolo II ai Cardinali e ai Vescovi di 30 Paesi africani, che partecipano ad un Convegno promosso dal Cammino Neocatecumenale (**).<\/em>&#13;\n&#13;\n<em>Durante l\u2019incontro, svoltosi nella mattinata di luned\u00ec 31 gennaio nella Sala Clementina, il Santo Padre ha pronunciato il seguente discorso:<\/em><\/p>\n\n<p>Venerati Fratelli nell\u2019Episcopato!&#13;\nCarissimi Fratelli e Sorelle!<\/p>\n\n<p>1. Vi accolgo, con gioia, carissimi Cardinali e Vescovi di 30 nazioni africane, insieme agli iniziatori del Cammino Neocatecumenale ed ai numerosi catechisti itineranti che nel Continente d\u2019Africa lavorano per il Regno di Dio. La pace sia con tutti voi.&#13;\n&#13;\nAlle soglie del terzo millennio cristiano vi siete riuniti a Roma per chiedere al Signore un nuovo slancio missionario in vista dell\u2019Assemblea del Sinodo dei Vescovi per l\u2019Africa che sar\u00e0 celebrata il prossimo mese di aprile. <strong>Anche nel vostro continente, giovane e dinamico, la Chiesa attende con ansia un\u2019accoglienza pi\u00f9 vasta e pi\u00f9 profonda delle ricchezze teologico-pastorali riscoperte dal Vaticano II.<\/strong>&#13;\n&#13;\nL\u2019umanit\u00e0 di oggi ha bisogno di una testimonianza che tocchi il cuore. Solo cos\u00ec nascer\u00e0 l\u2019uomo nuovo. Solo cos\u00ec non ci sar\u00e0 pi\u00f9 n\u00e9 giudeo n\u00e9 greco, n\u00e9 schiavo n\u00e9 libero, n\u00e9 uomo n\u00e9 donna, n\u00e9 bianco n\u00e9 nero (cfr Col 3,10s; Gal 3,28). <strong>L\u2019uomo nuovo supera la religiosit\u00e0 naturale, la sua paura del divino e la continua tentazione di venerare Dio al solo scopo di ottenere una vita facile e sicura. <\/strong>L\u2019uomo \u00abnaturalmente\u00bb religioso non conosce ancora la dimensione profonda del Cristianesimo.<\/p>\n\n<p><strong>Il Continente africano sta vivendo, in proposito, un momento di portata storica. <\/strong>E questo rappresenta per voi un \u00abtempo favorevole\u00bb, a lungo atteso e preparato, nel quale le Comunit\u00e0 ecclesiali sono chiamate a manifestare in pienezza il loro \u00abcamminare insieme\u00bb. L\u2019imminente assise sicuramente costituisce un evento provvidenziale che si inserisce nella promettente stagione pastorale della <em>nuova<\/em> <em>evangelizzazione<\/em>.&#13;\n&#13;\n<strong>Anche per l\u2019Africa c\u2019\u00e8 bisogno di un itinerario catecumenale che oltrepassi la religiosit\u00e0 naturale e conduca alla vera fede. <\/strong>Nella Chiesa dei primi secoli ci\u00f2 \u00e8 avvenuto con i popoli del bacino mediterraneo, anch\u2019essi ferventi di una religiosit\u00e0 naturale e al tempo stesso disposti ad accogliere il messaggio evangelico. Il Vangelo semina nel cuore dell\u2019uomo la <em>charitas<\/em>, l\u2019amore come Cristo ci ha amato, l\u2019amore divino, l\u2019amore totale, l\u2019amore per il nemico come \u00e8 stato Ges\u00f9 che ha dato la vita per noi quando eravamo nemici di Dio (cfr Rm 5,10). <strong>L\u2019amore che fa di uomini diversi una sola cosa, affinch\u00e9 il mondo creda che Ges\u00f9 Cristo \u00e8 l\u2019inviato del Padre <\/strong>(cfr Gv 17). A cent\u2019anni dalla prima evangelizzazione, fecondata dal sangue dei martiri e dalla testimonianza di tanti missionari, l\u2019Africa attende nuovi santi che portino il Vangelo incarnato in loro, nuovi evangelizzatori con i quali Cristo Risorto operi confermando la loro parola (cfr Mc 16,20).<\/p>\n\n<div class=\"wp-block-image\"><figure class=\"alignleft size-large\"><img loading=\"lazy\" decoding=\"async\" width=\"685\" height=\"557\" src=\"https:\/\/neocatechumenaleiter.org\/wp-content\/uploads\/2020\/03\/Camino_Neocatecumenal_Juan_Pablo_II_audiencia_obispos_africa_1994.jpg\" alt=\"\" class=\"wp-image-2566\" srcset=\"https:\/\/neocatechumenaleiter.org\/wp-content\/uploads\/2020\/03\/Camino_Neocatecumenal_Juan_Pablo_II_audiencia_obispos_africa_1994.jpg 685w, https:\/\/neocatechumenaleiter.org\/wp-content\/uploads\/2020\/03\/Camino_Neocatecumenal_Juan_Pablo_II_audiencia_obispos_africa_1994-300x244.jpg 300w\" sizes=\"auto, (max-width: 685px) 100vw, 685px\" \/><\/figure><\/div>\n\n<p>2. Venerati Fratelli nell\u2019Episcopato! In quanto Vescovi, voi siete anzitutto \u00abapostoli\u00bb, inviati ad annunciare la Buona Novella! Voi siete i primi responsabili dell\u2019annuncio di Cristo nella Chiesa. Tale responsabilit\u00e0 comporta essenzialmente due attenzioni fondamentali: la prima che Cristo sia annunciato; la seconda, che l\u2019annuncio per cos\u00ec dire \u00abprenda corpo\u00bb nella vita concreta della gente. Tocchiamo qui un nodo centrale della pastorale: quello della cosiddetta inculturazione della fede.<\/p>\n\n<p>L\u2019evangelizzazione, infatti, si rinnova l\u00e0 dove Cristo \u00e8 annunciato con la potenza dello Spirito e al tempo stesso con sincero amore per l\u2019uomo e la sua storia. Ebbene, tra gli strumenti provvedenziali di questa inculturazione vi \u00e8 anche il Cammino Neocatecumenale. Vedo con gioia che in molte delle vostre diocesi, in culture diverse, come nello Zambia, nello Zaire, in Costa d\u2019Avorio ed in altre nazioni, esso porta i suoi frutti. Si sono formate piccole comunit\u00e0 nelle quali la famiglia viene sostenuta e aiutata nella sua missione fondamentale di proclamare Cristo portando la Croce della salvezza in Lui.<\/p>\n\n<p>3. Il Pastore, mandato a discernere e valorizzare i doni dispensati per la crescita della Comunit\u00e0, vigiler\u00e0, in particolare, perch\u00e9 si impostino nel modo opportuno il rapporto tra il kerigma e la cultura locale e quello tra le Comunit\u00e0 parrocchiali. \u00c8 innanzitutto dovere del vescovo orientare le scelte di fondo nel Cammino Neocatecumenale, il quale, essendo nato ed essendosi sviluppato in ambienti europei e latino americani, necessita della guida di illuminati Pastori africani o di esperti missionari per essere adattato alle esigenze particolari e missionarie delle varie nazioni.<\/p>\n\n<p>Riguardo ai rapporti intraecclesiali tra le Comunit\u00e0 Neocatecumenali e la Parrocchia, la Provvidenza vi viene incontro, cari Fratelli, proprio mediante l\u2019esperienza sinodale. \u00abSinodo\u00bb, infatti, significa&#13;\n\u00abcammino fatto insieme\u00bb. Il cristianesimo, secondo la primitiva denominazione, \u00e8 esso stesso la \u00abvia\u00bb. L\u2019itinerario neocatecumenale che ha scelto per s\u00e9 questo bel nome di \u00abCammino\u00bb, si pone al servizio della riscoperta della \u00abvia\u00bb del Vangelo anzitutto per coloro che ne sono lontani. Esso pertanto pu\u00f2 essere valorizzato per l\u2019edificazione di una Parrocchia capace di formare adulti saldamente innestati in Cristo, nella sua parola e nei suoi Misteri.&#13;\nPenso alle esortazioni dell\u2019apostolo Paolo ai Tessalonicesi: \u00abNon spegnete lo Spirito\u00bb (1 Ts 5,19) ed ai Corinzi: \u00abTutto si faccia per l\u2019edificazione\u00bb (1 Cor 14,26). \u00c8 necessario \u00abcamminare insieme\u00bb, armonizzando le comunit\u00e0 ed i gruppi ecclesiali in ordine alla crescita dell\u2019intera Comunit\u00e0 parrocchiale sotto la guida del parroco e dei suoi collaboratori.<\/p>\n\n<p>Il Cammino Neocatecumenale, ben inserito nel piano pastorale della Comunit\u00e0, in armonia con altri carismi che in essa operano, contribuir\u00e0 efficacemente ad imprimere alle Parrocchie lo stile tipico della nuova evangelizzazione: stile fatto di essenzialit\u00e0 e di radicalit\u00e0 di immersione nel mistero di Cristo morto e risorto e di coraggiosa apertura ai bisogni dell\u2019uomo contemporaneo.<\/p>\n\n<p>4. Di tale rinnovata azione missionaria la famiglia \u00e8 senz\u2019altro un soggetto primario nel duplice senso di destinataria e insieme veicolo della Buona Notizia. Tale stupenda realt\u00e0, manifestatasi subito nella Comunit\u00e0 primitiva \u00e8 tornata in piena evidenza dopo il Concilio Vaticano II e rappresenta una vera struttura portante della Chiesa di ogni epoca. La famiglia non \u00e8 la naturale culla dei Santi? E le vocazioni, non germogliano pi\u00f9 facilmente in un nucleo familiare fedele al Vangelo?<\/p>\n\n<p>All\u2019interno del Cammino Neocatecumenale numerose famiglie, spinte dalla forza della parola di Dio e dalla partecipazione ai santi misteri, hanno abbracciato con generosit\u00e0 le esigenze della missione, offrendo un prezioso aiuto a voi Pastori che siete alla ricerca non solo di Sacerdoti e di catechisti, ma anche di coniugi e di famiglie in grado di prestare voce e cuore al Messaggio della salvezza.&#13;\nCarissimi, vi aiuti ed accompagni nel vostro sforzo missionario Maria la Vergine del Cammino. Ella che si mise in viaggio per offrire all\u2019anziana parente Elisabetta la pienezza di carit\u00e0 e di gioia di cui era ricolma (cfr Lc 1,39-45), faccia s\u00ec che il vostro servizio sia generoso e ricco di frutti per l\u2019edificazione delle Comunit\u00e0 ecclesiali dell\u2019Africa.<\/p>\n\n<p>Camminate nella fedelt\u00e0 verso Cristo e verso i fratelli! Camminate insieme! Di cuore tutti vi benedico.<\/p>\n\n<p><em>Terminato il discorso ai partecipanti all\u2019incontro dei Vescovi dell\u2019Africa, il Papa poi ha aggiunto:<\/em><\/p>\n\n<p>Vorrei offrire a tutti i presenti la benedizione: ai Pastori, tanti Vescovi e sacerdoti e poi ai rappresentanti del laicato, soprattutto le famiglie. Vedo molti europei, ma soprattutto si vede il colore nero! Questa volta nel Cammino Neocatecumenale il colore nero diventa un segno di speranza.&#13;\nVi ringrazio per la visita e voglio offrire una benedizione a tutti. Possiamo prima recitare l\u2019Angelus in latino. Voi ancora studiate un po\u2019 questa lingua.<\/p>\n\n<p>\u2013 Recita dell\u2019Angelus<\/p>\n\n<p>Adesso seguono i canti! I canti sono un elemento indispensabile nel vostro Cammino, soprattutto quando \u00e8 presente Kiko.<\/p>\n\n<p><em>&#8211; Canto: \u201cGrazie a Jahwe\u201d.<\/em>&#13;\n&#13;\n<em>(*) Cfr. \u00abL\u2019Osservatore Romano\u00bb, 31 gennaio &#8211; 1\u00b0 febbraio 1994.<\/em>&#13;\n&#13;\n<em>(**) Convivenza dei Vescovi Africani. Roma, 27-31 gennaio, presenti 5 Cardinali e 110 Vescovi.<\/em><\/p>\n","protected":false},"excerpt":{"rendered":"<p>Udienza a numerosi vescovi dell&#8217;Africa partecipanti ad un convegno promosso dal Cammino Neocatecumenale 31-I-1994 S. Giovanni Paolo II Citt\u00e0 del Vaticano &#8211; Sala Clementina, 31 gennaio 1994 \u00abA cent\u2019anni dalla prima evangelizzazione, fecondata dal sangue dei martiri e dalla testimonianza di tanti missionari, l\u2019Africa attende nuovi santi che portino il Vangelo incarnato in loro, nuovi evangelizzatori con i quali Cristo Risorto operi confermando la loro parola\u00bb. Lo ha ribadito Giovanni<\/p>\n<div class=\"read-more\"><a class=\"btn read-more-btn\" href=\"https:\/\/neocatechumenaleiter.org\/it\/discorsi-dei-papi\/s-giovanni-paolo-ii\/udienza-vescovi-dellafrica-31-i-1994\/\">Leggi tutto<\/a><\/div>\n","protected":false},"author":2,"featured_media":0,"parent":3717,"menu_order":79,"comment_status":"closed","ping_status":"closed","template":"","meta":{"footnotes":""},"class_list":["post-5860","page","type-page","status-publish","hentry"],"_links":{"self":[{"href":"https:\/\/neocatechumenaleiter.org\/it\/wp-json\/wp\/v2\/pages\/5860","targetHints":{"allow":["GET"]}}],"collection":[{"href":"https:\/\/neocatechumenaleiter.org\/it\/wp-json\/wp\/v2\/pages"}],"about":[{"href":"https:\/\/neocatechumenaleiter.org\/it\/wp-json\/wp\/v2\/types\/page"}],"author":[{"embeddable":true,"href":"https:\/\/neocatechumenaleiter.org\/it\/wp-json\/wp\/v2\/users\/2"}],"replies":[{"embeddable":true,"href":"https:\/\/neocatechumenaleiter.org\/it\/wp-json\/wp\/v2\/comments?post=5860"}],"version-history":[{"count":3,"href":"https:\/\/neocatechumenaleiter.org\/it\/wp-json\/wp\/v2\/pages\/5860\/revisions"}],"predecessor-version":[{"id":9935,"href":"https:\/\/neocatechumenaleiter.org\/it\/wp-json\/wp\/v2\/pages\/5860\/revisions\/9935"}],"up":[{"embeddable":true,"href":"https:\/\/neocatechumenaleiter.org\/it\/wp-json\/wp\/v2\/pages\/3717"}],"wp:attachment":[{"href":"https:\/\/neocatechumenaleiter.org\/it\/wp-json\/wp\/v2\/media?parent=5860"}],"curies":[{"name":"wp","href":"https:\/\/api.w.org\/{rel}","templated":true}]}}