{"id":5862,"date":"2020-03-04T01:55:08","date_gmt":"2020-03-04T00:55:08","guid":{"rendered":"https:\/\/neocatechumenaleiter.org\/discorsi-dei-papi\/s-giovanni-paolo-ii\/visita-alla-parrocchia-di-s-francesco-di-sales-13-iii-1994\/"},"modified":"2021-08-10T11:03:42","modified_gmt":"2021-08-10T10:03:42","slug":"visita-alla-parrocchia-di-s-francesco-di-sales-13-iii-1994","status":"publish","type":"page","link":"https:\/\/neocatechumenaleiter.org\/it\/discorsi-dei-papi\/s-giovanni-paolo-ii\/visita-alla-parrocchia-di-s-francesco-di-sales-13-iii-1994\/","title":{"rendered":"Visita alla parrocchia di S. Francesco di Sales 13-III-1994"},"content":{"rendered":"\n<h1 class=\"has-text-align-center wp-block-heading\">Visita alla parrocchia di S. Francesco di Sales 13-III-1994<\/h1>\n\n<div style=\"height:20px\" aria-hidden=\"true\" class=\"wp-block-spacer\"><\/div>\n\n<h4 class=\"has-text-align-center wp-block-heading\">S. Giovanni Paolo II<\/h4>\n\n<div style=\"height:20px\" aria-hidden=\"true\" class=\"wp-block-spacer\"><\/div>\n\n<p><strong>Roma, 13 marzo 1994<\/strong><\/p>\n\n<p><em>Il Santo Padre rivolgendosi ai bambini ha detto:<\/em><\/p>\n\n<div class=\"wp-block-image\"><figure class=\"alignright size-large\"><img loading=\"lazy\" decoding=\"async\" width=\"684\" height=\"563\" src=\"https:\/\/neocatechumenaleiter.org\/wp-content\/uploads\/2020\/03\/Camino_Neocatecumenal_Juan_Pablo_II_visita_parroquia_San_Francisco_Sales_1994.jpg\" alt=\"\" class=\"wp-image-2576\" srcset=\"https:\/\/neocatechumenaleiter.org\/wp-content\/uploads\/2020\/03\/Camino_Neocatecumenal_Juan_Pablo_II_visita_parroquia_San_Francisco_Sales_1994.jpg 684w, https:\/\/neocatechumenaleiter.org\/wp-content\/uploads\/2020\/03\/Camino_Neocatecumenal_Juan_Pablo_II_visita_parroquia_San_Francisco_Sales_1994-300x247.jpg 300w\" sizes=\"auto, (max-width: 684px) 100vw, 684px\" \/><\/figure><\/div>\n\n<p>Oggi ho sentito che voi cantate la gioia. \u00c8 Quaresima, ma voi cantate la gioia. \u00c8 giusto che cantiate la gioia perch\u00e9 questa IV Domenica di Quaresima tradizionalmente si chiamava <em>Laetare<\/em>. <em>Laetare <\/em>vuol dire \u00abgioire\u00bb. Perch\u00e9 i cristiani gioivano in questa Domenica? Gioivano a motivo del loro Battesimo. <strong>Gioivano specialmente i catecumeni che si preparavano al Battesimo e in questo giorno ricevevano gi\u00e0 il simbolo della fede. <\/strong>Allora erano ammessi alla fede. La catechesi principale era questa.<\/p>\n\n<p>Voi sapete chi \u00e8 il catecumeno? \u00c8 quello che si prepara al Battesimo. Ci sono poi i neocatecumeni, o neocatecumenali, in questa parrocchia. Era cos\u00ec importante nella Chiesa primitiva, e lo \u00e8 sempre nella Chiesa, la preparazione al Battesimo. Il Battesimo \u00e8 un grande mistero, una grande realt\u00e0 cristiana. \u00c8 l\u2019inizio della vita in Cristo. E i catecumeni si preparavano e si preparano ad iniziare bene la vita in Cristo. Oggi per i piccoli appena nati manca il catecumenato vero e per questo ci vuole un neocatecumenato, un catecumenato posteriore che completa quello che manca al piccolo neonato battezzato. Cos\u00ec si spiega la grande im- portanza del Movimento Neocatecumenale.<\/p>\n\n<p>Devo dire che tutto il periodo quaresimale che viviamo adesso ci ricorda ogni anno questo \u00abcammino catecumenale\u00bb: come si preparavano a ricevere il simbolo e poi, dopo alcune settimane, a ricevere Ges\u00f9 Risorto. Il Battesimo vuol dire la nuova vita in Ges\u00f9, questa nuova vita manifestata, rivelata attraverso la sua Risurrezione dopo la morte.&#13;\n&#13;\n(*) Cfr. \u00abL\u2019Osservatore Romano\u00bb, 14-15 marzo 1994.<\/p>\n","protected":false},"excerpt":{"rendered":"<p>Visita alla parrocchia di S. Francesco di Sales 13-III-1994 S. Giovanni Paolo II Roma, 13 marzo 1994 Il Santo Padre rivolgendosi ai bambini ha detto: Oggi ho sentito che voi cantate la gioia. \u00c8 Quaresima, ma voi cantate la gioia. \u00c8 giusto che cantiate la gioia perch\u00e9 questa IV Domenica di Quaresima tradizionalmente si chiamava Laetare. Laetare vuol dire \u00abgioire\u00bb. Perch\u00e9 i cristiani gioivano in questa Domenica? Gioivano a motivo<\/p>\n<div class=\"read-more\"><a class=\"btn read-more-btn\" href=\"https:\/\/neocatechumenaleiter.org\/it\/discorsi-dei-papi\/s-giovanni-paolo-ii\/visita-alla-parrocchia-di-s-francesco-di-sales-13-iii-1994\/\">Leggi tutto<\/a><\/div>\n","protected":false},"author":2,"featured_media":0,"parent":3717,"menu_order":80,"comment_status":"closed","ping_status":"closed","template":"","meta":{"footnotes":""},"class_list":["post-5862","page","type-page","status-publish","hentry"],"_links":{"self":[{"href":"https:\/\/neocatechumenaleiter.org\/it\/wp-json\/wp\/v2\/pages\/5862","targetHints":{"allow":["GET"]}}],"collection":[{"href":"https:\/\/neocatechumenaleiter.org\/it\/wp-json\/wp\/v2\/pages"}],"about":[{"href":"https:\/\/neocatechumenaleiter.org\/it\/wp-json\/wp\/v2\/types\/page"}],"author":[{"embeddable":true,"href":"https:\/\/neocatechumenaleiter.org\/it\/wp-json\/wp\/v2\/users\/2"}],"replies":[{"embeddable":true,"href":"https:\/\/neocatechumenaleiter.org\/it\/wp-json\/wp\/v2\/comments?post=5862"}],"version-history":[{"count":6,"href":"https:\/\/neocatechumenaleiter.org\/it\/wp-json\/wp\/v2\/pages\/5862\/revisions"}],"predecessor-version":[{"id":24237,"href":"https:\/\/neocatechumenaleiter.org\/it\/wp-json\/wp\/v2\/pages\/5862\/revisions\/24237"}],"up":[{"embeddable":true,"href":"https:\/\/neocatechumenaleiter.org\/it\/wp-json\/wp\/v2\/pages\/3717"}],"wp:attachment":[{"href":"https:\/\/neocatechumenaleiter.org\/it\/wp-json\/wp\/v2\/media?parent=5862"}],"curies":[{"name":"wp","href":"https:\/\/api.w.org\/{rel}","templated":true}]}}