{"id":5864,"date":"2020-03-04T01:57:30","date_gmt":"2020-03-04T00:57:30","guid":{"rendered":"https:\/\/neocatechumenaleiter.org\/discorsi-dei-papi\/s-giovanni-paolo-ii\/ordinazione-sacerdotale-22-v-1994\/"},"modified":"2021-08-10T11:03:48","modified_gmt":"2021-08-10T10:03:48","slug":"ordinazione-sacerdotale-22-v-1994","status":"publish","type":"page","link":"https:\/\/neocatechumenaleiter.org\/it\/discorsi-dei-papi\/s-giovanni-paolo-ii\/ordinazione-sacerdotale-22-v-1994\/","title":{"rendered":"Ordinazione sacerdotale 22-V-1994"},"content":{"rendered":"\n<h1 class=\"has-text-align-center wp-block-heading\">Ordinazione sacerdotale 22-V-1994<\/h1>\n\n<div style=\"height:20px\" aria-hidden=\"true\" class=\"wp-block-spacer\"><\/div>\n\n<h4 class=\"has-text-align-center wp-block-heading\">S. Giovanni Paolo II<\/h4>\n\n<div style=\"height:20px\" aria-hidden=\"true\" class=\"wp-block-spacer\"><\/div>\n\n<p><strong>San Pietro, 22 maggio 1994<\/strong><\/p>\n\n<p><em>Domenica di Pentecoste in San Pietro, domenica di ordinazioni sacerdotali. Trentanove diaconi (di cui 13 formati nel Seminario \u00abRedemptoris Mater\u00bb) in camice bianco e stola rossa ai piedi dell\u2019altare della Confessione, disposti in fila nel vasto presbiterio sono stati ordinati presbiteri dal Cardinale Vicario Camillo Ruini.<\/em>&#13;\n&#13;\n<em>Come ogni anno, doveva essere Giovanni Paolo II a conferire il sacramento dell\u2019Ordine sacro ai giovani diaconi. Ma, quest\u2019anno, la degenza del Santo Padre al Gemelli non gli ha consentito di presiedere il rito.<\/em><\/p>\n\n<p><em>All\u2019inizio dell\u2019omelia, il Cardinale Ruini ha rivolto questo grato pensiero a Giovanni Paolo II:<\/em><\/p>\n\n<div class=\"wp-block-image\"><figure class=\"alignleft size-large\"><img loading=\"lazy\" decoding=\"async\" width=\"688\" height=\"498\" src=\"https:\/\/neocatechumenaleiter.org\/wp-content\/uploads\/2020\/03\/Camino_Neocatecumenal_Juan_Pablo_II_ordenacion_sacerdotal_1994.jpg\" alt=\"\" class=\"wp-image-2586\" srcset=\"https:\/\/neocatechumenaleiter.org\/wp-content\/uploads\/2020\/03\/Camino_Neocatecumenal_Juan_Pablo_II_ordenacion_sacerdotal_1994.jpg 688w, https:\/\/neocatechumenaleiter.org\/wp-content\/uploads\/2020\/03\/Camino_Neocatecumenal_Juan_Pablo_II_ordenacion_sacerdotal_1994-300x217.jpg 300w\" sizes=\"auto, (max-width: 688px) 100vw, 688px\" \/><\/figure><\/div>\n\n<p>Oggi avreste dovuto essere ordinati per le sue mani, \u2013 ha detto il Card. Ruini \u2013 il Signore ha disposto diversamente, ma voi sapete che attraverso l\u2019offerta di questo tempo di sofferenza il Papa vi \u00e8 ancor pi\u00f9 vicino, \u00e8 ancora pi\u00f9 intensamente il Padre del vostro sacerdozio. Gli diciamo grazie con tutto il cuore e ascoltiamo le sue parole.<\/p>\n\n<p><em>Trentanove nuovi presbiteri nella solennit\u00e0 di Pentecoste: un grande dono dello Spirito alla Chiesa di Roma. Trentotto di questi giovani \u00abcuori generosi\u00bb sono incardinati alla Chiesa romana. Ventuno del Seminario Romano Maggiore; tredici del Collegio diocesano Redemptoris Mater; tre dell\u2019Almo Collegio Capranica.<\/em>&#13;\n&#13;\n<em>(*) Cfr. \u00abL\u2019Osservatore Romano\u00bb, 23-24 maggio 1994.<\/em><\/p>\n","protected":false},"excerpt":{"rendered":"<p>Ordinazione sacerdotale 22-V-1994 S. Giovanni Paolo II San Pietro, 22 maggio 1994 Domenica di Pentecoste in San Pietro, domenica di ordinazioni sacerdotali. Trentanove diaconi (di cui 13 formati nel Seminario \u00abRedemptoris Mater\u00bb) in camice bianco e stola rossa ai piedi dell\u2019altare della Confessione, disposti in fila nel vasto presbiterio sono stati ordinati presbiteri dal Cardinale Vicario Camillo Ruini.&#13; &#13; Come ogni anno, doveva essere Giovanni Paolo II a conferire il<\/p>\n<div class=\"read-more\"><a class=\"btn read-more-btn\" href=\"https:\/\/neocatechumenaleiter.org\/it\/discorsi-dei-papi\/s-giovanni-paolo-ii\/ordinazione-sacerdotale-22-v-1994\/\">Leggi tutto<\/a><\/div>\n","protected":false},"author":2,"featured_media":0,"parent":3717,"menu_order":81,"comment_status":"closed","ping_status":"closed","template":"","meta":{"footnotes":""},"class_list":["post-5864","page","type-page","status-publish","hentry"],"_links":{"self":[{"href":"https:\/\/neocatechumenaleiter.org\/it\/wp-json\/wp\/v2\/pages\/5864","targetHints":{"allow":["GET"]}}],"collection":[{"href":"https:\/\/neocatechumenaleiter.org\/it\/wp-json\/wp\/v2\/pages"}],"about":[{"href":"https:\/\/neocatechumenaleiter.org\/it\/wp-json\/wp\/v2\/types\/page"}],"author":[{"embeddable":true,"href":"https:\/\/neocatechumenaleiter.org\/it\/wp-json\/wp\/v2\/users\/2"}],"replies":[{"embeddable":true,"href":"https:\/\/neocatechumenaleiter.org\/it\/wp-json\/wp\/v2\/comments?post=5864"}],"version-history":[{"count":3,"href":"https:\/\/neocatechumenaleiter.org\/it\/wp-json\/wp\/v2\/pages\/5864\/revisions"}],"predecessor-version":[{"id":5867,"href":"https:\/\/neocatechumenaleiter.org\/it\/wp-json\/wp\/v2\/pages\/5864\/revisions\/5867"}],"up":[{"embeddable":true,"href":"https:\/\/neocatechumenaleiter.org\/it\/wp-json\/wp\/v2\/pages\/3717"}],"wp:attachment":[{"href":"https:\/\/neocatechumenaleiter.org\/it\/wp-json\/wp\/v2\/media?parent=5864"}],"curies":[{"name":"wp","href":"https:\/\/api.w.org\/{rel}","templated":true}]}}