{"id":5868,"date":"2020-03-04T02:01:03","date_gmt":"2020-03-04T01:01:03","guid":{"rendered":"https:\/\/neocatechumenaleiter.org\/discorsi-dei-papi\/s-giovanni-paolo-ii\/udienza-alle-famiglie-del-cammino-neocatecumenale-12-xii-1994\/"},"modified":"2021-08-10T11:03:53","modified_gmt":"2021-08-10T10:03:53","slug":"udienza-alle-famiglie-del-cammino-neocatecumenale-12-xii-1994","status":"publish","type":"page","link":"https:\/\/neocatechumenaleiter.org\/it\/discorsi-dei-papi\/s-giovanni-paolo-ii\/udienza-alle-famiglie-del-cammino-neocatecumenale-12-xii-1994\/","title":{"rendered":"Udienza alle famiglie del Cammino Neocatecumenale 12-XII-1994"},"content":{"rendered":"\n<h1 class=\"has-text-align-center wp-block-heading\">Udienza alle famiglie del Cammino Neocatecumenale 12-XII-1994<\/h1>\n\n<div style=\"height:20px\" aria-hidden=\"true\" class=\"wp-block-spacer\"><\/div>\n\n<h4 class=\"has-text-align-center wp-block-heading\">S. Giovanni Paolo II<\/h4>\n\n<div style=\"height:20px\" aria-hidden=\"true\" class=\"wp-block-spacer\"><\/div>\n\n<p><strong>Citt\u00e0 del Vaticano &#8211; Aula Paolo VI, 12 dicembre 1994<\/strong><\/p>\n\n<p><em>Giovanni Paolo II ha ricevuto in udienza nella mattina di luned\u00ec 12 dicembre le famiglie del Cammino Neocatecumenale.<\/em>&#13;\n&#13;\n<em>Durante l\u2019incontro, svoltosi nell\u2019Aula Paolo VI, il Santo Padre ha pronunciato il seguente discorso:<\/em><\/p>\n\n<p>Carissimi Fratelli e Sorelle!&#13;\n&#13;\n1. Siete i benvenuti nella Sede di Pietro, che oggi diventa per molti di voi come un porto da cui sciogliere le vele: siete infatti venuti per uno speciale mandato missionario, che riguarda direttamente oltre duecento famiglie, ma che giustamente coinvolge anche le rispettive comunit\u00e0 di appartenenza.&#13;\n&#13;\nNon \u00e8 questo il primo incontro del Papa con le famiglie del Cammino Neocatecumenale. In varie altre occasioni ho potuto vedere gruppi del Movimento. Ricordo, in particolare, l\u2019incontro del 1988, a Porto San Giorgio, quando celebrai con voi l\u2019Eucaristia nella festa della Santa Famiglia e consegnai il <em>crocefisso a 72 famiglie in partenza per il servizio itinerante<\/em>. In quella circostanza vi parlai della Trinit\u00e0 in missione e della famiglia in missione.&#13;\n&#13;\nA quell\u2019incontro si collega l\u2019attuale che giunge per\u00f2 arricchito dal cammino di questi anni, in cui la Chiesa ha affrettato il passo verso il terzo millennio cristiano. Oggi, poi, ci collochiamo <strong>su uno sfondo ben preciso: l\u2019Anno della Famiglia <\/strong>che volge ormai al termine e che ha vissuto il suo momento culminante <strong>l\u20198 e il 9 ottobre scorso, quando in Piazza San Pietro si raccolsero numerosissime famiglie provenienti da tutto il mondo.<\/strong><\/p>\n\n<p>Guardando in avanti, vediamo ormai vicino il grande Giubileo del 2000 per la cui preparazione ho indirizzato a tutto il popolo di Dio la Lettera Apostolica <em>Tertio Millennio adveniente<\/em>. <strong>La Chiesa, Famiglia di famiglie, \u00e8 decisamente incamminata verso tale traguardo ed \u00e8 molto importante che essa vi giunga quanto pi\u00f9 possibile unita e missionaria, stretta nella carit\u00e0 intorno all\u2019unico Signore e al tempo stesso proiettata dal suo Santo Spirito all\u2019evangelizzazione del mondo.<\/strong><\/p>\n\n<div class=\"wp-block-image\"><figure class=\"alignleft size-medium\"><img loading=\"lazy\" decoding=\"async\" width=\"300\" height=\"245\" src=\"https:\/\/neocatechumenaleiter.org\/wp-content\/uploads\/2020\/03\/Camino_Neocatecumenal_Juan_Pablo_II_audiencia_familias_misioneras_1994-300x245.jpg\" alt=\"\" class=\"wp-image-2593\" srcset=\"https:\/\/neocatechumenaleiter.org\/wp-content\/uploads\/2020\/03\/Camino_Neocatecumenal_Juan_Pablo_II_audiencia_familias_misioneras_1994-300x245.jpg 300w, https:\/\/neocatechumenaleiter.org\/wp-content\/uploads\/2020\/03\/Camino_Neocatecumenal_Juan_Pablo_II_audiencia_familias_misioneras_1994.jpg 693w\" sizes=\"auto, (max-width: 300px) 100vw, 300px\" \/><\/figure><\/div>\n\n<p>2. L\u2019Anno della famiglia ha costituito per tutta la Chiesa anzitutto <em>una corale professione di fede <\/em>delle famiglie in Dio Creatore, Redentore e Santificatore della vita. In questo anno sta emergendo con forza alla coscienza della Chiesa e agli occhi del mondo la <em>dimensione familiare <\/em>di quella che il Vaticano II chiama \u00ab<strong>partecipazione dei laici alla funzione profetica del Cristo<\/strong>\u00bb (<em>Lumen Gentium<\/em>, n. 35).<\/p>\n\n<p><strong>La famiglia, in quanto \u00abpiccola chiesa\u00bb <\/strong>e \u00abcomunit\u00e0 domestica\u00bb, <strong>\u00e8 chiamata ad esercitare un servizio sacerdotale, profetico e regale. <\/strong>\u00c8 quanto il Concilio espressamente sottolinea: \u00abIn questo ordine di funzioni appare di grande valore quello stato di vita che \u00e8 santificato da uno speciale sacramento: la vita matrimoniale e familiare\u00bb (<em>ibid<\/em>).&#13;\n&#13;\n<strong>Le radici di tale vocazione si trovano naturalmente nel Battesimo e il Cammino Neocatecumenale consiste proprio in un itinerario di riscoperta del Battesimo. <\/strong>\u00c8 molto significativo, perci\u00f2, che nelle Comunit\u00e0 si impegnino non solo singole persone, ma anche famiglie, disposte ad affrontare di comune accordo, senza venir meno ai doveri del patto coniugale, le difficolt\u00e0 e le responsabilit\u00e0 che un simile compito comporta.<\/p>\n\n<p>3. Oggi, cari Fratelli e Sorelle, siete qui per testimoniare proprio la dimensione missionaria e profetica del vostro cammino di fede. E volete sottolineare che questa dimensione missionaria investe la famiglia in quanto tale, giacch\u00e9 la rinascita battesimale non ne tocca i componenti solo singolarmente, ma li coinvolge tutti insieme impegnandoli come comunit\u00e0 familiare in un pi\u00f9 profondo vincolo di unit\u00e0 nella carit\u00e0 e in un pi\u00f9 vivo slancio missionario. Ecco, carissimi, ci\u00f2 che sta alla radice della vostra \u00abpartenza\u00bb. Non dimenticatelo mai! Il Crocifisso che riceverete vi ricordi ogni giorno che se siete partiti in missione, \u00e8 perch\u00e9 voi per primi siete stati raggiunti, rinnovati dall\u2019amore misericordioso di Dio, come famiglie per le famiglie.<\/p>\n\n<p>Andate, dunque, care famiglie missionarie. La grazia del Battesimo, della Confermazione e del Matrimonio, rinnovata nell\u2019Eucaristia e nella Riconciliazione, vi sosterranno in ogni momento della vita. Forti di questo sostegno soprannaturale, siate pronte a rendere testimonianza della speranza che \u00e8 in voi (cfr 1Pt 3,15). La Santa Famiglia di Nazareth sia il vostro modello e la vostra patrona. Vi accompagni anche la benedizione apostolica che ora imparto di cuore a voi e alle vostre Comunit\u00e0.<\/p>\n\n<div class=\"wp-block-image\"><figure class=\"alignright size-large\"><img loading=\"lazy\" decoding=\"async\" width=\"695\" height=\"569\" src=\"https:\/\/neocatechumenaleiter.org\/wp-content\/uploads\/2020\/03\/Camino_Neocatecumenal_Juan_Pablo_II_audiencia_familias_misioneras_1994_2.jpg\" alt=\"\" class=\"wp-image-2603\" srcset=\"https:\/\/neocatechumenaleiter.org\/wp-content\/uploads\/2020\/03\/Camino_Neocatecumenal_Juan_Pablo_II_audiencia_familias_misioneras_1994_2.jpg 695w, https:\/\/neocatechumenaleiter.org\/wp-content\/uploads\/2020\/03\/Camino_Neocatecumenal_Juan_Pablo_II_audiencia_familias_misioneras_1994_2-300x246.jpg 300w\" sizes=\"auto, (max-width: 695px) 100vw, 695px\" \/><\/figure><\/div>\n\n<p><em>Sono 120 le famiglie del Cammino Neocatecumenale che hanno ricevuto dal Santo Padre il mandato missionario. Provengono dall\u2019Italia, dalla Spagna, dalla Polonia, dall\u2019India, dall\u2019Irlanda. Porteranno l\u2019annuncio del Vangelo in 40 Paesi dei cinque continenti.&#13;\nI Paesi dell\u2019Europa che saranno interessati dall\u2019opera missionaria di queste famiglie, sono tra gli altri: la Croazia, l\u2019Ucrania, il Kazakistan, la Finlandia, la Germania. In America le nuove famiglie in missione proclameranno la Parola negli Stati Uniti, in Canada, in Costa Rica, in Colombia, in Venezuela.<\/em><\/p>\n\n<p><em>Le famiglie destinate in Asia renderanno la loro testimonianza di fede in Giappone, in India, in Taiwan, nelle Filippine. Tra i Paesi africani ai quali \u00e8 diretto il servizio itinerante di queste famiglie: l\u2019Egitto, la Costa d\u2019Avorio, l\u2019Etiopia.&#13;\nPer queste 120 famiglie che hanno 441 figli, si tratta di un impegno tanto arduo quanto esaltante: testimoniare Cristo in regioni della Terra gi\u00e0 evangelizzate ma minacciate dalla secolarizzazione e in zone che ancora non conoscono il Vangelo.&#13;\nUn impegno chiamato a svolgersi su due versanti, intimamente legati dal segno della fedelt\u00e0 alla radicalit\u00e0 evangelica.<\/em><\/p>\n\n<p><em>All\u2019incontro hanno partecipato il Cardinale Lopez Trujillo, l\u2019Arcivescovo Massimino Romero, i Vescovi Jan Pawel Lenga, Paul Cordes, Luigi Boccadoro, Giulio Salimei. Erano inoltre presenti Kiko Arg\u00fcello e Carmen Hern\u00e1ndez, iniziatori del Cammino Neocatecumenale. Hanno partecipato anche 180 famiglie del Cammino da tempo impegnate in terra di missione.<\/em>&#13;\n&#13;\n<em>(*) Cfr. \u00abL\u2019Osservatore Romano\u00bb 12-13 dicembre 1994.<\/em><\/p>\n","protected":false},"excerpt":{"rendered":"<p>Udienza alle famiglie del Cammino Neocatecumenale 12-XII-1994 S. Giovanni Paolo II Citt\u00e0 del Vaticano &#8211; Aula Paolo VI, 12 dicembre 1994 Giovanni Paolo II ha ricevuto in udienza nella mattina di luned\u00ec 12 dicembre le famiglie del Cammino Neocatecumenale.&#13; &#13; Durante l\u2019incontro, svoltosi nell\u2019Aula Paolo VI, il Santo Padre ha pronunciato il seguente discorso: Carissimi Fratelli e Sorelle!&#13; &#13; 1. Siete i benvenuti nella Sede di Pietro, che oggi diventa<\/p>\n<div class=\"read-more\"><a class=\"btn read-more-btn\" href=\"https:\/\/neocatechumenaleiter.org\/it\/discorsi-dei-papi\/s-giovanni-paolo-ii\/udienza-alle-famiglie-del-cammino-neocatecumenale-12-xii-1994\/\">Leggi tutto<\/a><\/div>\n","protected":false},"author":2,"featured_media":0,"parent":3717,"menu_order":82,"comment_status":"closed","ping_status":"closed","template":"","meta":{"footnotes":""},"class_list":["post-5868","page","type-page","status-publish","hentry"],"_links":{"self":[{"href":"https:\/\/neocatechumenaleiter.org\/it\/wp-json\/wp\/v2\/pages\/5868","targetHints":{"allow":["GET"]}}],"collection":[{"href":"https:\/\/neocatechumenaleiter.org\/it\/wp-json\/wp\/v2\/pages"}],"about":[{"href":"https:\/\/neocatechumenaleiter.org\/it\/wp-json\/wp\/v2\/types\/page"}],"author":[{"embeddable":true,"href":"https:\/\/neocatechumenaleiter.org\/it\/wp-json\/wp\/v2\/users\/2"}],"replies":[{"embeddable":true,"href":"https:\/\/neocatechumenaleiter.org\/it\/wp-json\/wp\/v2\/comments?post=5868"}],"version-history":[{"count":5,"href":"https:\/\/neocatechumenaleiter.org\/it\/wp-json\/wp\/v2\/pages\/5868\/revisions"}],"predecessor-version":[{"id":9933,"href":"https:\/\/neocatechumenaleiter.org\/it\/wp-json\/wp\/v2\/pages\/5868\/revisions\/9933"}],"up":[{"embeddable":true,"href":"https:\/\/neocatechumenaleiter.org\/it\/wp-json\/wp\/v2\/pages\/3717"}],"wp:attachment":[{"href":"https:\/\/neocatechumenaleiter.org\/it\/wp-json\/wp\/v2\/media?parent=5868"}],"curies":[{"name":"wp","href":"https:\/\/api.w.org\/{rel}","templated":true}]}}