{"id":5878,"date":"2020-03-04T02:13:42","date_gmt":"2020-03-04T01:13:42","guid":{"rendered":"https:\/\/neocatechumenaleiter.org\/discorsi-dei-papi\/s-giovanni-paolo-ii\/udienza-ad-un-gruppo-di-neocatecumenali-provenienti-dalla-germania-26-iv-1996\/"},"modified":"2021-08-10T11:04:04","modified_gmt":"2021-08-10T10:04:04","slug":"udienza-ad-un-gruppo-di-neocatecumenali-provenienti-dalla-germania-26-iv-1996","status":"publish","type":"page","link":"https:\/\/neocatechumenaleiter.org\/it\/discorsi-dei-papi\/s-giovanni-paolo-ii\/udienza-ad-un-gruppo-di-neocatecumenali-provenienti-dalla-germania-26-iv-1996\/","title":{"rendered":"Udienza ad un gruppo di neocatecumenali provenienti dalla Germania 26-IV-1996"},"content":{"rendered":"\n<h1 class=\"has-text-align-center wp-block-heading\">Udienza ad un gruppo di neocatecumenali provenienti dalla Germania 26-IV-1996<\/h1>\n\n<div style=\"height:20px\" aria-hidden=\"true\" class=\"wp-block-spacer\"><\/div>\n\n<h4 class=\"has-text-align-center wp-block-heading\">S. Giovanni Paolo II<\/h4>\n\n<div style=\"height:20px\" aria-hidden=\"true\" class=\"wp-block-spacer\"><\/div>\n\n<div class=\"wp-block-image\"><figure class=\"alignright size-medium\"><img loading=\"lazy\" decoding=\"async\" width=\"300\" height=\"250\" src=\"https:\/\/neocatechumenaleiter.org\/wp-content\/uploads\/2020\/03\/Camino_Neocatecumenal_Juan_Pablo_II_audiencia_hermanos_camino_alemania_1996-300x250.jpg\" alt=\"\" class=\"wp-image-2627\" srcset=\"https:\/\/neocatechumenaleiter.org\/wp-content\/uploads\/2020\/03\/Camino_Neocatecumenal_Juan_Pablo_II_audiencia_hermanos_camino_alemania_1996-300x250.jpg 300w, https:\/\/neocatechumenaleiter.org\/wp-content\/uploads\/2020\/03\/Camino_Neocatecumenal_Juan_Pablo_II_audiencia_hermanos_camino_alemania_1996.jpg 680w\" sizes=\"auto, (max-width: 300px) 100vw, 300px\" \/><\/figure><\/div>\n\n<p><strong>Citt\u00e0 del Vaticano \u2013 Sala Clementina, 26 aprile 1996<\/strong><\/p>\n\n<p><em>Giovanni Paolo II ha ricevuto in udienza nella mattina di venerd\u00ec 26 aprile un gruppo di Neocatecumenali provenienti dalla Germania. Durante l\u2019incontro svoltosi nella Sala Clementina, il Santo Padre ha pronunciato le seguenti parole:<\/em><\/p>\n\n<p>Cari Fratelli e Sorelle,<\/p>\n\n<p>Vi porgo il mio cordiale benvenuto in occasione della Vostra visita alle tombe degli Apostoli durante questo tempo pasquale. Uno degli avvenimenti pi\u00f9 impressionanti del Vangelo \u00e8 il racconto dell\u2019incontro del Risorto con i discepoli di Emmaus. L\u2019avvenimento di Emmaus vuole dirci: lungo il cammino ci sono uomini che cercano e che sono riconoscenti per ogni comunit\u00e0 in cammino, uomini che cercano e sono disposti ad ascoltare e ad imparare.<\/p>\n\n<p>Noi siamo degli eterni pellegrini, sempre in cammino; non possiamo abbandonare la via. Sulla via da Gerusalemme ad Emmaus si fa realt\u00e0 quella parola di Cristo che fonda la Chiesa: \u00abOve due o tre sono riuniti nel mio nome, io sar\u00f2 in mezzo a loro\u00bb (Mt 18,20).<\/p>\n\n<p>Il nostro \u00e8 un Dio che si fa vicino e non che sta lontano. Per questo noi, in quanto veri cristiani, siamo uomini che camminano con Dio vicino ed il traguardo del nostro pellegrinaggio terreno \u00e8 Dio.<\/p>\n\n<p>Quando Ges\u00f9 vide avvicinarsi la sua morte in croce, disse ai suoi amici che andava al Padre (cfr Gv 14,28). Soltanto a partire da questo traguardo il nostro cammino riceve il vero orientamento interno ed il suo significato profondo. \u00abFare la volont\u00e0 di Dio\u00bb \u00e8 stato per Ges\u00f9 l\u2019unico principio di azione e questo gli dette una fermezza ed una stabilit\u00e0 incrollabile.<\/p>\n\n<div class=\"wp-block-image\"><figure class=\"alignleft size-medium\"><img loading=\"lazy\" decoding=\"async\" width=\"250\" height=\"300\" src=\"https:\/\/neocatechumenaleiter.org\/wp-content\/uploads\/2020\/03\/Camino_Neocatecumenal_Juan_Pablo_II_audiencia_hermanos_camino_alemania_1996_2-250x300.jpg\" alt=\"\" class=\"wp-image-2634\" srcset=\"https:\/\/neocatechumenaleiter.org\/wp-content\/uploads\/2020\/03\/Camino_Neocatecumenal_Juan_Pablo_II_audiencia_hermanos_camino_alemania_1996_2-250x300.jpg 250w, https:\/\/neocatechumenaleiter.org\/wp-content\/uploads\/2020\/03\/Camino_Neocatecumenal_Juan_Pablo_II_audiencia_hermanos_camino_alemania_1996_2.jpg 568w\" sizes=\"auto, (max-width: 250px) 100vw, 250px\" \/><\/figure><\/div>\n\n<p>Agire secondo la volont\u00e0 di Dio significa, per i laici nella Chiesa, un molteplice impegno in una societ\u00e0 in trasformazione che si mostra indifferente alla Chiesa. Preoccupatevi di seguire Ges\u00f9 e di vederlo presente in quei fratelli e sorelle che incontrate sulla strada della vostra vita, oppure andate a cercarli nei luoghi della sofferenza, dell\u2019abbandono ed ai margini della societ\u00e0. Portate loro il calore della Vostra umana solidariet\u00e0 e fate loro sentire la consolazione soprannaturale della fede in Cristo.<\/p>\n\n<p>Per intercessione della Madre Divina, la vostra preghiera al nostro Dio e Signore vi conferisca la capacit\u00e0 di portare un concreto contributo per il rinnovamento spirituale di questo nostro mondo, talvolta cos\u00ec spento per mancanza di ideali.<\/p>\n\n<p>Per questa vostra missione chiedo a Dio per voi protezione ed assistenza e vi impartisco volentieri la benedizione apostolica.. (*) Cfr. \u00abL\u2019Osservatore Romano\u00bb, 27 aprile 1996.<\/p>\n","protected":false},"excerpt":{"rendered":"<p>Udienza ad un gruppo di neocatecumenali provenienti dalla Germania 26-IV-1996 S. Giovanni Paolo II Citt\u00e0 del Vaticano \u2013 Sala Clementina, 26 aprile 1996 Giovanni Paolo II ha ricevuto in udienza nella mattina di venerd\u00ec 26 aprile un gruppo di Neocatecumenali provenienti dalla Germania. Durante l\u2019incontro svoltosi nella Sala Clementina, il Santo Padre ha pronunciato le seguenti parole: Cari Fratelli e Sorelle, Vi porgo il mio cordiale benvenuto in occasione della<\/p>\n<div class=\"read-more\"><a class=\"btn read-more-btn\" href=\"https:\/\/neocatechumenaleiter.org\/it\/discorsi-dei-papi\/s-giovanni-paolo-ii\/udienza-ad-un-gruppo-di-neocatecumenali-provenienti-dalla-germania-26-iv-1996\/\">Leggi tutto<\/a><\/div>\n","protected":false},"author":2,"featured_media":0,"parent":3717,"menu_order":84,"comment_status":"closed","ping_status":"closed","template":"","meta":{"footnotes":""},"class_list":["post-5878","page","type-page","status-publish","hentry"],"_links":{"self":[{"href":"https:\/\/neocatechumenaleiter.org\/it\/wp-json\/wp\/v2\/pages\/5878","targetHints":{"allow":["GET"]}}],"collection":[{"href":"https:\/\/neocatechumenaleiter.org\/it\/wp-json\/wp\/v2\/pages"}],"about":[{"href":"https:\/\/neocatechumenaleiter.org\/it\/wp-json\/wp\/v2\/types\/page"}],"author":[{"embeddable":true,"href":"https:\/\/neocatechumenaleiter.org\/it\/wp-json\/wp\/v2\/users\/2"}],"replies":[{"embeddable":true,"href":"https:\/\/neocatechumenaleiter.org\/it\/wp-json\/wp\/v2\/comments?post=5878"}],"version-history":[{"count":1,"href":"https:\/\/neocatechumenaleiter.org\/it\/wp-json\/wp\/v2\/pages\/5878\/revisions"}],"predecessor-version":[{"id":5879,"href":"https:\/\/neocatechumenaleiter.org\/it\/wp-json\/wp\/v2\/pages\/5878\/revisions\/5879"}],"up":[{"embeddable":true,"href":"https:\/\/neocatechumenaleiter.org\/it\/wp-json\/wp\/v2\/pages\/3717"}],"wp:attachment":[{"href":"https:\/\/neocatechumenaleiter.org\/it\/wp-json\/wp\/v2\/media?parent=5878"}],"curies":[{"name":"wp","href":"https:\/\/api.w.org\/{rel}","templated":true}]}}