{"id":5880,"date":"2020-03-04T02:16:49","date_gmt":"2020-03-04T01:16:49","guid":{"rendered":"https:\/\/neocatechumenaleiter.org\/discorsi-dei-papi\/s-giovanni-paolo-ii\/ordinazione-sacerdotale-in-san-pietro-di-38-presbiteri-28-iv-1996\/"},"modified":"2021-08-10T11:04:10","modified_gmt":"2021-08-10T10:04:10","slug":"ordinazione-sacerdotale-in-san-pietro-di-38-presbiteri-28-iv-1996","status":"publish","type":"page","link":"https:\/\/neocatechumenaleiter.org\/it\/discorsi-dei-papi\/s-giovanni-paolo-ii\/ordinazione-sacerdotale-in-san-pietro-di-38-presbiteri-28-iv-1996\/","title":{"rendered":"Ordinazione sacerdotale in San Pietro di 38 presbiteri 28-IV-1996"},"content":{"rendered":"\n<h1 class=\"has-text-align-center wp-block-heading\">Ordinazione sacerdotale in San Pietro di 38 presbiteri 28-IV-1996<\/h1>\n\n<div style=\"height:20px\" aria-hidden=\"true\" class=\"wp-block-spacer\"><\/div>\n\n<h4 class=\"has-text-align-center wp-block-heading\">S. Giovanni Paolo II<\/h4>\n\n<div style=\"height:20px\" aria-hidden=\"true\" class=\"wp-block-spacer\"><\/div>\n\n<div class=\"wp-block-image\"><figure class=\"alignleft size-medium\"><img loading=\"lazy\" decoding=\"async\" width=\"300\" height=\"212\" src=\"https:\/\/neocatechumenaleiter.org\/wp-content\/uploads\/2020\/03\/Camino_Neocatecumenal_Juan_Pablo_II_ordenacion_sacerdotal_1996_2-300x212.jpg\" alt=\"\" class=\"wp-image-2644\" srcset=\"https:\/\/neocatechumenaleiter.org\/wp-content\/uploads\/2020\/03\/Camino_Neocatecumenal_Juan_Pablo_II_ordenacion_sacerdotal_1996_2-300x212.jpg 300w, https:\/\/neocatechumenaleiter.org\/wp-content\/uploads\/2020\/03\/Camino_Neocatecumenal_Juan_Pablo_II_ordenacion_sacerdotal_1996_2.jpg 681w\" sizes=\"auto, (max-width: 300px) 100vw, 300px\" \/><\/figure><\/div>\n\n<p><strong>San Pietro, 28 aprile 1996<\/strong><\/p>\n\n<p><em>Il Santo Padre ha ordinato trentotto nuovi presbiteri, di cui 18 del seminario \u201cRedemptoris Mater\u201d. Riportiamo qui di seguito l\u2019omelia:<\/em><\/p>\n\n<p>1. \u00abIo sono il buon pastore\u00bb (Gv 10,11). Carissimi diaconi, tra poco sarete ordinati Sacerdoti e verrete intimamente conformati a Cristo Buon Pastore, la cui figura domina questa quarta domenica di Pasqua, Giornata mondiale di preghiera per le vocazioni.&#13;\n&#13;\nVi accolgo con grande affetto, insieme con le comunit\u00e0 dei quattro Seminari di Roma nei quali avete compiuto il vostro itinerario formativo: il Seminario Romano Maggiore, il Collegio Capranica, il Seminario <em>Redemptoris Mater <\/em>e quello degli oblati del Divino Amore. Vi accolgo con le vostre famiglie nelle quali affondano le radici della vostra chiamata al sacerdozio. Prima di essere formati nel grembo materno, voi eravate gi\u00e0 oggetto di uno speciale piano di Dio (cfr Ger 1, 5).&#13;\n&#13;\nVi accolgo con gli amici delle parrocchie, delle associazioni, dei movimenti presso i quali avete fatto esperienza pastorale. In questo anno, nel quale io ricordo il 50\u00b0 di Ordinazione sacerdotale, sono lieto di imporre le mani a trentotto giovani che la diocesi di Roma offre a Dio perch\u00e9 si dedichino al servizio del suo popolo.<\/p>\n\n<p>2. \u00abIo sono il buon Pastore\u00bb. Soffermiamoci qualche istante a meditare insieme sulle parole del Vangelo di Giovanni. Esse, infatti risuonano oggi in modo singolare per voi, che con questo sacramento siete ammessi ad una speciale partecipazione al mistero di Cristo Sacerdote e Buon Pastore.&#13;\n&#13;\n\u00abIl buon pastore offre la vita per le pecore\u00bb (Gv 10,11). Cos\u00ec, nel linguaggio giovanneo, Ges\u00f9 sintetizza la propria missione. La medesima logica ritroviamo nelle parole della prima Lettera dell\u2019apostolo Pietro:&#13;\n&#13;\n\u00abEgli port\u00f2 i nostri peccati nel suo corpo sul legno della croce, perch\u00e9, non vivendo pi\u00f9 per il peccato, vivessimo per la giustizia; dalle sue piaghe siete stati guariti. &#8230; Cristo pat\u00ec per voi, lasciandovi un esempio, perch\u00e9 ne seguiate le orme\u00bb (1 Pt 2,24.21)\u00bb.&#13;\n&#13;\nCarissimi diaconi, nel giorno della vostra Ordinazione sacerdotale, siete chiamati ad accogliere e ad abbracciare in modo personalissimo ed incondizionato questo \u00abEsempio\u00bb. Siete chiamati ad amarlo. A ciascuno di voi, pertanto, io dico: <strong>aderisci con tutto te stesso a Colui che ha portato sul legno della croce i tuoi peccati e quelli dell\u2019intera umanit\u00e0; ama il suo esempio e segui le sue orme!<\/strong><\/p>\n\n<div class=\"wp-block-image\"><figure class=\"alignright size-medium\"><img loading=\"lazy\" decoding=\"async\" width=\"300\" height=\"250\" src=\"https:\/\/neocatechumenaleiter.org\/wp-content\/uploads\/2020\/03\/Camino_Neocatecumenal_Juan_Pablo_II_ordenacion_sacerdotal_1996-300x250.jpg\" alt=\"\" class=\"wp-image-2651\" srcset=\"https:\/\/neocatechumenaleiter.org\/wp-content\/uploads\/2020\/03\/Camino_Neocatecumenal_Juan_Pablo_II_ordenacion_sacerdotal_1996-300x250.jpg 300w, https:\/\/neocatechumenaleiter.org\/wp-content\/uploads\/2020\/03\/Camino_Neocatecumenal_Juan_Pablo_II_ordenacion_sacerdotal_1996.jpg 672w\" sizes=\"auto, (max-width: 300px) 100vw, 300px\" \/><\/figure><\/div>\n\n<p>3. \u00abIo sono il buon pastore, conosco le mie pecore e le mie pecore conoscono me\u00bb (Gv 10,14).&#13;\n&#13;\nQuesta \u00abconoscenza\u00bb, voi lo sapete bene per averlo studiato e soprattutto per averlo sperimentato in prima persona, \u00e8 una conoscenza singolare. Essa nasce da una <strong>sollecitudine salvifica<\/strong>. \u00c8 conoscenza non solo della mente ma anche del cuore; conoscenza di chi ama e, reciprocamente, di chi \u00e8 amato; di chi \u00e8 fedele e di chi fidandosi si affida.&#13;\n&#13;\nNel mirabile Salmo 22, Salmo responsoriale dell\u2019odierna celebrazione liturgica, tale conoscenza d\u2019amore trova sublime espressione nei termini di una confessione di lode dell\u2019anima orante che gode di pace e sicurezza senza limiti grazie alle presenza premurosa di Dio:<\/p>\n\n<p>\u00abIl Signore \u00e8 il mio pastore; non manco di nulla. Su pascoli erbosi il Signore mi fa riposare, ad acque tranquille mi conduce. Mi rinfranca, mi guida per il giusto cammino, per amore del suo nome\u2026 Davanti a me tu prepari una mensa\u2026 cospargi di olio il mio capo\u00bb (cfr Sal 22,1-3.5).<\/p>\n\n<p><strong>La fiducia e il senso di sicurezza<\/strong>, garantiti da Dio Buon Pastore, non <strong>vengono meno neppure nell\u2019ora della prova <\/strong>e delle esperienze pi\u00f9 difficili:&#13;\n&#13;\n\u00abSe dovessi camminare in una valle oscura, non temerei alcun male, perch\u00e9 tu sei con me\u00bb (Sal 22,4).&#13;\n&#13;\nNel giorno dell\u2019Ordinazione sacerdotale, carissimi diaconi, ciascuno di voi ravvivi nel profondo del suo cuore la fiducia: fiducia solidissima e imperturbabile che fiorisce nell\u2019anima a solo invocare quel Nome: \u00abBuon Pastore\u00bb. Ravvivatela fin d\u2019ora, nella prospettiva delle prove e delle difficolt\u00e0 che la vita ed il ministero sacerdotale comportano. Cristo sar\u00e0 sempre un <strong>Pastore sollecito <\/strong>in modo particolare nei riguardi di coloro che Egli chiama a partecipare, mediante il sacerdozio ministeriale, alla sua stessa sollecitudine pastorale.<\/p>\n\n<p>4. Egli \u00e8 la porta delle pecore (cfr Gv 10,7).&#13;\n&#13;\nIn ogni momento, nella buona e nella cattiva sorte, il sacerdote sa che la sua anima e quelle affidate alle sue cure formano l\u2019oggetto d\u2019una singolare sollecitudine del Buon Pastore. Ecco perch\u00e9 affronta con fiducia la sua missione. Egli sa che per tutti \u00e8 aperto il passaggio alla vita eterna attraverso la porta vivente, unica e universale, che \u00e8 Cristo no- stra Pasqua.&#13;\n&#13;\nOggi, carissimi diaconi, voi entrate in un\u2019intima relazione con Cristo Pastore delle anime. Ciascuno di voi, configurato a Lui, diventer\u00e0 corresponsabile del passaggio delle anime dalla morte alla vita, dalla vita secondo la carne alla vita secondo lo Spirito. Ed \u00e8 possibile portare a compimento tale compito anzitutto con la preghiera e con l\u2019offerta della vita per Cristo, con Cristo e in Cristo.<\/p>\n\n<p>Fin d\u2019ora, pertanto, vi esorto ad <strong>affidare a Lui<\/strong>, Pastore e Porta delle pecore, tutti coloro che la divina Provvidenza vorr\u00e0 chiamare e introdurre attraverso di Lui, mediante il vostro servizio pastorale.&#13;\n&#13;\nQuale responsabilit\u00e0! Che cosa pu\u00f2 permettere al sacerdote di affrontare un simile compito? Soltanto la certezza che Cristo \u00e8 il Pastore di tutte le anime ed \u00e8 vicino ad ogni sacerdote per sostenerlo nel suo ministero.&#13;\n&#13;\nE <strong>accanto al sacerdote \u00e8 pure Maria Santissima<\/strong>, Madre del Buon Pastore e del nostro sacerdozio. A Lei, cari diaconi, affido ciascuno di voi ed il vostro ministero.<\/p>\n\n<p>Il Signore che prepara una mensa davanti a voi, cosparga il vostro capo con olio di letizia e faccia s\u00ec che il vostro calice sia sempre traboccante del suo amore (cfr Sal 22,5). Amen!&#13;\n&#13;\n<em>(*) Cfr. \u00abL\u2019Osservatore Romano\u00bb, 29-30 aprile <\/em>1996.<\/p>\n","protected":false},"excerpt":{"rendered":"<p>Ordinazione sacerdotale in San Pietro di 38 presbiteri 28-IV-1996 S. Giovanni Paolo II San Pietro, 28 aprile 1996 Il Santo Padre ha ordinato trentotto nuovi presbiteri, di cui 18 del seminario \u201cRedemptoris Mater\u201d. Riportiamo qui di seguito l\u2019omelia: 1. \u00abIo sono il buon pastore\u00bb (Gv 10,11). Carissimi diaconi, tra poco sarete ordinati Sacerdoti e verrete intimamente conformati a Cristo Buon Pastore, la cui figura domina questa quarta domenica di Pasqua,<\/p>\n<div class=\"read-more\"><a class=\"btn read-more-btn\" href=\"https:\/\/neocatechumenaleiter.org\/it\/discorsi-dei-papi\/s-giovanni-paolo-ii\/ordinazione-sacerdotale-in-san-pietro-di-38-presbiteri-28-iv-1996\/\">Leggi tutto<\/a><\/div>\n","protected":false},"author":2,"featured_media":0,"parent":3717,"menu_order":85,"comment_status":"closed","ping_status":"closed","template":"","meta":{"footnotes":""},"class_list":["post-5880","page","type-page","status-publish","hentry"],"_links":{"self":[{"href":"https:\/\/neocatechumenaleiter.org\/it\/wp-json\/wp\/v2\/pages\/5880","targetHints":{"allow":["GET"]}}],"collection":[{"href":"https:\/\/neocatechumenaleiter.org\/it\/wp-json\/wp\/v2\/pages"}],"about":[{"href":"https:\/\/neocatechumenaleiter.org\/it\/wp-json\/wp\/v2\/types\/page"}],"author":[{"embeddable":true,"href":"https:\/\/neocatechumenaleiter.org\/it\/wp-json\/wp\/v2\/users\/2"}],"replies":[{"embeddable":true,"href":"https:\/\/neocatechumenaleiter.org\/it\/wp-json\/wp\/v2\/comments?post=5880"}],"version-history":[{"count":3,"href":"https:\/\/neocatechumenaleiter.org\/it\/wp-json\/wp\/v2\/pages\/5880\/revisions"}],"predecessor-version":[{"id":9931,"href":"https:\/\/neocatechumenaleiter.org\/it\/wp-json\/wp\/v2\/pages\/5880\/revisions\/9931"}],"up":[{"embeddable":true,"href":"https:\/\/neocatechumenaleiter.org\/it\/wp-json\/wp\/v2\/pages\/3717"}],"wp:attachment":[{"href":"https:\/\/neocatechumenaleiter.org\/it\/wp-json\/wp\/v2\/media?parent=5880"}],"curies":[{"name":"wp","href":"https:\/\/api.w.org\/{rel}","templated":true}]}}