{"id":5884,"date":"2020-03-30T04:21:43","date_gmt":"2020-03-30T03:21:43","guid":{"rendered":"https:\/\/neocatechumenaleiter.org\/discorsi-dei-papi\/s-giovanni-paolo-ii\/udienza-agli-iniziatori-del-cammino-neocatecumenale-e-ai-catechisti-itineranti-24-i-1997\/"},"modified":"2020-05-09T18:06:30","modified_gmt":"2020-05-09T17:06:30","slug":"udienza-agli-iniziatori-del-cammino-neocatecumenale-e-ai-catechisti-itineranti-24-i-1997","status":"publish","type":"page","link":"https:\/\/neocatechumenaleiter.org\/it\/discorsi-dei-papi\/s-giovanni-paolo-ii\/udienza-agli-iniziatori-del-cammino-neocatecumenale-e-ai-catechisti-itineranti-24-i-1997\/","title":{"rendered":"Udienza agli Iniziatori del Cammino Neocatecumenale e ai catechisti itineranti 24-I-1997"},"content":{"rendered":"\n<h1 class=\"has-text-align-center wp-block-heading\">Udienza agli Iniziatori del Cammino Neocatecumenale e ai catechisti itineranti 24-I-1997<\/h1>\n\n<div style=\"height:20px\" aria-hidden=\"true\" class=\"wp-block-spacer\"><\/div>\n\n<h4 class=\"has-text-align-center wp-block-heading\">S. Giovanni Paolo II<\/h4>\n\n<div style=\"height:20px\" aria-hidden=\"true\" class=\"wp-block-spacer\"><\/div>\n\n<p><strong>Citt\u00e0 del Vaticano \u2013 Sala Clementina, 24 gennaio 1997<\/strong><\/p>\n\n<p><em>Il Papa ha ricevuto in udienza gli itineranti del Cammino Neocatecumenale. Durante l\u2019incontro svoltosi nella Sala Clementina, il Santo Padre ha pronunciato il seguente discorso:<\/em><\/p>\n\n<p>Carissimi Fratelli e Sorelle!<br\/><br\/>&#13;\n&#13;\n1. Siate i benvenuti nella casa del Papa! Vi saluto con affetto, cari itineranti laici e sacerdoti, insieme con i vostri responsabili, iniziatori del Cammino Neocatecumenale. La vostra odierna visita mi \u00e8 di grande conforto.&#13;\n&#13;\nSo che venite direttamente dal raduno che avete avuto al Monte Sinai e sulle sponde del Mar Rosso. Per varie ragioni \u00e8 stato, questo, per voi, un momento storico. <strong>Avete scelto come luogo del vostro ritiro spirituale un luogo altamente significativo nella storia della salvezza, un luogo quanto mai adatto per ascoltare e per meditare la parola di Dio <\/strong>e per meglio capire il disegno del Signore nei vostri confronti.&#13;\n&#13;\nAvete voluto in questo modo commemorare i trent\u2019anni di vita del Cammino. Quanta strada avete fatto con l\u2019aiuto del Signore! <strong>Il Cammino ha visto in questi anni uno sviluppo e una diffusione nella Chiesa veramente impressionanti. <\/strong>Iniziato tra i baraccati di Madrid, come l\u2019evangelico granellino di senapa, \u00e8 diventato, trent\u2019anni dopo, un grande albero che s\u2019estende ormai in pi\u00f9 di 100 paesi del mondo, con presenze significative anche tra i cattolici di Chiese di rito orientale.<\/p>\n\n<div class=\"wp-block-image\"><figure class=\"alignleft size-large\"><img loading=\"lazy\" decoding=\"async\" width=\"679\" height=\"562\" src=\"https:\/\/neocatechumenaleiter.org\/wp-content\/uploads\/2020\/03\/Camino_Neocatecumenal_Juan_Pablo_II_audiencia_hermanos_del_Camino_1997.jpg\" alt=\"\" class=\"wp-image-2667\" srcset=\"https:\/\/neocatechumenaleiter.org\/wp-content\/uploads\/2020\/03\/Camino_Neocatecumenal_Juan_Pablo_II_audiencia_hermanos_del_Camino_1997.jpg 679w, https:\/\/neocatechumenaleiter.org\/wp-content\/uploads\/2020\/03\/Camino_Neocatecumenal_Juan_Pablo_II_audiencia_hermanos_del_Camino_1997-300x248.jpg 300w\" sizes=\"auto, (max-width: 679px) 100vw, 679px\" \/><\/figure><\/div>\n\n<p>2. Come ogni anniversario, anche il vostro, visto alla luce della fede, si trasforma in occasione di lode e di ringraziamento per l\u2019abbondanza dei doni che il Signore ha concesso in questi anni a voi e, per mezzo vostro, a tutta la Chiesa. <strong>Per molti l\u2019esperienza neocatecumenale \u00e8 stata un cammino di conversione e di maturazione nella fede attraverso la riscoperta del Battesimo come vera fonte di vita e dell\u2019Eucaristia come momento culminante nell\u2019esistenza del cristiano: attraverso la riscoperta della parola di Dio che, spezzata nella comunione fraterna, diventa luce e guida della vita; attraverso la riscoperta della Chiesa come autentica comunit\u00e0 missionaria.<\/strong>&#13;\n&#13;\n<strong>Quanti giovani e ragazze grazie al Cammino hanno pure scoperto la propria vocazione sacerdotale e religiosa! <\/strong>La vostra odierna visita offre una felice opportunit\u00e0 anche a me per unirmi al vostro canto di lode e di ringraziamento per le \u00abgrandi cose\u00bb (<em>magnalia<\/em>) che Dio va operando nell\u2019esperienza del Cammino.<\/p>\n\n<p><strong>3. La<\/strong> <strong>sua<\/strong> <strong>storia<\/strong> <strong>si<\/strong> <strong>iscrive<\/strong> <strong>nel<\/strong> <strong>contesto<\/strong> <strong>di<\/strong> <strong>quella<\/strong> <strong>fioritura<\/strong> <strong>di<\/strong> <strong>movimenti<\/strong> <strong>e di aggregazioni ecclesiali che costituisce uno dei frutti pi\u00f9 belli del rinnovamento spirituale avviato dal Concilio Vaticano <\/strong>Tale fioritura \u00e8 stata ed \u00e8 tutt\u2019ora un grande dono dello Spirito Santo ed un luminoso segno di speranza alla soglia del Terzo Millennio. <strong>Sia i pastori che i fedeli laici devono saper accogliere questo dono con gratitudine, ma anche con senso di responsabilit\u00e0, tenendo conto che \u00abnella Chiesa, tanto l\u2019aspetto istituzionale, quanto quello carismatico, tanto la Gerarchia quanto le Associazioni e Movimenti di fedeli, sono coessenziali e concorrono alla vita, al rinnovamento, alla santificazione, sia pure in modo diverso\u00bb <\/strong>(Giovanni Paolo II, <em>Ai partecipanti al Colloquio Internazionale dei Movimenti ecclesiali<\/em>, 2, 3 marzo 1987: <em>Insegnamenti<\/em><em> di Giovanni Paolo II<\/em>, vol. XI\/(1987), 478). Nel mondo di oggi, profondamente secolarizzato, <em>la nuova evangelizzazione si pone come una delle sfide fondamentali<\/em>. <strong>I movimenti ecclesiali che si caratterizzano appunto per il loro slancio missionario<\/strong>, sono chiamati ad un impegno speciale in spirito di comunione e di collaborazione. Nell\u2019Enciclica <em>Redemptoris missio <\/em>ho scritto a questo proposito: \u00abQuando si inseriscono con umilt\u00e0 nella vita delle Chiese locali e sono accolti cordialmente da vescovi e sacerdoti nelle strutture diocesane e parrocchiali, <strong>i movimenti rappresentano un vero dono di Dio per la nuova evangelizzazione e per l\u2019attivit\u00e0 missionaria propriamente detta. Raccomando, quindi, di diffonderli e di avvalersene per ridare vigore soprattutto tra i giovani, alla vita cristiana<\/strong>\u00bb (Giovanni Paolo II, <em>Redemptoris missio<\/em>, n. 72).&#13;\n&#13;\nPer questo motivo, per l\u2019anno 1998, che nel quadro della preparazione al Grande Giubileo \u00e8 dedicato allo Spirito Santo, ho auspicato <em>una comune testimonianza di tutti i movimenti ecclesiali<\/em>, sotto la guida del Pontificio Consiglio per i Laici. Sar\u00e0 un momento di comunione e di rinnovato impegno a servizio della missione della Chiesa. Sono sicuro che non mancherete a questo appuntamento tanto significativo.<\/p>\n\n<div class=\"wp-block-image\"><figure class=\"alignright size-large\"><img loading=\"lazy\" decoding=\"async\" width=\"393\" height=\"353\" src=\"https:\/\/neocatechumenaleiter.org\/wp-content\/uploads\/2020\/03\/Camino_Neocatecumenal_Juan_Pablo_II_audiencia_hermanos_del_Camino_1997_2.jpg\" alt=\"\" class=\"wp-image-2674\" srcset=\"https:\/\/neocatechumenaleiter.org\/wp-content\/uploads\/2020\/03\/Camino_Neocatecumenal_Juan_Pablo_II_audiencia_hermanos_del_Camino_1997_2.jpg 393w, https:\/\/neocatechumenaleiter.org\/wp-content\/uploads\/2020\/03\/Camino_Neocatecumenal_Juan_Pablo_II_audiencia_hermanos_del_Camino_1997_2-300x269.jpg 300w\" sizes=\"auto, (max-width: 393px) 100vw, 393px\" \/><\/figure><\/div>\n\n<p>4. Il Cammino Neocatecumenale compie trent\u2019anni di vita: l\u2019et\u00e0 direi, di una certa maturit\u00e0. Il vostro raduno al Sinai ha aperto davanti a voi in un certo senso una tappa nuova. Opportunamente, pertanto, avete cercato di rivolgere il vostro sguardo con spirito di fede non solo verso il passato, ma anche verso l\u2019avvenire, interrogandovi su quale sia il disegno di Dio nei confronti del Cammino in questo momento storico. Il Signore ha messo nelle vostre mani un tesoro prezioso. Come viverlo in pienezza? Come svilupparlo? Come condividerlo ancora meglio con gli altri? Come difenderlo da vari pericoli presenti o futuri? Ecco alcune delle domande che vi siete posti, come responsabili del Cammino o come itineranti della prima ora. Per rispondere a queste domande, in un clima di preghiera e di profonda riflessione, avete iniziato al Sinai il processo della stesura di uno Statuto del Cammino. \u00c8 un passo molto importante che apre la strada verso il suo formale riconoscimento giuridico, da parte della Chiesa, dando a voi una ulteriore garanzia dell\u2019autenticit\u00e0 del vostro carisma. Come sappiamo, \u00abil giudizio sulla loro (dei carismi) genuit\u00e0 e sul loro esercizio ordinato appartiene a quelli che presiedono nella Chiesa, ai quali spetta specialmente non di estinguere lo Spirito, ma di esaminare tutto e ritenere ci\u00f2 che \u00e8 buono\u00bb (Lumen Gentium, 12). Vi incoraggio a portare avanti il lavoro iniziato, sotto la guida del Pontificio Consiglio per i Laici, e in maniera speciale del suo Segretario, Mons. Stanis\u0142av Rj\u0142ko, qui presente con voi. Su questa strada vi accompagno con la mia particolare preghiera. Prima di concludere vorrei consegnare ad alcune sorelle una croce come segno della loro fedelt\u00e0 alla Chiesa e della loro completa dedizione alla missione evangelizzatrice. Il Signore Ges\u00f9 sia il vostro conforto ed il vostro sostegno nei momenti di difficolt\u00e0. La Vergine Santissima Madre della Chiesa vi sia modello e guida in ogni circostanza. Con questo augurio, imparto a voi qui presenti ed a quanti sono impegnati nel Cammino Neocatecumenale la mia affettuosa benedizione.<br\/><br\/><em>(*) Cfr. \u00abL\u2019Osservatore Romano\u00bb, 25 gennaio 1997.<\/em><\/p>\n\n<figure class=\"wp-block-image size-large\"><img loading=\"lazy\" decoding=\"async\" width=\"675\" height=\"558\" src=\"https:\/\/neocatechumenaleiter.org\/wp-content\/uploads\/2020\/03\/Camino_Neocatecumenal_Juan_Pablo_II_audiencia_hermanos_del_Camino_1997_3.jpg\" alt=\"\" class=\"wp-image-2681\" srcset=\"https:\/\/neocatechumenaleiter.org\/wp-content\/uploads\/2020\/03\/Camino_Neocatecumenal_Juan_Pablo_II_audiencia_hermanos_del_Camino_1997_3.jpg 675w, https:\/\/neocatechumenaleiter.org\/wp-content\/uploads\/2020\/03\/Camino_Neocatecumenal_Juan_Pablo_II_audiencia_hermanos_del_Camino_1997_3-300x248.jpg 300w\" sizes=\"auto, (max-width: 675px) 100vw, 675px\" \/><\/figure>\n","protected":false},"excerpt":{"rendered":"<p>Udienza agli Iniziatori del Cammino Neocatecumenale e ai catechisti itineranti 24-I-1997 S. Giovanni Paolo II Citt\u00e0 del Vaticano \u2013 Sala Clementina, 24 gennaio 1997 Il Papa ha ricevuto in udienza gli itineranti del Cammino Neocatecumenale. Durante l\u2019incontro svoltosi nella Sala Clementina, il Santo Padre ha pronunciato il seguente discorso: Carissimi Fratelli e Sorelle! &#13; &#13; 1. Siate i benvenuti nella casa del Papa! Vi saluto con affetto, cari itineranti laici<\/p>\n<div class=\"read-more\"><a class=\"btn read-more-btn\" href=\"https:\/\/neocatechumenaleiter.org\/it\/discorsi-dei-papi\/s-giovanni-paolo-ii\/udienza-agli-iniziatori-del-cammino-neocatecumenale-e-ai-catechisti-itineranti-24-i-1997\/\">Leggi tutto<\/a><\/div>\n","protected":false},"author":2,"featured_media":0,"parent":3717,"menu_order":87,"comment_status":"closed","ping_status":"closed","template":"","meta":{"footnotes":""},"class_list":["post-5884","page","type-page","status-publish","hentry"],"_links":{"self":[{"href":"https:\/\/neocatechumenaleiter.org\/it\/wp-json\/wp\/v2\/pages\/5884","targetHints":{"allow":["GET"]}}],"collection":[{"href":"https:\/\/neocatechumenaleiter.org\/it\/wp-json\/wp\/v2\/pages"}],"about":[{"href":"https:\/\/neocatechumenaleiter.org\/it\/wp-json\/wp\/v2\/types\/page"}],"author":[{"embeddable":true,"href":"https:\/\/neocatechumenaleiter.org\/it\/wp-json\/wp\/v2\/users\/2"}],"replies":[{"embeddable":true,"href":"https:\/\/neocatechumenaleiter.org\/it\/wp-json\/wp\/v2\/comments?post=5884"}],"version-history":[{"count":5,"href":"https:\/\/neocatechumenaleiter.org\/it\/wp-json\/wp\/v2\/pages\/5884\/revisions"}],"predecessor-version":[{"id":9929,"href":"https:\/\/neocatechumenaleiter.org\/it\/wp-json\/wp\/v2\/pages\/5884\/revisions\/9929"}],"up":[{"embeddable":true,"href":"https:\/\/neocatechumenaleiter.org\/it\/wp-json\/wp\/v2\/pages\/3717"}],"wp:attachment":[{"href":"https:\/\/neocatechumenaleiter.org\/it\/wp-json\/wp\/v2\/media?parent=5884"}],"curies":[{"name":"wp","href":"https:\/\/api.w.org\/{rel}","templated":true}]}}