{"id":5886,"date":"2020-03-30T04:25:06","date_gmt":"2020-03-30T03:25:06","guid":{"rendered":"https:\/\/neocatechumenaleiter.org\/discorsi-dei-papi\/s-giovanni-paolo-ii\/veglia-pasquale-nella-basilica-di-s-pietro-solenne-rinnovazione-delle-promesse-battesimali-30-iii-1997\/"},"modified":"2020-03-30T04:25:07","modified_gmt":"2020-03-30T03:25:07","slug":"veglia-pasquale-nella-basilica-di-s-pietro-solenne-rinnovazione-delle-promesse-battesimali-30-iii-1997","status":"publish","type":"page","link":"https:\/\/neocatechumenaleiter.org\/it\/discorsi-dei-papi\/s-giovanni-paolo-ii\/veglia-pasquale-nella-basilica-di-s-pietro-solenne-rinnovazione-delle-promesse-battesimali-30-iii-1997\/","title":{"rendered":"Veglia Pasquale nella Basilica di S. Pietro: Solenne Rinnovazione delle Promesse Battesimali 30-III-1997"},"content":{"rendered":"\n<h1 class=\"has-text-align-center wp-block-heading\">Veglia Pasquale nella Basilica di S. Pietro: Solenne Rinnovazione delle Promesse Battesimali 30-III-1997<\/h1>\n\n<div style=\"height:20px\" aria-hidden=\"true\" class=\"wp-block-spacer\"><\/div>\n\n<h4 class=\"has-text-align-center wp-block-heading\">S. Giovanni Paolo II<\/h4>\n\n<div style=\"height:20px\" aria-hidden=\"true\" class=\"wp-block-spacer\"><\/div>\n\n<p><strong>San Pietro, 30 marzo 1997<\/strong><\/p>\n\n<p><em>Accompagnati<\/em> <em>dai loro catechisti, durante la Veglia Pasquale, presieduta dal Santo Padre Giovanni Paolo II, hanno rinnovato solennemente le promesse battesimali, alla fine dell\u2019itinerario Neocatecumenale, quattro comunit\u00e0: la terza, la quarta e la quinta Comunit\u00e0 della parrocchia dei Martiri Canadesi e la quarta comunit\u00e0 della parrocchia di Santa Francesca Cabrini di Roma.<\/em><\/p>\n\n<div class=\"wp-block-image\"><figure class=\"aligncenter size-large\"><img loading=\"lazy\" decoding=\"async\" width=\"567\" height=\"686\" src=\"https:\/\/neocatechumenaleiter.org\/wp-content\/uploads\/2020\/03\/Camino_Neocatecumenal_Juan_Pablo_II_vigilia_pascual_hermanos_vestidura_blanca_1997.jpg\" alt=\"\" class=\"wp-image-2691\" srcset=\"https:\/\/neocatechumenaleiter.org\/wp-content\/uploads\/2020\/03\/Camino_Neocatecumenal_Juan_Pablo_II_vigilia_pascual_hermanos_vestidura_blanca_1997.jpg 567w, https:\/\/neocatechumenaleiter.org\/wp-content\/uploads\/2020\/03\/Camino_Neocatecumenal_Juan_Pablo_II_vigilia_pascual_hermanos_vestidura_blanca_1997-248x300.jpg 248w\" sizes=\"auto, (max-width: 567px) 100vw, 567px\" \/><\/figure><\/div>\n","protected":false},"excerpt":{"rendered":"<p>Veglia Pasquale nella Basilica di S. Pietro: Solenne Rinnovazione delle Promesse Battesimali 30-III-1997 S. Giovanni Paolo II San Pietro, 30 marzo 1997 Accompagnati dai loro catechisti, durante la Veglia Pasquale, presieduta dal Santo Padre Giovanni Paolo II, hanno rinnovato solennemente le promesse battesimali, alla fine dell\u2019itinerario Neocatecumenale, quattro comunit\u00e0: la terza, la quarta e la quinta Comunit\u00e0 della parrocchia dei Martiri Canadesi e la quarta comunit\u00e0 della parrocchia di Santa<\/p>\n<div class=\"read-more\"><a class=\"btn read-more-btn\" href=\"https:\/\/neocatechumenaleiter.org\/it\/discorsi-dei-papi\/s-giovanni-paolo-ii\/veglia-pasquale-nella-basilica-di-s-pietro-solenne-rinnovazione-delle-promesse-battesimali-30-iii-1997\/\">Leggi tutto<\/a><\/div>\n","protected":false},"author":2,"featured_media":0,"parent":3717,"menu_order":88,"comment_status":"closed","ping_status":"closed","template":"","meta":{"footnotes":""},"class_list":["post-5886","page","type-page","status-publish","hentry"],"_links":{"self":[{"href":"https:\/\/neocatechumenaleiter.org\/it\/wp-json\/wp\/v2\/pages\/5886","targetHints":{"allow":["GET"]}}],"collection":[{"href":"https:\/\/neocatechumenaleiter.org\/it\/wp-json\/wp\/v2\/pages"}],"about":[{"href":"https:\/\/neocatechumenaleiter.org\/it\/wp-json\/wp\/v2\/types\/page"}],"author":[{"embeddable":true,"href":"https:\/\/neocatechumenaleiter.org\/it\/wp-json\/wp\/v2\/users\/2"}],"replies":[{"embeddable":true,"href":"https:\/\/neocatechumenaleiter.org\/it\/wp-json\/wp\/v2\/comments?post=5886"}],"version-history":[{"count":1,"href":"https:\/\/neocatechumenaleiter.org\/it\/wp-json\/wp\/v2\/pages\/5886\/revisions"}],"predecessor-version":[{"id":5887,"href":"https:\/\/neocatechumenaleiter.org\/it\/wp-json\/wp\/v2\/pages\/5886\/revisions\/5887"}],"up":[{"embeddable":true,"href":"https:\/\/neocatechumenaleiter.org\/it\/wp-json\/wp\/v2\/pages\/3717"}],"wp:attachment":[{"href":"https:\/\/neocatechumenaleiter.org\/it\/wp-json\/wp\/v2\/media?parent=5886"}],"curies":[{"name":"wp","href":"https:\/\/api.w.org\/{rel}","templated":true}]}}