{"id":5888,"date":"2020-03-30T04:31:06","date_gmt":"2020-03-30T03:31:06","guid":{"rendered":"https:\/\/neocatechumenaleiter.org\/discorsi-dei-papi\/s-giovanni-paolo-ii\/convivenza-a-new-york-vescovi-delle-americhe-sul-tema-solo-una-nuova-estetica-salvera-la-chiesa-1-iv-1997\/"},"modified":"2020-03-30T04:31:07","modified_gmt":"2020-03-30T03:31:07","slug":"convivenza-a-new-york-vescovi-delle-americhe-sul-tema-solo-una-nuova-estetica-salvera-la-chiesa-1-iv-1997","status":"publish","type":"page","link":"https:\/\/neocatechumenaleiter.org\/it\/discorsi-dei-papi\/s-giovanni-paolo-ii\/convivenza-a-new-york-vescovi-delle-americhe-sul-tema-solo-una-nuova-estetica-salvera-la-chiesa-1-iv-1997\/","title":{"rendered":"Convivenza a New York vescovi delle Americhe sul tema: \u201csolo una nuova estetica salver\u00e0 la chiesa\u201d 1-IV-1997"},"content":{"rendered":"\n<h1 class=\"has-text-align-center wp-block-heading\">Convivenza a New York vescovi delle Americhe sul tema: \u201csolo una nuova estetica salver\u00e0 la chiesa\u201d 1-IV-1997<\/h1>\n\n<div style=\"height:20px\" aria-hidden=\"true\" class=\"wp-block-spacer\"><\/div>\n\n<h4 class=\"has-text-align-center wp-block-heading\">S. Giovanni Paolo II<\/h4>\n\n<div style=\"height:20px\" aria-hidden=\"true\" class=\"wp-block-spacer\"><\/div>\n\n<div class=\"wp-block-image\"><figure class=\"alignleft size-large\"><img loading=\"lazy\" decoding=\"async\" width=\"400\" height=\"272\" src=\"https:\/\/neocatechumenaleiter.org\/wp-content\/uploads\/2020\/03\/Camino_Neocatecumenal_Juan_Pablo_II_convivencia_obispos_new_york_1997.jpg\" alt=\"\" class=\"wp-image-2701\" srcset=\"https:\/\/neocatechumenaleiter.org\/wp-content\/uploads\/2020\/03\/Camino_Neocatecumenal_Juan_Pablo_II_convivencia_obispos_new_york_1997.jpg 400w, https:\/\/neocatechumenaleiter.org\/wp-content\/uploads\/2020\/03\/Camino_Neocatecumenal_Juan_Pablo_II_convivencia_obispos_new_york_1997-300x204.jpg 300w\" sizes=\"auto, (max-width: 400px) 100vw, 400px\" \/><\/figure><\/div>\n\n<p><strong>New York, 1-5 aprile 1997<\/strong><\/p>\n\n<p><em>\u201cNuova Evangelizzazione e Terzo Millennio. Solo una nuova estetica salver\u00e0 la Chiesa\u201d questo \u00e8 stato il tema. La Convivenza \u00e8 stata un\u2019occasione offerta ai vescovi perch\u00e9 potessero conoscere cos\u2019\u00e8 il Cammino Neocatecumenale, attingendo direttamente alla sua fonte. La riflessione sulla necessit\u00e0 di una nuova estetica per evangelizzare il Nuovo Millennio non poteva trovare uno scenario pi\u00f9 adeguato di quello della \u201cGrande Mela\u201d, la capitale culturale del mondo contemporaneo. La \u201cnuova estetica\u201d introdotta dal Cammino Neocatecumenale attraverso la sua iniziazione biblica e liturgica sta dimostrando, nella realt\u00e0 dei fatti, che \u00e8 capace di far fronte all\u2019impatto culturale della megalopoli che minaccia la vita della Chiesa.<\/em><\/p>\n\n<p><em>Il telegramma del Santo Padre:<\/em><\/p>\n\n<p>Il Santo Padre \u00e8 stato informato dell\u2019incontro organizzato dal Cammino Neocatecumenale a New York dall\u20191 al 5 aprile. Porge cordiali saluti a tutti quelli che vi partecipano, in particolare ai suoi fratelli vescovi che hanno appoggiato quest\u2019iniziativa, offrendo una riflessione, unita alla preghiera, il che contribuir\u00e0 alla prossima assemblea speciale del Sinodo dei Vescovi delle Americhe.<\/p>\n\n<div class=\"wp-block-image\"><figure class=\"alignright size-large\"><img loading=\"lazy\" decoding=\"async\" width=\"338\" height=\"400\" src=\"https:\/\/neocatechumenaleiter.org\/wp-content\/uploads\/2020\/03\/Camino_Neocatecumenal_Juan_Pablo_II_convivencia_obispos_new_york_1997_2.jpg\" alt=\"\" class=\"wp-image-2708\" srcset=\"https:\/\/neocatechumenaleiter.org\/wp-content\/uploads\/2020\/03\/Camino_Neocatecumenal_Juan_Pablo_II_convivencia_obispos_new_york_1997_2.jpg 338w, https:\/\/neocatechumenaleiter.org\/wp-content\/uploads\/2020\/03\/Camino_Neocatecumenal_Juan_Pablo_II_convivencia_obispos_new_york_1997_2-254x300.jpg 254w\" sizes=\"auto, (max-width: 338px) 100vw, 338px\" \/><\/figure><\/div>\n\n<p>Il Sinodo ha come tema: \u201cIncontro con Ges\u00f9 Cristo vivente, un cammino per la conversione, la comunione e la solidariet\u00e0 in America\u201d.&#13;\nQuesto Sinodo vuole incoraggiare a dare un nuovo impulso di evangelizzazione nelle Chiese d\u2019America, mentre si stanno preparando per il grande Giubileo dell\u2019anno 2000. Questo chiama a un rinnovato impulso, non solo dei pastori, ma anche dei laici, delle associazioni e dei movimenti ecclesiali.<\/p>\n\n<p>In questi giorni, voi cercherete di individuare le sfide pi\u00f9 grandi che affronta la Chiesa d\u2019America nello sforzo di portare avanti quest\u2019importante missione e di trovare soluzioni adeguate alla luce dello Spirito Santo. Il Santo Padre si ricorder\u00e0 nelle sue preghiere di tutti quelli che prendono parte all\u2019incontro. Invocando abbondanti benedizioni divine sopra le vostre decisioni, imparte cordialmente la sua benedizione apostolica.<\/p>\n\n<p><em>Cardinale Angelo Sodano, Segretario di Stato<\/em><\/p>\n","protected":false},"excerpt":{"rendered":"<p>Convivenza a New York vescovi delle Americhe sul tema: \u201csolo una nuova estetica salver\u00e0 la chiesa\u201d 1-IV-1997 S. Giovanni Paolo II New York, 1-5 aprile 1997 \u201cNuova Evangelizzazione e Terzo Millennio. Solo una nuova estetica salver\u00e0 la Chiesa\u201d questo \u00e8 stato il tema. La Convivenza \u00e8 stata un\u2019occasione offerta ai vescovi perch\u00e9 potessero conoscere cos\u2019\u00e8 il Cammino Neocatecumenale, attingendo direttamente alla sua fonte. La riflessione sulla necessit\u00e0 di una nuova<\/p>\n<div class=\"read-more\"><a class=\"btn read-more-btn\" href=\"https:\/\/neocatechumenaleiter.org\/it\/discorsi-dei-papi\/s-giovanni-paolo-ii\/convivenza-a-new-york-vescovi-delle-americhe-sul-tema-solo-una-nuova-estetica-salvera-la-chiesa-1-iv-1997\/\">Leggi tutto<\/a><\/div>\n","protected":false},"author":2,"featured_media":0,"parent":3717,"menu_order":89,"comment_status":"closed","ping_status":"closed","template":"","meta":{"footnotes":""},"class_list":["post-5888","page","type-page","status-publish","hentry"],"_links":{"self":[{"href":"https:\/\/neocatechumenaleiter.org\/it\/wp-json\/wp\/v2\/pages\/5888","targetHints":{"allow":["GET"]}}],"collection":[{"href":"https:\/\/neocatechumenaleiter.org\/it\/wp-json\/wp\/v2\/pages"}],"about":[{"href":"https:\/\/neocatechumenaleiter.org\/it\/wp-json\/wp\/v2\/types\/page"}],"author":[{"embeddable":true,"href":"https:\/\/neocatechumenaleiter.org\/it\/wp-json\/wp\/v2\/users\/2"}],"replies":[{"embeddable":true,"href":"https:\/\/neocatechumenaleiter.org\/it\/wp-json\/wp\/v2\/comments?post=5888"}],"version-history":[{"count":1,"href":"https:\/\/neocatechumenaleiter.org\/it\/wp-json\/wp\/v2\/pages\/5888\/revisions"}],"predecessor-version":[{"id":5893,"href":"https:\/\/neocatechumenaleiter.org\/it\/wp-json\/wp\/v2\/pages\/5888\/revisions\/5893"}],"up":[{"embeddable":true,"href":"https:\/\/neocatechumenaleiter.org\/it\/wp-json\/wp\/v2\/pages\/3717"}],"wp:attachment":[{"href":"https:\/\/neocatechumenaleiter.org\/it\/wp-json\/wp\/v2\/media?parent=5888"}],"curies":[{"name":"wp","href":"https:\/\/api.w.org\/{rel}","templated":true}]}}