{"id":5896,"date":"2020-03-30T05:15:31","date_gmt":"2020-03-30T04:15:31","guid":{"rendered":"https:\/\/neocatechumenaleiter.org\/discorsi-dei-papi\/s-giovanni-paolo-ii\/omelia-nella-veglia-di-pentecoste-a-conclusione-della-missione-cittadina-a-roma-22-v-1999\/"},"modified":"2020-06-16T18:30:40","modified_gmt":"2020-06-16T17:30:40","slug":"omelia-nella-veglia-di-pentecoste-a-conclusione-della-missione-cittadina-a-roma-22-v-1999","status":"publish","type":"page","link":"https:\/\/neocatechumenaleiter.org\/it\/discorsi-dei-papi\/s-giovanni-paolo-ii\/omelia-nella-veglia-di-pentecoste-a-conclusione-della-missione-cittadina-a-roma-22-v-1999\/","title":{"rendered":"Omelia nella Veglia di Pentecoste a conclusione della missione cittadina a Roma 22-V-1999"},"content":{"rendered":"\n<h1 class=\"has-text-align-center wp-block-heading\">Omelia nella Veglia di Pentecoste a conclusione della missione cittadina a Roma 22-V-1999<\/h1>\n\n<div style=\"height:20px\" aria-hidden=\"true\" class=\"wp-block-spacer\"><\/div>\n\n<h4 class=\"has-text-align-center wp-block-heading\">S. Giovanni Paolo II<\/h4>\n\n<div style=\"height:20px\" aria-hidden=\"true\" class=\"wp-block-spacer\"><\/div>\n\n<p><strong>Piazza S. Pietro, 22 maggio 1999 *<\/strong><\/p>\n\n<p><em>\u00abRendiamo grazie a Dio per questo straordinario evento, che \u00e8 stato un atto d\u2019amore per la Citt\u00e0 e per ogni suo abitante. La Missione cittadina ha, infatti, promosso nelle comunit\u00e0 cristiane un itinerario di intensa spiritualit\u00e0 nutrito dalla preghiera e dall\u2019ascolto della Parola di Dio\u00bb. Con queste parole Giovanni Paolo ll all\u2019omelia della Celebrazione Eucaristica nella Veglia di Pentecoste sabato pomeriggio, 22 maggio, ha riassunto il cammino compiuto dalla Chiesa di Roma dall\u20198 dicembre 1995 alla solennit\u00e0 di Pentecoste 1999.<\/em>&#13;\n&#13;\n<em>\u00a0<\/em><em>Questo il testo dell\u2019omelia di Giovanni Paolo II:<\/em><\/p>\n\n<p>1. \u00abApri la porta a Cristo tuo Salvatore\u00bb: questo invito, risuonato forte nei tre anni di preparazione al grande Giubileo, ha caratterizzato la nostra Missione cittadina.&#13;\n&#13;\nRendiamo grazie a Dio per questo straordinario evento, che \u00e8 stato un atto d\u2019amore per la Citt\u00e0 e per ogni suo abitante. La Missione cittadina ha, infatti, promosso nelle comunit\u00e0 cristiane un itinerario di intensa spiritualit\u00e0, nutrito dalla preghiera e dall\u2019ascolto della Parola di Dio.&#13;\n&#13;\nHa permesso, inoltre, di incrementare quella comunione ecclesiale, che il Sinodo romano aveva indicato come condizione indispensabile della nuova evangelizzazione.&#13;\n&#13;\nL\u2019intera comunit\u00e0 diocesana, nei suoi vari ministeri, vocazioni e carismi, si \u00e8 mossa all\u2019unisono per offrire il proprio apporto di preghiera, di annuncio, di testimonianza e di servizio. Abbiamo fatto insieme l\u2019esperienza d\u2019essere \u00abpopolo di Dio in missione\u00bb.&#13;\n&#13;\nSento il dovere di ringraziare coloro che hanno preso parte in vario modo a questa importante iniziativa pastorale. Anzitutto Lei, Signor Cardinale Vicario, che ha guidato con zelo la Missione, in stretta collaborazione con i Vescovi Ausiliari, che saluto cordialmente. Vorrei qui ricordare gli altri Presuli che hanno offerto la loro apprezzata cooperazione e fra questi il compianto Monsignor Clemente Riva.&#13;\n&#13;\nPenso con gratitudine a voi, cari missionari, sacerdoti, religiosi, religiose e soprattutto laici, che avete beneficiato per primi della grazia della Missione. Il generoso impegno, con cui vi siete preparati ed avete recato il Vangelo nelle case e negli ambienti della Citt\u00e0, ha aperto vie nuove di evangelizzazione e di presenza cristiana nel tessuto quotidiano della vita della nostra gente. Lo Spirito Santo vi ha guidato passo dopo passo, vi ha ispirato le parole giuste per l\u2019annuncio di Cristo e vi ha sostenuto negli inevitabili momenti di difficolt\u00e0.&#13;\n&#13;\nRendiamo grazie al Signore per quanto Egli ha fatto, mostrando in ogni circostanza i segni della sua misericordia e del suo amore. Il grande Giubileo, ormai alle porte, ci sprona a proseguire questo sforzo missionario con lo stesso slancio, per consolidare ed estendere i risultati raggiunti dalla Missione. Potremo, in tal modo, mostrare ai tanti pellegrini, che verranno a Roma il prossimo anno, il volto della nostra Chiesa accogliente ed aperta, rinnovata nella fede e ricca di opere di carit\u00e0.<\/p>\n\n<p>2. Perch\u00e9 questo avvenga, \u00e8 necessario che l\u2019opera missionaria, tanto felicemente iniziata, si consolidi e si sviluppi. Occorre continuare a sostenere le persone e le famiglie gi\u00e0 avvicinate nelle loro case e nei luoghi di lavoro, come pure raggiungere quanti, per vari motivi, non \u00e8 stato possibile contattare in questi anni. La visita annuale alle famiglie e i centri di ascolto del Vangelo, che vanno estesi capillarmente, siano pertanto l\u2019anima della pastorale delle parrocchie, grazie alla collaborazione delle associazioni ecclesiali, dei movimenti e dei gruppi. La celebrazione della Parola di Dio scandisca il cammino di fede delle comunit\u00e0 parrocchiali, soprattutto nei tempi forti dell\u2019anno liturgico. Il segno della carit\u00e0 verso i poveri e i sofferenti accompagni l\u2019annuncio del Signore, mostrando la sua viva presenza, attraverso la quotidiana testimonianza dell\u2019amore fraterno. Va rinsaldata la comunione tra i cristiani che operano negli ambienti di lavoro e di studio, nei luoghi di cura ed in quelli di intrattenimento, dove sono state avviate concrete proposte del Vangelo. Il germe della novit\u00e0 evangelica, seminato con la Missione, deve crescere e fruttificare ovunque, anche l\u00e0 dove non si sono ancora potute promuovere appropriate iniziative missionarie. Pi\u00f9 urgente si rende, a tal fine, la nostra testimonianza. Nessuna realt\u00e0, infatti, \u00e8 impenetrabile al Vangelo; anzi, Cristo risorto vi \u00e8 gi\u00e0 misteriosamente presente, mediante il suo Santo Spirito.<\/p>\n\n<p>3. Un\u2019impresa apostolica cos\u00ec vasta richiede un\u2019opera di formazione e di catechesi rivolta a tutto il popolo di Dio, perch\u00e9 prenda pi\u00f9 viva coscienza della sua vocazione missionaria e sia preparato a rendere ragione della fede in Cristo sempre e dappertutto.&#13;\n&#13;\n\u00c8 compito delle parrocchie, delle comunit\u00e0 religiose, delle associazioni, dei movimenti e dei gruppi aver cura di questa formazione, predisponendo itinerari di fede, di preghiera e di esperienza cristiana ricchi di contenuto teologico, spirituale e culturale.&#13;\n&#13;\nA voi per primi, cari sacerdoti, \u00e8 affidato questo incarico: siate sagge guide ed attenti maestri della fede nelle vostre comunit\u00e0.&#13;\n&#13;\nVoi, cari religiosi e religiose, che tanto avete contribuito alla Missione, continuate a sostenerla con la vostra preghiera, con la santit\u00e0 della vita e con i carismi che vi sono propri, nei molteplici campi apostolici in cui siete impegnati.&#13;\n&#13;\nVoi, cari laici, siete chiamati a dare vita a un grande movimento missionario permanente nella Citt\u00e0 e in ogni suo ambiente. All\u2019interno delle famiglie, come nel vasto e complesso mondo del lavoro e della cultura, nella scuola e nell\u2019universit\u00e0, nelle istituzioni sanitarie, nei mass-media e nelle attivit\u00e0 del tempo libero non fate mancare il vostro apporto, perch\u00e9 l\u2019annuncio del Vangelo possa incidere sull\u2019intera societ\u00e0.&#13;\n&#13;\nE come dimenticare il contributo che alla Missione cittadina hanno offerto e sono chiamati a rinnovare gli ammalati con l\u2019offerta della propria sofferenza, e le claustrali con la loro costante preghiera?&#13;\n&#13;\nA tutti e a ciascuno va la mia riconoscenza per il loro utilissimo aiuto spirituale.<\/p>\n\n<p>4. Guardando a questi tre anni della Missione cittadina, ci si rende facilmente conto che la Parola di Dio \u00e8 stata largamente Perch\u00e9 questo seme divino non vada disperso, ma metta radici solide e porti frutti nella vita e nella pastorale quotidiana, occorrer\u00e0 favorire una specifica riflessione che, coinvolgendo tutte le componenti ecclesiali, sfoci in un apposito Convegno. Penso ad un grande incontro, che servir\u00e0 a tracciare, sulle basi dell\u2019esperienza della Missione cittadina, le linee portanti di un permanente impegno di evangelizzazione e missionariet\u00e0.&#13;\n&#13;\nEssere Chiesa in missione: ecco la grande sfida dei prossimi anni per Roma e per il mondo intero. Questa consegna affido a voi, cari sacerdoti, religiosi e religiose, laici e, in modo speciale, a voi, movimenti e nuove comunit\u00e0, ricordando l\u2019incontro di un anno fa, la vigilia di Pentecoste, in questa stessa piazza. \u00c8 necessario aprirsi con docilit\u00e0 all\u2019azione dello Spirito, accogliendo con gratitudine e obbedienza i doni che Egli non cessa di elargire a beneficio di tutta la Chiesa. Questa sera Cristo ripete a ciascuno di voi: \u00abAndate in tutto il mondo e predicate il Vangelo ad ogni creatura\u00bb (Mc 16,15).&#13;\n&#13;\nCarissimi, il Vangelo che Cristo ci ha affidato \u00e8 il Vangelo della pace! Come tenerlo soltanto per noi, soprattutto in questo momento in cui sopraffazione e guerra stanno seminando distruzione e morte nella vicina regione dei Balcani? Lo Spirito ci spinge ad essere annunciatori e operatori di pace nella giustizia e nella riconciliazione. In questa prospettiva vorrei che nella prossima festa del <em>Corpus Domini <\/em>si levasse dalla Chiesa di Roma una corale invocazione per la pace. Invito pertanto tutti voi \u2013 clero, religiosi e fedeli \u2013 ad unirvi a me la sera di gioved\u00ec 3 giugno a San Giovanni in Laterano per partecipare alla Messa ed alla processione del <em>Corpus Domini<\/em>, in cui imploreremo insieme il dono della pace nei Balcani. Il giorno del Santissimo Corpo e Sangue di Cristo sia quest\u2019anno caratterizzato da una intensa preghiera per la pace.<\/p>\n\n<p><em>5. Vieni Santo Spirito, riempi i cuori dei tuoi fedeli e accendi in essi il fuoco del tuo amore<\/em>.&#13;\n&#13;\nVieni, Santo Spirito! L\u2019invocazione, che risuona nella Liturgia di questa vigilia della Pentecoste, ci riempie di gioia e di speranza. Spirito Santo, artefice e anima della Missione, suscita nella Chiesa di Roma tanti missionari tra i giovani, gli adulti, le famiglie ed infondi in ciascuno il fuoco inestinguibile del tuo amore.&#13;\n&#13;\nSpirito, \u00abluce dei cuori\u00bb, indica le vie nuove per la Missione cittadina e universale nel terzo millennio che sta per cominciare.&#13;\n&#13;\n\u00abConsolatore perfetto\u00bb, sostieni chi \u00e8 sfiduciato, conferma l\u2019entusiasmo di chi ha provato la gioia dell\u2019evangelizzazione, rafforza in ogni fedele il desiderio e il coraggio di essere quotidianamente missionario del Vangelo nel proprio ambiente di vita e di lavoro.&#13;\n&#13;\n\u00abOspite dolce dell\u2019anima\u00bb, apri il cuore di ogni persona, famiglia, comunit\u00e0 religiosa e parrocchiale, perch\u00e9 siano accolti con generosit\u00e0 i pellegrini poveri, che parteciperanno agli eventi del Giubileo. Sar\u00e0, infatti, questo uno dei frutti pi\u00f9 belli e fecondi della Missione cittadina: l\u2019attuazione concreta di quella carit\u00e0 romana, frutto della fede, che ha sempre accompagnato la celebrazione degli Anni Santi.&#13;\n&#13;\nMaria Santissima, che dalla Pentecoste vegli con la Chiesa nell\u2019invocazione dello Spirito Santo, resta con noi al centro di questo nostro singolare cenacolo. A Te, che veneriamo come <em>Madonna del Divino Amore<\/em>, affidiamo i frutti della Missione cittadina, perch\u00e9 con la tua intercessione la Diocesi di Roma dia al mondo testimonianza convinta di Cristo nostro Salvatore.<\/p>\n\n<p><em>(*) Cfr. \u00abL\u2019Osservatore Romano\u00bb, 24-25 maggio 1999.<\/em><\/p>\n","protected":false},"excerpt":{"rendered":"<p>Omelia nella Veglia di Pentecoste a conclusione della missione cittadina a Roma 22-V-1999 S. Giovanni Paolo II Piazza S. Pietro, 22 maggio 1999 * \u00abRendiamo grazie a Dio per questo straordinario evento, che \u00e8 stato un atto d\u2019amore per la Citt\u00e0 e per ogni suo abitante. La Missione cittadina ha, infatti, promosso nelle comunit\u00e0 cristiane un itinerario di intensa spiritualit\u00e0 nutrito dalla preghiera e dall\u2019ascolto della Parola di Dio\u00bb. Con<\/p>\n<div class=\"read-more\"><a class=\"btn read-more-btn\" href=\"https:\/\/neocatechumenaleiter.org\/it\/discorsi-dei-papi\/s-giovanni-paolo-ii\/omelia-nella-veglia-di-pentecoste-a-conclusione-della-missione-cittadina-a-roma-22-v-1999\/\">Leggi tutto<\/a><\/div>\n","protected":false},"author":2,"featured_media":0,"parent":3717,"menu_order":91,"comment_status":"closed","ping_status":"closed","template":"","meta":{"footnotes":""},"class_list":["post-5896","page","type-page","status-publish","hentry"],"_links":{"self":[{"href":"https:\/\/neocatechumenaleiter.org\/it\/wp-json\/wp\/v2\/pages\/5896","targetHints":{"allow":["GET"]}}],"collection":[{"href":"https:\/\/neocatechumenaleiter.org\/it\/wp-json\/wp\/v2\/pages"}],"about":[{"href":"https:\/\/neocatechumenaleiter.org\/it\/wp-json\/wp\/v2\/types\/page"}],"author":[{"embeddable":true,"href":"https:\/\/neocatechumenaleiter.org\/it\/wp-json\/wp\/v2\/users\/2"}],"replies":[{"embeddable":true,"href":"https:\/\/neocatechumenaleiter.org\/it\/wp-json\/wp\/v2\/comments?post=5896"}],"version-history":[{"count":2,"href":"https:\/\/neocatechumenaleiter.org\/it\/wp-json\/wp\/v2\/pages\/5896\/revisions"}],"predecessor-version":[{"id":15942,"href":"https:\/\/neocatechumenaleiter.org\/it\/wp-json\/wp\/v2\/pages\/5896\/revisions\/15942"}],"up":[{"embeddable":true,"href":"https:\/\/neocatechumenaleiter.org\/it\/wp-json\/wp\/v2\/pages\/3717"}],"wp:attachment":[{"href":"https:\/\/neocatechumenaleiter.org\/it\/wp-json\/wp\/v2\/media?parent=5896"}],"curies":[{"name":"wp","href":"https:\/\/api.w.org\/{rel}","templated":true}]}}