{"id":5938,"date":"2020-03-30T16:27:04","date_gmt":"2020-03-30T15:27:04","guid":{"rendered":"https:\/\/neocatechumenaleiter.org\/discorsi-dei-papi\/s-giovanni-paolo-ii\/visita-alla-parrocchia-s-benedetto-giuseppe-labre-31-x-1999\/"},"modified":"2020-03-31T02:11:10","modified_gmt":"2020-03-31T01:11:10","slug":"visita-alla-parrocchia-s-benedetto-giuseppe-labre-31-x-1999","status":"publish","type":"page","link":"https:\/\/neocatechumenaleiter.org\/it\/discorsi-dei-papi\/s-giovanni-paolo-ii\/visita-alla-parrocchia-s-benedetto-giuseppe-labre-31-x-1999\/","title":{"rendered":"Visita alla parrocchia S. Benedetto Giuseppe Labre 31-X-1999"},"content":{"rendered":"\n<h1 class=\"has-text-align-center wp-block-heading\">Visita alla parrocchia S. Benedetto Giuseppe Labre 31-X-1999<\/h1>\n\n<div style=\"height:20px\" aria-hidden=\"true\" class=\"wp-block-spacer\"><\/div>\n\n<h4 class=\"has-text-align-center wp-block-heading\">S. Giovanni Paolo II<\/h4>\n\n<div style=\"height:20px\" aria-hidden=\"true\" class=\"wp-block-spacer\"><\/div>\n\n<p><strong>Roma, 21 ottobre 1999<\/strong><\/p>\n\n<p>Al termine della Santa Messa, in una sala del complesso parrocchiale, si \u00e8 svolto l&#8217;incontro con i giovani, con i membri del consiglio pastorale e con i rappresentanti delle diverse realt\u00e0 parrocchiali. A nome dei presenti, Vittorio, 29 anni, ha rivolto al Papa queste parole di saluto:<\/p>\n\n<p>Santo Padre, l&#8217;abbiamo salutato con le parole che Elisabetta rivolse alla vergine Maria: \u201cCome mai che la Madre del Signore viene a me?\u201d Questo canto esprime la gratitudine verso di Lei per questa visita alla nostra comunit\u00e0 parrocchiale. In questo incontro sono presenti una Comunit\u00e0 Neocatecumenale, gli animatori dell&#8217;oratorio, i catechisti, i membri del consiglio economico parrocchiale e i giovani che si preparano alla Giornata Mondiale della Giovent\u00f9. Santo Padre, in questi pochi anni di vita della nostra parrocchia abbiamo visto che non siamo &#8220;bravi&#8221;, siamo deboli e peccatori e tante volte facciamo fatica ad essere luce in mezzo al nostro quartiere, ma abbiamo sperimentato che soltanto in Cristo, morto e risorto per la nostra salvezza, c&#8217;\u00e8 la vita; per questo chiediamo a Sua Santit\u00e0 come successore di Pietro di confermarci nella fede. Grazie, siamo grati e pieni di gioia per la sua presenza fra noi.<\/p>\n\n<p><em>Successivamente il Santo Padre, rivolgendosi ai presenti, ha pronunciato queste parole:<\/em><\/p>\n\n<p>Che voi siete Neocatecumenali subito si sente. Basta ascoltare i canti. Questi sono i vostri specifici canti. Che, poi, voi siete giovani, anche quello si sente. Vi preparate all&#8217;Anno Duemila, alla Giornata Mondiale della Giovent\u00f9, in Roma: e questo \u00e8 un bene. Anch&#8217;io, comunque, mi preparo, bench\u00e9 sia sempre meno giovane. E i giovani mi seguono sempre volentieri. Allora vi ringrazio per l&#8217;occasione di questa visita, e vi auguro una buona continuazione a tutti: alla comunit\u00e0 parrocchiale, al consiglio pastorale, ai giovani e ai Neocatecumenali. Il Giubileo andr\u00e0 bene. L&#8217;Anno Duemila \u00e8 gi\u00e0 vicino. La Porta Santa si deve aprire fra meno di due mesi, il 24 dicembre. Ricordiamo ancora i nostri defunti, in questi giorni particolari, durante i quali tutta la Chiesa li commemora. Grazie ancora una volta. Abbiate sempre grande coraggio! Anche il vostro parroco \u00e8 neocatecumenale si vede subito. Chi porta la barba \u00e8 subito sospetto. Anche il vice parroco porta la barba. Allora cerchiamo di ammirare i neocatecumenali, anche se non portiamo la barba.<\/p>\n\n<p>Sia lodato Ges\u00f9 Cristo! (*) Cfr. \u00abL\u2019Osservatore Romano\u00bb, 2-3 novembre 1999.<\/p>\n","protected":false},"excerpt":{"rendered":"<p>Visita alla parrocchia S. Benedetto Giuseppe Labre 31-X-1999 S. Giovanni Paolo II Roma, 21 ottobre 1999 Al termine della Santa Messa, in una sala del complesso parrocchiale, si \u00e8 svolto l&#8217;incontro con i giovani, con i membri del consiglio pastorale e con i rappresentanti delle diverse realt\u00e0 parrocchiali. A nome dei presenti, Vittorio, 29 anni, ha rivolto al Papa queste parole di saluto: Santo Padre, l&#8217;abbiamo salutato con le parole<\/p>\n<div class=\"read-more\"><a class=\"btn read-more-btn\" href=\"https:\/\/neocatechumenaleiter.org\/it\/discorsi-dei-papi\/s-giovanni-paolo-ii\/visita-alla-parrocchia-s-benedetto-giuseppe-labre-31-x-1999\/\">Leggi tutto<\/a><\/div>\n","protected":false},"author":2,"featured_media":0,"parent":3717,"menu_order":93,"comment_status":"closed","ping_status":"closed","template":"","meta":{"footnotes":""},"class_list":["post-5938","page","type-page","status-publish","hentry"],"_links":{"self":[{"href":"https:\/\/neocatechumenaleiter.org\/it\/wp-json\/wp\/v2\/pages\/5938","targetHints":{"allow":["GET"]}}],"collection":[{"href":"https:\/\/neocatechumenaleiter.org\/it\/wp-json\/wp\/v2\/pages"}],"about":[{"href":"https:\/\/neocatechumenaleiter.org\/it\/wp-json\/wp\/v2\/types\/page"}],"author":[{"embeddable":true,"href":"https:\/\/neocatechumenaleiter.org\/it\/wp-json\/wp\/v2\/users\/2"}],"replies":[{"embeddable":true,"href":"https:\/\/neocatechumenaleiter.org\/it\/wp-json\/wp\/v2\/comments?post=5938"}],"version-history":[{"count":7,"href":"https:\/\/neocatechumenaleiter.org\/it\/wp-json\/wp\/v2\/pages\/5938\/revisions"}],"predecessor-version":[{"id":6094,"href":"https:\/\/neocatechumenaleiter.org\/it\/wp-json\/wp\/v2\/pages\/5938\/revisions\/6094"}],"up":[{"embeddable":true,"href":"https:\/\/neocatechumenaleiter.org\/it\/wp-json\/wp\/v2\/pages\/3717"}],"wp:attachment":[{"href":"https:\/\/neocatechumenaleiter.org\/it\/wp-json\/wp\/v2\/media?parent=5938"}],"curies":[{"name":"wp","href":"https:\/\/api.w.org\/{rel}","templated":true}]}}