{"id":5944,"date":"2020-03-30T16:57:23","date_gmt":"2020-03-30T15:57:23","guid":{"rendered":"https:\/\/neocatechumenaleiter.org\/discorsi-dei-papi\/s-giovanni-paolo-ii\/eucaristia-del-santo-padre-giovanni-paolo-ii-sul-monte-delle-beatitudini-con-100-000-giovani-24-iii-2000\/"},"modified":"2020-05-09T18:04:25","modified_gmt":"2020-05-09T17:04:25","slug":"eucaristia-del-santo-padre-giovanni-paolo-ii-sul-monte-delle-beatitudini-con-100-000-giovani-24-iii-2000","status":"publish","type":"page","link":"https:\/\/neocatechumenaleiter.org\/it\/discorsi-dei-papi\/s-giovanni-paolo-ii\/eucaristia-del-santo-padre-giovanni-paolo-ii-sul-monte-delle-beatitudini-con-100-000-giovani-24-iii-2000\/","title":{"rendered":"Eucaristia del Santo Padre Giovanni Paolo II sul Monte delle Beatitudini con 100.000 giovani 24-III-2000"},"content":{"rendered":"\n<h1 class=\"has-text-align-center wp-block-heading\">Eucaristia del Santo Padre Giovanni Paolo II sul Monte delle Beatitudini con 100.000 giovani provenienti da tutto il mondo 24-III-2000<\/h1>\n\n<div style=\"height:20px\" aria-hidden=\"true\" class=\"wp-block-spacer\"><\/div>\n\n<h4 class=\"has-text-align-center wp-block-heading\">S. Giovanni Paolo II<\/h4>\n\n<div style=\"height:20px\" aria-hidden=\"true\" class=\"wp-block-spacer\"><\/div>\n\n<div class=\"wp-block-image\"><figure class=\"alignleft size-large\"><img loading=\"lazy\" decoding=\"async\" width=\"605\" height=\"254\" src=\"https:\/\/neocatechumenaleiter.org\/wp-content\/uploads\/2020\/03\/Camino_Neocatecumenal_Juan_Pablo_II_eucaristia_monte_Bienaventuranzas_2000.jpg\" alt=\"\" class=\"wp-image-2774\" srcset=\"https:\/\/neocatechumenaleiter.org\/wp-content\/uploads\/2020\/03\/Camino_Neocatecumenal_Juan_Pablo_II_eucaristia_monte_Bienaventuranzas_2000.jpg 605w, https:\/\/neocatechumenaleiter.org\/wp-content\/uploads\/2020\/03\/Camino_Neocatecumenal_Juan_Pablo_II_eucaristia_monte_Bienaventuranzas_2000-300x126.jpg 300w\" sizes=\"auto, (max-width: 605px) 100vw, 605px\" \/><\/figure><\/div>\n\n<p><strong>Korazim, 24 marzo 2000<\/strong><\/p>\n\n<p><em>Giovanni Paolo II ha celebrato \u2013 nella mattina di venerd\u00ec 24 marzo \u2013 la Santa Messa per i giovani sul Monte delle Beatitudini. All\u2019inizio dell\u2019incontro l\u2019Arcivescovo di Akka dei Greco-Melkiti, Mons. Boutros Mouallem ed un giovane hanno rivolto al Papa un indirizzo d\u2019omaggio.&#13;\nQuesta l\u2019omelia di Giovanni Paolo II in una nostra traduzione italiana:<\/em>&#13;\n<br\/><br\/>&#13;\n<strong>\u00abConsiderate la vostra vocazione, fratelli\u00bb <\/strong>(1 Cor 1,26).<\/p>\n\n<p>1. Oggi queste parole di San Paolo sono rivolte a tutti noi che siamo giunti qui sul Monte delle Beatitudini. Siamo seduti su questa collina come i primi discepoli e ascoltiamo Ges\u00f9. In silenzio ascoltiamo la sua voce gentile e pressante, gentile quanto questa terra stessa e pressante quanto l\u2019invito a <strong>scegliere fra la vita e la morte<\/strong>.&#13;\n&#13;\nQuante generazioni prima di noi si sono commosse profondamente udendo il Discorso della Montagna! Quanti giovani nel corso dei secoli si sono riuniti intorno a Ges\u00f9 per apprendere le parole di vita eterna, proprio come oggi voi siete riuniti qui! Quanti giovani cuori sono stati ispirati dalla forza della sua personalit\u00e0 e dalla avvincente verit\u00e0 del suo messaggio! \u00c8 Grazie, Arcivescovo Boutros Mouallem, per la sua cordiale accoglienza. La prego di trasmettere i miei saluti oranti a tutta la comunit\u00e0 greco-melkita che presiede. Estendo i miei auguri fraterni ai numerosi Cardinali, al Patriarca Sabbah e ai Vescovi, sacerdoti presenti qui. Saluto i membri delle Comunit\u00e0: Latina, Maronita, Siriana, Armena, Caldea, e tutti i nostri fratelli e sorelle delle altre Chiese Cristiane e Comunit\u00e0 Ecclesiali. Rivolgo una speciale parola di ringraziamento ai nostri amici Musulmani che sono qui ed ai membri di fede Ebraica.&#13;\n&#13;\nQuesto grande raduno \u00e8 come una prova generale per la <em>Giornata Mondiale della Giovent\u00f9 <\/em>che si svolger\u00e0 a Roma nel mese di agosto! Il giovane che ha parlato ha promesso che avrete un\u2019altra montagna, il Monte Sinai. Giovani di Israele, dei Territori Palestinesi, della Giordania e di Cipro, giovani del Medio Oriente, dell\u2019Africa e dell\u2019Asia, dell\u2019Europa, dell\u2019America e dell\u2019Oceania! Saluto ognuno di voi con affetto ed amore!<\/p>\n\n<div class=\"wp-block-image\"><figure class=\"alignright size-large\"><img loading=\"lazy\" decoding=\"async\" width=\"768\" height=\"520\" src=\"https:\/\/neocatechumenaleiter.org\/wp-content\/uploads\/2020\/03\/Camino_Neocatecumenal_Juan_Pablo_II_eucaristia_monte_Bienaventuranzas_2000_2.jpg\" alt=\"\" class=\"wp-image-2781\" srcset=\"https:\/\/neocatechumenaleiter.org\/wp-content\/uploads\/2020\/03\/Camino_Neocatecumenal_Juan_Pablo_II_eucaristia_monte_Bienaventuranzas_2000_2.jpg 768w, https:\/\/neocatechumenaleiter.org\/wp-content\/uploads\/2020\/03\/Camino_Neocatecumenal_Juan_Pablo_II_eucaristia_monte_Bienaventuranzas_2000_2-300x203.jpg 300w\" sizes=\"auto, (max-width: 768px) 100vw, 768px\" \/><\/figure><\/div>\n\n<p><strong>2. I primi che udirono le Beatitudini di Ges\u00f9 serbavano nel cuore il ricordo di un altro monte, il Monte Sinai<\/strong>. Proprio un mese fa, ho avuto la grazia di recarmi l\u00e0, dove Dio parl\u00f2 a Mos\u00e8 e gli diede la Legge scritta \u00abdal dito di Dio\u00bb (Es 31,18) su tavole di pietra. Questi due monti, <strong>il Sinai e il Monte delle Beatitudini, ci offrono la mappa della nostra vita cristiana ed una sintesi delle nostre responsabilit\u00e0 verso Dio e verso il prossimo. <\/strong><em>La Legge e le Beatitudini <\/em>insieme tracciano il cammino della sequela di Cristo e il sentiero regale verso la maturit\u00e0 e la libert\u00e0 spirituali.&#13;\n&#13;\nI Dieci Comandamenti del Sinai possono sembrare negativi: \u00abNon avrai altri d\u00e8i di fronte a me;&#8230; Non uccidere. Non commettere adulterio. Non rubare. Non pronunziare falsa testimonianza&#8230; \u00bb (Es 20,3.13-16). Essi sono invece sommamente positivi. Andando oltre il male che nominano, indicano il cammino verso la legge d\u2019amore che \u00e8 il primo e il pi\u00f9 grande dei Comandamenti: \u00abAmerai il Signore Dio tuo con tutto il cuore, con tutta la tua anima e con tutta la tua mente&#8230;&#13;\n&#13;\nAmerai il prossimo tuo come te stesso\u00bb (Mt 22,37.39). Ges\u00f9 stesso afferma di non essere venuto per abolire la Legge ma per darle compimento (cfr Mt 5,17). Il suo messaggio \u00e8 nuovo ma non distrugge ci\u00f2 che gi\u00e0 esiste. Anzi sviluppa al massimo le sue potenzialit\u00e0. <em>Ges\u00f9 insegna che la via dell\u2019amore porta la legge al suo pieno compimento <\/em>(cfr Gal 5,14). Ed ha insegnato questa verit\u00e0 importantissima su questa collina, qui in Galilea.<\/p>\n\n<p>3. \u00abBeati voi\u00bb, dice \u00abBeati i poveri in spirito, i miti e i misericordiosi, gli afflitti, coloro <em>che hanno fame e sete della giustizia, i puri di cuore, gli operatori di pace, i perseguitati! <\/em>Beati voi!\u00bb. Le parole di Ges\u00f9 possono sembrare strane. <strong>\u00c8 strano che Ges\u00f9 esalti coloro che il mondo considera in generale dei deboli. <\/strong>Dice loro: \u00abBeati voi che sembrate perdenti, perch\u00e9 siete i veri vincitori, siete i veri vincitori: vostro \u00e8 il Regno dei Cieli!\u00bb. Dette da lui che \u00e8 \u00abmite e umile di cuore\u00bb (Mt 11,29), queste parole lanciano una sfida che richiede una metanoia profonda e costante dello spirito, una grande trasformazione del cuore.&#13;\n&#13;\nVoi giovani comprendete il motivo per cui \u00e8 necessario questo cambiamento del cuore! Siete infatti consapevoli di un\u2019altra voce dentro di voi e intorno a voi, una voce contraddittoria. \u00c8 una voce che dice:&#13;\n&#13;\n\u00abBeati i superbi e i violenti, coloro che prosperano a qualunque costo, che non hanno scrupoli, che sono senza piet\u00e0, disonesti, che fanno la guerra invece della pace e perseguitano quanti sono di ostacolo sul loro cammino\u00bb.&#13;\n&#13;\nQuesta voce sembra avere senso in un mondo in cui i violenti spesso trionfano e pare che i disonesti abbiano successo. \u00abS\u00ec\u00bb dice la voce del male \u00absono questi a vincere. Beati loro!\u00bb.<\/p>\n\n<div class=\"wp-block-image\"><figure class=\"alignleft size-medium\"><img loading=\"lazy\" decoding=\"async\" width=\"300\" height=\"204\" src=\"https:\/\/neocatechumenaleiter.org\/wp-content\/uploads\/2020\/03\/Camino_Neocatecumenal_Juan_Pablo_II_eucaristia_monte_Bienaventuranzas_2000_3-300x204.jpg\" alt=\"\" class=\"wp-image-2785\" srcset=\"https:\/\/neocatechumenaleiter.org\/wp-content\/uploads\/2020\/03\/Camino_Neocatecumenal_Juan_Pablo_II_eucaristia_monte_Bienaventuranzas_2000_3-300x204.jpg 300w, https:\/\/neocatechumenaleiter.org\/wp-content\/uploads\/2020\/03\/Camino_Neocatecumenal_Juan_Pablo_II_eucaristia_monte_Bienaventuranzas_2000_3.jpg 768w\" sizes=\"auto, (max-width: 300px) 100vw, 300px\" \/><\/figure><\/div>\n\n<p>4. Ges\u00f9 offre un messaggio molto diverso. Non lontano da qui egli chiam\u00f2 i suoi primi discepoli, cos\u00ec come chiama voi ora. La sua chiamata ha sempre imposto una scelta fra le due voci in competizione per conquistare il vostro cuore, anche ora, qui sulla collina, la scelta fra il bene e il male, fra la vita e la morte. Quale voce sceglieranno di seguire i giovani del XXI secolo? Riporre la vostra fiducia in Ges\u00f9 significa scegliere di credere in ci\u00f2 che dice, indipendentemente da quanto ci\u00f2 possa sembrare strano, e scegliere di non cedere alle lusinghe del male, per quanto attraenti possano sembrare. Dopo tutto, Ges\u00f9 non solo proclama le Beatitudini. Egli vive le Beatitudini. Egli \u00e8 le Beatitudini. Guardandolo, vedrete cosa significa essere poveri in spirito, miti e misericordiosi, afflitti, avere fame e sete della giustizia, essere puri di cuore, operatori di pace, perseguitati. Per questo motivo Ges\u00f9 ha il diritto di affermare: \u00abVenite, seguitemi!\u00bb. Non dice semplicemente: \u00abFate ci\u00f2 che dico\u00bb. Egli dice: \u00abVenite, seguitemi!\u00bb.<\/p>\n\n<p>Voi ascoltate la sua voce su questa collina e credete a ci\u00f2 che dice. Tuttavia, come i primi discepoli sul mare di Galilea, dovete abbandonare le vostre barche e le vostre reti e questo non \u00e8 mai facile, in particolare quando dovete affrontare un futuro incerto e siete tentati di perdere la fiducia nella vostra eredit\u00e0 cristiana. Esser buoni cristiani pu\u00f2 sembrare un\u2019impresa superiore alle vostre forze nel mondo di oggi. Tuttavia <strong>Ges\u00f9 <\/strong>non resta a guardare e non vi lascia soli ad affrontare tale sfida. <strong>\u00c8 sempre con voi per trasformare la vostra debolezza in forza. <\/strong>CredeteGli quando vi dice: \u00abTi basta la mia grazia; la mia potenza infatti si manifesta pienamente nella debolezza!\u00bb (2 Cor 12,9).<\/p>\n\n<div class=\"wp-block-image\"><figure class=\"alignright size-large\"><img loading=\"lazy\" decoding=\"async\" width=\"433\" height=\"655\" src=\"https:\/\/neocatechumenaleiter.org\/wp-content\/uploads\/2020\/03\/Camino_Neocatecumenal_Juan_Pablo_II_eucaristia_monte_Bienaventuranzas_2000_4.jpg\" alt=\"\" class=\"wp-image-2795\" srcset=\"https:\/\/neocatechumenaleiter.org\/wp-content\/uploads\/2020\/03\/Camino_Neocatecumenal_Juan_Pablo_II_eucaristia_monte_Bienaventuranzas_2000_4.jpg 433w, https:\/\/neocatechumenaleiter.org\/wp-content\/uploads\/2020\/03\/Camino_Neocatecumenal_Juan_Pablo_II_eucaristia_monte_Bienaventuranzas_2000_4-198x300.jpg 198w\" sizes=\"auto, (max-width: 433px) 100vw, 433px\" \/><\/figure><\/div>\n\n<p>5. I discepoli trascorsero del tempo con il Signore. Giunsero a conoscerlo e ad amarlo profondamente. Scoprirono il significato di quanto l\u2019Apostolo Pietro disse una volta a Ges\u00f9: \u00ab<em>Signore, da chi andremo? Tu hai parole di vita eterna<\/em>\u00bb (Gv 6,68). Scoprirono che <strong>le parole di vita eterna sono le parole del Sinai e le parole delle <\/strong>Questo \u00e8 il messaggio che diffusero ovunque.&#13;\n&#13;\nAl momento della sua Ascensione, Ges\u00f9 affid\u00f2 ai suoi discepoli una missione e questa rassicurazione: \u00abMi \u00e8 stato dato ogni potere in cielo e in terra. <strong>Andate dunque e ammaestrate tutte le nazioni&#8230; ecco, io sono con voi tutti i giorni, fino alla fine del mondo\u00bb <\/strong>(Mt 28,18-20). Da duemila anni i seguaci di Cristo svolgono questa missione. Ora, all\u2019alba del terzo millennio, <em>tocca a vo<\/em>i. <strong>Tocca a voi andare nel mondo e annunciare il messaggio dei Dieci Comandamenti e delle Beatitudini. <\/strong><\/p>\n\n<p>Quando Dio parla, parla di cose che hanno la pi\u00f9 grande importanza per ogni persona, per le persone del XXI secolo non meno che per quelle del primo secolo. I Dieci Comandamenti e le Beatitudini parlano di verit\u00e0 e di bont\u00e0, di grazia e di libert\u00e0, di quanto \u00e8 necessario per entrare nel Regno di Cristo. <em>Ora tocca a voi essere coraggiosi <\/em><em>apostoli di quel Regno!<\/em>&#13;\n&#13;\nGiovani della Terra Santa, <strong>giovani del mondo, rispondete al Signore, rispondete al Signore con un cuore aperto e volenteroso! <\/strong>Volenteroso e aperto come il cuore della figlia pi\u00f9 grande di Galilea, Maria, la Madre di Ges\u00f9. Come rispose? Disse: \u00abEccomi, sono la serva del Signore, avvenga di me quello che hai detto\u00bb (Lc 1,38).&#13;\n&#13;\nO Signore Ges\u00f9 Cristo, in questo luogo che hai conosciuto e che hai tanto amato, ascolta questi giovani cuori generosi! <strong>Continua a insegnare a questi giovani la verit\u00e0 dei Comandamenti e delle Beatitudini! <\/strong>Rendili gioiosi testimoni della tua verit\u00e0 e apostoli convinti del tuo Regno! Sii con loro sempre, in particolare quando seguire te e il Vangelo diviene difficile e arduo! Sarai tu la loro forza, sarai tu la loro vittoria! O Signore Ges\u00f9, hai fatto di questi giovani degli amici tuoi: tienili per sempre vicino a te!<\/p>\n\n<p><strong>Am\u00e9n!.<\/strong><\/p>\n\n<div class=\"wp-block-image\"><figure class=\"alignleft size-medium\"><img loading=\"lazy\" decoding=\"async\" width=\"204\" height=\"300\" src=\"https:\/\/neocatechumenaleiter.org\/wp-content\/uploads\/2020\/03\/Camino_Neocatecumenal_Juan_Pablo_II_eucaristia_monte_Bienaventuranzas_2000_5-204x300.jpg\" alt=\"\" class=\"wp-image-2799\" srcset=\"https:\/\/neocatechumenaleiter.org\/wp-content\/uploads\/2020\/03\/Camino_Neocatecumenal_Juan_Pablo_II_eucaristia_monte_Bienaventuranzas_2000_5-204x300.jpg 204w, https:\/\/neocatechumenaleiter.org\/wp-content\/uploads\/2020\/03\/Camino_Neocatecumenal_Juan_Pablo_II_eucaristia_monte_Bienaventuranzas_2000_5.jpg 566w\" sizes=\"auto, (max-width: 204px) 100vw, 204px\" \/><\/figure><\/div>\n\n<p><em>Al termine della Santa Messa, celebrata sul Monte delle Beatitudini, il Santo Padre ha voluto rivolgere alcune espressioni di saluto ai diversi gruppi di pellegrini che si sono stretti attorno a lui per la celebrazione. Dopo aver salutato i giovani italiani, il Papa si \u00e8 rivolto a quelli di lingua francese, tedesca, spagnola, inglese, polacca, ebraica e araba. Questa \u00e8 una nostra tra<\/em><em>duzione delle parole del Papa:<\/em>&#13;\n&#13;\nAl termine di questa gioiosa Celebrazione Eucaristica, voglio ringraziare tutti voi, cari giovani, venuti numerosi da vicino e da lontano, come discepoli di Ges\u00f9, per ascoltare la sua parola.&#13;\n&#13;\nPartendo da questo Monte delle Beatitudini, ognuno di voi deve essere messaggero del Vangelo delle Beatitudini.&#13;\n&#13;\nSaluto in particolare i giovani neocatecumenali con Kiko e Carmen che sono qui in gran numero da tutte le parti del mondo.&#13;\n&#13;\nA tutti dico, Cristo vi accompagni per le strade del mondo.<\/p>\n\n<p>Vi accompagni anche Maria che \u2013 come ricorder\u00f2 domani a Nazareth \u2013 col suo fiat cooper\u00f2 al grande mistero dell\u2019Incarnazione, di cui l\u2019Anno Giubilare celebra i Duemila anni. Dio vi benedica! Saluto cordialmente i giovani francofoni presenti in questo meraviglioso incontro nel corso del quale, su questa montagna, abbiamo potuto ascoltare in modo rinnovato la Buona Novella delle Beatitudini. Vi attendo a Roma per la Giornata Mondiale della Giovent\u00f9.<\/p>\n\n<p>Rivolgo un saluto cordiale ai giovani e ai pellegrini di lingua tedesca. La Montagna delle Beatitudini ci ricorda l\u2019esigenza del nostro essere cristiani: il programma del Discorso della Montagna. Che la vostra testimonianza personale diventi un sermone vivo di quanto Ges\u00f9 ha annunciato in questo luogo! Saluto con grande gioia tutti i giovani presenti di lingua spagnola. Qui in Galilea, lo stesso Ges\u00f9 ci ha indicato il cammino delle Beatitudini. Che la forza e la bellezza di questo insegnamento orientino la nostra vita! Ges\u00f9 vi invita tutti ad essere \u00abpescatori di uomini\u00bb. Dice a ognuno di voi: \u00abVieni e seguimi\u00bb! Non abbiate paura a rispondere a questa chiamata, perch\u00e9 Egli \u00e8 la vostra forza. Ad agosto vi attendo a Roma, per la Giornata Mondiale della Giovent\u00f9.<\/p>\n\n<div class=\"wp-block-image\"><figure class=\"alignright size-large\"><img loading=\"lazy\" decoding=\"async\" width=\"264\" height=\"400\" src=\"https:\/\/neocatechumenaleiter.org\/wp-content\/uploads\/2020\/03\/Camino_Neocatecumenal_Juan_Pablo_II_eucaristia_monte_Bienaventuranzas_2000_6.jpg\" alt=\"\" class=\"wp-image-2809\" srcset=\"https:\/\/neocatechumenaleiter.org\/wp-content\/uploads\/2020\/03\/Camino_Neocatecumenal_Juan_Pablo_II_eucaristia_monte_Bienaventuranzas_2000_6.jpg 264w, https:\/\/neocatechumenaleiter.org\/wp-content\/uploads\/2020\/03\/Camino_Neocatecumenal_Juan_Pablo_II_eucaristia_monte_Bienaventuranzas_2000_6-198x300.jpg 198w\" sizes=\"auto, (max-width: 264px) 100vw, 264px\" \/><\/figure><\/div>\n\n<p>Ai giovani provenienti dalle aree anglofone del mondo e a tutti voi, dico: siate degni seguaci di Cristo! Nello spirito delle Beatitudini, siate la luce del mondo!<\/p>\n\n<p>Ringrazio quanti hanno partecipato alla preparazione di questa Messa meravigliosa. Dio vi benedica tutti!&#13;\nCari giovani venuti dalla Polonia! La vostra presenza qui mi rallegra moltissimo. \u00c8 un segno di speranza per la nostra Patria. Cos\u00ec tanti di voi si sono seduti oggi ai piedi di Ges\u00f9. Colui che \u00e8 la speranza della famiglia umana. Dalla sua bocca avete sentito che cosa vuol dire essere veramente beati, che cosa vuol dire osservare i comandamenti e vivere secondo lo spirito delle Beatitudini. Non abbiate paura di dire \u00abs\u00ec\u00bb a Ges\u00f9 e di seguirlo come suoi discepoli. Allora i vostri cuori si riempiranno di gioia e voi diventerete una Beatitudine per la Polonia e per il mondo. Ve lo auguro con tutto il mio cuore.&#13;\n<\/p>\n\n<p>Ai giovani di lingua araba, dico: siate costruttori di pace. Dio sia con voi!. Ai giovani di lingua ebraica, dico: siate costruttori di pace. Dio sia con voi!. (*) Cfr. \u00abL\u2019Osservatore Romano\u00bb, 25 marzo 2000.<\/p>\n","protected":false},"excerpt":{"rendered":"<p>Eucaristia del Santo Padre Giovanni Paolo II sul Monte delle Beatitudini con 100.000 giovani provenienti da tutto il mondo 24-III-2000 S. Giovanni Paolo II Korazim, 24 marzo 2000 Giovanni Paolo II ha celebrato \u2013 nella mattina di venerd\u00ec 24 marzo \u2013 la Santa Messa per i giovani sul Monte delle Beatitudini. All\u2019inizio dell\u2019incontro l\u2019Arcivescovo di Akka dei Greco-Melkiti, Mons. Boutros Mouallem ed un giovane hanno rivolto al Papa un indirizzo<\/p>\n<div class=\"read-more\"><a class=\"btn read-more-btn\" href=\"https:\/\/neocatechumenaleiter.org\/it\/discorsi-dei-papi\/s-giovanni-paolo-ii\/eucaristia-del-santo-padre-giovanni-paolo-ii-sul-monte-delle-beatitudini-con-100-000-giovani-24-iii-2000\/\">Leggi tutto<\/a><\/div>\n","protected":false},"author":2,"featured_media":0,"parent":3717,"menu_order":94,"comment_status":"closed","ping_status":"closed","template":"","meta":{"footnotes":""},"class_list":["post-5944","page","type-page","status-publish","hentry"],"_links":{"self":[{"href":"https:\/\/neocatechumenaleiter.org\/it\/wp-json\/wp\/v2\/pages\/5944","targetHints":{"allow":["GET"]}}],"collection":[{"href":"https:\/\/neocatechumenaleiter.org\/it\/wp-json\/wp\/v2\/pages"}],"about":[{"href":"https:\/\/neocatechumenaleiter.org\/it\/wp-json\/wp\/v2\/types\/page"}],"author":[{"embeddable":true,"href":"https:\/\/neocatechumenaleiter.org\/it\/wp-json\/wp\/v2\/users\/2"}],"replies":[{"embeddable":true,"href":"https:\/\/neocatechumenaleiter.org\/it\/wp-json\/wp\/v2\/comments?post=5944"}],"version-history":[{"count":3,"href":"https:\/\/neocatechumenaleiter.org\/it\/wp-json\/wp\/v2\/pages\/5944\/revisions"}],"predecessor-version":[{"id":9927,"href":"https:\/\/neocatechumenaleiter.org\/it\/wp-json\/wp\/v2\/pages\/5944\/revisions\/9927"}],"up":[{"embeddable":true,"href":"https:\/\/neocatechumenaleiter.org\/it\/wp-json\/wp\/v2\/pages\/3717"}],"wp:attachment":[{"href":"https:\/\/neocatechumenaleiter.org\/it\/wp-json\/wp\/v2\/media?parent=5944"}],"curies":[{"name":"wp","href":"https:\/\/api.w.org\/{rel}","templated":true}]}}