{"id":5964,"date":"2020-03-30T17:08:16","date_gmt":"2020-03-30T16:08:16","guid":{"rendered":"https:\/\/neocatechumenaleiter.org\/discorsi-dei-papi\/s-giovanni-paolo-ii\/lettera-del-santo-padre-giovanni-paolo-ii-al-cardinal-james-francis-stafford-5-iv-2001\/"},"modified":"2020-03-31T02:13:32","modified_gmt":"2020-03-31T01:13:32","slug":"lettera-del-santo-padre-giovanni-paolo-ii-al-cardinal-james-francis-stafford-5-iv-2001","status":"publish","type":"page","link":"https:\/\/neocatechumenaleiter.org\/it\/discorsi-dei-papi\/s-giovanni-paolo-ii\/lettera-del-santo-padre-giovanni-paolo-ii-al-cardinal-james-francis-stafford-5-iv-2001\/","title":{"rendered":"Lettera del Santo Padre Giovanni Paolo II al cardinal James Francis Stafford 5-IV-2001"},"content":{"rendered":"\n<h1 class=\"has-text-align-center wp-block-heading\">Lettera del Santo Padre Giovanni Paolo II al cardinal James Francis Stafford, presidente del pontificio consiglio per i laici, sulla stesura dello statuto 5-IV-2001<\/h1>\n\n<div style=\"height:20px\" aria-hidden=\"true\" class=\"wp-block-spacer\"><\/div>\n\n<h4 class=\"has-text-align-center wp-block-heading\">S. Giovanni Paolo II<\/h4>\n\n<div style=\"height:20px\" aria-hidden=\"true\" class=\"wp-block-spacer\"><\/div>\n\n<p><strong>Citt\u00e0 del Vaticano, 5 aprile 2001<\/strong><\/p>\n\n<p><em>Giovanni Paolo II ha fatto pervenire un messaggio al Cardinal James Francis Stafford, Presidente del Pontificio Consiglio per i Laici, in cui conferma la competenza del Dicastero nell\u2019approvazione degli statuti del Cammino Neocatecumenale, \u00abuna volta che essi saranno debitamente redatti\u00bb e lo incarica \u00abdi continuare ad accompagnare il cammino anche in futuro\u00bb.<\/em><\/p>\n\n<p><em>Questo \u00e8 il il testo del messaggio:<\/em>&#013;\n&#013;\n<em>\u00a0<\/em>Al Venerato Fratello&#013;\n&#013;\nJames Francis Card. Stafford&#013;\n&#013;\nPresidente del Pontificio Consiglio per i Laici:<\/p>\n\n<p>1. Sono passati ormai quattro anni da quel memorabile 24 gennaio 1997 nel quale ebbi modo d\u2019incontrare gli iniziatori del Cammino Neocatecumenale e, con loro i numerosi responsabili delle comunit\u00e0 del Cammino sparse nel mondo. In quella circostanza, unendomi alla loro preghiera di lode e di ringraziamento al Signore per i frutti preziosi portati dal Cammino in trent\u2019anni di vita, non mancai di sottolineare l\u2019importanza di alcuni adempimenti ineludibili dai quali dipende l\u2019esistenza stessa del Cammino. Tra questi, la stesura di una precisa normativa statutaria in vista di un suo formale riconoscimento giuridico (cfr. <em>L\u2019Osservatore Romano<\/em>, 25 gennaio 1997, p.4). Si apriva cos\u00ec una fase nuova, decisiva per l\u2019avvenire di questa realt\u00e0 ecclesiale.<\/p>\n\n<p>2. Gi\u00e0 nell\u2019Esortazione Apostolica <em>Christifideles laici <\/em>(30 dicembre 1988) ricordavo che \u00abnessun carisma dispensa dal riferimento e dalla sottomissione ai Pastori della Chiesa\u00bb (n. 24) e rimandavo a quanto \u00e8 scritto al riguardo nella Costituzione dogmatica <em>Lumen Gentium<\/em>: \u00abIl giudizio sulla loro (dei carismi) genuinit\u00e0 e sul loro esercizio ordinato appartiene a quelli che presiedono nella Chiesa ai quali spetta specialmente, non di estinguere lo Spirito, ma di esaminare tutto e ritenere ci\u00f2 che \u00e8 buono (cfr. 1 Tess 5,12.19-21)\u00bb (n. 12). \u00c8 a questa condizione, infatti, che i carismi, nella loro diversit\u00e0 e complementariet\u00e0, possono cooperare al bene comune (cfr. <em>Chri- stifideles laici<\/em>, 24).&#013;\n&#013;\nNon \u00e8, dunque, un processo facile quello del riconoscimento e dell\u2019accoglienza dei carismi. Esso richiede un discernimento profondo della volont\u00e0 di Dio e deve essere accompagnato dalla preghiera costante, perch\u00e9 i cuori si aprano docilmente alla voce dello Spirito nella comunione ecclesiale. Culmine di questo processo \u00e8 l\u2019atto ufficiale del riconoscimento e dell\u2019approvazione degli statuti come chiara e sicura regola di vita, un momento che le realt\u00e0 ecclesiali interessate vivono sempre con grande gioia e con viva gratitudine nei confronti di Dio e nei confronti della Chiesa. Nuovo punto di partenza, esso \u00e8 infatti segno visibile di una identit\u00e0 ecclesiale matura (cfr. <em>Christifideles laici<\/em>, 30).<\/p>\n\n<p>3. So con quanto zelo e sollecitudine pastorale il Pontificio Consiglio per i Laici si \u00e8 adoperato e si adopera per accompagnare il Cammino Neocatecumenale in questa tappa determinante della propria vita, l\u2019elaborazione degli statuti. Ho affidato questo compito delicato, Signor Cardinale, a codesto Pontificio Consiglio per i Laici, a motivo dell\u2019autorit\u00e0 che gli compete, in base alle norme canoniche vigenti, come anche per la singolare esperienza che esso ha nella materia. Proprio in questo si fonda la speranza di un felice esito del procedimento, ormai avviato verso la fase conclusiva. Mentre esprimo al Pontificio Consiglio per i Laici il mio vivo apprezzamento e la mia riconoscenza per la seriet\u00e0 e il rigore posti nell\u2019adempimento del compito assegnatogli, confermo la sua competenza nell\u2019approvazione dei suddetti statuti, una volta che essi saranno debitamente redatti e lo incarico di continuare ad accompagnare il Cammino anche in futuro. Sono certo che, nell\u2019adempimento di questo suo mandato, il Pontificio Consiglio per i Laici potr\u00e0 contare sulla collaborazione e sullo spirito di filiale docilit\u00e0 del Cammino Neocatecumenale. Nell\u2019affidare al Signore, per l\u2019intercessione di Maria Madre della Chiesa, l\u2019attivit\u00e0 del Dicastero che Ella presiede, imparto di cuore a Lei, venerato Fratello, come ai Suoi Collaboratori e Collaboratrici, la mia affettuosa benedizione. (*) Cfr. \u00abL\u2019Osservatore Romano\u00bb, 17-18 aprile 2001.<\/p>\n","protected":false},"excerpt":{"rendered":"<p>Lettera del Santo Padre Giovanni Paolo II al cardinal James Francis Stafford, presidente del pontificio consiglio per i laici, sulla stesura dello statuto 5-IV-2001 S. Giovanni Paolo II Citt\u00e0 del Vaticano, 5 aprile 2001 Giovanni Paolo II ha fatto pervenire un messaggio al Cardinal James Francis Stafford, Presidente del Pontificio Consiglio per i Laici, in cui conferma la competenza del Dicastero nell\u2019approvazione degli statuti del Cammino Neocatecumenale, \u00abuna volta che<\/p>\n<div class=\"read-more\"><a class=\"btn read-more-btn\" href=\"https:\/\/neocatechumenaleiter.org\/it\/discorsi-dei-papi\/s-giovanni-paolo-ii\/lettera-del-santo-padre-giovanni-paolo-ii-al-cardinal-james-francis-stafford-5-iv-2001\/\">Leggi tutto<\/a><\/div>\n","protected":false},"author":2,"featured_media":0,"parent":3717,"menu_order":97,"comment_status":"closed","ping_status":"closed","template":"","meta":{"footnotes":""},"class_list":["post-5964","page","type-page","status-publish","hentry"],"_links":{"self":[{"href":"https:\/\/neocatechumenaleiter.org\/it\/wp-json\/wp\/v2\/pages\/5964","targetHints":{"allow":["GET"]}}],"collection":[{"href":"https:\/\/neocatechumenaleiter.org\/it\/wp-json\/wp\/v2\/pages"}],"about":[{"href":"https:\/\/neocatechumenaleiter.org\/it\/wp-json\/wp\/v2\/types\/page"}],"author":[{"embeddable":true,"href":"https:\/\/neocatechumenaleiter.org\/it\/wp-json\/wp\/v2\/users\/2"}],"replies":[{"embeddable":true,"href":"https:\/\/neocatechumenaleiter.org\/it\/wp-json\/wp\/v2\/comments?post=5964"}],"version-history":[{"count":3,"href":"https:\/\/neocatechumenaleiter.org\/it\/wp-json\/wp\/v2\/pages\/5964\/revisions"}],"predecessor-version":[{"id":6098,"href":"https:\/\/neocatechumenaleiter.org\/it\/wp-json\/wp\/v2\/pages\/5964\/revisions\/6098"}],"up":[{"embeddable":true,"href":"https:\/\/neocatechumenaleiter.org\/it\/wp-json\/wp\/v2\/pages\/3717"}],"wp:attachment":[{"href":"https:\/\/neocatechumenaleiter.org\/it\/wp-json\/wp\/v2\/media?parent=5964"}],"curies":[{"name":"wp","href":"https:\/\/api.w.org\/{rel}","templated":true}]}}