{"id":5966,"date":"2020-03-30T17:10:26","date_gmt":"2020-03-30T16:10:26","guid":{"rendered":"https:\/\/neocatechumenaleiter.org\/discorsi-dei-papi\/s-giovanni-paolo-ii\/saluto-del-papa-giovanni-paolo-ii-ai-giovani-delle-comunita-neocatecumenali-ditalia-24-ii-2002\/"},"modified":"2020-03-30T17:10:43","modified_gmt":"2020-03-30T16:10:43","slug":"saluto-del-papa-giovanni-paolo-ii-ai-giovani-delle-comunita-neocatecumenali-ditalia-24-ii-2002","status":"publish","type":"page","link":"https:\/\/neocatechumenaleiter.org\/it\/discorsi-dei-papi\/s-giovanni-paolo-ii\/saluto-del-papa-giovanni-paolo-ii-ai-giovani-delle-comunita-neocatecumenali-ditalia-24-ii-2002\/","title":{"rendered":"Saluto del Papa Giovanni Paolo II ai giovani delle Comunit\u00e0 Neocatecumenali d\u2019Italia 24-II-2002"},"content":{"rendered":"\n<h1 class=\"has-text-align-center wp-block-heading\">Saluto del Papa Giovanni Paolo II ai giovani delle Comunit\u00e0 Neocatecumenali d\u2019Italia 24-II-2002<\/h1>\n\n<div style=\"height:20px\" aria-hidden=\"true\" class=\"wp-block-spacer\"><\/div>\n\n<h4 class=\"has-text-align-center wp-block-heading\">S. Giovanni Paolo II<\/h4>\n\n<div style=\"height:20px\" aria-hidden=\"true\" class=\"wp-block-spacer\"><\/div>\n\n<p><strong>Piazza S. Pietro, 24 febbraio 2002 <\/strong><\/p>\n\n<p><em>\u00abArrivederci a Toronto\u00bb. Con queste parole, pronunciate al termine della preghiera mariana, Giovanni Paolo II ha rinnovato l\u2019invito alle nuove generazioni a partecipare alla XVII Giornata Mondiale della Giovent\u00f9 che si svolger\u00e0 in Canada. L\u2019invito \u00e8 stato rivolto alle migliaia di giovani appartenenti alle Comunit\u00e0 Neocatecumenali delle parrocchie e diocesi di tutta Italia presenti in Piazza San Pietro all\u2019\u00abAngelus\u00bb di domenica 24.<\/em>&#13;\n&#13;\n<em>Ecco le parole del Papa:<\/em><\/p>\n\n<p>Saluto con speciale affetto i giovani, molto numerosi, appartenenti alle Comunit\u00e0 Neocatecumenali delle parrocchie e diocesi di tutta Italia. Carissimi, voi siete \u201cin cammino\u201d verso la Giornata Mondiale della Giovent\u00f9 che avr\u00e0 luogo a Toronto nel prossimo mese di luglio. Siete giovani in cammino con Cristo. Vi ringrazio perch\u00e9, con la vostra presenza, mi offrite l\u2019occasione di rinnovare l\u2019invito ai vostri coetanei italiani e degli altri Paesi del mondo, a prepararsi con cura a questo importante appuntamento. Sappiate rendere ragione in ogni circostanza, con umilt\u00e0 e rispetto, della speranza che \u00e8 in voi. Grazie per la visita e arrivederci a Toronto!&#13;\n&#13;\n(*) Cfr. \u00abL\u2019Osservatore Romano\u00bb, 25-26 febbraio 2002.<\/p>\n","protected":false},"excerpt":{"rendered":"<p>Saluto del Papa Giovanni Paolo II ai giovani delle Comunit\u00e0 Neocatecumenali d\u2019Italia 24-II-2002 S. Giovanni Paolo II Piazza S. Pietro, 24 febbraio 2002 \u00abArrivederci a Toronto\u00bb. Con queste parole, pronunciate al termine della preghiera mariana, Giovanni Paolo II ha rinnovato l\u2019invito alle nuove generazioni a partecipare alla XVII Giornata Mondiale della Giovent\u00f9 che si svolger\u00e0 in Canada. L\u2019invito \u00e8 stato rivolto alle migliaia di giovani appartenenti alle Comunit\u00e0 Neocatecumenali delle<\/p>\n<div class=\"read-more\"><a class=\"btn read-more-btn\" href=\"https:\/\/neocatechumenaleiter.org\/it\/discorsi-dei-papi\/s-giovanni-paolo-ii\/saluto-del-papa-giovanni-paolo-ii-ai-giovani-delle-comunita-neocatecumenali-ditalia-24-ii-2002\/\">Leggi tutto<\/a><\/div>\n","protected":false},"author":2,"featured_media":0,"parent":3717,"menu_order":98,"comment_status":"closed","ping_status":"closed","template":"","meta":{"footnotes":""},"class_list":["post-5966","page","type-page","status-publish","hentry"],"_links":{"self":[{"href":"https:\/\/neocatechumenaleiter.org\/it\/wp-json\/wp\/v2\/pages\/5966","targetHints":{"allow":["GET"]}}],"collection":[{"href":"https:\/\/neocatechumenaleiter.org\/it\/wp-json\/wp\/v2\/pages"}],"about":[{"href":"https:\/\/neocatechumenaleiter.org\/it\/wp-json\/wp\/v2\/types\/page"}],"author":[{"embeddable":true,"href":"https:\/\/neocatechumenaleiter.org\/it\/wp-json\/wp\/v2\/users\/2"}],"replies":[{"embeddable":true,"href":"https:\/\/neocatechumenaleiter.org\/it\/wp-json\/wp\/v2\/comments?post=5966"}],"version-history":[{"count":3,"href":"https:\/\/neocatechumenaleiter.org\/it\/wp-json\/wp\/v2\/pages\/5966\/revisions"}],"predecessor-version":[{"id":5969,"href":"https:\/\/neocatechumenaleiter.org\/it\/wp-json\/wp\/v2\/pages\/5966\/revisions\/5969"}],"up":[{"embeddable":true,"href":"https:\/\/neocatechumenaleiter.org\/it\/wp-json\/wp\/v2\/pages\/3717"}],"wp:attachment":[{"href":"https:\/\/neocatechumenaleiter.org\/it\/wp-json\/wp\/v2\/media?parent=5966"}],"curies":[{"name":"wp","href":"https:\/\/api.w.org\/{rel}","templated":true}]}}