{"id":5978,"date":"2020-03-30T17:47:46","date_gmt":"2020-03-30T16:47:46","guid":{"rendered":"https:\/\/neocatechumenaleiter.org\/discorsi-dei-papi\/s-giovanni-paolo-ii\/discorso-agli-iniziatori-ai-catechisti-itineranti-e-ai-presbiteri-del-cammino-neocatecumenale-21-ix-2002\/"},"modified":"2020-06-08T13:53:48","modified_gmt":"2020-06-08T12:53:48","slug":"discorso-agli-iniziatori-ai-catechisti-itineranti-e-ai-presbiteri-del-cammino-neocatecumenale-21-ix-2002","status":"publish","type":"page","link":"https:\/\/neocatechumenaleiter.org\/it\/discorsi-dei-papi\/s-giovanni-paolo-ii\/discorso-agli-iniziatori-ai-catechisti-itineranti-e-ai-presbiteri-del-cammino-neocatecumenale-21-ix-2002\/","title":{"rendered":"Discorso agli iniziatori, ai catechisti itineranti e ai presbiteri del Cammino Neocatecumenale 21-IX-2002"},"content":{"rendered":"\n<h1 class=\"has-text-align-center wp-block-heading\">Discorso agli iniziatori, ai catechisti itineranti e ai presbiteri del Cammino Neocatecumenale 21-IX-2002<\/h1>\n\n<div style=\"height:20px\" aria-hidden=\"true\" class=\"wp-block-spacer\"><\/div>\n\n<h4 class=\"has-text-align-center wp-block-heading\">S. Giovanni Paolo II<\/h4>\n\n<div style=\"height:20px\" aria-hidden=\"true\" class=\"wp-block-spacer\"><\/div>\n\n<p><strong>Castel Gandolfo, 21 settembre 2002 *<\/strong><\/p>\n\n<p><strong>GLI STATUTI: UNA CHIARA E SICURA REGOLA DI VITA<br\/>PER IL CAMMINO NEOCATECUMENALE<\/strong><\/p>\n\n<p><em>\u00abGli Statuti devono costituire per il Cammino Neocatecumenale una \u201cchiara e sicura regola di vita\u201d\u00bb. \u00c8 quanto ha raccomandato il Papa a catechisti e a presbiteri delle Comunit\u00e0 Neocatecumenali, ricevuti in udienza nella mattina di sabato 21 settembre, nel cortile del Palazzo Pontificio di Castel Gandolfo.<\/em><\/p>\n\n<p><em>Saluto di Kiko Arg\u00fcello al Santo Padre:<\/em>&#13;\n&#13;\nCarissimo Padre, non abbiamo parole per esprimere l\u2019allegria e la consolazione che ci d\u00e0 questo incontro tanto desiderato.&#13;\n&#13;\nSono qui presenti le <em>\u00e9quipes <\/em>di catechisti itineranti venute da tutte le nazioni insieme ai parroci, presbiteri, responsabili e catechisti delle comunit\u00e0 della Spagna, dell\u2019Italia e di Parigi, che sono le pi\u00f9 antiche, dal cui zelo \u00e8 sorta tutta l\u2019evangelizzazione.&#13;\n&#13;\nSiamo lieti di poterla ringraziare di persona per l\u2019approvazione degli Statuti da parte del Pontificio Consiglio per i Laici, soprattutto perch\u00e9 in essi viene riconosciuto quello che siamo: un itinerario di formazione cattolica, un catecumenato post-battesimale che, vissuto in piccole comunit\u00e0, aiuta a riscoprire e a vivere le ricchezze immense del Battesimo ricevuto. Alcuni canonisti in diversi commentari hanno segnalato come questa approvazione \u00e8 di grande importanza per tutta la Chiesa, dato che \u00e8 la prima volta che si riconosce e si approva un catecumenato post-battesimale.&#13;\n&#13;\nQuanta consolazione ci ha dato sempre la Sua parola! Gi\u00e0 nel 1952 Lei aveva sottolineato la necessit\u00e0 di reintrodurre il Catecumenato e durante il Concilio contribu\u00ec in modo fondamentale alla riscoperta e al ripristino della Iniziazione Cristiana e del Catecumenato. Proprio qui a Castel Gandolfo quando ci ricevette la prima volta 23 anni fa, ci espresse la convinzione che, dato l\u2019ateismo moderno, i battezzati avevano bisogno di un Catecumenato che rafforzasse la loro fede.<\/p>\n\n<div class=\"wp-block-image\"><figure class=\"alignleft size-large\"><img loading=\"lazy\" decoding=\"async\" width=\"569\" height=\"842\" src=\"https:\/\/neocatechumenaleiter.org\/wp-content\/uploads\/2020\/03\/Camino_Neocatecumenal_Juan_Pablo_II_audiencia_itinerantes_estatutos_del_camino_2002.jpg\" alt=\"\" class=\"wp-image-2843\" srcset=\"https:\/\/neocatechumenaleiter.org\/wp-content\/uploads\/2020\/03\/Camino_Neocatecumenal_Juan_Pablo_II_audiencia_itinerantes_estatutos_del_camino_2002.jpg 569w, https:\/\/neocatechumenaleiter.org\/wp-content\/uploads\/2020\/03\/Camino_Neocatecumenal_Juan_Pablo_II_audiencia_itinerantes_estatutos_del_camino_2002-203x300.jpg 203w\" sizes=\"auto, (max-width: 569px) 100vw, 569px\" \/><\/figure><\/div>\n\n<p>Carissimo Padre, di fronte all\u2019urgenza di una Nuova Evangelizzazione e alla situazione della Chiesa oggi cos\u00ec complessa, Le chiediamo umilmente una parola di conferma e di appoggio allo Statuto, un invito ai Vescovi e alle Conferenze Episcopali ad accogliere senza paura questo dono per l\u2019aiuto alla evangelizzazione nelle loro Diocesi. Un sostegno che possa salvaguardare la prassi catechetico-liturgica che il Cammino ha svolto per pi\u00f9 di trenta anni in tutto il mondo e che ha dato tanti frutti riconosciuti da Lei e dai tanti Vescovi, la cui sintesi \u00e8 descritta nello Statuto. Pensiamo che uno dei doni pi\u00f9 grandi che la Santa Vergine Maria fa oggi alla Chiesa, attraverso il Cammino Neocatecumenale, sia la possibilit\u00e0 di offrire ai cristiani nelle Parrocchie e a quanti cercano Dio di vivere la fede in piccole comunit\u00e0 come i primi cristiani. Il grido \u201cguardate come si amano\u201d deve tornare ad essere udito in mezzo al mondo. La ringraziamo per la fiducia che ha dato a me, a Carmen e a padre Mario nella guida di questo Cammino. Ringraziamo la Santa Vergine Maria anzitutto per il Concilio senza il quale non avremmo potuto fare niente e per il suo predecessore il Papa Paolo VI e per Lei che ci ha aiutato e sostenuto tanto. Grazie Beatissimo Padre.<\/p>\n\n<p><em>Discorso del Santo Padre:<\/em>&#13;\n&#13;\n1. \u00c8 con grande piacere che vi ricevo, cari catechisti e presbiteri del Cammino Neocatecumenale, convenuti oggi qui per incontrare il Saluto e accolgo ognuno di voi con affetto e, nelle vostre persone, saluto tutto il Cammino Neocatecumenale, una realt\u00e0 ecclesiale ormai diffusa in molti Paesi, con apprezzamento da parte di non pochi Pastori. Ringrazio per il caloroso indirizzo che mi ha rivolto il Signor Kiko Arg\u00fcello, iniziatore del Cammino insieme alla Signorina Carmen Hern\u00e1ndez. Con le sue parole egli, oltre ad esprimere il vostro fedele attaccamento alla Sede di Pietro ha testimoniato il vostro concorde amore per la Chiesa.<\/p>\n\n<p>2. Come non ringraziare il Signore per i frutti portati dal Cammino Neocatecumenale nei suoi oltre trent\u2019anni di esistenza. In una societ\u00e0 secolarizzata come la nostra, dove dilaga l\u2019indifferenza religiosa e molte persone vivono come se Dio non ci fosse, sono in tanti ad aver bisogno di una nuova scoperta dei sacramenti dell\u2019iniziazione cristiana, specialmente di quello del Battesimo. Il Cammino \u00e8 senz\u2019altro una delle risposte provvidenziali a questa urgente necessit\u00e0. Guardiamo le vostre comunit\u00e0: quante scoperte della bellezza e della grandezza della vocazione battesimale ricevuta! Quanta generosit\u00e0 e zelo nell\u2019annunzio del Vangelo di Ges\u00f9 Cristo, in particolare ai pi\u00f9 lontani! Quante vocazioni al sacerdozio e alla vita religiosa sorte grazie a questo itinerario di formazione cristiana!<\/p>\n\n<div class=\"wp-block-image\"><figure class=\"alignright size-large\"><img loading=\"lazy\" decoding=\"async\" width=\"768\" height=\"523\" src=\"https:\/\/neocatechumenaleiter.org\/wp-content\/uploads\/2020\/03\/Camino_Neocatecumenal_Juan_Pablo_II_audiencia_itinerantes_estatutos_del_camino_2002_2.jpg\" alt=\"\" class=\"wp-image-2850\" srcset=\"https:\/\/neocatechumenaleiter.org\/wp-content\/uploads\/2020\/03\/Camino_Neocatecumenal_Juan_Pablo_II_audiencia_itinerantes_estatutos_del_camino_2002_2.jpg 768w, https:\/\/neocatechumenaleiter.org\/wp-content\/uploads\/2020\/03\/Camino_Neocatecumenal_Juan_Pablo_II_audiencia_itinerantes_estatutos_del_camino_2002_2-300x204.jpg 300w\" sizes=\"auto, (max-width: 768px) 100vw, 768px\" \/><\/figure><\/div>\n\n<p>3. Ho vivo nella memoria il nostro ultimo incontro svoltosi nel mese di gennaio 1997, subito dopo il vostro raduno nei pressi del Monte Sinai per commemorare i trent\u2019anni di vita del Cammino Neocatecumenale.&#13;\n&#13;\nIn quel momento vi ho detto che la stesura degli Statuti del Cammino \u00ab\u00e8 un passo molto importante che apre la strada verso il suo formale riconoscimento giuridico da parte della Chiesa, dando a voi una ulteriore garanzia dell\u2019autenticit\u00e0 del vostro carisma\u00bb (<em>Insegnamenti, <\/em>vol. XX\/1, p. 143).&#13;\n&#13;\nIl nostro incontro odierno esprime la gioia per la recente approvazione degli Statuti del Cammino Neocatecumenale da parte della Santa Sede. Sono lieto che questo itinerario, iniziatosi pi\u00f9 di cinque anni or sono, sia stato portato a compimento mediante un intenso lavoro di consultazione, riflessione e dialogo. Il mio pensiero va ora alla persona del Cardinale James Francis Stafford, al quale desidero manifestare il mio ringraziamento per l\u2019impegno e la sollecitudine con cui il Pontificio Consiglio per i Laici ha accompagnato l\u2019<em>\u00e9quipe <\/em>responsabile internazionale del Cammino in questo processo.<\/p>\n\n<p><strong>4. Desidero sottolineare l\u2019importanza degli Statuti appena approvati per<\/strong> <strong>la<\/strong> <strong>vita<\/strong> <strong>presente<\/strong> <strong>e futura del Cammino Infatti questa norma, <\/strong>innanzi tutto<strong>, ribadisce ancora <\/strong><strong>una volta la natura ecclesiale del Cammino Neocatecumenale che, <\/strong>come ho gi\u00e0 avuto modo di dire alcuni anni fa, <strong>costituisce \u00abun itinerario di formazione cattolica, valida per la societ\u00e0 e per i tempi odierni\u00bb <\/strong>(AAS 82 [1990] 1515).&#13;\n&#13;\nGli Statuti del Cammino Neocatecumenale, inoltre, descrivono gli aspetti essenziali di questo itinerario rivolto ai fedeli che nelle loro comunit\u00e0 parrocchiali desiderano ravvivare la loro fede, come pure a quelle persone ormai adulte, che si preparano a ricevere il sacramento del Battesimo. Soprattutto, per\u00f2, gli Statuti stabiliscono i compiti fondamentali delle diverse persone che hanno specifiche responsabilit\u00e0 nel portare avanti questo <em>iter <\/em>formativo all\u2019interno delle Comunit\u00e0 Neocatecumenali, cio\u00e8: i presbiteri, i catechisti, le famiglie in missione e le <em>\u00e9quipes <\/em>responsabili ad ogni livello. In questa maniera, <strong>gli Statuti devono costituire per il Cammino Neocatecumenale una \u00abchiara e sicura regola di vita\u00bb<\/strong> (<em>Lettera <\/em>a S Em. R. il Card. James F. Stafford, 5 aprile 2001), un punto di riferimento fondamentale affinch\u00e9 questo processo di formazione che ha come obiettivo di portare i fedeli ad una fede matura, possa essere realizzato in un modo confacente alla dottrina e alla disciplina della Chiesa.<\/p>\n\n<div class=\"wp-block-image\"><figure class=\"alignleft size-medium\"><img loading=\"lazy\" decoding=\"async\" width=\"201\" height=\"300\" src=\"https:\/\/neocatechumenaleiter.org\/wp-content\/uploads\/2020\/03\/Camino_Neocatecumenal_Juan_Pablo_II_audiencia_itinerantes_estatutos_del_camino_2002_3-201x300.jpg\" alt=\"\" class=\"wp-image-2854\" srcset=\"https:\/\/neocatechumenaleiter.org\/wp-content\/uploads\/2020\/03\/Camino_Neocatecumenal_Juan_Pablo_II_audiencia_itinerantes_estatutos_del_camino_2002_3-201x300.jpg 201w, https:\/\/neocatechumenaleiter.org\/wp-content\/uploads\/2020\/03\/Camino_Neocatecumenal_Juan_Pablo_II_audiencia_itinerantes_estatutos_del_camino_2002_3.jpg 563w\" sizes=\"auto, (max-width: 201px) 100vw, 201px\" \/><\/figure><\/div>\n\n<p>5. L\u2019approvazione degli Statuti apre una nuova tappa nella vita del Cammino. <strong>La Chiesa si aspetta adesso da voi un impegno ancora pi\u00f9 forte e generoso nella Nuova Evangelizzazione e nel servizio alle Chiese locali e alle parrocchie. Pertanto voi, <\/strong>Presbiteri e Catechisti del Cammino <strong>avete la responsabilit\u00e0 che gli Statuti siano messi in opera fedelmente in tutti i loro aspetti, cos\u00ec da diventare un vero fermento per un nuovo slancio missionario<\/strong>.&#13;\n&#13;\nGli Statuti costituiscono, altres\u00ec, un importante aiuto per tutti i Pastori della Chiesa, particolarmente per i Vescovi diocesani, ai quali \u00e8 affidata dal Signore la cura pastorale e, in particolare, l\u2019iniziazione cristiana delle persone nella diocesi. \u00abNel loro paterno e vigile accompagnamento delle Comunit\u00e0 Neocatecumenali\u00bb (<em>Decreto del Pontificio Consiglio per i Laici<\/em>, 29 giugno 2002), gli Ordinari diocesani potranno trovare negli Statuti i principi base di attuazione del Cammino Neocatecumenale in fedelt\u00e0 al suo progetto originario.&#13;\n&#13;\nDesidero specialmente rivolgere una parola a voi sacerdoti che siete impegnati al servizio delle comunit\u00e0 neocatecumenali. Non dimenticate mai che, in quanto Ministri di Cristo, avete un ruolo insostituibile di santificazione, di insegnamento e di guida pastorale nei confronti di coloro che percorrono l\u2019itinerario del Cammino. Servite con amore e generosit\u00e0 le comunit\u00e0 a voi affidate!<\/p>\n\n<p>6. Cari Fratelli e Sorelle, con l\u2019approvazione degli Statuti del Cammino Neocatecumenale si \u00e8 giunti felicemente a definirne l\u2019essenziale configurazione ecclesiale. Ne ringraziamo insieme il Signore. Spetta ora ai Dicasteri competenti della Santa Sede esaminare il Direttorio catechetico e tutta la prassi catechetica nonch\u00e9 liturgica del Cammino stesso. Sono certo che i suoi membri non mancheranno di assecondare con generosa disponibilit\u00e0 le indicazioni che a loro verranno da tali autorevoli fonti. Continuo a seguire con viva attenzione la vostra opera nella Chiesa e nelle mie preghiere vi affido tutti alla Santissima Vergine Maria, Stella della Nuova Evangelizzazione e vi imparto di cuore la Benedizione Apostolica.<\/p>\n\n<p>(*) Cfr \u00abL\u2019Osservatore Romano\u00bb, 22 septiembre 2002.<\/p>\n","protected":false},"excerpt":{"rendered":"<p>Discorso agli iniziatori, ai catechisti itineranti e ai presbiteri del Cammino Neocatecumenale 21-IX-2002 S. Giovanni Paolo II Castel Gandolfo, 21 settembre 2002 * GLI STATUTI: UNA CHIARA E SICURA REGOLA DI VITAPER IL CAMMINO NEOCATECUMENALE \u00abGli Statuti devono costituire per il Cammino Neocatecumenale una \u201cchiara e sicura regola di vita\u201d\u00bb. \u00c8 quanto ha raccomandato il Papa a catechisti e a presbiteri delle Comunit\u00e0 Neocatecumenali, ricevuti in udienza nella mattina di<\/p>\n<div class=\"read-more\"><a class=\"btn read-more-btn\" href=\"https:\/\/neocatechumenaleiter.org\/it\/discorsi-dei-papi\/s-giovanni-paolo-ii\/discorso-agli-iniziatori-ai-catechisti-itineranti-e-ai-presbiteri-del-cammino-neocatecumenale-21-ix-2002\/\">Leggi tutto<\/a><\/div>\n","protected":false},"author":2,"featured_media":0,"parent":3717,"menu_order":99,"comment_status":"closed","ping_status":"closed","template":"","meta":{"footnotes":""},"class_list":["post-5978","page","type-page","status-publish","hentry"],"_links":{"self":[{"href":"https:\/\/neocatechumenaleiter.org\/it\/wp-json\/wp\/v2\/pages\/5978","targetHints":{"allow":["GET"]}}],"collection":[{"href":"https:\/\/neocatechumenaleiter.org\/it\/wp-json\/wp\/v2\/pages"}],"about":[{"href":"https:\/\/neocatechumenaleiter.org\/it\/wp-json\/wp\/v2\/types\/page"}],"author":[{"embeddable":true,"href":"https:\/\/neocatechumenaleiter.org\/it\/wp-json\/wp\/v2\/users\/2"}],"replies":[{"embeddable":true,"href":"https:\/\/neocatechumenaleiter.org\/it\/wp-json\/wp\/v2\/comments?post=5978"}],"version-history":[{"count":4,"href":"https:\/\/neocatechumenaleiter.org\/it\/wp-json\/wp\/v2\/pages\/5978\/revisions"}],"predecessor-version":[{"id":14106,"href":"https:\/\/neocatechumenaleiter.org\/it\/wp-json\/wp\/v2\/pages\/5978\/revisions\/14106"}],"up":[{"embeddable":true,"href":"https:\/\/neocatechumenaleiter.org\/it\/wp-json\/wp\/v2\/pages\/3717"}],"wp:attachment":[{"href":"https:\/\/neocatechumenaleiter.org\/it\/wp-json\/wp\/v2\/media?parent=5978"}],"curies":[{"name":"wp","href":"https:\/\/api.w.org\/{rel}","templated":true}]}}