{"id":5988,"date":"2020-03-30T18:03:22","date_gmt":"2020-03-30T17:03:22","guid":{"rendered":"https:\/\/neocatechumenaleiter.org\/discorsi-dei-papi\/s-giovanni-paolo-ii\/discorso-ai-superiori-e-agli-alunni-del-seminario-diocesano-redemptoris-mater-di-roma-18-iii-2004\/"},"modified":"2020-03-30T18:03:23","modified_gmt":"2020-03-30T17:03:23","slug":"discorso-ai-superiori-e-agli-alunni-del-seminario-diocesano-redemptoris-mater-di-roma-18-iii-2004","status":"publish","type":"page","link":"https:\/\/neocatechumenaleiter.org\/it\/discorsi-dei-papi\/s-giovanni-paolo-ii\/discorso-ai-superiori-e-agli-alunni-del-seminario-diocesano-redemptoris-mater-di-roma-18-iii-2004\/","title":{"rendered":"Discorso ai superiori e agli alunni del seminario diocesano \u201cRedemptoris Mater\u201d di Roma 18-III-2004"},"content":{"rendered":"\n<h1 class=\"has-text-align-center wp-block-heading\">Discorso ai superiori e agli alunni del seminario diocesano \u201cRedemptoris Mater\u201d di Roma 18-III-2004<\/h1>\n\n<div style=\"height:20px\" aria-hidden=\"true\" class=\"wp-block-spacer\"><\/div>\n\n<h4 class=\"has-text-align-center wp-block-heading\">S. Giovanni Paolo II<\/h4>\n\n<div style=\"height:20px\" aria-hidden=\"true\" class=\"wp-block-spacer\"><\/div>\n\n<p><strong>Citt\u00e0 del Vaticano, 18 marzo 2004&#13;\n<\/strong><\/p>\n\n<p><em>Il Santo Padre Giovanni Paolo II ha ricevuto in udienza privata, nella Sala Clementina del Palazzo Apostolico Vaticano, i membri della Comunit\u00e0 del Seminario Diocesano \u201cRedemptoris Mater\u201d di Roma.<\/em>&#13;\n&#13;\n<em>All\u2019inizio dell\u2019udienza, il Cardinale Camillo Ruini, Vicario Generale di Sua Santit\u00e0 per la Diocesi di Roma, ha rivolto a Giovanni Paolo II il seguente indirizzo d\u2019omaggio:<\/em><\/p>\n\n<p>Padre Santo,&#13;\n&#13;\ni Superiori e gli alunni del Seminario <em>Redemptoris Mater <\/em>di Roma Le esprimono, per mio tramite, tutta la gioia e la gratitudine dei loro cuori per questa udienza, che segna una tappa altamente significativa nei sedici anni di vita di questo Seminario dopo l\u2019Eucaristia celebrata con loro da Vostra Santit\u00e0 il 31 ottobre 1993.&#13;\n&#13;\nPadre Santo, questo Seminario diocesano e missionario, i cui Superiori e alunni condividono tutti l\u2019esperienza del Cammino Neocatecumenale, ha fornito finora 196 sacerdoti gi\u00e0 ordinati, 170 dei quali incardinati nella Diocesi di Roma. 74 di loro prestano attualmente il loro servizio pastorale nelle parrocchie della nostra Diocesi o presso il Vicariato, mentre gli altri operano come \u00abfidei donum\u00bb un po\u2019 ovunque nel mondo. Undici diaconi, inoltre; attendono di essere ordinati sacerdoti da Vostra Santit\u00e0 domenica 2 maggio, insieme agli altri diaconi della Diocesi di Roma.<\/p>\n\n<p>L\u2019esperienza che ho potuto fare nell\u2019arco di questi anni, sia visitando personalmente il Seminario, sia nel contatto con i sacerdoti che si sono formati in esso, mi conferma, Padre Santo, che il \u00abRedemptoris Mater\u00bb rappresenta un grande dono per la Diocesi di Roma e per la Chiesa sparsa nel mondo. Questi seminaristi e questi sacerdoti, infatti, amano la preghiera e la Parola di Dio, praticano con fedelt\u00e0 la disciplina e la vita comunitaria, sono integri nell\u2019adesione alla dottrina della Chiesa e animati da un grande slancio missionario. Posso inoltre testimoniare con gioia, Padre Santo, che essi hanno un amore grande per la Persona di Vostra Santit\u00e0 e per il Suo Ministero di Successore di Pietro. Padre Santo, questi seminaristi e i loro Superiori attendono dalla Sua parola e dalla Sua paterna benevolenza di essere illuminati nel loro itinerario formativo e rafforzati nella vocazione di servire la Chiesa, sulle orme del Buon Pastore, Ges\u00f9 Cristo. Grazie ancora, Padre Santo, voglia benedirci.<\/p>\n\n<div class=\"wp-block-image\"><figure class=\"alignleft size-large\"><img loading=\"lazy\" decoding=\"async\" width=\"768\" height=\"524\" src=\"https:\/\/neocatechumenaleiter.org\/wp-content\/uploads\/2020\/03\/Camino_Neocatecumenal_Juan_Pablo_II_exhortacion_seminaristas_redemptoris_mater_roma_2004.jpg\" alt=\"\" class=\"wp-image-2867\" srcset=\"https:\/\/neocatechumenaleiter.org\/wp-content\/uploads\/2020\/03\/Camino_Neocatecumenal_Juan_Pablo_II_exhortacion_seminaristas_redemptoris_mater_roma_2004.jpg 768w, https:\/\/neocatechumenaleiter.org\/wp-content\/uploads\/2020\/03\/Camino_Neocatecumenal_Juan_Pablo_II_exhortacion_seminaristas_redemptoris_mater_roma_2004-300x205.jpg 300w\" sizes=\"auto, (max-width: 768px) 100vw, 768px\" \/><\/figure><\/div>\n\n<p><em>Dopo il saluto del Card. Vicario, Camillo Ruini, il Papa ha rivolto ai presenti il seguente discorso che di seguito riportiamo:<\/em>&#13;\n&#13;\n<strong><em>\u00a0<\/em>\u201cAndate in tutto il mondo e predicate il Vangelo ad ogni creatura\u201d<\/strong> (Mc 16,15).<\/p>\n\n<p>1. Carissimi Superiori e alunni del Seminario diocesano <em>Redemptoris Mater<\/em>, sono lieto di accogliervi con queste parole di Ges\u00f9 risorto, che voi ascoltate e meditate nella festa dei Santi Cirillo e Metodio, anniversario dell\u2019erezione canonica del vostro Seminario.&#13;\n&#13;\nSaluto anzitutto il Cardinale Vicario e lo ringrazio per le parole che mi ha rivolto. Saluto con affetto il vostro Rettore, Mons. Claudiano Strazzari, gli altri Superiori e formatori e ciascuno di voi, carissimi alunni.<\/p>\n\n<p>2. I seminari <em>Redemptoris Mater <\/em>hanno rappresentato una esperienza nuova e assai significativa, in vista della formazione di presbiteri per la Nuova Evangelizzazione. Da allora sono sorti nel mondo vari altri Seminari <em>Redemptoris Mater<\/em>, che si ispirano al vostro modello e condividono le vostre finalit\u00e0.&#13;\n&#13;\n<strong>Particolarmente abbondanti sono i frutti di bene prodotti nel corso di questi anni dal vostro Seminario. <\/strong>Per essi rendo grazie con voi al Signore. Per i medesimi frutti desidero inoltre ringraziare il Cammino Neocatecumenale, nel quale sono nate e cresciute le vostre vocazioni. Ringrazio pure il Rettore e gli altri vostri Superiori che, sotto la guida premurosa del Cardinale Vicario, presiedono con amore e saggezza alla vostra preparazione al sacerdozio.&#13;\n&#13;\nAi Fondatori del Cammino, si deve la felice intuizione di proporre l\u2019erezione dei Seminari <em>Redemptoris Mater <\/em>che tanto si prodigano per favorire nel Cammino stesso la nascita di vocazioni al sacerdozio e alla vita consacrata. Voglio poi ricordare con voi due Vescovi, Mons. Giulio Salimei e Mons. Maximino Romero che \u2013 l\u2019uno come Rettore, l\u2019altro come Padre Spirituale \u2013 hanno grandemente contribuito, con la loro illuminata dedizione ed esemplarit\u00e0 di vita, allo sviluppo iniziale e alla felice configurazione del <em>Redemptoris Mater<\/em>.&#13;\n&#13;\nMi \u00e8 caro anche sottolineare \u2013 come ha gi\u00e0 ricordato il Cardinale Vicario \u2013 che in questi anni sono usciti dai vostri Seminari un grande numero di zelanti sacerdoti, opportunamente dedicati in parte al servizio pastorale nelle Diocesi e in parte alla missione in ogni parte del mondo, come sacerdoti \u201c<em>fidei donum<\/em>\u201d.<\/p>\n\n<p>3. Per ottenere questi positivi risultati \u00e8 fondamentale aver sempre chiare, nel vostro itinerario formativo, la natura e le caratteristiche del sacerdozio ministeriale, come sono illustrate dal Concilio Vaticano II e poi dall\u2019Esortazione apostolica post-sinodale <em>Pastores dabo vobis<\/em>.&#13;\n&#13;\n<strong>Il sacerdozio comune dei fedeli e il sacerdozio ministeriale sono infatti ordinati l\u2019uno all\u2019altro e intimamente collegati, <\/strong>partecipando entrambi, ciascuno a proprio modo, all\u2019unico sacerdozio di Cristo. Differiscono per\u00f2 essenzialmente e non solo di grado (cfr <em>Lumen Gentium<\/em>, 10). In virt\u00f9 del sacramento dell\u2019Ordine i presbiteri sono configurati infatti in modo speciale a Ges\u00f9 Cristo come Capo e Pastore del suo popolo e al servizio di questo popolo devono \u2013 a somiglianza di Cristo \u2013 spendere e donare la loro vita. Proprio perch\u00e9 rappresentano sacramentalmente Ges\u00f9 Cristo capo e Pastore, sono dunque chiamati a presiedere, in stretta comunione con il Vescovo, le comunit\u00e0 loro affidate, secondo ciascuna delle tre dimensioni \u2013 profetica, sacerdotale e regale \u2013 in cui si articola l\u2019unica missione di Cristo e della Chiesa (cfr <em>Pastores dabo vobis<\/em>, 12-16).<\/p>\n\n<div class=\"wp-block-image\"><figure class=\"alignright size-large\"><img loading=\"lazy\" decoding=\"async\" width=\"768\" height=\"522\" src=\"https:\/\/neocatechumenaleiter.org\/wp-content\/uploads\/2020\/03\/Camino_Neocatecumenal_Juan_Pablo_II_exhortacion_seminaristas_redemptoris_mater_roma_2004_2.jpg\" alt=\"\" class=\"wp-image-2874\" srcset=\"https:\/\/neocatechumenaleiter.org\/wp-content\/uploads\/2020\/03\/Camino_Neocatecumenal_Juan_Pablo_II_exhortacion_seminaristas_redemptoris_mater_roma_2004_2.jpg 768w, https:\/\/neocatechumenaleiter.org\/wp-content\/uploads\/2020\/03\/Camino_Neocatecumenal_Juan_Pablo_II_exhortacion_seminaristas_redemptoris_mater_roma_2004_2-300x204.jpg 300w\" sizes=\"auto, (max-width: 768px) 100vw, 768px\" \/><\/figure><\/div>\n\n<p>Carissimi seminaristi, attenendovi a questa solida dottrina nella vostra formazione e poi nell\u2019esercizio quotidiano del ministero presbiterale, potrete vivere gioiosamente la grazia del sacerdozio e assicurare un servizio autentico e fecondo alla Diocesi di Roma e alle Chiese sorelle in cui verrete inviati. La preghiera, lo studio, la vita comunitaria, ben armonizzati nel progetto formativo e messi in pratica con fedelt\u00e0 e generosit\u00e0 nell\u2019esistenza concreta del vostro Seminario, sono le vie attraverso le quali il Signore scolpisce in voi, giorno dopo giorno, l\u2019immagine di Cristo Buon Pastore.<\/p>\n\n<p>4. Su queste basi potete anche prepararvi a vivere, quando sarete sacerdoti, in modo sereno e proficuo la vostra appartenenza costitutiva e senza riserve al presbiterio diocesano che ha nel Vescovo il suo punto di riferimento essenziale e, al contempo, il profondo legame che vi unisce all\u2019esperienza del Cammino Neocatecumenale. Come \u00e8 scritto infatti nell\u2019art. 18 dello Statuto del Cammino, nei Seminari diocesani e missionari Redemptoris Mater, \u201ci candidati al sacerdozio trovano nella partecipazione al Cammino Neocatecumenale un elemento specifico e basilare del cammino formativo e, al contempo, sono preparati alla genuina scelta presbiterale di servizio all\u2019intero popolo di Dio, nella comunione fraterna del presbiterio\u201d.<\/p>\n\n<p>Ugualmente, occorre evitare una falsa alternativa tra il servizio pastorale nella Diocesi a cui appartenete e la missione universale, sino agli ultimi confini della terra, che \u00e8 radicata nella stessa partecipazione sacramentale al sacerdozio di Cristo (cfr Pastores dabo vobis, 17-18) e a cui voi siete particolarmente preparati attraverso l\u2019esperienza del Cammino Neocatecumenale. La vostra concreta destinazione compete infatti al Vescovo che ha a cuore sia le necessit\u00e0 della propria Diocesi sia le esigenze della missione universale. Affidandovi in atteggiamento di fiduciosa e cordiale ubbidienza alle sue decisioni, voi troverete la vostra pace e serenit\u00e0 interiore e potrete in ogni caso esprimere il vostro carisma missionario, dato che anche qui a Roma la pastorale \u00e8, e dovr\u00e0 essere sempre pi\u00f9, caratterizzata dalla priorit\u00e0 dell\u2019evangelizzazione.<\/p>\n\n<p>5. Carissimi Superiori e alunni del Seminario Redemptoris Mater di Roma, guardate sempre con gli occhi della fede la vostra vita, la vostra vocazione e la vostra missione. Al termine di questo incontro desidero di nuovo manifestarvi l\u2019affetto e la fiducia che ho per voi e assicurare la mia costante preghiera per ciascuno di voi, per l\u2019intero Seminario, per le comunit\u00e0 del Cammino Neocatecumenale e specialmente per le vocazioni al sacerdozio che in esse maturano.<\/p>\n\n<p>Con questi sentimenti, imparto a voi tutti e a quanti vi sono cari l\u2019apostolica benedizione. (*) Cfr. L\u2019\u00abOsservatore Romano\u00bb, 19 marzo 2004.<\/p>\n","protected":false},"excerpt":{"rendered":"<p>Discorso ai superiori e agli alunni del seminario diocesano \u201cRedemptoris Mater\u201d di Roma 18-III-2004 S. Giovanni Paolo II Citt\u00e0 del Vaticano, 18 marzo 2004&#13; Il Santo Padre Giovanni Paolo II ha ricevuto in udienza privata, nella Sala Clementina del Palazzo Apostolico Vaticano, i membri della Comunit\u00e0 del Seminario Diocesano \u201cRedemptoris Mater\u201d di Roma.&#13; &#13; All\u2019inizio dell\u2019udienza, il Cardinale Camillo Ruini, Vicario Generale di Sua Santit\u00e0 per la Diocesi di Roma,<\/p>\n<div class=\"read-more\"><a class=\"btn read-more-btn\" href=\"https:\/\/neocatechumenaleiter.org\/it\/discorsi-dei-papi\/s-giovanni-paolo-ii\/discorso-ai-superiori-e-agli-alunni-del-seminario-diocesano-redemptoris-mater-di-roma-18-iii-2004\/\">Leggi tutto<\/a><\/div>\n","protected":false},"author":2,"featured_media":0,"parent":3717,"menu_order":100,"comment_status":"closed","ping_status":"closed","template":"","meta":{"footnotes":""},"class_list":["post-5988","page","type-page","status-publish","hentry"],"_links":{"self":[{"href":"https:\/\/neocatechumenaleiter.org\/it\/wp-json\/wp\/v2\/pages\/5988","targetHints":{"allow":["GET"]}}],"collection":[{"href":"https:\/\/neocatechumenaleiter.org\/it\/wp-json\/wp\/v2\/pages"}],"about":[{"href":"https:\/\/neocatechumenaleiter.org\/it\/wp-json\/wp\/v2\/types\/page"}],"author":[{"embeddable":true,"href":"https:\/\/neocatechumenaleiter.org\/it\/wp-json\/wp\/v2\/users\/2"}],"replies":[{"embeddable":true,"href":"https:\/\/neocatechumenaleiter.org\/it\/wp-json\/wp\/v2\/comments?post=5988"}],"version-history":[{"count":1,"href":"https:\/\/neocatechumenaleiter.org\/it\/wp-json\/wp\/v2\/pages\/5988\/revisions"}],"predecessor-version":[{"id":5989,"href":"https:\/\/neocatechumenaleiter.org\/it\/wp-json\/wp\/v2\/pages\/5988\/revisions\/5989"}],"up":[{"embeddable":true,"href":"https:\/\/neocatechumenaleiter.org\/it\/wp-json\/wp\/v2\/pages\/3717"}],"wp:attachment":[{"href":"https:\/\/neocatechumenaleiter.org\/it\/wp-json\/wp\/v2\/media?parent=5988"}],"curies":[{"name":"wp","href":"https:\/\/api.w.org\/{rel}","templated":true}]}}