{"id":5992,"date":"2020-03-30T18:13:37","date_gmt":"2020-03-30T17:13:37","guid":{"rendered":"https:\/\/neocatechumenaleiter.org\/discorsi-dei-papi\/s-giovanni-paolo-ii\/inaugurazione-della-biblioteca-della-domus-galilaeae-31-3-2005\/"},"modified":"2020-05-09T17:56:34","modified_gmt":"2020-05-09T16:56:34","slug":"inaugurazione-della-biblioteca-della-domus-galilaeae-31-3-2005","status":"publish","type":"page","link":"https:\/\/neocatechumenaleiter.org\/it\/discorsi-dei-papi\/s-giovanni-paolo-ii\/inaugurazione-della-biblioteca-della-domus-galilaeae-31-3-2005\/","title":{"rendered":"Inaugurazione della Biblioteca della Domus Galilaeae 31-3-2005"},"content":{"rendered":"\n<h1 class=\"has-text-align-center wp-block-heading\"> Inaugurazione della Biblioteca della Domus Galilaeae 31-III-2005 <\/h1>\n\n<div style=\"height:20px\" aria-hidden=\"true\" class=\"wp-block-spacer\"><\/div>\n\n<h4 class=\"has-text-align-center wp-block-heading\">S. Giovanni Paolo II<\/h4>\n\n<div style=\"height:20px\" aria-hidden=\"true\" class=\"wp-block-spacer\"><\/div>\n\n<p><strong>Korazim, 31 marzo 2005<\/strong><\/p>\n\n<p><em>La biblioteca \u00e8 stata inaugurata il 31 marzo 2005 alla presenza de pi\u00f9 di 50 vescovi, provenienti da varie parti del mondo. Tra di loro: 11 Cardinali, il Patriarca Sua Beatitudine Michel Sabbah, 3 patriarchi della Chiesa Orientale, il Nunzio Apostolico monsigno Pietro Sambi, il custode di Terra Santa, molti rabbini, i rappresentanti delle Congregazioni e delle Universit\u00e0, i rettori dei 56 seminari \u201cRedemptoris Mater\u201d e itineranti del Cammino Neocatecumenale. Erano tutti presenti per rimarcare il ruolo importante della Domus Galilaeae, come \u201cponte\u201d tra il Giudaismo e il Cristianesimo, che il Santo Padre ha attribuito a questa \u201cdomus\u201d con una lettera inviata per l&#8217;occasione. All&#8217;entrata della biblioteca si trova una grande semisfera di cristallo, con un cielo stellato che sta sulla volta. All&#8217;interno \u00e8 situato un Rotolo della Tor\u00e0 completa, scritta trecento anni fa<\/em>.<\/p>\n\n<p><em>La Torah si trova al centro della biblioteca che fa parte del complesso della Domus Galilaeae. Kiko Arg\u00fcello, che \u00e8 l&#8217;autore del progetto Domus Galilaeae e della Biblioteca, ha pronunciato alcune parole per spiegare la relativa struttura architettonica. La sfera \u00e8 simbolo dell&#8217;Universo ed esprime l&#8217;idea centrale della tradizione ebraica e cristiana che si trova nel libro dei Proverbi 8,27: \u201cQuando (Dio) disponeva le fondamenta della terra allora io, (la Sapienza), ero con lui come architetto\u201d.<\/em>&#13;\n&#13;\n<em>La<\/em> <em>biblioteca<\/em> <em>sar\u00e0<\/em> <em>specializzata<\/em> <em>sul<\/em> <em>Sermone<\/em> <em>della<\/em> <em>Montagna<\/em> <em>in<\/em> <em>modo<\/em> <em>da<\/em> <em>offrire<\/em> <em>ai<\/em> <em>Vescovi,<\/em> <em>ai<\/em> <em>pre<\/em><em>sbiteri<\/em> <em>e ai seminaristi la possibilit\u00e0 di approfondire lo studio e la meditazione di questo testo.<\/em>&#13;\n&#13;\n<em>Alla pagina successiva riportiamo la lettera che Giovanni Paolo II ha voluto inviare per l\u2019occasione. \u00c8 stato uno degli ultimi atti ufficiali del suo pontificato.<\/em>&#13;\n&#13;\n<em>\u00a0<\/em><\/p>\n\n<p>Carissimi Fratelli e Sorelle&#13;\n&#13;\n1. Con gioia ho appreso che il 31 marzo verr\u00e0 inaugurata la biblioteca della \u201cDomus Galilaeae\u201d, che sorge non lontano dal Monte delle Beatitudini.&#13;\n&#13;\nA conclusione della convivenza, a cui prendono parte numerosi Cardinali, Vescovi e sacerdoti provenienti da diverse parti del mondo, insieme con i rettori di seminari appartenenti al Cammino Neocatecumenale, si svolger\u00e0 tale significativo avvenimento. Ad esso ben volentieri mi unisco idealmente anch\u2019io, rivolgendo il mio pi\u00f9 cordiale saluto agli organizzatori ed a tutti i presenti. In particolare saluto gli Ordinari Cattolici in Terra Santa con a capo il Patriarca Latino, le Autorit\u00e0 religiose e politiche del mondo ebraico che intervengono alla manifestazione, i rappresentanti di congregazioni religiose e di comunit\u00e0 parrocchiali della regione.<\/p>\n\n<p>La \u201cDomus Galilaeae\u201d si arricchisce di una nuova importante struttura, la Biblioteca, appunto, che al suo centro ospita il Libro della Torah al fine di simboleggiare pure architettonicamente la centralit\u00e0 della Parola di Dio.&#13;\n&#13;\nPossa codesta casa, realizzata dai responsabili del Cammino Neocatecumenale, favorire con opportune iniziative un\u2019approfondita formazione religiosa ed un proficuo dialogo tra Ebraismo e Chiesa Cattolica.<\/p>\n\n<div class=\"wp-block-image\"><figure class=\"alignright size-medium\"><img loading=\"lazy\" decoding=\"async\" width=\"184\" height=\"300\" src=\"https:\/\/neocatechumenaleiter.org\/wp-content\/uploads\/2020\/03\/Camino_Neocatecumenal_Juan_Pablo_II_inauguracion_biblioteca_domus_galilaeae_2005_2-184x300.jpg\" alt=\"\" class=\"wp-image-2881\" srcset=\"https:\/\/neocatechumenaleiter.org\/wp-content\/uploads\/2020\/03\/Camino_Neocatecumenal_Juan_Pablo_II_inauguracion_biblioteca_domus_galilaeae_2005_2-184x300.jpg 184w, https:\/\/neocatechumenaleiter.org\/wp-content\/uploads\/2020\/03\/Camino_Neocatecumenal_Juan_Pablo_II_inauguracion_biblioteca_domus_galilaeae_2005_2.jpg 396w\" sizes=\"auto, (max-width: 184px) 100vw, 184px\" \/><\/figure><\/div>\n\n<p>2. \u201cLampada per i miei passi \u00e8 la tua parola\u201d (Sal 118, 105). Cos\u00ec canta il Salmista e cos\u00ec saranno invitati a pregare tutti coloro che usufruiranno dei molteplici servizi che offrir\u00e0 la Biblioteca ora inaugurata. L\u2019universo \u00e8 stato costruito secondo un meraviglioso progetto ispirato dalla sapienza di Dio. Il Vangelo di Giovanni inizia affermando che \u201cin principio era il Verbo ed il Verbo era presso Dio ed il Verbo era Dio\u201c (Gv 1,1). Il Verbo, Sapienza eterna di Dio, si \u00e8 fatto carne, ha posto la sua tenda fra di noi e con la sua morte e risurrezione ci ha redenti. Contempliamo con gioia, in questi giorni santi della Pasqua, questo fondamentale mistero della nostra fede. Il Cristo, Primogenito di tutta la creazione, culmine della Torah, \u00e8 risuscitato e ora vive e cammina con noi, continuando a illuminarci con la sua parola di salvezza.&#13;\n&#13;\n\u00a0<\/p>\n\n<p>Quanto profondi sono i suoi insegnamenti! Quanto attuale \u00e8 sempre il sermone della Montagna iscritto nell\u2019universo! La bellezza del Cristo che trova il suo coronamento nelle Beatitudini, la bellezza di Cristo che rifulge nella Chiesa, suo corpo mistico, si manifestano in modo eminente nell\u2019amore che unisce tra loro i credenti: ecco il messaggio che la struttura architettonica dell\u2019edificio della \u201cDomus Galilaeae\u201d intende comunicare ai suoi ospiti ed ai pellegrini. Auguro di cuore che quanti avranno modo di risiedervi o di visitarla possano crescere nella conoscenza e nell\u2019amore di Cristo, Sapienza in cui \u00e8 posto il Principio di tutto.<\/p>\n\n<p>3. Carissimi Fratelli e Sorelle! Mentre con il pensiero mi unisco a voi, rivivo nell\u2019animo i momenti indimenticabili della visita che il Signore mi ha dato di compiere in Terra Santa, durante il Grande Giubileo dell\u2019Anno 2000: ne ricorre l\u2019anniversario proprio in questi giorni. A Korazim, sul Monte delle Beatitudini, non lontano dalla \u201cDomus Galilaeae\u201d, ebbi modo di incontrare i giovani e di celebrare per loro la Santa Messa. Ad essi volli additare come regola di vita i Dieci Comandamenti e le Beatituidini, i li invitai ad una totale fedelt\u00e0 a Cristo. Questo stesso invito rivolgo a tutti voi in codesto luogo dove continuano a risuonare le immortali parole del Redentore. Nella vostra quotidiana esistenza traducetele in opere concrete e siate in ogni circostanza umili e coraggiosi testimoni del Vangelo.<\/p>\n\n<p>La Vergine Maria, Stella dell\u2019evangelizzazione, vi sia modello e guida.&#13;\n&#13;\nIo vi assicuro una speciale ricordo nella preghiera, mentre con affetto benedico voi e tutte le persone che vi sono care.<\/p>\n\n<p>Dal Vaticano. 24 marzo 2005, Gioved\u00ec Santo&#13;\n&#13;\n<em>\u00a0<\/em><\/p>\n\n<p><strong><em>Joannes Paulus PP II<\/em><\/strong><\/p>\n\n<figure class=\"wp-block-gallery columns-2 is-cropped wp-block-gallery-1 is-layout-flex wp-block-gallery-is-layout-flex\"><ul class=\"blocks-gallery-grid\"><li class=\"blocks-gallery-item\"><figure><img loading=\"lazy\" decoding=\"async\" width=\"768\" height=\"512\" src=\"https:\/\/neocatechumenaleiter.org\/wp-content\/uploads\/2020\/03\/Camino_Neocatecumenal_Juan_Pablo_II_inauguracion_biblioteca_domus_galilaeae_2005.jpg\" alt=\"\" data-id=\"2895\" data-full-url=\"https:\/\/neocatechumenaleiter.org\/wp-content\/uploads\/2020\/03\/Camino_Neocatecumenal_Juan_Pablo_II_inauguracion_biblioteca_domus_galilaeae_2005.jpg\" data-link=\"https:\/\/neocatechumenaleiter.org\/?attachment_id=2895\" class=\"wp-image-2898\" srcset=\"https:\/\/neocatechumenaleiter.org\/wp-content\/uploads\/2020\/03\/Camino_Neocatecumenal_Juan_Pablo_II_inauguracion_biblioteca_domus_galilaeae_2005.jpg 768w, https:\/\/neocatechumenaleiter.org\/wp-content\/uploads\/2020\/03\/Camino_Neocatecumenal_Juan_Pablo_II_inauguracion_biblioteca_domus_galilaeae_2005-300x200.jpg 300w\" sizes=\"auto, (max-width: 768px) 100vw, 768px\" \/><\/figure><\/li><li class=\"blocks-gallery-item\"><figure><img loading=\"lazy\" decoding=\"async\" width=\"768\" height=\"512\" src=\"https:\/\/neocatechumenaleiter.org\/wp-content\/uploads\/2020\/03\/Camino_Neocatecumenal_Juan_Pablo_II_inauguracion_biblioteca_domus_galilaeae_2005_3.jpg\" alt=\"\" data-id=\"2888\" data-full-url=\"https:\/\/neocatechumenaleiter.org\/wp-content\/uploads\/2020\/03\/Camino_Neocatecumenal_Juan_Pablo_II_inauguracion_biblioteca_domus_galilaeae_2005_3.jpg\" data-link=\"https:\/\/neocatechumenaleiter.org\/?attachment_id=2888\" class=\"wp-image-2891\" srcset=\"https:\/\/neocatechumenaleiter.org\/wp-content\/uploads\/2020\/03\/Camino_Neocatecumenal_Juan_Pablo_II_inauguracion_biblioteca_domus_galilaeae_2005_3.jpg 768w, https:\/\/neocatechumenaleiter.org\/wp-content\/uploads\/2020\/03\/Camino_Neocatecumenal_Juan_Pablo_II_inauguracion_biblioteca_domus_galilaeae_2005_3-300x200.jpg 300w\" sizes=\"auto, (max-width: 768px) 100vw, 768px\" \/><\/figure><\/li><\/ul><\/figure>\n","protected":false},"excerpt":{"rendered":"<p>Inaugurazione della Biblioteca della Domus Galilaeae 31-III-2005 S. Giovanni Paolo II Korazim, 31 marzo 2005 La biblioteca \u00e8 stata inaugurata il 31 marzo 2005 alla presenza de pi\u00f9 di 50 vescovi, provenienti da varie parti del mondo. Tra di loro: 11 Cardinali, il Patriarca Sua Beatitudine Michel Sabbah, 3 patriarchi della Chiesa Orientale, il Nunzio Apostolico monsigno Pietro Sambi, il custode di Terra Santa, molti rabbini, i rappresentanti delle Congregazioni<\/p>\n<div class=\"read-more\"><a class=\"btn read-more-btn\" href=\"https:\/\/neocatechumenaleiter.org\/it\/discorsi-dei-papi\/s-giovanni-paolo-ii\/inaugurazione-della-biblioteca-della-domus-galilaeae-31-3-2005\/\">Leggi tutto<\/a><\/div>\n","protected":false},"author":2,"featured_media":0,"parent":3717,"menu_order":101,"comment_status":"closed","ping_status":"closed","template":"","meta":{"footnotes":""},"class_list":["post-5992","page","type-page","status-publish","hentry"],"_links":{"self":[{"href":"https:\/\/neocatechumenaleiter.org\/it\/wp-json\/wp\/v2\/pages\/5992","targetHints":{"allow":["GET"]}}],"collection":[{"href":"https:\/\/neocatechumenaleiter.org\/it\/wp-json\/wp\/v2\/pages"}],"about":[{"href":"https:\/\/neocatechumenaleiter.org\/it\/wp-json\/wp\/v2\/types\/page"}],"author":[{"embeddable":true,"href":"https:\/\/neocatechumenaleiter.org\/it\/wp-json\/wp\/v2\/users\/2"}],"replies":[{"embeddable":true,"href":"https:\/\/neocatechumenaleiter.org\/it\/wp-json\/wp\/v2\/comments?post=5992"}],"version-history":[{"count":5,"href":"https:\/\/neocatechumenaleiter.org\/it\/wp-json\/wp\/v2\/pages\/5992\/revisions"}],"predecessor-version":[{"id":9919,"href":"https:\/\/neocatechumenaleiter.org\/it\/wp-json\/wp\/v2\/pages\/5992\/revisions\/9919"}],"up":[{"embeddable":true,"href":"https:\/\/neocatechumenaleiter.org\/it\/wp-json\/wp\/v2\/pages\/3717"}],"wp:attachment":[{"href":"https:\/\/neocatechumenaleiter.org\/it\/wp-json\/wp\/v2\/media?parent=5992"}],"curies":[{"name":"wp","href":"https:\/\/api.w.org\/{rel}","templated":true}]}}