{"id":13999,"date":"2020-02-25T03:14:42","date_gmt":"2020-02-25T02:14:42","guid":{"rendered":"https:\/\/neocatechumenaleiter.org\/kiko-arguello\/"},"modified":"2021-08-10T10:56:18","modified_gmt":"2021-08-10T09:56:18","slug":"kiko-arguello","status":"publish","type":"page","link":"https:\/\/neocatechumenaleiter.org\/lt\/istorija\/kiko-arguello\/","title":{"rendered":"Kiko Arg\u00fcello"},"content":{"rendered":"\n<h1 class=\"wp-block-heading\"><strong>Kiko Arg\u00fcello<\/strong><\/h1>\n\n<div class=\"wp-block-image is-style-circle-mask\"><figure class=\"alignleft size-medium\"><img loading=\"lazy\" decoding=\"async\" width=\"245\" height=\"300\" src=\"https:\/\/neocatechumenaleiter.org\/wp-content\/uploads\/2020\/02\/Camino_Neocatecumenal_Kiko_Arguello-245x300.jpg\" alt=\"Kiko Arg&#xFC;ello\" class=\"wp-image-220\"\/><\/figure><\/div>\n\n<p>Francisco Jos\u00e9 G\u00f3mez de Arg\u00fcello Wirtz gim\u0117 Leone 1939.-\u0173j\u0173 sausio 9 dien\u0105. Mok\u0117si Madrido \u0160vento Fernando dail\u0117s akademijoje ir 1959 metais buvo apdovanotas Nacionaliniu tapybos prizu. Po gilios egzistencin\u0117s kriz\u0117s patiria rimt\u0105 atsivertim\u0105, d\u0117l ko ry\u017etasi pa\u0161v\u0119sti savo gyvenim\u0105 J\u0117zui Kristui ir Ba\u017eny\u010diai.<\/p>\n\n<p>1960 metais kartu su skulptoriumi Coomontes ir stiklo meistru Mu\u00f1oz de Pablos \u012fsteigia grup\u0119 \u201cGremio 62\u201d tirianti  Sakral\u0173j\u012f men\u0105, jo vystym\u0105si. Dalyvauja \u012fvairiose parodose Madride (Nacionalin\u0117je bibliotekoje), o 1964 metais buvo Kult\u016bros ministerijos paskirtas atstovauti Ispanij\u0105 Pasaulin\u0117je sakralinio meno parodoje Rojan mieste (Pranc\u016bzija). Olandijoje (1965) pristato kai kuriuos darbus (Galerija \u201cNouvelles images\u201d).<\/p>\n\n<p>\u012esitikin\u0119s, kad Kristus apsirei\u0161kia nekalt\u0173j\u0173 kan\u010dioje ir atstumtuosiuose \u017emon\u0117se, 1964 metais apsigyvena l\u016b\u0161nyne tarp Palomeras Altas varg\u0161\u0173, Madrido u\u017emiestyje. Ten susipa\u017e\u012fsta su Carmen Hernandez. Skurd\u017eios aplinkos skatinami jie atranda nauj\u0105 Evangelijos skelbimo form\u0105 &#8211; kerigmati\u0161ka-katecheti\u0161k\u0105 sintez\u0119. \u0160i nauja forma realizuojasi ma\u017eoje krik\u0161\u010dioni\u0161koje bendruomen\u0117je, kurioje matoma Nukry\u017eiuotojo Kristaus meil\u0117. \u0160i bendruomen\u0117 tampa &#8222;s\u0117kla&#8221;, kuri d\u0117ka Madrido arkivyskupo monsinjoro  Casimiro Morcillo buvo pasodinta Madrido parapijose, o netrukus ir Romoje bei kitose valstyb\u0117se.<\/p>\n\n<p>Po atsivertimo savo polink\u012f \u012f tapyb\u0105 pakreipia tarnavimui Ba\u017eny\u010diai. Pavyzd\u017eiui, per dail\u0119, muzik\u0105, architekt\u016br\u0105 ar skulpt\u016br\u0105 (bet ypatingai per architekt\u016br\u0105 ir skulpt\u016br\u0105) jis siek\u0117 populiarinti &#8222;nauj\u0105 estetik\u0105&#8221;, kuri vest\u0173 \u017emones \u012f tik\u0117jim\u0105.<\/p>\n\n<p>Kiko kaip dailininkas suk\u016br\u0117 svarbi\u0173 k\u016brini\u0173 visame pasaulyje: Ispanijoje, ypatingai  Mursijoje ar Madride, kurios Katedroje i\u0161kyla ikonos su svarbiausiais Kristaus gyvenimo \u012fvykiais. Italijoje, Romos Redemptoris Mater seminarijoje, neseniai nutap\u0117 did\u017eiul\u0119 fresk\u0105. Jo darbai taip pat randasi keliose Romos vyskupijos parapijose: Kanados kankini\u0173 parapijoje, Pia\u010dencoje, Perud\u017eioje. Kita gerai \u017einoma, Paskutiniojo teismo freska, randasi Domus Galil\u0117joje (Izraelyje), ant Palaiminim\u0173 kalno esan\u010diame centre (\u0160ventasis Jonas Paulius II panoro \u0161i\u0105 viet\u0105, kad b\u016bt\u0173 \u201etiesiami tiltai\u201c su \u017eyd\u0173 tauta).<\/p>\n\n<p>Kaip architektas i\u0161vyst\u0117 nauj\u0105 parapijos bei seminarijos model\u012f, kuri remiasi \u201enauj\u0105ja estetika\u201c, kuriuose taip pat galima atrasti jo paties sukurt\u0173 vitra\u017e\u0173. Jo darb\u0173 yra Ispanijoje, Italijoje, Nikaragvoje, JAV, Suomijoje, Dominikos Respublikoje bei kai kuriose Azijos ar Afrikos \u0161alyse. Bet svarbiausias darbas i\u0161lieka- \u201eDomus Galilaeae\u201c.<\/p>\n\n<p>Per \u0161iuos paskutiniuosius metus Kiko Neokatechumenatiniam keliui i\u0161vyst\u0117 muzikos \u0161ak\u0105 sukurdamas nauj\u0173 k\u016brini\u0173. Nuo to laiko, kai apsigyveno Palomeras Altas l\u016b\u0161nyne su Biblija ir gitara, jis sukomponavo daugiau nei 300 giesmi\u0173, kurie sudaro vadinam\u0105j\u012f \u201ePRISIK\u0116L\u0116, giesmes neokatechumenatin\u0117ms bendruomen\u0117ms&#8221;. \u0160iuo metu kai kurios giesm\u0117s yra giedamos daugelyje pasaulio parapij\u0173, buvo giedamos \u012fvairiomis progomis, kai kuri\u0173 popie\u017ei\u0173 akivaizdoje. Svarbiausioms progoms Kiko suk\u016br\u0117 muzikinius akompanimentus naudodamas \u012fvairius instrumentus.<\/p>\n\n<p>2010 metais Arg\u00fcello sub\u016br\u0117 Neokatechumenatinio kelio simfonin\u012f orkestr\u0105 ir suk\u016br\u0117 muzikin\u012f k\u016brin\u012f \u201eNekalt\u0173j\u0173 kan\u010dia&#8221;. K\u016brinyje per muzik\u0105 vaizduojamas Mergel\u0117s Marijos skausmas stovint po kry\u017eiumi. Po to kai buvo atliktas Izraelyje 200 vyskup\u0173 ir kit\u0173 autoriteting\u0173 \u017emoni\u0173 akivaizdoje, \u017eydai buvo giliai nustebinti. Jie prisipa\u017eino pasijut\u0119 Ba\u017eny\u010dios mylimi ir suprasti Shoah (Holokausto) patirtame skausme. Nuo to laiko, \u0161i simfonija tapo \u201etiltu&#8221; dialogui tarp katalik\u0173 Ba\u017eny\u010dios ir \u017eyd\u0173. Kiek v\u0117liau \u0161is k\u016brinys buvo atliktas \u012fvairiose vietose: Vatikane (susitikime  su popie\u017eiumi Benediktu XVI), Jeruzal\u0117je, Betliejuje, Madride, Pary\u017eiuje, Tokijuje, Niujorke, \u010cikagoje, Bostone, Diuseldorfe, Au\u0161vice ir kitur.<\/p>\n\n<p>Kiko Arg\u00fcello taip pat yra 2 knyg\u0173 autorius. 2012 metais i\u0161leido &#8222;Kerigma l\u016b\u0161nynuose tarp varg\u0161\u0173&#8221;, o 2016 metais- &#8222;U\u017era\u0161ai. 1988-2014&#8221;.<\/p>\n","protected":false},"excerpt":{"rendered":"<p>Kiko Arg\u00fcello Francisco Jos\u00e9 G\u00f3mez de Arg\u00fcello Wirtz gim\u0117 Leone 1939.-\u0173j\u0173 sausio 9 dien\u0105. Mok\u0117si Madrido \u0160vento Fernando dail\u0117s akademijoje ir 1959 metais buvo apdovanotas Nacionaliniu tapybos prizu. Po gilios egzistencin\u0117s kriz\u0117s patiria rimt\u0105 atsivertim\u0105, d\u0117l ko ry\u017etasi pa\u0161v\u0119sti savo gyvenim\u0105 J\u0117zui Kristui ir Ba\u017eny\u010diai. 1960 metais kartu su skulptoriumi Coomontes ir stiklo meistru Mu\u00f1oz de Pablos \u012fsteigia grup\u0119 \u201cGremio 62\u201d tirianti Sakral\u0173j\u012f men\u0105, jo vystym\u0105si. Dalyvauja \u012fvairiose parodose Madride<\/p>\n<div class=\"read-more\"><a class=\"btn read-more-btn\" href=\"https:\/\/neocatechumenaleiter.org\/lt\/istorija\/kiko-arguello\/\">Skaityti vis\u0105<\/a><\/div>\n","protected":false},"author":2,"featured_media":0,"parent":14176,"menu_order":0,"comment_status":"closed","ping_status":"closed","template":"","meta":{"footnotes":""},"class_list":["post-13999","page","type-page","status-publish","hentry"],"_links":{"self":[{"href":"https:\/\/neocatechumenaleiter.org\/lt\/wp-json\/wp\/v2\/pages\/13999","targetHints":{"allow":["GET"]}}],"collection":[{"href":"https:\/\/neocatechumenaleiter.org\/lt\/wp-json\/wp\/v2\/pages"}],"about":[{"href":"https:\/\/neocatechumenaleiter.org\/lt\/wp-json\/wp\/v2\/types\/page"}],"author":[{"embeddable":true,"href":"https:\/\/neocatechumenaleiter.org\/lt\/wp-json\/wp\/v2\/users\/2"}],"replies":[{"embeddable":true,"href":"https:\/\/neocatechumenaleiter.org\/lt\/wp-json\/wp\/v2\/comments?post=13999"}],"version-history":[{"count":5,"href":"https:\/\/neocatechumenaleiter.org\/lt\/wp-json\/wp\/v2\/pages\/13999\/revisions"}],"predecessor-version":[{"id":20099,"href":"https:\/\/neocatechumenaleiter.org\/lt\/wp-json\/wp\/v2\/pages\/13999\/revisions\/20099"}],"up":[{"embeddable":true,"href":"https:\/\/neocatechumenaleiter.org\/lt\/wp-json\/wp\/v2\/pages\/14176"}],"wp:attachment":[{"href":"https:\/\/neocatechumenaleiter.org\/lt\/wp-json\/wp\/v2\/media?parent=13999"}],"curies":[{"name":"wp","href":"https:\/\/api.w.org\/{rel}","templated":true}]}}