{"id":14192,"date":"2020-02-28T05:58:40","date_gmt":"2020-02-28T04:58:40","guid":{"rendered":"https:\/\/neocatechumenaleiter.org\/sv-paulius-vi\/"},"modified":"2021-08-10T10:58:53","modified_gmt":"2021-08-10T09:58:53","slug":"sv-paulius-vi","status":"publish","type":"page","link":"https:\/\/neocatechumenaleiter.org\/lt\/popieziu-kalbos\/sv-paulius-vi\/","title":{"rendered":"\u0160v. Paulius VI"},"content":{"rendered":"\n<h1 class=\"has-text-align-center wp-block-heading\">\u0160v. Paulius VI<\/h1>\n\n<div style=\"height:20px\" aria-hidden=\"true\" class=\"wp-block-spacer\"><\/div>\n\n<h4 class=\"has-text-align-center wp-block-heading\">Biografija<\/h4>\n\n<div style=\"height:20px\" aria-hidden=\"true\" class=\"wp-block-spacer\"><\/div>\n\n<div class=\"wp-block-image is-style-default\"><figure class=\"alignleft size-medium is-resized\"><img loading=\"lazy\" decoding=\"async\" src=\"https:\/\/neocatechumenaleiter.org\/wp-content\/uploads\/2020\/02\/Camino_Neocatecumenal_S_Pablo_VI-250x300.jpg\" alt=\"\" class=\"wp-image-891\" width=\"250\" height=\"300\" srcset=\"https:\/\/neocatechumenaleiter.org\/wp-content\/uploads\/2020\/02\/Camino_Neocatecumenal_S_Pablo_VI-250x300.jpg 250w, https:\/\/neocatechumenaleiter.org\/wp-content\/uploads\/2020\/02\/Camino_Neocatecumenal_S_Pablo_VI.jpg 500w\" sizes=\"auto, (max-width: 250px) 100vw, 250px\" \/><\/figure><\/div>\n\n<p>Giovanni Battista Enrico Antonio Maria Montini gim\u0117 Lombardijje (Italija) 1897 met\u0173 rugs\u0117jo 26 d..<\/p>\n\n<p>1920 met\u0173 gegu\u017e\u0117s 29 d. buvo \u012f\u0161ventintas kunigu.<\/p>\n\n<p>1954 metais \u0161ventasis Jonas XXIII paskyr\u0117 vyskupu, o 1958 metais- kardinolu.<\/p>\n\n<p>1963 met\u0173 bir\u017eelio 21 d. i\u0161rinktas katalik\u0173 Ba\u017eny\u010dios Pontifiku pasirinkdamas Pauliaus VI vard\u0105.<\/p>\n\n<p>1965 metais su\u0161auk\u0117 vyskup\u0173 ir II Vatikano susirinkimo T\u0117v\u0173 Sinod\u0105.<\/p>\n\n<p>Aktyviai gyn\u0117 gyvyb\u0119 ir \u0161eim\u0105, 1968 metais para\u0161\u0117 enciklik\u0105 <em>Humanae Vitae. <\/em>U\u017edar\u0117 II Vatikano susirinkim\u0105.<\/p>\n\n<p>Paulius VI mir\u0117 Kastelgandolfo rezidencijoje 1978 met\u0173 rugpj\u016b\u010dio 6 d., po 15 met\u0173 pontifikavimo.<\/p>\n\n<p>Buvo paskelbtas palaimintuoju 2014 met\u0173 spalio 19 d., o 2018 met\u0173 spalio 14 d. Popie\u017eius Pranci\u0161kus j\u012f kanonizavo.<\/p>\n\n<div style=\"height:20px\" aria-hidden=\"true\" class=\"wp-block-spacer\"><\/div>\n\n<hr class=\"wp-block-separator\"\/>\n\n<div style=\"height:20px\" aria-hidden=\"true\" class=\"wp-block-spacer\"><\/div>\n\n<h3 class=\"has-text-align-center wp-block-heading\">Dokumentai<\/h3>\n\n<div style=\"height:20px\" aria-hidden=\"true\" class=\"wp-block-spacer\"><\/div>\n<div class=\"columna-papas\">\r\n    <h4 class=\"has-text-align-center\">1974 Metai<\/h4>\r\n    <div style=\"height:20px\" aria-hidden=\"true\" class=\"wp-block-spacer\"><\/div>\r\n    <a href=\"https:\/\/neocatechumenaleiter.org\/palabras-de-los-papas\/s-pablo-vi\/audiencia-general-8-v-1974\/\"><h6 class=\"has-text-align-center\">Generalin\u0117 audiencija 1974 met\u0173 gegu\u017e\u0117s 8 d.<\/h6><\/a>\r\n<\/div>\r\n<div class=\"columna-papas\" style=\"background: #f7f7f7;\">\r\n    <h4 class=\"has-text-align-center\">1977 Metai<\/h4>\r\n    <div style=\"height:20px\" aria-hidden=\"true\" class=\"wp-block-spacer\"><\/div>\r\n    <a href=\"https:\/\/neocatechumenaleiter.org\/palabras-de-los-papas\/s-pablo-vi\/audiencia-general-12-1-1977\/\"><h6 class=\"has-text-align-center\">\u012e\u017eangin\u0117 kalba generalin\u0117je audiencijoje 1977 met\u0173 sausio 12 d.<\/h6><\/a>\r\n<\/div>","protected":false},"excerpt":{"rendered":"<p>\u0160v. Paulius VI Biografija Giovanni Battista Enrico Antonio Maria Montini gim\u0117 Lombardijje (Italija) 1897 met\u0173 rugs\u0117jo 26 d.. 1920 met\u0173 gegu\u017e\u0117s 29 d. buvo \u012f\u0161ventintas kunigu. 1954 metais \u0161ventasis Jonas XXIII paskyr\u0117 vyskupu, o 1958 metais- kardinolu. 1963 met\u0173 bir\u017eelio 21 d. i\u0161rinktas katalik\u0173 Ba\u017eny\u010dios Pontifiku pasirinkdamas Pauliaus VI vard\u0105. 1965 metais su\u0161auk\u0117 vyskup\u0173 ir II Vatikano susirinkimo T\u0117v\u0173 Sinod\u0105. Aktyviai gyn\u0117 gyvyb\u0119 ir \u0161eim\u0105, 1968 metais para\u0161\u0117 enciklik\u0105 Humanae<\/p>\n<div class=\"read-more\"><a class=\"btn read-more-btn\" href=\"https:\/\/neocatechumenaleiter.org\/lt\/popieziu-kalbos\/sv-paulius-vi\/\">Skaityti vis\u0105<\/a><\/div>\n","protected":false},"author":2,"featured_media":0,"parent":16166,"menu_order":0,"comment_status":"closed","ping_status":"closed","template":"","meta":{"footnotes":""},"class_list":["post-14192","page","type-page","status-publish","hentry"],"_links":{"self":[{"href":"https:\/\/neocatechumenaleiter.org\/lt\/wp-json\/wp\/v2\/pages\/14192","targetHints":{"allow":["GET"]}}],"collection":[{"href":"https:\/\/neocatechumenaleiter.org\/lt\/wp-json\/wp\/v2\/pages"}],"about":[{"href":"https:\/\/neocatechumenaleiter.org\/lt\/wp-json\/wp\/v2\/types\/page"}],"author":[{"embeddable":true,"href":"https:\/\/neocatechumenaleiter.org\/lt\/wp-json\/wp\/v2\/users\/2"}],"replies":[{"embeddable":true,"href":"https:\/\/neocatechumenaleiter.org\/lt\/wp-json\/wp\/v2\/comments?post=14192"}],"version-history":[{"count":8,"href":"https:\/\/neocatechumenaleiter.org\/lt\/wp-json\/wp\/v2\/pages\/14192\/revisions"}],"predecessor-version":[{"id":23911,"href":"https:\/\/neocatechumenaleiter.org\/lt\/wp-json\/wp\/v2\/pages\/14192\/revisions\/23911"}],"up":[{"embeddable":true,"href":"https:\/\/neocatechumenaleiter.org\/lt\/wp-json\/wp\/v2\/pages\/16166"}],"wp:attachment":[{"href":"https:\/\/neocatechumenaleiter.org\/lt\/wp-json\/wp\/v2\/media?parent=14192"}],"curies":[{"name":"wp","href":"https:\/\/api.w.org\/{rel}","templated":true}]}}