{"id":14233,"date":"2020-02-27T19:31:11","date_gmt":"2020-02-27T18:31:11","guid":{"rendered":"https:\/\/neocatechumenaleiter.org\/kontaktai\/"},"modified":"2023-12-05T20:03:43","modified_gmt":"2023-12-05T19:03:43","slug":"kontaktai","status":"publish","type":"page","link":"https:\/\/neocatechumenaleiter.org\/lt\/kontaktai\/","title":{"rendered":"Kontaktai"},"content":{"rendered":"\n<h2 class=\"wp-block-heading has-text-align-center\">Susisiek su mumis<\/h2>\n\n<div style=\"height:20px\" aria-hidden=\"true\" class=\"wp-block-spacer\"><\/div>\n\n<h5 class=\"wp-block-heading has-text-align-center\">Galima naudotis \u017eemiau esan\u010dia informacija susisiekimui su Romos (Italija) Neokatechumenatiniu centru.<\/h5>\n\n<div class=\"datacontacto\">\r\n    <div class=\"container\">\r\n        <div class=\"datatel columna\">\r\n            <a href=\"tel:+390668134502\">\r\n                <span class=\"icon-phone\"><\/span>\r\n \t\t\t\t+39 06 6813 45 02<\/a>\r\n        <\/div>\r\n        <div class=\"datadir columna\">\r\n            <a href=\"https:\/\/goo.gl\/maps\/PpQn7ukhwPHBwy2L6\" target=\"_blank\" rel=\"noopener noreferrer\">                \r\n\t\t\t\t<span class=\"icon-map\"><\/span>\r\n \t\t\t\tVia del Mascherino, 53<br\/>00193 Roma &#8211; Italia<\/a>\r\n        <\/div>\r\n        <div class=\"datamail columna\">\r\n            <a href=\"mailto:information@neocatechumenaleiter.org\">\r\n                <span class=\"icon-envelope\"><\/span>\r\n \t\t\t\tinformation@neocatechumenaleiter.org<\/a>\r\n        <\/div>\r\n    <\/div>\r\n<\/div>\n\n<div style=\"height:20px\" aria-hidden=\"true\" class=\"wp-block-spacer\"><\/div>\n\n<hr class=\"wp-block-separator has-css-opacity\"\/>\n\n<div style=\"height:30px\" aria-hidden=\"true\" class=\"wp-block-spacer\"><\/div>\n\n<h5 class=\"wp-block-heading has-text-align-center\">Piligrimin\u0117s kelion\u0117s<\/h5>\n\n<div style=\"height:20px\" aria-hidden=\"true\" class=\"wp-block-spacer\"><\/div>\n\n<h6 class=\"wp-block-heading has-text-align-center has-text-color\" style=\"color:#737373\">Susisiekiant su mumis nurodykite parapij\u0105, bendruomen\u0119, broli\u0173 skai\u010di\u0173, kontaktin\u012f asmen\u012f, telefono numer\u012f, apsilankymo dat\u0105 ir t.t.<\/h6>\n\n<div style=\"height:30px\" aria-hidden=\"true\" class=\"wp-block-spacer\"><\/div>\n\n<div class=\"wp-block-columns are-vertically-aligned-center has-white-background-color has-background is-layout-flex wp-container-core-columns-is-layout-9d6595d7 wp-block-columns-is-layout-flex\">\n<div class=\"wp-block-column is-vertically-aligned-center is-layout-flow wp-block-column-is-layout-flow\">\n<h5 class=\"wp-block-heading has-text-align-center\"><strong>Madrido Neokatechumenatinis centras<\/strong><\/h5>\n<\/div>\n\n\n\n<div class=\"wp-block-column is-vertically-aligned-center is-layout-flow wp-block-column-is-layout-flow\">\n<div style=\"height:20px\" aria-hidden=\"true\" class=\"wp-block-spacer\"><\/div>\n\n\n\n<h6 class=\"wp-block-heading has-text-align-center contactar_visitas\"><a rel=\"noreferrer noopener\" href=\"mailto:visitas@cnc.madrid\" target=\"_blank\"><strong>visitas@cnc.madrid<\/strong><\/a><\/h6>\n\n\n\n<div style=\"height:20px\" aria-hidden=\"true\" class=\"wp-block-spacer\"><\/div>\n<\/div>\n\n\n\n<div class=\"wp-block-column is-vertically-aligned-center is-layout-flow wp-block-column-is-layout-flow\">\n<h6 class=\"wp-block-heading has-text-align-center\"><\/h6>\n<\/div>\n<\/div>\n\n<div style=\"height:30px\" aria-hidden=\"true\" class=\"wp-block-spacer\"><\/div>\n\n<div class=\"wp-block-columns are-vertically-aligned-center has-background is-layout-flex wp-container-core-columns-is-layout-9d6595d7 wp-block-columns-is-layout-flex\" style=\"background-color:#f5f5f5\">\n<div class=\"wp-block-column is-vertically-aligned-center is-layout-flow wp-block-column-is-layout-flow\">\n<h5 class=\"wp-block-heading has-text-align-center\"><strong>Carmen Hernandez kapas<\/strong><\/h5>\n<\/div>\n\n\n\n<div class=\"wp-block-column is-vertically-aligned-center is-layout-flow wp-block-column-is-layout-flow\">\n<div style=\"height:20px\" aria-hidden=\"true\" class=\"wp-block-spacer\"><\/div>\n\n\n\n<h6 class=\"wp-block-heading has-text-align-center contactar_visitas\"><a href=\"mailto:visitas@carmenhernandez.info\"><strong>visitas@carmenhernandez.info<\/strong><\/a><\/h6>\n\n\n\n<div style=\"height:20px\" aria-hidden=\"true\" class=\"wp-block-spacer\"><\/div>\n<\/div>\n\n\n\n<div class=\"wp-block-column is-vertically-aligned-center is-layout-flow wp-block-column-is-layout-flow\">\n<h6 class=\"wp-block-heading has-text-align-center contactar_visitas\"><a rel=\"noreferrer noopener\" href=\"https:\/\/carmenhernandez.org\/en\/contact\/\" target=\"_blank\"><strong>Gautos malon\u0117s<\/strong><\/a><\/h6>\n<\/div>\n<\/div>\n\n<div style=\"height:20px\" aria-hidden=\"true\" class=\"wp-block-spacer\"><\/div>\n\n<div class=\"wp-block-columns are-vertically-aligned-center has-white-background-color has-background is-layout-flex wp-container-core-columns-is-layout-9d6595d7 wp-block-columns-is-layout-flex\">\n<div class=\"wp-block-column is-vertically-aligned-center is-layout-flow wp-block-column-is-layout-flow\">\n<h5 class=\"wp-block-heading has-text-align-center\"><strong>Tudela ir Havier (Ispanija)<\/strong><\/h5>\n<\/div>\n\n\n\n<div class=\"wp-block-column is-vertically-aligned-center is-layout-flow wp-block-column-is-layout-flow\">\n<div style=\"height:20px\" aria-hidden=\"true\" class=\"wp-block-spacer\"><\/div>\n\n\n\n<h6 class=\"wp-block-heading has-text-align-center contactar_visitas\"><strong><a rel=\"noreferrer noopener\" href=\"mailto:pamplona.tudela.cn@gmail.com\" target=\"_blank\">pamplona.tudela.cn@gmail.com<\/a><\/strong><\/h6>\n\n\n\n<div style=\"height:20px\" aria-hidden=\"true\" class=\"wp-block-spacer\"><\/div>\n<\/div>\n\n\n\n<div class=\"wp-block-column is-vertically-aligned-center is-layout-flow wp-block-column-is-layout-flow\">\n<h6 class=\"wp-block-heading has-text-align-center contactar_visitas\"><a href=\"https:\/\/carmenhernandez.org\/en\/carmen-hernandez-soria-and-navarra-spain\/\" target=\"_blank\" rel=\"noreferrer noopener\">Daugiau informacijos<\/a><\/h6>\n<\/div>\n<\/div>\n\n<div style=\"height:30px\" aria-hidden=\"true\" class=\"wp-block-spacer\"><\/div>\n\n<div class=\"wp-block-columns are-vertically-aligned-center has-background is-layout-flex wp-container-core-columns-is-layout-9d6595d7 wp-block-columns-is-layout-flex\" style=\"background-color:#f5f5f5\">\n<div class=\"wp-block-column is-vertically-aligned-center is-layout-flow wp-block-column-is-layout-flow\">\n<h5 class=\"wp-block-heading has-text-align-center\"><strong>Olvega (Ispanija)<\/strong><\/h5>\n<\/div>\n\n\n\n<div class=\"wp-block-column is-vertically-aligned-center is-layout-flow wp-block-column-is-layout-flow\">\n<div style=\"height:20px\" aria-hidden=\"true\" class=\"wp-block-spacer\"><\/div>\n\n\n\n<h6 class=\"wp-block-heading has-text-align-center contactar_visitas\"><a rel=\"noreferrer noopener\" href=\"mailto:carmen.hernandez.olvega@gmail.com\" target=\"_blank\">carmen.hernandez.olvega@gmail.com<\/a><\/h6>\n\n\n\n<div style=\"height:20px\" aria-hidden=\"true\" class=\"wp-block-spacer\"><\/div>\n<\/div>\n\n\n\n<div class=\"wp-block-column is-vertically-aligned-center is-layout-flow wp-block-column-is-layout-flow\">\n<h6 class=\"wp-block-heading has-text-align-center contactar_visitas\"><a href=\"https:\/\/carmenhernandez.org\/en\/carmen-hernandez-soria-and-navarra-spain\/\" target=\"_blank\" rel=\"noreferrer noopener\">Daugiau informacijos<\/a><\/h6>\n<\/div>\n<\/div>\n\n<div style=\"height:30px\" aria-hidden=\"true\" class=\"wp-block-spacer\"><\/div>\n\n<div class=\"wp-block-columns are-vertically-aligned-center has-white-background-color has-background is-layout-flex wp-container-core-columns-is-layout-9d6595d7 wp-block-columns-is-layout-flex\">\n<div class=\"wp-block-column is-vertically-aligned-center is-layout-flow wp-block-column-is-layout-flow\">\n<h5 class=\"wp-block-heading has-text-align-center\"><strong>Barcelona (Ispanija)<\/strong><\/h5>\n<\/div>\n\n\n\n<div class=\"wp-block-column is-vertically-aligned-center is-layout-flow wp-block-column-is-layout-flow\">\n<h6 class=\"wp-block-heading has-text-align-center contactar_visitas\"><a rel=\"noreferrer noopener\" href=\"mailto:f.xaviervila@gmail.com\" target=\"_blank\">f.xaviervila@gmail.com<\/a> <a rel=\"noreferrer noopener\" href=\"mailto:franciscopelufo@gmail.com\" target=\"_blank\">franciscopelufo@gmail.com<\/a><\/h6>\n<\/div>\n\n\n\n<div class=\"wp-block-column is-vertically-aligned-center is-layout-flow wp-block-column-is-layout-flow\">\n<h6 class=\"wp-block-heading has-text-align-center contactar_visitas\"><a href=\"https:\/\/carmenhernandez.org\/en\/carmen-hernandez-barcelona-spain\/\" target=\"_blank\" rel=\"noreferrer noopener\">Daugiau informacijos<\/a><\/h6>\n<\/div>\n<\/div>\n\n<div style=\"height:30px\" aria-hidden=\"true\" class=\"wp-block-spacer\"><\/div>\n\n<div class=\"wp-block-columns are-vertically-aligned-center has-background is-layout-flex wp-container-core-columns-is-layout-9d6595d7 wp-block-columns-is-layout-flex\" style=\"background-color:#f5f5f5\">\n<div class=\"wp-block-column is-vertically-aligned-center is-layout-flow wp-block-column-is-layout-flow\">\n<h5 class=\"wp-block-heading has-text-align-center\"><strong>Zaragoza (Ispanija)<\/strong><\/h5>\n<\/div>\n\n\n\n<div class=\"wp-block-column is-vertically-aligned-center is-layout-flow wp-block-column-is-layout-flow\">\n<div style=\"height:20px\" aria-hidden=\"true\" class=\"wp-block-spacer\"><\/div>\n\n\n\n<h6 class=\"wp-block-heading has-text-align-center contactar_visitas\"><a rel=\"noreferrer noopener\" href=\"mailto:peregrinacioneszaragoza.cn@gmail.com\" target=\"_blank\">peregrinacioneszaragoza.cn@gmail.com<\/a><\/h6>\n\n\n\n<div style=\"height:20px\" aria-hidden=\"true\" class=\"wp-block-spacer\"><\/div>\n<\/div>\n\n\n\n<div class=\"wp-block-column is-vertically-aligned-center is-layout-flow wp-block-column-is-layout-flow\">\n<h6 class=\"wp-block-heading has-text-align-center contactar_visitas has-background\" style=\"background-color:#f5f5f5\"><a href=\"https:\/\/neocatechumenaleiter.org\/en\/pilgrimages-to-zaragoza-spain\/\" data-type=\"post\" data-id=\"32512\">Daugiau informacijos<\/a><\/h6>\n<\/div>\n<\/div>\n\n<div style=\"height:30px\" aria-hidden=\"true\" class=\"wp-block-spacer\"><\/div>\n\n<div class=\"wp-block-columns are-vertically-aligned-center has-white-background-color has-background is-layout-flex wp-container-core-columns-is-layout-9d6595d7 wp-block-columns-is-layout-flex\">\n<div class=\"wp-block-column is-vertically-aligned-center is-layout-flow wp-block-column-is-layout-flow\">\n<h5 class=\"wp-block-heading has-text-align-center\"><strong>Barbastro (Ispanija)<\/strong><\/h5>\n<\/div>\n\n\n\n<div class=\"wp-block-column is-vertically-aligned-center is-layout-flow wp-block-column-is-layout-flow\">\n<div style=\"height:20px\" aria-hidden=\"true\" class=\"wp-block-spacer\"><\/div>\n\n\n\n<h6 class=\"wp-block-heading has-text-align-center contactar_visitas\"><a href=\"mailto:peregrinacionesbarbastro.cn@gmail.com\" target=\"_blank\" rel=\"noreferrer noopener\">peregrinacionesbarbastro.cn@gmail.com<\/a><\/h6>\n\n\n\n<div style=\"height:20px\" aria-hidden=\"true\" class=\"wp-block-spacer\"><\/div>\n<\/div>\n\n\n\n<div class=\"wp-block-column is-vertically-aligned-center is-layout-flow wp-block-column-is-layout-flow\">\n<h6 class=\"wp-block-heading has-text-align-center contactar_visitas\"><a href=\"https:\/\/neocatechumenaleiter.org\/en\/pilgrimages-to-barbastro-huesca-spain\/\" data-type=\"post\" data-id=\"31933\">Daugiau informacijos<\/a><\/h6>\n<\/div>\n<\/div>\n\n<div style=\"height:30px\" aria-hidden=\"true\" class=\"wp-block-spacer\"><\/div>\n\n<div class=\"wp-block-columns are-vertically-aligned-center has-background is-layout-flex wp-container-core-columns-is-layout-9d6595d7 wp-block-columns-is-layout-flex\" style=\"background-color:#f5f5f5\">\n<div class=\"wp-block-column is-vertically-aligned-center is-layout-flow wp-block-column-is-layout-flow\">\n<h5 class=\"wp-block-heading has-text-align-center\"><strong>Farlete (Ispanija)<\/strong><\/h5>\n<\/div>\n\n\n\n<div class=\"wp-block-column is-vertically-aligned-center is-layout-flow wp-block-column-is-layout-flow\">\n<div style=\"height:20px\" aria-hidden=\"true\" class=\"wp-block-spacer\"><\/div>\n\n\n\n<h6 class=\"wp-block-heading has-text-align-center contactar_visitas\"><a href=\"mailto:peregrinacionesfarlete.cn@gmail.com\" target=\"_blank\" rel=\"noreferrer noopener\">peregrinacionesfarlete.cn@gmail.com<\/a><\/h6>\n\n\n\n<div style=\"height:20px\" aria-hidden=\"true\" class=\"wp-block-spacer\"><\/div>\n<\/div>\n\n\n\n<div class=\"wp-block-column is-vertically-aligned-center is-layout-flow wp-block-column-is-layout-flow\">\n<h6 class=\"wp-block-heading has-text-align-center contactar_visitas\"><a href=\"https:\/\/neocatechumenaleiter.org\/en\/pilgrimages-to-farlete-zaragoza-spain\/\" target=\"_blank\" rel=\"noreferrer noopener\">Daugiau informacijos<\/a><\/h6>\n<\/div>\n<\/div>\n\n<div style=\"height:30px\" aria-hidden=\"true\" class=\"wp-block-spacer\"><\/div>\n\n<div class=\"wp-block-columns are-vertically-aligned-center has-white-background-color has-background is-layout-flex wp-container-core-columns-is-layout-9d6595d7 wp-block-columns-is-layout-flex\">\n<div class=\"wp-block-column is-vertically-aligned-center has-white-background-color has-background is-layout-flow wp-block-column-is-layout-flow\">\n<h5 class=\"wp-block-heading has-text-align-center\"><strong>Fuentes (Ispanija)<\/strong><\/h5>\n<\/div>\n\n\n\n<div class=\"wp-block-column is-vertically-aligned-center is-layout-flow wp-block-column-is-layout-flow\">\n<div style=\"height:20px\" aria-hidden=\"true\" class=\"wp-block-spacer\"><\/div>\n\n\n\n<h6 class=\"wp-block-heading has-text-align-center contactar_visitas\"><a href=\"mailto:fuentesdecarbonero@gmail.com\" target=\"_blank\" rel=\"noreferrer noopener\">fuentesdecarbonero@gmail.com<\/a><\/h6>\n\n\n\n<div style=\"height:20px\" aria-hidden=\"true\" class=\"wp-block-spacer\"><\/div>\n<\/div>\n\n\n\n<div class=\"wp-block-column is-vertically-aligned-center is-layout-flow wp-block-column-is-layout-flow\">\n<h6 class=\"wp-block-heading has-text-align-center contactar_visitas\"><a href=\"https:\/\/neocatechumenaleiter.org\/en\/pilgrimages-to-fuentes-de-carbonero-el-mayor-segovia-spain\/\" data-type=\"post\" data-id=\"30082\">Daugiau informacijos<\/a><\/h6>\n<\/div>\n<\/div>\n\n<div style=\"height:30px\" aria-hidden=\"true\" class=\"wp-block-spacer\"><\/div>\n\n<div class=\"wp-block-columns are-vertically-aligned-center has-background is-layout-flex wp-container-core-columns-is-layout-9d6595d7 wp-block-columns-is-layout-flex\" style=\"background-color:#f5f5f5\">\n<div class=\"wp-block-column is-vertically-aligned-center is-layout-flow wp-block-column-is-layout-flow\">\n<h5 class=\"wp-block-heading has-text-align-center\"><strong>Valencia (Ispanija)<\/strong><\/h5>\n<\/div>\n\n\n\n<div class=\"wp-block-column is-vertically-aligned-center is-layout-flow wp-block-column-is-layout-flow\">\n<div style=\"height:20px\" aria-hidden=\"true\" class=\"wp-block-spacer\"><\/div>\n\n\n\n<h6 class=\"wp-block-heading has-text-align-center contactar_visitas\"><a href=\"mailto:carmenhernandezvalencia1956@gmail.com\" target=\"_blank\" rel=\"noreferrer noopener\">carmenhernandezvalencia1956@gmail.com<\/a><\/h6>\n\n\n\n<div style=\"height:20px\" aria-hidden=\"true\" class=\"wp-block-spacer\"><\/div>\n<\/div>\n\n\n\n<div class=\"wp-block-column is-vertically-aligned-center is-layout-flow wp-block-column-is-layout-flow\">\n<h6 class=\"wp-block-heading has-text-align-center contactar_visitas\"><a href=\"https:\/\/carmenhernandez.org\/en\/carmen-hernandez-valencia-spain\/\" target=\"_blank\" rel=\"noreferrer noopener\">Daugiau informacijos<\/a><\/h6>\n<\/div>\n<\/div>\n\n<div style=\"height:20px\" aria-hidden=\"true\" class=\"wp-block-spacer\"><\/div>\n\n<hr class=\"wp-block-separator has-css-opacity is-style-wide\"\/>\n\n<div style=\"height:20px\" aria-hidden=\"true\" class=\"wp-block-spacer\"><\/div>\n\n<h5 class=\"wp-block-heading has-text-align-center\"><a href=\"https:\/\/neocatechumenaleiter.org\/en\/legal-notice\/\" data-type=\"page\" data-id=\"3\">Privacy Policy<\/a><\/h5>\n","protected":false},"excerpt":{"rendered":"<p>Susisiek su mumis Galima naudotis \u017eemiau esan\u010dia informacija susisiekimui su Romos (Italija) Neokatechumenatiniu centru. +39 06 6813 45 02 Via del Mascherino, 5300193 Roma &#8211; Italia information@neocatechumenaleiter.org Piligrimin\u0117s kelion\u0117s Susisiekiant su mumis nurodykite parapij\u0105, bendruomen\u0119, broli\u0173 skai\u010di\u0173, kontaktin\u012f asmen\u012f, telefono numer\u012f, apsilankymo dat\u0105 ir t.t. Madrido Neokatechumenatinis centras visitas@cnc.madrid Carmen Hernandez kapas visitas@carmenhernandez.info Gautos malon\u0117s Tudela ir Havier (Ispanija) pamplona.tudela.cn@gmail.com Daugiau informacijos Olvega (Ispanija) carmen.hernandez.olvega@gmail.com Daugiau informacijos Barcelona (Ispanija) f.xaviervila@gmail.com<\/p>\n<div class=\"read-more\"><a class=\"btn read-more-btn\" href=\"https:\/\/neocatechumenaleiter.org\/lt\/kontaktai\/\">Skaityti vis\u0105<\/a><\/div>\n","protected":false},"author":2,"featured_media":0,"parent":0,"menu_order":0,"comment_status":"closed","ping_status":"closed","template":"","meta":{"footnotes":""},"class_list":["post-14233","page","type-page","status-publish","hentry"],"_links":{"self":[{"href":"https:\/\/neocatechumenaleiter.org\/lt\/wp-json\/wp\/v2\/pages\/14233","targetHints":{"allow":["GET"]}}],"collection":[{"href":"https:\/\/neocatechumenaleiter.org\/lt\/wp-json\/wp\/v2\/pages"}],"about":[{"href":"https:\/\/neocatechumenaleiter.org\/lt\/wp-json\/wp\/v2\/types\/page"}],"author":[{"embeddable":true,"href":"https:\/\/neocatechumenaleiter.org\/lt\/wp-json\/wp\/v2\/users\/2"}],"replies":[{"embeddable":true,"href":"https:\/\/neocatechumenaleiter.org\/lt\/wp-json\/wp\/v2\/comments?post=14233"}],"version-history":[{"count":24,"href":"https:\/\/neocatechumenaleiter.org\/lt\/wp-json\/wp\/v2\/pages\/14233\/revisions"}],"predecessor-version":[{"id":36611,"href":"https:\/\/neocatechumenaleiter.org\/lt\/wp-json\/wp\/v2\/pages\/14233\/revisions\/36611"}],"wp:attachment":[{"href":"https:\/\/neocatechumenaleiter.org\/lt\/wp-json\/wp\/v2\/media?parent=14233"}],"curies":[{"name":"wp","href":"https:\/\/api.w.org\/{rel}","templated":true}]}}