{"id":14405,"date":"2020-02-29T19:59:09","date_gmt":"2020-02-29T18:59:09","guid":{"rendered":"https:\/\/neocatechumenaleiter.org\/benediktas-xvi\/"},"modified":"2021-08-10T11:05:22","modified_gmt":"2021-08-10T10:05:22","slug":"benediktas-xvi","status":"publish","type":"page","link":"https:\/\/neocatechumenaleiter.org\/lt\/popieziu-kalbos\/benediktas-xvi\/","title":{"rendered":"Benediktas XVI"},"content":{"rendered":"\n<h1 class=\"has-text-align-center wp-block-heading\">Benediktas XVI<\/h1>\n\n<div style=\"height:21px\" aria-hidden=\"true\" class=\"wp-block-spacer\"><\/div>\n\n<h4 class=\"has-text-align-center wp-block-heading\">BIOGRAFIJA<\/h4>\n\n<div style=\"height:20px\" aria-hidden=\"true\" class=\"wp-block-spacer\"><\/div>\n\n<div class=\"wp-block-image is-style-default\"><figure class=\"alignleft size-medium\"><img loading=\"lazy\" decoding=\"async\" width=\"250\" height=\"300\" src=\"https:\/\/neocatechumenaleiter.org\/wp-content\/uploads\/2020\/02\/Camino_Neocatecumenal_Papa_Benedicto_XVI-250x300.jpg\" alt=\"Popie&#x17E;ius Emeritas Benediktas XVI\" class=\"wp-image-873\" srcset=\"https:\/\/neocatechumenaleiter.org\/wp-content\/uploads\/2020\/02\/Camino_Neocatecumenal_Papa_Benedicto_XVI-250x300.jpg 250w, https:\/\/neocatechumenaleiter.org\/wp-content\/uploads\/2020\/02\/Camino_Neocatecumenal_Papa_Benedicto_XVI.jpg 500w\" sizes=\"auto, (max-width: 250px) 100vw, 250px\" \/><\/figure><\/div>\n\n<p>Joseph Ratzinger gim\u0117 Marktl am Inn (Vokietija) 1927 met\u0173 baland\u017eio 16. <\/p>\n\n<p>1961-\u0173j\u0173 bir\u017eelio 29 \u012f\u0161ventintas kunigu ir paskirtas \u012f Monak\u0105. 1953 apgina teologijos doktorat\u0105.<\/p>\n\n<p>1977-\u0173j\u0173 kovo 25 dien\u0105 paskirtas Monako ir Freizingo arkivyskupu, o po 3 m\u0117nesi\u0173 Paulius VI nominuoja kardinolu.<\/p>\n\n<p>1981 metais Jonas Paulius II paskiria prefekto pareigas Kongregacijoje tik\u0117jimo klausimams spr\u0119sti. Buvo Popie\u017ei\u0161kosios biblin\u0117s komisijos bei Popie\u017ei\u0161kosios tarptautin\u0117s teologin\u0117s komisijos prezidentu. Taip pat Komisijos, kuri ruo\u0161\u0117 ir pristat\u0117 \u0160ventajam T\u0117vui \u201eKatalik\u0173 Ba\u017eny\u010dios katechizm\u0105&#8221;, prezidentas. 2015-\u0173j\u0173 liepos 3 dien\u0105 apdovanotas doktoratu \u201ehonoris causa&#8221;.<\/p>\n\n<p>2005-\u0173j\u0173 baland\u017eio 19 dien\u0105 i\u0161rinktas katalik\u0173 Ba\u017eny\u010dios Pontifiku pasirinkdamas Benedikto XVI vard\u0105.<\/p>\n\n<p>2013-\u0173j\u0173 vasario 13 dien\u0105 pasitrauk\u0117 i\u0161 Popie\u017eiaus pareig\u0173 tapdamas Popie\u017eius Emeritas.<\/p>\n\n<div style=\"height:20px\" aria-hidden=\"true\" class=\"wp-block-spacer\"><\/div>\n\n<hr class=\"wp-block-separator\"\/>\n\n<div style=\"height:20px\" aria-hidden=\"true\" class=\"wp-block-spacer\"><\/div>\n\n<h3 class=\"has-text-align-center wp-block-heading\">Dokumentai<\/h3>\n\n<div style=\"height:20px\" aria-hidden=\"true\" class=\"wp-block-spacer\"><\/div>\n<section id=\"search-2\" class=\"widget widget_search\"><form role=\"search\" method=\"get\" class=\"search-form\" action=\"https:\/\/neocatechumenaleiter.org\/lt\">\r\n\t<label for=\"search-form-5e59be1dc1b02\">\r\n\t\t<span class=\"screen-reader-text\">Ie\u0161koti:<\/span>\r\n        <input type=\"search\" id=\"search-form-5e59be1dc1b02\" class=\"search-field\" placeholder=\"Ie\u0161koti \u2026\" value=\"\" name=\"s\"\/><\/label>\r\n\t<button type=\"submit\" class=\"search-submit\">\r\n    \t<span class=\"screen-reader-text\">Ie\u0161koti<\/span>\r\n        <i class=\"icon-magnifier\"><\/i>\r\n    <\/button>\r\n<\/form>\r\n<\/section>\n<div style=\"height:20px\" aria-hidden=\"true\" class=\"wp-block-spacer\"><\/div>\n<div class=\"columna-papas\">\r\n    <h4 class=\"has-text-align-center\">2005 Metai<\/h4>\r\n    <div style=\"height:20px\" aria-hidden=\"true\" class=\"wp-block-spacer\"><\/div>\r\n    <a href=\"https:\/\/neocatechumenaleiter.org\/palabras-de-los-papas\/benedicto-xvi\/audiencia-privada-a-los-iniciadores-del-camino-neocatecumenal-19-xi-2005\/\"><h6 class=\"has-text-align-left\">Privati audiencija Neokatechumenatinio kelio iniciatoriams 2005-\u0173j\u0173 lapkri\u010dio 19d.<\/h6><\/a>\r\n<\/div>\r\n<div class=\"columna-papas\" style=\"background: #f7f7f7;\">\r\n    <h4 class=\"has-text-align-center\">2006 Metai<\/h4>\r\n    <div style=\"height:20px\" aria-hidden=\"true\" class=\"wp-block-spacer\"><\/div>\r\n    <a href=\"https:\/\/neocatechumenaleiter.org\/palabras-de-los-papas\/benedicto-xvi\/discurso-al-camino-neocatecumenal-12-i-2006\/\"><h6 class=\"has-text-align-left\">Kalba Neokatechumenatiniam keliui 2006-\u0173j\u0173 sausio 12 d.<\/h6><\/a>\r\n    <hr class=\"wp-block-separator\"\/><a href=\"https:\/\/neocatechumenaleiter.org\/palabras-de-los-papas\/benedicto-xvi\/angelus-en-la-plaza-de-san-pedro-29-x-2006\/\"><h6 class=\"has-text-align-left\">\u201eVie\u0161paties angelo\u201c malda \u0160v. Petro aik\u0161t\u0117je 2006-\u0173j\u0173 spalio 29 d.<\/h6><\/a>\r\n    <hr class=\"wp-block-separator\"\/><a href=\"https:\/\/neocatechumenaleiter.org\/palabras-de-los-papas\/benedicto-xvi\/convivencia-de-obispos-de-asia-y-australia-en-la-domus-galilaeae-18-xi-2006\/\"><h6 class=\"has-text-align-left\">Konvivencija su Azijos ir Australijos vyskupais Domus Galil\u0117joje 2006-\u0173j\u0173 lapkri\u010dio 18 d.<\/h6><\/a>\r\n<\/div>\n<div style=\"height:20px\" aria-hidden=\"true\" class=\"wp-block-spacer\"><\/div>\n<div class=\"columna-papas\">\r\n    <h4 class=\"has-text-align-center\">2007 Metai<\/h4>\r\n    <div style=\"height:20px\" aria-hidden=\"true\" class=\"wp-block-spacer\"><\/div>\r\n    <a href=\"https:\/\/neocatechumenaleiter.org\/palabras-de-los-papas\/benedicto-xvi\/encuentro-de-parrocos-y-clero-de-roma-22-ii-2007\/\"><h6 class=\"has-text-align-left\">Susitikimas su Romos klebonais ir kunigais 2007-\u0173j\u0173 vasario 22 d.<\/h6><\/a>\r\n    <hr class=\"wp-block-separator\"\/><a href=\"https:\/\/neocatechumenaleiter.org\/palabras-de-los-papas\/benedicto-xvi\/audiencia-privada-a-iniciadores-del-camino-26-v-2007\/\"><h6 class=\"has-text-align-left\">Privati audiencija su Kelio iniciatoriais 2007-\u0173j\u0173 gegu\u017e\u0117s 26 d.<\/h6><\/a>\r\n<\/div>\r\n<div class=\"columna-papas\" style=\"background: #f7f7f7;\">\r\n    <h4 class=\"has-text-align-center\">2008 Metai<\/h4>\r\n    <div style=\"height:20px\" aria-hidden=\"true\" class=\"wp-block-spacer\"><\/div>\r\n    <a href=\"https:\/\/neocatechumenaleiter.org\/palabras-de-los-papas\/benedicto-xvi\/convivencia-de-obispos-de-europa-en-la-domus-galilaeae-24-iii-2008\/\"><h6 class=\"has-text-align-left\">Konvivencija su Europos vyskupais Domus Galil\u0117joje 2008-\u0173j\u0173 kovo 24 d.<\/h6><\/a>\r\n<\/div>\n<div style=\"height:20px\" aria-hidden=\"true\" class=\"wp-block-spacer\"><\/div>\n<div class=\"columna-papas\">\r\n    <h4 class=\"has-text-align-center\">2009 Metai<\/h4>\r\n    <div style=\"height:20px\" aria-hidden=\"true\" class=\"wp-block-spacer\"><\/div>\r\n    <a href=\"https:\/\/neocatechumenaleiter.org\/palabras-de-los-papas\/benedicto-xvi\/discurso-por-los-cuarenta-anos-de-inicio-del-camino-10-i-2009\/\"><h6 class=\"has-text-align-left\">Kalba Kelio prad\u017eios keturiasde\u0161imtme\u010diui min\u0117ti 2009-\u0173j\u0173 sausio 10 d.<\/h6><\/a>\r\n<\/div>\r\n<div class=\"columna-papas\" style=\"background: #f7f7f7;\">\r\n    <h4 class=\"has-text-align-center\">2010 Metai<\/h4>\r\n    <div style=\"height:20px\" aria-hidden=\"true\" class=\"wp-block-spacer\"><\/div>\r\n    <a href=\"https:\/\/neocatechumenaleiter.org\/palabras-de-los-papas\/benedicto-xvi\/audiencia-a-los-iniciadores-del-camino-neocatecumenal-13-xi-2010\/\"><h6 class=\"has-text-align-left\">Audiencija Neokatechumenatinio kelio iniciatoriams 2010-\u0173j\u0173 lapkri\u010dio 13 d.<\/h6><\/a>\r\n<\/div>\n<div style=\"height:20px\" aria-hidden=\"true\" class=\"wp-block-spacer\"><\/div>\n<div class=\"columna-papas\">\r\n    <h4 class=\"has-text-align-center\">2011 Metai<\/h4>\r\n    <div style=\"height:20px\" aria-hidden=\"true\" class=\"wp-block-spacer\"><\/div>\r\n    <a href=\"https:\/\/neocatechumenaleiter.org\/palabras-de-los-papas\/benedicto-xvi\/audiencia-envio-de-familias-in-missio-ad-gentes-17-i-2011\/\"><h6 class=\"has-text-align-left\">Audiencija \u201eMissio ad gentes\u201c \u0161eim\u0173 siuntimo \u012f misijas prog\u0105 2011 met\u0173 sausio 17 d.<\/h6><\/a>\r\n    <hr class=\"wp-block-separator\"\/><a href=\"https:\/\/neocatechumenaleiter.org\/palabras-de-los-papas\/benedicto-xvi\/regina-coeli-visita-a-aquileia-y-venecia-8-v-2011\/\"><h6 class=\"has-text-align-left\">\u00abRegina Coeli\u00bb \u2013 Venecijos ir Akvil\u0117jos aplankymo metu 2011 met\u0173 gegu\u017e\u0117s 8 d.<\/h6><\/a>\r\n<\/div>\r\n<div class=\"columna-papas\" style=\"background: #f7f7f7;\">\r\n    <h4 class=\"has-text-align-center\">2012 Metai<\/h4>\r\n    <div style=\"height:20px\" aria-hidden=\"true\" class=\"wp-block-spacer\"><\/div>\r\n    <a href=\"https:\/\/neocatechumenaleiter.org\/palabras-de-los-papas\/benedicto-xvi\/audiencia-envio-missio-ad-gentes-20-i-2012\/\"><h6 class=\"has-text-align-left\">Audiencija \u201eMissio ad gentes\u201c \u0161eim\u0173 siuntimo \u012f misijas proga 2012 met\u0173 sausio 20 d.<\/h6><\/a>\r\n<\/div>","protected":false},"excerpt":{"rendered":"<p>Benediktas XVI BIOGRAFIJA Joseph Ratzinger gim\u0117 Marktl am Inn (Vokietija) 1927 met\u0173 baland\u017eio 16. 1961-\u0173j\u0173 bir\u017eelio 29 \u012f\u0161ventintas kunigu ir paskirtas \u012f Monak\u0105. 1953 apgina teologijos doktorat\u0105. 1977-\u0173j\u0173 kovo 25 dien\u0105 paskirtas Monako ir Freizingo arkivyskupu, o po 3 m\u0117nesi\u0173 Paulius VI nominuoja kardinolu. 1981 metais Jonas Paulius II paskiria prefekto pareigas Kongregacijoje tik\u0117jimo klausimams spr\u0119sti. Buvo Popie\u017ei\u0161kosios biblin\u0117s komisijos bei Popie\u017ei\u0161kosios tarptautin\u0117s teologin\u0117s komisijos prezidentu. Taip pat Komisijos, kuri<\/p>\n<div class=\"read-more\"><a class=\"btn read-more-btn\" href=\"https:\/\/neocatechumenaleiter.org\/lt\/popieziu-kalbos\/benediktas-xvi\/\">Skaityti vis\u0105<\/a><\/div>\n","protected":false},"author":2,"featured_media":0,"parent":16166,"menu_order":2,"comment_status":"closed","ping_status":"closed","template":"","meta":{"footnotes":""},"class_list":["post-14405","page","type-page","status-publish","hentry"],"_links":{"self":[{"href":"https:\/\/neocatechumenaleiter.org\/lt\/wp-json\/wp\/v2\/pages\/14405","targetHints":{"allow":["GET"]}}],"collection":[{"href":"https:\/\/neocatechumenaleiter.org\/lt\/wp-json\/wp\/v2\/pages"}],"about":[{"href":"https:\/\/neocatechumenaleiter.org\/lt\/wp-json\/wp\/v2\/types\/page"}],"author":[{"embeddable":true,"href":"https:\/\/neocatechumenaleiter.org\/lt\/wp-json\/wp\/v2\/users\/2"}],"replies":[{"embeddable":true,"href":"https:\/\/neocatechumenaleiter.org\/lt\/wp-json\/wp\/v2\/comments?post=14405"}],"version-history":[{"count":6,"href":"https:\/\/neocatechumenaleiter.org\/lt\/wp-json\/wp\/v2\/pages\/14405\/revisions"}],"predecessor-version":[{"id":18157,"href":"https:\/\/neocatechumenaleiter.org\/lt\/wp-json\/wp\/v2\/pages\/14405\/revisions\/18157"}],"up":[{"embeddable":true,"href":"https:\/\/neocatechumenaleiter.org\/lt\/wp-json\/wp\/v2\/pages\/16166"}],"wp:attachment":[{"href":"https:\/\/neocatechumenaleiter.org\/lt\/wp-json\/wp\/v2\/media?parent=14405"}],"curies":[{"name":"wp","href":"https:\/\/api.w.org\/{rel}","templated":true}]}}