{"id":14409,"date":"2020-02-25T03:20:35","date_gmt":"2020-02-25T02:20:35","guid":{"rendered":"https:\/\/neocatechumenaleiter.org\/istorija\/maria-ascension\/"},"modified":"2026-03-12T17:04:02","modified_gmt":"2026-03-12T16:04:02","slug":"maria-ascension","status":"publish","type":"page","link":"https:\/\/neocatechumenaleiter.org\/lt\/istorija\/maria-ascension\/","title":{"rendered":"Mar\u00eda Ascensi\u00f3n"},"content":{"rendered":"\n<h1 class=\"wp-block-heading\"><p><strong>Mar\u00eda Ascensi\u00f3n Romero<\/strong><\/p><\/h1>\n<div class=\"wp-block-image is-style-circle-mask\">\n<figure class=\"alignleft size-medium\"><img loading=\"lazy\" decoding=\"async\" width=\"245\" height=\"300\" src=\"https:\/\/neocatechumenaleiter.org\/wp-content\/uploads\/2020\/02\/Camino_Neocatecumenal_Maria_Ascension_Romero-245x300.jpg\" alt=\"Mar&#xED;a Ascensi&#xF3;n Romero\" class=\"wp-image-235\" srcset=\"https:\/\/neocatechumenaleiter.org\/wp-content\/uploads\/2020\/02\/Camino_Neocatecumenal_Maria_Ascension_Romero-245x300.jpg 245w, https:\/\/neocatechumenaleiter.org\/wp-content\/uploads\/2020\/02\/Camino_Neocatecumenal_Maria_Ascension_Romero-837x1024.jpg 837w, https:\/\/neocatechumenaleiter.org\/wp-content\/uploads\/2020\/02\/Camino_Neocatecumenal_Maria_Ascension_Romero-768x940.jpg 768w, https:\/\/neocatechumenaleiter.org\/wp-content\/uploads\/2020\/02\/Camino_Neocatecumenal_Maria_Ascension_Romero.jpg 994w\" sizes=\"auto, (max-width: 245px) 100vw, 245px\" \/><\/figure><\/div>\n<p>Mar\u00eda Ascensi\u00f3n Romero Ant\u00f3n prisijung\u0117 prie tarptautin\u0117s Neokatechumenatinio kelio ekipos 2018-\u0173j\u0173 saus\u012f po \u0160ventojo Sosto Dikasterijos pasaulie\u010di\u0173, \u0161eimos ir gyvyb\u0117s reikalams pra\u0161ymo bei pagal Kelio Statutuose nurodyt\u0105 tvark\u0105.<\/p>\n\n<p>Mar\u00eda Ascensi\u00f3n gim\u0117 1960 met\u0173 gegu\u017e\u0117s 27 dien\u0105 Tudeloje, Navarra (Ispanija). Tai tre\u010dioji i\u0161 keturi\u0173 vaik\u0173 \u0161eimos. Mok\u0117si Marijos draugijos mokykloje (toje pa\u010dioje, kurioje mok\u0117si Carmen Hernandez). Po to persik\u0117l\u0117 \u012f Sorij\u0105, kad gal\u0117t\u0173 prad\u0117ti pedagogikos studijas, kur ir susipa\u017eino su Neokatechumenatiniu keliu.<\/p>\n\n<p>Daug met\u0173 keliavo vienoje Neokatechumenatin\u0117je bendruomen\u0117je Tudeloje iki tol, kol nepersik\u0117l\u0117 \u012f Madrid\u0105 tam, kad gal\u0117t\u0173 dirbti mokytoja. Madride t\u0119s\u0117 Keli\u0105 \u0160v. Kotrynos Sieniet\u0117s parapijoje.<\/p>\n\n<p>PJD Santiago de Komposteloje su \u0161ventuoju Jonu Pauliumi II pajaut\u0117, kad Dievas \u0161aukia j\u0105 evangelizuoti. Po to j\u012f patvirtino pa\u0161aukim\u0173 susitikime su Kelio iniciatoriais Zaragozoje.<\/p>\n\n<p>1991 metais pirm\u0105 kart\u0105 buvo keliaujan\u010dia katechiste Siudad Realio vyskupijoje (Ispanija). 1992 metais i\u0161keliavo \u012f misij\u0105 buvusioje SSRS, kur 25 metus evangelizavo skirtingose valstyb\u0117se: Baltarusijoje, Kazachstane ir Rusijoje.<\/p>\n\n<p>2018-\u0173j\u0173 vasario 2 d. oficialiai prisijung\u0117 prie tarptautin\u0117s Neokatechumenatinio kelio ekipos.<\/p>\n","protected":false},"excerpt":{"rendered":"<p>Mar\u00eda Ascensi\u00f3n Romero Mar\u00eda Ascensi\u00f3n Romero Ant\u00f3n prisijung\u0117 prie tarptautin\u0117s Neokatechumenatinio kelio ekipos 2018-\u0173j\u0173 saus\u012f po \u0160ventojo Sosto Dikasterijos pasaulie\u010di\u0173, \u0161eimos ir gyvyb\u0117s reikalams pra\u0161ymo bei pagal Kelio Statutuose nurodyt\u0105 tvark\u0105. Mar\u00eda Ascensi\u00f3n gim\u0117 1960 met\u0173 gegu\u017e\u0117s 27 dien\u0105 Tudeloje, Navarra (Ispanija). Tai tre\u010dioji i\u0161 keturi\u0173 vaik\u0173 \u0161eimos. Mok\u0117si Marijos draugijos mokykloje (toje pa\u010dioje, kurioje mok\u0117si Carmen Hernandez). Po to persik\u0117l\u0117 \u012f Sorij\u0105, kad gal\u0117t\u0173 prad\u0117ti pedagogikos studijas, kur ir<\/p>\n<div class=\"read-more\"><a class=\"btn read-more-btn\" href=\"https:\/\/neocatechumenaleiter.org\/lt\/istorija\/maria-ascension\/\">Skaityti vis\u0105<\/a><\/div>\n","protected":false},"author":2,"featured_media":0,"parent":14176,"menu_order":0,"comment_status":"closed","ping_status":"closed","template":"","meta":{"footnotes":""},"class_list":["post-14409","page","type-page","status-publish","hentry"],"_links":{"self":[{"href":"https:\/\/neocatechumenaleiter.org\/lt\/wp-json\/wp\/v2\/pages\/14409","targetHints":{"allow":["GET"]}}],"collection":[{"href":"https:\/\/neocatechumenaleiter.org\/lt\/wp-json\/wp\/v2\/pages"}],"about":[{"href":"https:\/\/neocatechumenaleiter.org\/lt\/wp-json\/wp\/v2\/types\/page"}],"author":[{"embeddable":true,"href":"https:\/\/neocatechumenaleiter.org\/lt\/wp-json\/wp\/v2\/users\/2"}],"replies":[{"embeddable":true,"href":"https:\/\/neocatechumenaleiter.org\/lt\/wp-json\/wp\/v2\/comments?post=14409"}],"version-history":[{"count":3,"href":"https:\/\/neocatechumenaleiter.org\/lt\/wp-json\/wp\/v2\/pages\/14409\/revisions"}],"predecessor-version":[{"id":48107,"href":"https:\/\/neocatechumenaleiter.org\/lt\/wp-json\/wp\/v2\/pages\/14409\/revisions\/48107"}],"up":[{"embeddable":true,"href":"https:\/\/neocatechumenaleiter.org\/lt\/wp-json\/wp\/v2\/pages\/14176"}],"wp:attachment":[{"href":"https:\/\/neocatechumenaleiter.org\/lt\/wp-json\/wp\/v2\/media?parent=14409"}],"curies":[{"name":"wp","href":"https:\/\/api.w.org\/{rel}","templated":true}]}}