{"id":14784,"date":"2020-02-29T02:02:56","date_gmt":"2020-02-29T01:02:56","guid":{"rendered":"https:\/\/neocatechumenaleiter.org\/pranciskus\/"},"modified":"2021-08-10T11:05:57","modified_gmt":"2021-08-10T10:05:57","slug":"pranciskus","status":"publish","type":"page","link":"https:\/\/neocatechumenaleiter.org\/lt\/popieziu-kalbos\/pranciskus\/","title":{"rendered":"Pranci\u0161kus"},"content":{"rendered":"\n<h1 class=\"has-text-align-center wp-block-heading\">Pranci\u0161kus<\/h1>\n\n<div style=\"height:21px\" aria-hidden=\"true\" class=\"wp-block-spacer\"><\/div>\n\n<h4 class=\"has-text-align-center wp-block-heading\">Biografija<\/h4>\n\n<div style=\"height:20px\" aria-hidden=\"true\" class=\"wp-block-spacer\"><\/div>\n\n<div style=\"height:20px\" aria-hidden=\"true\" class=\"wp-block-spacer\"><\/div>\n\n<div class=\"wp-block-image is-style-default\"><figure class=\"alignleft size-medium\"><img loading=\"lazy\" decoding=\"async\" width=\"250\" height=\"300\" src=\"https:\/\/neocatechumenaleiter.org\/wp-content\/uploads\/2020\/02\/Camino_Neocatecumenal_Papa_Francisco-250x300.jpg\" alt=\"Popie&#x17E;ius Pranci&#x161;kus\" class=\"wp-image-879\" srcset=\"https:\/\/neocatechumenaleiter.org\/wp-content\/uploads\/2020\/02\/Camino_Neocatecumenal_Papa_Francisco-250x300.jpg 250w, https:\/\/neocatechumenaleiter.org\/wp-content\/uploads\/2020\/02\/Camino_Neocatecumenal_Papa_Francisco.jpg 500w\" sizes=\"auto, (max-width: 250px) 100vw, 250px\" \/><\/figure><\/div>\n\n<p>Jorge Mario Bergoglio gim\u0117 1936-\u0173j\u0173 gruod\u017eio 17 dien\u0105 Buenos Airese, Argentinoje.<\/p>\n\n<p>1969-\u0173j\u0173 gruod\u017eio 13 dien\u0105 arkivyskupas Ram\u00f3n Jos\u00e9 Castellano \u012f\u0161ventino j\u012f kunigu.<\/p>\n\n<p>1998 metais paskirtas Buenos Aires arkivyskupu, o 2011 metais Jonas Paulius II nominuoja kardinolu.<\/p>\n\n<p>2002 metais atmeta galimyb\u0119 vadovauti Argentinos vyskup\u0173 konferencijai, bet po trij\u0173 met\u0173 dar kart\u0105 i\u0161rinktas ir patvirtintas. Vadovavo Vyskup\u0173 konferencijai iki 2008 met\u0173.<\/p>\n\n<p>2005 metais dalyvauja konklavoje, kurioje i\u0161renkamas Benediktas XVI.<\/p>\n\n<p>2013-\u0173j\u0173 kovo 13 dien\u0105 i\u0161rinktas Benedikto XVI \u012fp\u0117diniu. Tai pirmasis Popie\u017eius i\u0161 Amerikos bei pirmasis ispanakalbis. Gyvybes gyn\u0117jas nuo prad\u0117jimo akimirkos iki nat\u016bralios mirties.<\/p>\n\n<div style=\"height:20px\" aria-hidden=\"true\" class=\"wp-block-spacer\"><\/div>\n\n<hr class=\"wp-block-separator\"\/>\n\n<div style=\"height:20px\" aria-hidden=\"true\" class=\"wp-block-spacer\"><\/div>\n\n<h3 class=\"has-text-align-center wp-block-heading\">Dokumentai<\/h3>\n\n<div style=\"height:20px\" aria-hidden=\"true\" class=\"wp-block-spacer\"><\/div>\n<section id=\"search-2\" class=\"widget widget_search\"><form role=\"search\" method=\"get\" class=\"search-form\" action=\"https:\/\/neocatechumenaleiter.org\/lt\">\r\n\t<label for=\"search-form-5e59be1dc1b02\">\r\n\t\t<span class=\"screen-reader-text\">Ie\u0161koti:<\/span>\r\n        <input type=\"search\" id=\"search-form-5e59be1dc1b02\" class=\"search-field\" placeholder=\"Ie\u0161koti \u2026\" value=\"\" name=\"s\"\/><\/label>\r\n\t<button type=\"submit\" class=\"search-submit\">\r\n    \t<span class=\"screen-reader-text\">Ie\u0161koti<\/span>\r\n        <i class=\"icon-magnifier\"><\/i>\r\n    <\/button>\r\n<\/form>\r\n<\/section>\n<div style=\"height:20px\" aria-hidden=\"true\" class=\"wp-block-spacer\"><\/div>\n<div class=\"columna-papas\">\r\n    <h4 class=\"has-text-align-center\">2013 Metai<\/h4>\r\n    <div style=\"height:20px\" aria-hidden=\"true\" class=\"wp-block-spacer\"><\/div>\r\n    <a href=\"https:\/\/neocatechumenaleiter.org\/palabras-de-los-papas\/francisco\/regina-coeli-por-la-mision-en-las-plazas-de-roma-7-iv-2013\/\"><h6 class=\"has-text-align-left\">\u00abRegina Coeli\u00bb sveikinimas Romos Neokatechumenatin\u0117ms bendruomen\u0117ms esan\u010dioms misijoje aik\u0161t\u0117se 2013-\u0173j\u0173 baland\u017eio 7 d.<\/h6><\/a>\r\n<\/div>\r\n<div class=\"columna-papas\" style=\"background: #f7f7f7;\">\r\n    <h4 class=\"has-text-align-center\">2014 Metai<\/h4>\r\n    <div style=\"height:20px\" aria-hidden=\"true\" class=\"wp-block-spacer\"><\/div>\r\n    <a href=\"https:\/\/neocatechumenaleiter.org\/palabras-de-los-papas\/francisco\/discurso-del-santo-padre-francisco-a-los-representantes-del-camino-neocatecumenal-1-ii-2014\/\"><h6 class=\"has-text-align-left\">Kalba Neokatechumenatinio kelio bendruomen\u0117ms 2014-\u0173j\u0173 vasario 1 d.<\/h6><\/a>\r\n    <hr class=\"wp-block-separator\"\/><a href=\"https:\/\/neocatechumenaleiter.org\/palabras-de-los-papas\/francisco\/regina-coeli-del-papa-francisco-por-la-mision-en-las-plazas-11-v-2014\/\"><h6 class=\"has-text-align-left\">Popie\u017eiaus Pranci\u0161kaus \u00abRegina Coeli\u00bb misijai aik\u0161t\u0117se 2014-\u0173j\u0173 gegu\u017e\u0117s 11 d.<\/h6><\/a>\r\n<\/div>\n<div style=\"height:20px\" aria-hidden=\"true\" class=\"wp-block-spacer\"><\/div>\n<div class=\"columna-papas\">\r\n    <h4 class=\"has-text-align-center\">2015 Metai<\/h4>\r\n    <div style=\"height:20px\" aria-hidden=\"true\" class=\"wp-block-spacer\"><\/div>\r\n    <a href=\"https:\/\/neocatechumenaleiter.org\/palabras-de-los-papas\/francisco\/audiencia-del-envio-de-familias-y-missio-ad-gentes-6-3-2015\/\"><h6 class=\"has-text-align-left\">Audiencija skirta Neokatechumenatiniam keliui 2015-\u0173j\u0173 kovo 6 d.<\/h6><\/a>\r\n<\/div>\r\n<div class=\"columna-papas\" style=\"background: #f7f7f7;\">\r\n    <h4 class=\"has-text-align-center\">2016 Metai<\/h4>\r\n    <div style=\"height:20px\" aria-hidden=\"true\" class=\"wp-block-spacer\"><\/div>\r\n    <a href=\"https:\/\/neocatechumenaleiter.org\/palabras-de-los-papas\/francisco\/discurso-del-santo-padre-francisco-a-los-miembros-del-movimiento-neocatecumenal-18-iii-2016\/\"><h6 class=\"has-text-align-left\">Audiencija skirta Neokatechumenatiniam keliui 2016-\u0173j\u0173 kovo 18 d.<\/h6><\/a>\r\n<\/div>\n<div style=\"height:20px\" aria-hidden=\"true\" class=\"wp-block-spacer\"><\/div>\n<div class=\"columna-papas\">\r\n    <h4 class=\"has-text-align-center\">2017 Metai<\/h4>\r\n    <div style=\"height:20px\" aria-hidden=\"true\" class=\"wp-block-spacer\"><\/div>\r\n    <a href=\"https:\/\/neocatechumenaleiter.org\/lt\/popieziu-kalbos\/pranciskus\/sv-tevo-pranciskaus-pastoralinis-vizitas-romos-sv-petro-damiani-parapijoje-21-v-2017\/\"><h6 class=\"has-text-align-left\">\u0160v. Petro Damiani parapijos aplankymas 2017-\u0173j\u0173 gegu\u017e\u0117s 21 d.<\/h6><\/a>\r\n<\/div>\r\n<div class=\"columna-papas\" style=\"background: #f7f7f7;\">\r\n    <h4 class=\"has-text-align-center\">2018 Metai<\/h4>\r\n    <div style=\"height:20px\" aria-hidden=\"true\" class=\"wp-block-spacer\"><\/div>\r\n    <a href=\"https:\/\/neocatechumenaleiter.org\/lt\/popieziu-kalbos\/pranciskus\/tarptautinis-susitikimas-neokatekumenatinio-kelio-50-mecio-progai-pamineti-sventojo-tevo-pranciskaus-kalba\/\"><h6 class=\"has-text-align-left\">\u0160ventojo T\u0117vo kalba Neokatechumenatinio kelio penkiasde\u0161imtmetyje 2018-\u0173j\u0173 gegu\u017e\u0117s 5 d.<\/h6><\/a>\r\n    <hr class=\"wp-block-separator\"\/><a href=\"https:\/\/neocatechumenaleiter.org\/lt\/popieziu-kalbos\/pranciskus\/popieziaus-pranciskaus-regina-coeli-sekancia-diena-po-tarptautinio-susitikimo-neokatekumenatinio-kelio-50-mecio-metinems-pamineti-2018-v-6\/\"><h6 class=\"has-text-align-left\">\u00abRegina Coeli\u00bb Popie\u017eius Pranci\u0161kus, 2018-\u0173j\u0173 gegu\u017e\u0117s 6 d.<\/h6><\/a>\r\n<\/div>","protected":false},"excerpt":{"rendered":"<p>Pranci\u0161kus Biografija Jorge Mario Bergoglio gim\u0117 1936-\u0173j\u0173 gruod\u017eio 17 dien\u0105 Buenos Airese, Argentinoje. 1969-\u0173j\u0173 gruod\u017eio 13 dien\u0105 arkivyskupas Ram\u00f3n Jos\u00e9 Castellano \u012f\u0161ventino j\u012f kunigu. 1998 metais paskirtas Buenos Aires arkivyskupu, o 2011 metais Jonas Paulius II nominuoja kardinolu. 2002 metais atmeta galimyb\u0119 vadovauti Argentinos vyskup\u0173 konferencijai, bet po trij\u0173 met\u0173 dar kart\u0105 i\u0161rinktas ir patvirtintas. Vadovavo Vyskup\u0173 konferencijai iki 2008 met\u0173. 2005 metais dalyvauja konklavoje, kurioje i\u0161renkamas Benediktas XVI. 2013-\u0173j\u0173<\/p>\n<div class=\"read-more\"><a class=\"btn read-more-btn\" href=\"https:\/\/neocatechumenaleiter.org\/lt\/popieziu-kalbos\/pranciskus\/\">Skaityti vis\u0105<\/a><\/div>\n","protected":false},"author":2,"featured_media":0,"parent":16166,"menu_order":3,"comment_status":"closed","ping_status":"closed","template":"","meta":{"footnotes":""},"class_list":["post-14784","page","type-page","status-publish","hentry"],"_links":{"self":[{"href":"https:\/\/neocatechumenaleiter.org\/lt\/wp-json\/wp\/v2\/pages\/14784","targetHints":{"allow":["GET"]}}],"collection":[{"href":"https:\/\/neocatechumenaleiter.org\/lt\/wp-json\/wp\/v2\/pages"}],"about":[{"href":"https:\/\/neocatechumenaleiter.org\/lt\/wp-json\/wp\/v2\/types\/page"}],"author":[{"embeddable":true,"href":"https:\/\/neocatechumenaleiter.org\/lt\/wp-json\/wp\/v2\/users\/2"}],"replies":[{"embeddable":true,"href":"https:\/\/neocatechumenaleiter.org\/lt\/wp-json\/wp\/v2\/comments?post=14784"}],"version-history":[{"count":9,"href":"https:\/\/neocatechumenaleiter.org\/lt\/wp-json\/wp\/v2\/pages\/14784\/revisions"}],"predecessor-version":[{"id":23933,"href":"https:\/\/neocatechumenaleiter.org\/lt\/wp-json\/wp\/v2\/pages\/14784\/revisions\/23933"}],"up":[{"embeddable":true,"href":"https:\/\/neocatechumenaleiter.org\/lt\/wp-json\/wp\/v2\/pages\/16166"}],"wp:attachment":[{"href":"https:\/\/neocatechumenaleiter.org\/lt\/wp-json\/wp\/v2\/media?parent=14784"}],"curies":[{"name":"wp","href":"https:\/\/api.w.org\/{rel}","templated":true}]}}