{"id":15774,"date":"2020-06-12T19:50:42","date_gmt":"2020-06-12T18:50:42","guid":{"rendered":"https:\/\/neocatechumenaleiter.org\/pastas_ok\/"},"modified":"2020-06-12T19:50:42","modified_gmt":"2020-06-12T18:50:42","slug":"pastas_ok","status":"publish","type":"page","link":"https:\/\/neocatechumenaleiter.org\/lt\/pastas_ok\/","title":{"rendered":"Pa\u0161tas_OK"},"content":{"rendered":"\n<h2 class=\"has-text-align-center wp-block-heading\">J\u016bs\u0173 prane\u0161imas s\u0117kmingai i\u0161si\u0173stas!<\/h2>\n\n<div style=\"height:20px\" aria-hidden=\"true\" class=\"wp-block-spacer\"><\/div>\n\n<h5 class=\"has-text-align-center wp-block-heading\">Esant reikalui atsakysime \u012f j\u016bs\u0173 nurodyt\u0105 el. pa\u0161t\u0105.<\/h5>\n","protected":false},"excerpt":{"rendered":"<p>J\u016bs\u0173 prane\u0161imas s\u0117kmingai i\u0161si\u0173stas! Esant reikalui atsakysime \u012f j\u016bs\u0173 nurodyt\u0105 el. pa\u0161t\u0105.<\/p>\n","protected":false},"author":2,"featured_media":0,"parent":0,"menu_order":0,"comment_status":"closed","ping_status":"closed","template":"","meta":{"footnotes":""},"class_list":["post-15774","page","type-page","status-publish","hentry"],"_links":{"self":[{"href":"https:\/\/neocatechumenaleiter.org\/lt\/wp-json\/wp\/v2\/pages\/15774","targetHints":{"allow":["GET"]}}],"collection":[{"href":"https:\/\/neocatechumenaleiter.org\/lt\/wp-json\/wp\/v2\/pages"}],"about":[{"href":"https:\/\/neocatechumenaleiter.org\/lt\/wp-json\/wp\/v2\/types\/page"}],"author":[{"embeddable":true,"href":"https:\/\/neocatechumenaleiter.org\/lt\/wp-json\/wp\/v2\/users\/2"}],"replies":[{"embeddable":true,"href":"https:\/\/neocatechumenaleiter.org\/lt\/wp-json\/wp\/v2\/comments?post=15774"}],"version-history":[{"count":1,"href":"https:\/\/neocatechumenaleiter.org\/lt\/wp-json\/wp\/v2\/pages\/15774\/revisions"}],"predecessor-version":[{"id":15775,"href":"https:\/\/neocatechumenaleiter.org\/lt\/wp-json\/wp\/v2\/pages\/15774\/revisions\/15775"}],"wp:attachment":[{"href":"https:\/\/neocatechumenaleiter.org\/lt\/wp-json\/wp\/v2\/media?parent=15774"}],"curies":[{"name":"wp","href":"https:\/\/api.w.org\/{rel}","templated":true}]}}