{"id":15776,"date":"2020-06-12T19:57:01","date_gmt":"2020-06-12T18:57:01","guid":{"rendered":"https:\/\/neocatechumenaleiter.org\/pasto_klaida\/"},"modified":"2020-06-12T19:57:01","modified_gmt":"2020-06-12T18:57:01","slug":"pasto_klaida","status":"publish","type":"page","link":"https:\/\/neocatechumenaleiter.org\/lt\/pasto_klaida\/","title":{"rendered":"Pa\u0161to_klaida"},"content":{"rendered":"\n<h2 class=\"has-text-align-center wp-block-heading\">\u012evyko nenumatyta klaida.<\/h2>\n\n<div style=\"height:20px\" aria-hidden=\"true\" class=\"wp-block-spacer\"><\/div>\n\n<h5 class=\"has-text-align-center wp-block-heading\">Gr\u012f\u017ekite atgal ir pam\u0117ginkite i\u0161si\u0173sti po keli\u0173 minu\u010di\u0173.<\/h5>\n","protected":false},"excerpt":{"rendered":"<p>\u012evyko nenumatyta klaida. Gr\u012f\u017ekite atgal ir pam\u0117ginkite i\u0161si\u0173sti po keli\u0173 minu\u010di\u0173.<\/p>\n","protected":false},"author":2,"featured_media":0,"parent":0,"menu_order":0,"comment_status":"closed","ping_status":"closed","template":"","meta":{"footnotes":""},"class_list":["post-15776","page","type-page","status-publish","hentry"],"_links":{"self":[{"href":"https:\/\/neocatechumenaleiter.org\/lt\/wp-json\/wp\/v2\/pages\/15776","targetHints":{"allow":["GET"]}}],"collection":[{"href":"https:\/\/neocatechumenaleiter.org\/lt\/wp-json\/wp\/v2\/pages"}],"about":[{"href":"https:\/\/neocatechumenaleiter.org\/lt\/wp-json\/wp\/v2\/types\/page"}],"author":[{"embeddable":true,"href":"https:\/\/neocatechumenaleiter.org\/lt\/wp-json\/wp\/v2\/users\/2"}],"replies":[{"embeddable":true,"href":"https:\/\/neocatechumenaleiter.org\/lt\/wp-json\/wp\/v2\/comments?post=15776"}],"version-history":[{"count":1,"href":"https:\/\/neocatechumenaleiter.org\/lt\/wp-json\/wp\/v2\/pages\/15776\/revisions"}],"predecessor-version":[{"id":15777,"href":"https:\/\/neocatechumenaleiter.org\/lt\/wp-json\/wp\/v2\/pages\/15776\/revisions\/15777"}],"wp:attachment":[{"href":"https:\/\/neocatechumenaleiter.org\/lt\/wp-json\/wp\/v2\/media?parent=15776"}],"curies":[{"name":"wp","href":"https:\/\/api.w.org\/{rel}","templated":true}]}}