{"id":15778,"date":"2020-02-25T03:18:03","date_gmt":"2020-02-25T02:18:03","guid":{"rendered":"https:\/\/neocatechumenaleiter.org\/istorija\/mario-pezzi\/"},"modified":"2021-08-10T10:56:29","modified_gmt":"2021-08-10T09:56:29","slug":"mario-pezzi","status":"publish","type":"page","link":"https:\/\/neocatechumenaleiter.org\/lt\/istorija\/mario-pezzi\/","title":{"rendered":"Mario Pezzi"},"content":{"rendered":"\n<h1 class=\"wp-block-heading\"><p><strong>Mario Pezzi<\/strong><\/p><\/h1>\n\n<div class=\"wp-block-image is-style-circle-mask\"><figure class=\"alignleft size-medium\"><img loading=\"lazy\" decoding=\"async\" width=\"245\" height=\"300\" src=\"https:\/\/neocatechumenaleiter.org\/wp-content\/uploads\/2020\/02\/Camino_Neocatecumenal_Mario_Pezzi-245x300.jpg\" alt=\"Mario Pezzi\" class=\"wp-image-230\" srcset=\"https:\/\/neocatechumenaleiter.org\/wp-content\/uploads\/2020\/02\/Camino_Neocatecumenal_Mario_Pezzi-245x300.jpg 245w, https:\/\/neocatechumenaleiter.org\/wp-content\/uploads\/2020\/02\/Camino_Neocatecumenal_Mario_Pezzi-837x1024.jpg 837w, https:\/\/neocatechumenaleiter.org\/wp-content\/uploads\/2020\/02\/Camino_Neocatecumenal_Mario_Pezzi-768x940.jpg 768w, https:\/\/neocatechumenaleiter.org\/wp-content\/uploads\/2020\/02\/Camino_Neocatecumenal_Mario_Pezzi.jpg 994w\" sizes=\"auto, (max-width: 245px) 100vw, 245px\" \/><\/figure><\/div>\n\n<p>Mario Pezzi gim\u0117 Gotolengo miestelyje (Brescia, Italija) 1942-\u0173j\u0173 rugs\u0117jo 19 dien\u0105. Jis tre\u010diasis bus penki\u0173 vaik\u0173. \u012estojo Kambonjan\u0173 misionieri\u0173 seminarij\u0105 b\u016bdamas vos 10-ties. Po noviciato i\u0161si\u0173stas mokytis \u012f Rom\u0105 \u012f tarptautin\u0119 mokykl\u0105, o Popie\u017ei\u0161kojoje Urbaniana universitete mokosi teologijos. 1969-\u0173j\u0173 kovo 19 \u012f\u0161ventintas kunigu ir pradeda Dogmati\u0161kos teologijos doktorant\u016bros mokslus Popie\u017ei\u0161kojoje Gregoriana universitete, pas profesori\u0173 t\u0117v\u0105 Zoltan Alszeghy.  <\/p>\n\n<p>Tais pa\u010diais metais susipa\u017e\u012fsta su Neokatechumenatinio kelio iniciatoriais Kiko ir Carmen ir i\u0161klauso katechezes Romos J\u0117zaus Kristaus gimimo parapijoje. 1970-\u0173j\u0173 saus\u012f dar kart\u0105 i\u0161klaus\u0117 katechezes \u0160v. Dievo Jono parapijoje, kurioje ir ved\u0117 sielovad\u0105, ir tapo tos parapijos pirmosios neokatechumenatin\u0117s bendruomen\u0117s nariu. Matydamas Kelyje vilt\u012f katechumenatui atverti Afrikos misijose ypa\u010d po tragi\u0161k\u0173 kruvin\u0173 patir\u010di\u0173 tarp Burund\u017eio krik\u0161\u010dioni\u0173, Mario gavo leidim\u0105 i\u0161 savo Vyresni\u0173j\u0173 keliauti kaip Kelio keliaujantis katechistas su perspektyva misijai Afrikoje. 1970-\u0173j\u0173 rugs\u0117j\u012f nutraukia doktorant\u016bros studijas ir yra Kiko ir Carmen siun\u010diamas atverti Keli\u0105 dviejose vyskupijose (Brescia it Milanas). O 1971-\u0173j\u0173 saus\u012f \u0160v. Leono parapijoje, Katanijoje.<\/p>\n\n<p>1971 met\u0173 bir\u017eelio m\u0117nes\u012f Kiko ir Carmen pakvie\u010dia j\u012f, kad pakeist\u0173 kun. Francesco Cuppini- kunigas lyd\u0117j\u0119s nuo 1968 met\u0173 ir tokiu b\u016bdu formav\u0119s j\u0173 ekip\u0105 tada, kai buvo evangelizuojama Italija, ypatingai Rom\u0105.<\/p>\n\n<p>No 1982 met\u0173 pakviestas tapti Neokatechumenatinio kelio atsaking\u0173j\u0173 ekipos dalimi kartu su Kiko ir Carmen. Jis tokiu b\u016bdu iki \u0161iandienos lydi juos susitikimuose su popie\u017eiumi, santykiuose su \u0160ventuoju Sostu ir vyskupais, etapuose, pasaulin\u0117se keliaujan\u010di\u0173 katechist\u0173 konvencijose, kelion\u0117se bei tarptautiniuose susitikimuose. 1992 metais naujoji Kombonie\u010di\u0173 vald\u017eia pakviet\u0117 j\u012f i\u0161 naujo prisijungti Romos vyskupijoje. Palik\u0119s institucij\u0105 kardinolas monsinjoras Camille Ruini pri\u0117m\u0117 j\u012f kaip prezbiter\u012f keliaujant\u012f katechist\u0105.<\/p>\n\n<p>2002 metais patvirtinus Statutus ad experimentum, o jau 2008 metais galutinai, \u0160ventasis Sostas paskyr\u0117 j\u012f Tarptautin\u0117s ekipos kunigu kartu su Kiko ir Carmen (prie\u0161 savo mirt\u012f).<\/p>\n","protected":false},"excerpt":{"rendered":"<p>Mario Pezzi Mario Pezzi gim\u0117 Gotolengo miestelyje (Brescia, Italija) 1942-\u0173j\u0173 rugs\u0117jo 19 dien\u0105. Jis tre\u010diasis bus penki\u0173 vaik\u0173. \u012estojo Kambonjan\u0173 misionieri\u0173 seminarij\u0105 b\u016bdamas vos 10-ties. Po noviciato i\u0161si\u0173stas mokytis \u012f Rom\u0105 \u012f tarptautin\u0119 mokykl\u0105, o Popie\u017ei\u0161kojoje Urbaniana universitete mokosi teologijos. 1969-\u0173j\u0173 kovo 19 \u012f\u0161ventintas kunigu ir pradeda Dogmati\u0161kos teologijos doktorant\u016bros mokslus Popie\u017ei\u0161kojoje Gregoriana universitete, pas profesori\u0173 t\u0117v\u0105 Zoltan Alszeghy. Tais pa\u010diais metais susipa\u017e\u012fsta su Neokatechumenatinio kelio iniciatoriais Kiko ir Carmen<\/p>\n<div class=\"read-more\"><a class=\"btn read-more-btn\" href=\"https:\/\/neocatechumenaleiter.org\/lt\/istorija\/mario-pezzi\/\">Skaityti vis\u0105<\/a><\/div>\n","protected":false},"author":2,"featured_media":0,"parent":14176,"menu_order":0,"comment_status":"closed","ping_status":"closed","template":"","meta":{"footnotes":""},"class_list":["post-15778","page","type-page","status-publish","hentry"],"_links":{"self":[{"href":"https:\/\/neocatechumenaleiter.org\/lt\/wp-json\/wp\/v2\/pages\/15778","targetHints":{"allow":["GET"]}}],"collection":[{"href":"https:\/\/neocatechumenaleiter.org\/lt\/wp-json\/wp\/v2\/pages"}],"about":[{"href":"https:\/\/neocatechumenaleiter.org\/lt\/wp-json\/wp\/v2\/types\/page"}],"author":[{"embeddable":true,"href":"https:\/\/neocatechumenaleiter.org\/lt\/wp-json\/wp\/v2\/users\/2"}],"replies":[{"embeddable":true,"href":"https:\/\/neocatechumenaleiter.org\/lt\/wp-json\/wp\/v2\/comments?post=15778"}],"version-history":[{"count":2,"href":"https:\/\/neocatechumenaleiter.org\/lt\/wp-json\/wp\/v2\/pages\/15778\/revisions"}],"predecessor-version":[{"id":23781,"href":"https:\/\/neocatechumenaleiter.org\/lt\/wp-json\/wp\/v2\/pages\/15778\/revisions\/23781"}],"up":[{"embeddable":true,"href":"https:\/\/neocatechumenaleiter.org\/lt\/wp-json\/wp\/v2\/pages\/14176"}],"wp:attachment":[{"href":"https:\/\/neocatechumenaleiter.org\/lt\/wp-json\/wp\/v2\/media?parent=15778"}],"curies":[{"name":"wp","href":"https:\/\/api.w.org\/{rel}","templated":true}]}}