{"id":15985,"date":"2020-02-25T03:16:52","date_gmt":"2020-02-25T02:16:52","guid":{"rendered":"https:\/\/neocatechumenaleiter.org\/istorija\/carmen-hernandez\/"},"modified":"2021-08-10T10:56:23","modified_gmt":"2021-08-10T09:56:23","slug":"carmen-hernandez","status":"publish","type":"page","link":"https:\/\/neocatechumenaleiter.org\/lt\/istorija\/carmen-hernandez\/","title":{"rendered":"Carmen Hern\u00e1ndez"},"content":{"rendered":"\n<h1 class=\"wp-block-heading\"><strong>Carmen Hern\u00e1ndez<\/strong><\/h1>\n\n<div class=\"wp-block-image is-style-default\"><figure class=\"alignleft size-medium\"><img loading=\"lazy\" decoding=\"async\" width=\"245\" height=\"300\" src=\"https:\/\/neocatechumenaleiter.org\/wp-content\/uploads\/2020\/02\/Camino_Neocatecumenal_Carmen_Hernandez_psg-245x300.jpg\" alt=\"Carmen Hern&#xE1;ndez\" class=\"wp-image-225\" srcset=\"https:\/\/neocatechumenaleiter.org\/wp-content\/uploads\/2020\/02\/Camino_Neocatecumenal_Carmen_Hernandez_psg-245x300.jpg 245w, https:\/\/neocatechumenaleiter.org\/wp-content\/uploads\/2020\/02\/Camino_Neocatecumenal_Carmen_Hernandez_psg.jpg 327w\" sizes=\"auto, (max-width: 245px) 100vw, 245px\" \/><\/figure><\/div>\n\n<h4 class=\"wp-block-heading\">1930 met\u0173 lapkri\u010dio 24 d.; \u2020 Madride, 2016 met\u0173 bir\u017eelio 16 d..<\/h4>\n\n<p>Carmen kartu su Kiko ir Kelio iniciator\u0117. Ji yra gimusi Olvegoje (Soria, Ispanija) 1930-\u0173j\u0173 lapkri\u010dio 24 d. Ji yra penktoji i\u0161 devyni\u0173 vaik\u0173 \u0161eimos: 4  vyrai ir 5 moterys. Vaikyst\u0119 leido Tudeloje (Navarra, Ispanija).<\/p>\n\n<p>Tudeloje mokosi Marijos Draugijoje ir palaiko glaud\u017eius santykius su J\u0117zaus Draugija (j\u0117zuitai). J\u0173 \u012ftakota jau\u010dia \u0161v. Pranci\u0161kaus Ksavero misijin\u0119 dvasi\u0105 ir jau nuo pat jaunyst\u0117s jau\u010dia pa\u0161aukim\u0105 keliauti \u012f Indij\u0105. T\u0117vo valia 1948-aisiais pradeda mokytis Chemijos Madride, o 1954-aisiais baigia auk\u0161\u010diausiais balais.<\/p>\n\n<p>Durante un tiempo trabaja con su padre en la  industria alimentaria en una f\u00e1brica que la familia ten\u00eda en And\u00fajar  (Ja\u00e9n), pero decide dejarlo para trasladarse a Javier, donde entra a  formar parte de un nuevo instituto misionero: las Misioneras de Cristo  Jes\u00fas. Despu\u00e9s del noviciado, estudi\u00f3 Teolog\u00eda en la casa de formaci\u00f3n  teol\u00f3gica para religiosos en Valencia. En 1960 fue destinada a la India.  Para esta misi\u00f3n tuvo que prepararse en Londres (en aquel entonces el  pa\u00eds asi\u00e1tico pertenec\u00eda a la Commonwealth), donde permaneci\u00f3 un a\u00f1o. En  ese tiempo, se dio un cambio de direcci\u00f3n en las Misioneras de Cristo  Jes\u00fas que limitaba su apertura a la misi\u00f3n, por lo que Carmen regresa de  Londres a Barcelona. All\u00ed conoce al padre Pedro Farn\u00e9s Scherer que acababa de cursar sus estudios en el Instituto de Liturgia de Par\u00eds, poco antes del Concilio Vaticano Il y que despu\u00e9s de \u00e9l particip\u00f3 activamente en el Consilium para su actuaci\u00f3n.<\/p>\n\n<p>Paskaitose t\u0117vas Farnes pristatydavo paschalinius (velykinius) Eucharistijos \u0161altinius ir atnaujint\u0105 ekleziologij\u0105, kuri vaizduodavo Ba\u017eny\u010di\u0105 kaip \u0161vies\u0105 tautoms. \u0160is gyvas santykis su II Vatikano atnaujinimo autoriais v\u0117liau tur\u0117s didel\u0119 \u012ftak\u0105 formuojant Neokatechumenatinio kelio katechezes.<\/p>\n\n<p>Nuo 1963 iki 1964 met\u0173 su Biblija rankoje apkeliauja \u0161vent\u0105sias vietas susipa\u017eindama su tomis vietomis. Gr\u012f\u017eusi \u012f Madrid\u0105 pradeda dirbti Madrido periferijos l\u016b\u0161nynuose su mintimi vykti \u012f misijas \u012f Bolivij\u0105 kartu sukitais pasaulie\u010diais. Ten susipa\u017e\u012fsta su  Kiko Arg\u00fcello, kuris tuo metu gyveno Palomeras Altas barakuose, ir nulemia pasilikti toje pa\u010dioje vietoje. Tarp varg\u0161\u0173 abu suvokia Pashos sl\u0117pinio ir Kerigmos (Kristaus mirties ir prisik\u0117limo) paskelbimo j\u0117g\u0105 ir mato kaip gimsta pati pirmoji bendruomen\u0117. Prie viso \u0161ito prisid\u0117jo Madrido arkivyskupo palaikymas. Jis pritar\u0117 \u0161ios naujos realyb\u0117s gyvavimui. Carmen kartu su Kiko ne\u0161\u0117 \u0161\u012f Ba\u017eny\u010dios atnaujinimo darb\u0105 \u012f Madrido parapijas, v\u0117liau \u012f Romos, o galiausiai ir \u012f kitus miestus bei tautas.<\/p>\n\n<p>Carmen Hern\u00e1ndez mir\u0161ta 2016-\u0173j\u0173 liepos 19 dien\u0105 Madride. Jos laidotuv\u0117se dalyvavo t\u016bkstan\u010diai \u017emoni\u0173 bei Mi\u0161ioms vadovavo kardinolas monsinjoras Carlos Osoro Sierra. T\u0117vas Mario Pezzi pabr\u0117\u017e\u0117, kad Kelyje \u201epirm\u0105 kart\u0105 istorijoje, kai vyras ir moteris ba\u017eny\u010dioje \u012fsteigia ka\u017ek\u0105, pastoviai bendradarbiaudami daugiau nei 50 met\u0173&#8221;. Popie\u017eius taip pat atsiunt\u0117 \u017einut\u0119, kuriame tvirtino \u201esu jauduliu&#8221; gav\u0119s Carmen mirties \u017eini\u0105 ir pabr\u0117\u017e\u0117, kad joje yra \u201eilga patirtis pa\u017eym\u0117ta jos didel\u0117s meil\u0117s J\u0117zui ir didelio misijinio entuziazmo&#8221;. \u201eD\u0117koju Vie\u0161pa\u010diui u\u017e \u0161ios moters liudijim\u0105 vedama tikros meil\u0117s Ba\u017eny\u010diai, kuri vis\u0105 savo gyvenim\u0105 paskyr\u0117 Gerosios Naujienos skelbimui bet kuriame kra\u0161te, taip pat ir labiausiai nutolusiuose. Niekada nepamir\u0161dama labiausiai atstumt\u0173j\u0173&#8221;,- para\u0161\u0117 Popie\u017eius Pranci\u0161kus.<\/p>\n","protected":false},"excerpt":{"rendered":"<p>Carmen Hern\u00e1ndez 1930 met\u0173 lapkri\u010dio 24 d.; \u2020 Madride, 2016 met\u0173 bir\u017eelio 16 d.. Carmen kartu su Kiko ir Kelio iniciator\u0117. Ji yra gimusi Olvegoje (Soria, Ispanija) 1930-\u0173j\u0173 lapkri\u010dio 24 d. Ji yra penktoji i\u0161 devyni\u0173 vaik\u0173 \u0161eimos: 4 vyrai ir 5 moterys. Vaikyst\u0119 leido Tudeloje (Navarra, Ispanija). Tudeloje mokosi Marijos Draugijoje ir palaiko glaud\u017eius santykius su J\u0117zaus Draugija (j\u0117zuitai). J\u0173 \u012ftakota jau\u010dia \u0161v. Pranci\u0161kaus Ksavero misijin\u0119 dvasi\u0105 ir jau<\/p>\n<div class=\"read-more\"><a class=\"btn read-more-btn\" href=\"https:\/\/neocatechumenaleiter.org\/lt\/istorija\/carmen-hernandez\/\">Skaityti vis\u0105<\/a><\/div>\n","protected":false},"author":2,"featured_media":0,"parent":14176,"menu_order":0,"comment_status":"closed","ping_status":"closed","template":"","meta":{"footnotes":""},"class_list":["post-15985","page","type-page","status-publish","hentry"],"_links":{"self":[{"href":"https:\/\/neocatechumenaleiter.org\/lt\/wp-json\/wp\/v2\/pages\/15985","targetHints":{"allow":["GET"]}}],"collection":[{"href":"https:\/\/neocatechumenaleiter.org\/lt\/wp-json\/wp\/v2\/pages"}],"about":[{"href":"https:\/\/neocatechumenaleiter.org\/lt\/wp-json\/wp\/v2\/types\/page"}],"author":[{"embeddable":true,"href":"https:\/\/neocatechumenaleiter.org\/lt\/wp-json\/wp\/v2\/users\/2"}],"replies":[{"embeddable":true,"href":"https:\/\/neocatechumenaleiter.org\/lt\/wp-json\/wp\/v2\/comments?post=15985"}],"version-history":[{"count":13,"href":"https:\/\/neocatechumenaleiter.org\/lt\/wp-json\/wp\/v2\/pages\/15985\/revisions"}],"predecessor-version":[{"id":23767,"href":"https:\/\/neocatechumenaleiter.org\/lt\/wp-json\/wp\/v2\/pages\/15985\/revisions\/23767"}],"up":[{"embeddable":true,"href":"https:\/\/neocatechumenaleiter.org\/lt\/wp-json\/wp\/v2\/pages\/14176"}],"wp:attachment":[{"href":"https:\/\/neocatechumenaleiter.org\/lt\/wp-json\/wp\/v2\/media?parent=15985"}],"curies":[{"name":"wp","href":"https:\/\/api.w.org\/{rel}","templated":true}]}}