{"id":16166,"date":"2020-02-27T23:27:17","date_gmt":"2020-02-27T22:27:17","guid":{"rendered":"https:\/\/neocatechumenaleiter.org\/popieziu-kalbos\/"},"modified":"2021-08-10T10:58:46","modified_gmt":"2021-08-10T09:58:46","slug":"popieziu-kalbos","status":"publish","type":"page","link":"https:\/\/neocatechumenaleiter.org\/lt\/popieziu-kalbos\/","title":{"rendered":"Popie\u017ei\u0173 kalbos"},"content":{"rendered":"\n<h1 class=\"has-text-align-center wp-block-heading\">Popie\u017ei\u0173 kalbos<\/h1>\n\n<h4 class=\"has-text-align-center wp-block-heading\">Neokatechumenatinis kelias Popie\u017ei\u0173 \u017eod\u017eiuose: kalbos, audiencijos, apa\u0161taliniai paraginimai, patvirtinimai&#8230;<\/h4>\n\n<div style=\"height:20px\" aria-hidden=\"true\" class=\"wp-block-spacer\"><\/div>\n\n<p>\u0160v. Paulius VI (1976-\u0173j\u0173 rugpj\u016b\u010dio 4 d.): \u201eM\u016bs\u0173 laikams reikia i\u0161 naujo imtis statyti Ba\u017eny\u010di\u0105. Tai tarsi psichologi\u0161kai ir pastorali\u0161kai prad\u0117t\u0173 i\u0161 naujo, galima sakyti- reikia, kad atgaivintusi.&#8221;<\/p>\n\n<p>Pirmieji apa\u0161talai, ma\u017eose evangelizacin\u0117se grup\u0117se \u0117jo i\u0161 vienos sinagogos \u012f kit\u0105 skelbdami Ger\u0105j\u0105 naujien\u0105: Dievas prik\u0117l\u0117 savo tarn\u0105 J\u0117z\u0173- kurio mes i\u0161sigyn\u0117me pra\u0161ydami i\u0161laisvinti \u017eudik\u0105. Jis mir\u0117 nesiprie\u0161indamas blogiui, myl\u0117damas savo prie\u0161us ir jiems atleisdamas (\u201eatleisk jiems, nes jie ne\u017eino, k\u0105 daro&#8221;). Tas, kuris aukojo savo kan\u010dias ant kry\u017eiaus, parod\u0117, kad jo meil\u0117 daug didesn\u0117 u\u017e mirt\u012f ir jis nenustojo n\u0117 akimirkai myl\u0117ti savo piktadari\u0173, nors ir siek\u0117 atimti i\u0161 jo gyvyb\u0119. Dievas j\u012f prik\u0117l\u0117 i\u0161 mirties ir \u0161iandien jis gyvas tam,kad atleist\u0173 \u0161\u012f bei bet kur\u012f kit\u0105 nusikaltim\u0105. (Kiko Arg\u00fcello)<\/p>\n<figure class=\"wp-block-gallery columns-4 is-cropped\"><ul class=\"blocks-gallery-grid\"><li class=\"blocks-gallery-item\">\r\n        \t<figure><a href=\"https:\/\/neocatechumenaleiter.org\/lt\/popieziu-kalbos\/sv-paulius-vi\/\"><img loading=\"lazy\" decoding=\"async\" width=\"500\" height=\"600\" src=\"https:\/\/neocatechumenaleiter.org\/wp-content\/uploads\/2020\/02\/Camino_Neocatecumenal_S_Pablo_VI.jpg\" alt=\"\" data-id=\"891\" data-full-url=\"https:\/\/neocatechumenaleiter.org\/wp-content\/uploads\/2020\/02\/Camino_Neocatecumenal_S_Pablo_VI.jpg\" data-link=\"https:\/\/neocatechumenaleiter.org\/lt\/popieziu-kalbos\/sv-paulius-vi\/\" class=\"wp-image-12067\" srcset=\"https:\/\/neocatechumenaleiter.org\/wp-content\/uploads\/2020\/02\/Camino_Neocatecumenal_S_Pablo_VI.jpg 500w, https:\/\/neocatechumenaleiter.org\/wp-content\/uploads\/2020\/02\/Camino_Neocatecumenal_S_Pablo_VI-250x300.jpg 250w\" sizes=\"auto, (max-width: 500px) 100vw, 500px\" \/><figcaption class=\"blocks-gallery-item__caption\">\u0160v. Paulius VI<\/figcaption><\/a>\r\n            <\/figure><\/li>\r\n        <li class=\"blocks-gallery-item\">\r\n        \t<figure><a href=\"https:\/\/neocatechumenaleiter.org\/lt\/popieziu-kalbos\/sv-jonas-paulius-ii\/\"><img loading=\"lazy\" decoding=\"async\" width=\"500\" height=\"600\" src=\"https:\/\/neocatechumenaleiter.org\/wp-content\/uploads\/2020\/02\/Camino_Neocatecumenal_S_Juan_Pablo_II.jpg\" alt=\"\" data-id=\"885\" data-full-url=\"https:\/\/neocatechumenaleiter.org\/wp-content\/uploads\/2020\/02\/Camino_Neocatecumenal_S_Juan_Pablo_II.jpg\" data-link=\"https:\/\/neocatechumenaleiter.org\/lt\/popieziu-kalbos\/sv-jonas-paulius-ii\/\" class=\"wp-image-12050\" srcset=\"https:\/\/neocatechumenaleiter.org\/wp-content\/uploads\/2020\/02\/Camino_Neocatecumenal_S_Juan_Pablo_II.jpg 500w, https:\/\/neocatechumenaleiter.org\/wp-content\/uploads\/2020\/02\/Camino_Neocatecumenal_S_Juan_Pablo_II-250x300.jpg 250w\" sizes=\"auto, (max-width: 500px) 100vw, 500px\" \/><figcaption class=\"blocks-gallery-item__caption\">\u0160v. Jonas Paulius II<\/figcaption><\/a>\r\n            <\/figure><\/li>\r\n        <li class=\"blocks-gallery-item\">\r\n        \t<figure><a href=\"https:\/\/neocatechumenaleiter.org\/lt\/popieziu-kalbos\/benediktas-xvi\/\"><img loading=\"lazy\" decoding=\"async\" width=\"500\" height=\"600\" src=\"https:\/\/neocatechumenaleiter.org\/wp-content\/uploads\/2020\/02\/Camino_Neocatecumenal_Papa_Benedicto_XVI.jpg\" alt=\"\" data-id=\"873\" data-full-url=\"https:\/\/neocatechumenaleiter.org\/wp-content\/uploads\/2020\/02\/Camino_Neocatecumenal_Papa_Benedicto_XVI.jpg\" data-link=\"https:\/\/neocatechumenaleiter.org\/lt\/popieziu-kalbos\/benediktas-xvi\/\" class=\"wp-image-12059\" srcset=\"https:\/\/neocatechumenaleiter.org\/wp-content\/uploads\/2020\/02\/Camino_Neocatecumenal_Papa_Benedicto_XVI.jpg 500w, https:\/\/neocatechumenaleiter.org\/wp-content\/uploads\/2020\/02\/Camino_Neocatecumenal_Papa_Benedicto_XVI-250x300.jpg 250w\" sizes=\"auto, (max-width: 500px) 100vw, 500px\" \/><figcaption class=\"blocks-gallery-item__caption\">Benediktas XVI<\/figcaption><\/a>\r\n            <\/figure><\/li>\r\n        <li class=\"blocks-gallery-item\">\r\n        \t<figure><a href=\"https:\/\/neocatechumenaleiter.org\/lt\/popieziu-kalbos\/pranciskus\/\"><img loading=\"lazy\" decoding=\"async\" width=\"500\" height=\"600\" src=\"https:\/\/neocatechumenaleiter.org\/wp-content\/uploads\/2020\/02\/Camino_Neocatecumenal_Papa_Francisco.jpg\" alt=\"\" data-id=\"879\" data-full-url=\"https:\/\/neocatechumenaleiter.org\/wp-content\/uploads\/2020\/02\/Camino_Neocatecumenal_Papa_Francisco.jpg\" data-link=\"https:\/\/neocatechumenaleiter.org\/lt\/popieziu-kalbos\/pranciskus\/\" class=\"wp-image-12063\" srcset=\"https:\/\/neocatechumenaleiter.org\/wp-content\/uploads\/2020\/02\/Camino_Neocatecumenal_Papa_Francisco.jpg 500w, https:\/\/neocatechumenaleiter.org\/wp-content\/uploads\/2020\/02\/Camino_Neocatecumenal_Papa_Francisco-250x300.jpg 250w\" sizes=\"auto, (max-width: 500px) 100vw, 500px\" \/><figcaption class=\"blocks-gallery-item__caption\">Pranci\u0161kus<\/figcaption><\/a>\r\n            <\/figure><\/li>\r\n    <\/ul><\/figure>","protected":false},"excerpt":{"rendered":"<p>Popie\u017ei\u0173 kalbos Neokatechumenatinis kelias Popie\u017ei\u0173 \u017eod\u017eiuose: kalbos, audiencijos, apa\u0161taliniai paraginimai, patvirtinimai&#8230; \u0160v. Paulius VI (1976-\u0173j\u0173 rugpj\u016b\u010dio 4 d.): \u201eM\u016bs\u0173 laikams reikia i\u0161 naujo imtis statyti Ba\u017eny\u010di\u0105. Tai tarsi psichologi\u0161kai ir pastorali\u0161kai prad\u0117t\u0173 i\u0161 naujo, galima sakyti- reikia, kad atgaivintusi.&#8221; Pirmieji apa\u0161talai, ma\u017eose evangelizacin\u0117se grup\u0117se \u0117jo i\u0161 vienos sinagogos \u012f kit\u0105 skelbdami Ger\u0105j\u0105 naujien\u0105: Dievas prik\u0117l\u0117 savo tarn\u0105 J\u0117z\u0173- kurio mes i\u0161sigyn\u0117me pra\u0161ydami i\u0161laisvinti \u017eudik\u0105. Jis mir\u0117 nesiprie\u0161indamas blogiui, myl\u0117damas savo<\/p>\n<div class=\"read-more\"><a class=\"btn read-more-btn\" href=\"https:\/\/neocatechumenaleiter.org\/lt\/popieziu-kalbos\/\">Skaityti vis\u0105<\/a><\/div>\n","protected":false},"author":2,"featured_media":0,"parent":0,"menu_order":0,"comment_status":"closed","ping_status":"closed","template":"","meta":{"footnotes":""},"class_list":["post-16166","page","type-page","status-publish","hentry"],"_links":{"self":[{"href":"https:\/\/neocatechumenaleiter.org\/lt\/wp-json\/wp\/v2\/pages\/16166","targetHints":{"allow":["GET"]}}],"collection":[{"href":"https:\/\/neocatechumenaleiter.org\/lt\/wp-json\/wp\/v2\/pages"}],"about":[{"href":"https:\/\/neocatechumenaleiter.org\/lt\/wp-json\/wp\/v2\/types\/page"}],"author":[{"embeddable":true,"href":"https:\/\/neocatechumenaleiter.org\/lt\/wp-json\/wp\/v2\/users\/2"}],"replies":[{"embeddable":true,"href":"https:\/\/neocatechumenaleiter.org\/lt\/wp-json\/wp\/v2\/comments?post=16166"}],"version-history":[{"count":7,"href":"https:\/\/neocatechumenaleiter.org\/lt\/wp-json\/wp\/v2\/pages\/16166\/revisions"}],"predecessor-version":[{"id":23905,"href":"https:\/\/neocatechumenaleiter.org\/lt\/wp-json\/wp\/v2\/pages\/16166\/revisions\/23905"}],"wp:attachment":[{"href":"https:\/\/neocatechumenaleiter.org\/lt\/wp-json\/wp\/v2\/media?parent=16166"}],"curies":[{"name":"wp","href":"https:\/\/api.w.org\/{rel}","templated":true}]}}