{"id":19016,"date":"2020-11-07T13:41:46","date_gmt":"2020-11-07T12:41:46","guid":{"rendered":"https:\/\/neocatechumenaleiter.org\/popieziu-kalbos\/pranciskus\/popieziaus-pranciskaus-regina-coeli-sekancia-diena-po-tarptautinio-susitikimo-neokatekumenatinio-kelio-50-mecio-metinems-pamineti-2018-v-6\/"},"modified":"2020-11-07T13:41:46","modified_gmt":"2020-11-07T12:41:46","slug":"popieziaus-pranciskaus-regina-coeli-sekancia-diena-po-tarptautinio-susitikimo-neokatekumenatinio-kelio-50-mecio-metinems-pamineti-2018-v-6","status":"publish","type":"page","link":"https:\/\/neocatechumenaleiter.org\/lt\/popieziu-kalbos\/pranciskus\/popieziaus-pranciskaus-regina-coeli-sekancia-diena-po-tarptautinio-susitikimo-neokatekumenatinio-kelio-50-mecio-metinems-pamineti-2018-v-6\/","title":{"rendered":"Popie\u017eiaus Pranci\u0161kaus \u201eRegina Coeli\u201c sekan\u010di\u0105 dien\u0105 po tarptautinio susitikimo Neokatekumenatinio kelio 50-me\u010dio metin\u0117ms pamin\u0117ti, 2018-V-6"},"content":{"rendered":"\n<h1 class=\"has-text-align-center wp-block-heading\">Popie\u017eiaus Pranci\u0161kaus \u201eRegina Coeli\u201c sekan\u010di\u0105 dien\u0105 po tarptautinio susitikimo Neokatekumenatinio kelio 50-me\u010dio metin\u0117ms pamin\u0117ti, 2018-V-6<\/h1>\n\n<div style=\"height:20px\" aria-hidden=\"true\" class=\"wp-block-spacer\"><\/div>\n\n<h4 class=\"has-text-align-center wp-block-heading\">Pranci\u0161kus<\/h4>\n\n<div style=\"height:20px\" aria-hidden=\"true\" class=\"wp-block-spacer\"><\/div>\n\n<p><p><em><strong>\u0160v. Petro aik\u0161t\u0117<\/strong><\/em><br \/><em><strong>Sekmadienis, 2018 gegu\u017e\u0117s 18 diena.<\/strong><\/em><\/p><\/p>\n\n<p><p><em>Brang\u016bs broliai ir seserys, laba diena!<\/em><\/p><\/p>\n\n<p><p>Per \u0161\u012f Paschos laik\u0105 Dievo \u017dodis toliau rodo darnius gyvenimo b\u016bdus tam, kad b\u016btume Prisik\u0117lusiojo bendruomen\u0117. \u0160iandienin\u0117 Evangelija pristato J\u0117zaus \u012fsakym\u0105: \u201ePasilikite mano meil\u0117je.\u201c (Jn 15,9) Pasilikti J\u0117zaus meil\u0117je. Apsigyventi Dievo meil\u0117s sraute, \u012fsikurti Dieve. Tokiu b\u016bdu m\u016bs\u0173 meil\u0117 nepraras u\u017esidegimo ir<br \/>dr\u0105sos. Mes, lygiai taip kaip ir J\u0117zus, turime priimti su d\u0117kingumu t\u0105 meil\u0119, kuri ateina i\u0161 T\u0117vo ir\u00a0 pasilikti joje, siekdami neatsiskirti nuo \u0161ios meil\u0117s d\u0117l puikyb\u0117s ir nuod\u0117m\u0117s. Tai-sunku, bet ne\u012fmanoma.<\/p><\/p>\n\n<p>Vis\u0173 pirma, yra svarbu suvokti, kad Kristaus meil\u0117 n\u0117ra pavir\u0161utini\u0161kas jausmas. Ne, ji&#013;\nyra esmin\u0117 \u0161irdies elgsena, kuri apsirei\u0161kia gyvenant pagal Jo vali\u0105. J\u0117zus sako: \u201eJei vykdysite mano \u012fsakymus, pasiliksite mano meil\u0117je, taip kaip a\u0161 vykdau T\u0117vo \u012fsakymus ir pasilieku jo meil\u0117je.\u201c (Jn 15,10) Meil\u0117 i\u0161sipildo kasdieniniame gyvenime, elgesyje, veiksmuose. Jeigu ji nepasirei\u0161kia, tad tai tik iliuzija arba tu\u0161ti \u017eod\u017eiai, \u017eod\u017eiai, \u017eod\u017eiai. Tai n\u0117ra&#013;\nmeil\u0117. Meil\u0117 yra konkreti, kiekvien\u0105 dien\u0105. J\u0117zus pra\u0161o vykdyti jo \u012fsakymus, kuriuos galima apibendrinti taip: \u201eMyl\u0117kite vienas kit\u0105 kaip a\u0161 jus myl\u0117jau.\u201c (Jn 15,12)<\/p>\n\n<p>K\u0105 daryti, kad \u0161i\u0105 prisik\u0117lusio Vie\u0161paties meil\u0119 dalintume irgi kitiems? Nekart\u0105 J\u0117zus yra nurod\u0119s kas yra tas kitas, kur\u012f turime myl\u0117ti, ne \u017eod\u017eiais, o darbais. Tai tas, kur\u012f susitinku savo kelyje ir kuris su savo atvaizdu bei istorija ver\u010dia mane susim\u0105styti. Tai tas, kuris su savo buvimu skatina mane i\u0161eiti i\u0161 mano interes\u0173 bei saugumo. Tai tas, kuris laukia mano nusiteikimo i\u0161klausyti ir palyd\u0117ti eiti dal\u012f kelio kartu. B&#8217;uti prieinamam kiekvienam broliui ir sesei, ne\u017ei\u016brint kas jis yra ir kokia jo situacija, pradedant nuo esan\u010dio \u0161alia man\u0119s \u0161eimoje, bendruomen\u0117je, darbe, mokykloje&#8230; Tokiu b\u016bdu, susivienijant su J\u0117zumi, jo meil\u0117 tampa prieinama kitam ir&#013;\ngali pritraukti \u012f jo draugyst\u0119. \u0160i meil\u0117 artimui negali b\u016bti rezervuota i\u0161skirtin\u0117ms progoms, bet turi tapti pastovi m\u016bs\u0173 egzistencijoje. Tod\u0117l mes esame kvie\u010diami, pavyzd\u017eiui, r\u016bpintis su meile pagyvenusiais \u017emon\u0117mis tarsi b\u016bt\u0173 brang\u016bs lobis netgi tada, kai kelia ekonomini\u0173 sunkum\u0173 ar kit\u0173 problem\u0173. Turime jais r\u016bpintis. D\u0117l \u0161ios prie\u017easties ligoniams, nors jei ir randasi paskutiniame gyvenimo etape, turime u\u017etikrinti reikaling\u0105 aptarnavim\u0105. Tod\u0117l visi negimusieji turi b\u016bti priimti. Gyvyb\u0117 visada turi b\u016bti apsaugota nuo prad\u0117jimo iki nat\u016bralios mirties. Ir tai yra meil\u0117. Mes esame Dievo mylimi J\u0117zuje Kristuje, kuris pra\u0161o m\u016bs\u0173 myl\u0117ti taip kaip Jis mus myli. Bet tai negalime padaryti jei neturime mumyse jo paties \u0160ird\u012f.<\/p>\n\n<p>Eucharistija, kurioje esame kvie\u010diami dalyvauti kiekvien\u0105 sekmadien\u012f, turi kaip tiksl\u0105 ugdyti mumyse Kristaus \u0160ird\u012f, kad visas m\u016bs\u0173 gyvenimas b\u016bt\u0173 vedamas ger\u0173 veiksm\u0173. Tegu Mergel\u0117 Marija padeda mums pasilikti ir augti J\u0117zaus meil\u0117je visiems, ypatingai silpniausiems, kad mumyse pilnai i\u0161sipildyt\u0173 m\u016bs\u0173 krik\u0161\u010dioni\u0161kasis pa\u0161aukimas.<\/p>\n\n<hr class=\"wp-block-separator\" \/>\n\n<p><p><strong>Po &#8222;Regina Coeli&#8221;:<\/strong><\/p><\/p>\n\n<p><p><em>Brang\u016bs broliai ir seserys:<\/em><\/p><\/p>\n\n<p>Vakar, Achene (Vokietija), buvo paskelbta palaimint\u0105ja Klara Fey, Varg\u0161o K\u016bdik\u0117lio J\u0117zaus seser\u0173 kongregacijos steig\u0117ja, kuri gyveno XIX a. antroje pus\u0117je. D\u0117kojame Dievui u\u017e \u0161i\u0105 stropi\u0105 Evangelijos liudytoj\u0105, d\u0117mesing\u0105 palanki\u0173 s\u0105lyg\u0173 neturintiems vaikams.<\/p>\n\n<p>Raginu melstis u\u017e Centrin\u0117s Afrikos Respublikos gyventojus. Juos aplankiau su d\u017eiaugsmu ir ne\u0161u visus savo \u0161irdyje. Prie\u0161 kelias dienas \u012fvyko bais\u016bs nusikaltimai su daugybe \u017euvusi\u0173 bei su\u017eeist\u0173, tarp kuri\u0173 yra kunigas. Tegu Dievas, Mergel\u0117s Marijos&#013;\nu\u017etarimu, padeda visiems pasakyti &#8222;ne&#8221; smurtui ir ker\u0161tui, kad kartu kurtume taik\u0105.<\/p>\n\n<p>Sveikinu jus visus, romie\u010dius ir piligrimus, Ypatingai at\u0117jusius i\u0161 Oviedo (Ispanija), studentus i\u0161 Vrboves (Slovakija), ministrantus i\u0161 Berno. Sveikinimai taip pat \u0160veicar\u0173 gvardijos naujiesiems kariams, j\u0173 \u0161eimos nariams bei draugams su istorine j\u0173 \u0161vente! Plojimai jiems!<\/p>\n\n<p><p>Sveikinu <em>Meter<\/em> asociacijos atstovus, kuriuos raginu toliau r\u016bpintis smurt\u0105 patirian\u010diais<br \/>vaikais. Taip pat sveikinu Pia\u010denza bei Borgoriko tikin\u010diuosius ir Castelfranko Emilija gimnastes. Gird\u0117jau kelias Neokatekumenatines giesmes&#8230; Jie ten! A\u010di\u016b! A\u010di\u016b u\u017e j\u016bs\u0173 darb\u0105 evangelizuodami. Esate visur, a\u010di\u016b!<\/p><\/p>\n\n<p>Taipogi sveikinu visus, kurie sulaikytuosius Latina kal\u0117jime \u0161iuo dvasi\u0161kai esantys su mumis.<\/p>\n\n<p>Linkiu jums visiems gero sekmadienio ir pra\u0161au nepamir\u0161kite melstis u\u017e mane. Ger\u0173 piet\u0173 ir iki greito!<\/p>\n","protected":false},"excerpt":{"rendered":"<p>Popie\u017eiaus Pranci\u0161kaus \u201eRegina Coeli\u201c sekan\u010di\u0105 dien\u0105 po tarptautinio susitikimo Neokatekumenatinio kelio 50-me\u010dio metin\u0117ms pamin\u0117ti, 2018-V-6 Pranci\u0161kus \u0160v. Petro aik\u0161t\u0117Sekmadienis, 2018 gegu\u017e\u0117s 18 diena. Brang\u016bs broliai ir seserys, laba diena! Per \u0161\u012f Paschos laik\u0105 Dievo \u017dodis toliau rodo darnius gyvenimo b\u016bdus tam, kad b\u016btume Prisik\u0117lusiojo bendruomen\u0117. \u0160iandienin\u0117 Evangelija pristato J\u0117zaus \u012fsakym\u0105: \u201ePasilikite mano meil\u0117je.\u201c (Jn 15,9) Pasilikti J\u0117zaus meil\u0117je. Apsigyventi Dievo meil\u0117s sraute, \u012fsikurti Dieve. Tokiu b\u016bdu m\u016bs\u0173 meil\u0117 nepraras u\u017esidegimo<\/p>\n<div class=\"read-more\"><a class=\"btn read-more-btn\" href=\"https:\/\/neocatechumenaleiter.org\/lt\/popieziu-kalbos\/pranciskus\/popieziaus-pranciskaus-regina-coeli-sekancia-diena-po-tarptautinio-susitikimo-neokatekumenatinio-kelio-50-mecio-metinems-pamineti-2018-v-6\/\">Skaityti vis\u0105<\/a><\/div>\n","protected":false},"author":2,"featured_media":0,"parent":14784,"menu_order":7,"comment_status":"closed","ping_status":"closed","template":"","meta":{"footnotes":""},"class_list":["post-19016","page","type-page","status-publish","hentry"],"_links":{"self":[{"href":"https:\/\/neocatechumenaleiter.org\/lt\/wp-json\/wp\/v2\/pages\/19016","targetHints":{"allow":["GET"]}}],"collection":[{"href":"https:\/\/neocatechumenaleiter.org\/lt\/wp-json\/wp\/v2\/pages"}],"about":[{"href":"https:\/\/neocatechumenaleiter.org\/lt\/wp-json\/wp\/v2\/types\/page"}],"author":[{"embeddable":true,"href":"https:\/\/neocatechumenaleiter.org\/lt\/wp-json\/wp\/v2\/users\/2"}],"replies":[{"embeddable":true,"href":"https:\/\/neocatechumenaleiter.org\/lt\/wp-json\/wp\/v2\/comments?post=19016"}],"version-history":[{"count":1,"href":"https:\/\/neocatechumenaleiter.org\/lt\/wp-json\/wp\/v2\/pages\/19016\/revisions"}],"predecessor-version":[{"id":19017,"href":"https:\/\/neocatechumenaleiter.org\/lt\/wp-json\/wp\/v2\/pages\/19016\/revisions\/19017"}],"up":[{"embeddable":true,"href":"https:\/\/neocatechumenaleiter.org\/lt\/wp-json\/wp\/v2\/pages\/14784"}],"wp:attachment":[{"href":"https:\/\/neocatechumenaleiter.org\/lt\/wp-json\/wp\/v2\/media?parent=19016"}],"curies":[{"name":"wp","href":"https:\/\/api.w.org\/{rel}","templated":true}]}}