{"id":19179,"date":"2020-11-19T10:00:57","date_gmt":"2020-11-19T09:00:57","guid":{"rendered":"https:\/\/neocatechumenaleiter.org\/popieziu-kalbos\/pranciskus\/tarptautinis-susitikimas-neokatekumenatinio-kelio-50-mecio-progai-pamineti-sventojo-tevo-pranciskaus-kalba\/"},"modified":"2020-11-19T10:00:58","modified_gmt":"2020-11-19T09:00:58","slug":"tarptautinis-susitikimas-neokatekumenatinio-kelio-50-mecio-progai-pamineti-sventojo-tevo-pranciskaus-kalba","status":"publish","type":"page","link":"https:\/\/neocatechumenaleiter.org\/lt\/popieziu-kalbos\/pranciskus\/tarptautinis-susitikimas-neokatekumenatinio-kelio-50-mecio-progai-pamineti-sventojo-tevo-pranciskaus-kalba\/","title":{"rendered":"Tarptautinis susitikimas Neokatekumenatinio kelio 50-me\u010dio progai pamin\u0117ti. \u0160ventojo T\u0117vo Pranci\u0161kaus kalba."},"content":{"rendered":"\n<h1 class=\"has-text-align-center wp-block-heading\">Tarptautinis susitikimas Neokatekumenatinio kelio 50-me\u010dio progai pamin\u0117ti. \u0160ventojo T\u0117vo Pranci\u0161kaus kalba. 5-V-2018<\/h1>\n\n<div style=\"height:20px\" aria-hidden=\"true\" class=\"wp-block-spacer\"><\/div>\n\n<h4 class=\"has-text-align-center wp-block-heading\">Pranci\u0161kus<\/h4>\n\n<div style=\"height:20px\" aria-hidden=\"true\" class=\"wp-block-spacer\"><\/div>\n\n<p><p><em>Tor Vergata, Roma<\/em><br \/><em>\u0160e\u0161tadienis, 2018 m. gegu\u017e\u0117s 5 d.<\/em><\/p><\/p>\n\n<p><p>Brang\u016bs broliai ir seserys, laba diena!<\/p><\/p>\n\n<p>D\u017eiaugiuosi matydamas jus ir kad galime kartu su jumis i\u0161tarti: a\u010di\u016b! A\u010di\u016b Dievui ir jums visiems, ypatingai tiems, kurie \u012fveik\u0117 ilg\u0105 keli\u0105, kad gal\u0117t\u0173 b\u016bti \u010dia. A\u010di\u016b u\u017e t\u0105 \u201etaip\u201c, kur\u012f i\u0161tar\u0117te, u\u017e tai, kad pri\u0117m\u0117te Dievo kvietim\u0105 padaryti gyventi Evangelija ir evangelizuoti. Taipogi didelis a\u010di\u016b tiems, kurie prad\u0117jo Neokatekumenatin\u012f keli\u0105 prie\u0161 50 met\u0173.<\/p>\n\n<p><p>Penkiasde\u0161imt yra svarbus skai\u010dius \u0160ventajame Ra\u0161te: penkiasde\u0161imt\u0105j\u0105 dien\u0105 Prisik\u0117lusiojo Dvasia nu\u017eeng\u0117 ant apa\u0161tal\u0173 ir aprei\u0161k\u0117 pasauliui Ba\u017eny\u010di\u0105. Dar prie\u0161 tai,<br \/>Dievas buvo palaimin\u0119s penkiasde\u0161imtuosius metus: \u201eTie penkiasde\u0161imtieji bus jums jubiliejiniai metai. \u201c (Kun 25,11) Tai \u0161venti metai per kuriuos i\u0161rinktoji tauta matys naujus \u012fvykius, tokius kaip i\u0161silaisvinim\u0105 ir gr\u012f\u017eim\u0105 i\u0161 priespaudos: \u201e\u0160v\u0119site<br \/>penkiasde\u0161imtuosius metus ir paskelbsite laisv\u0119 visiems gyventojams. Tai bus jums jubiliejaus metai: sugr\u012f\u0161ite kiekvienas j\u016bs\u0173 prie savo nuosavyb\u0117s ir kiekvienas j\u016bs\u0173 \u012f savo \u0161eim\u0105\u201c (e. 10). Po \u0161i\u0173 penkiasde\u0161imties Kelio met\u0173, b\u016bt\u0173 gra\u017eu, kad kiekvienas i\u0161<br \/>j\u016bs\u0173 pasakyt\u0173: \u201eA\u010di\u016b, Dieve, u\u017e tai, kad mane i\u0161laisvinai; u\u017e tai, kad Ba\u017eny\u010dioje atradau savo \u0161eim\u0105; u\u017e tai, kad tavo Krik\u0161tu seni dalykai pra\u0117jo ir m\u0117gaujuosi nauju gyvenimu (2 Kor 5,17) ; u\u017e tai, kad per Keli\u0105 parodei tak\u0105, leid\u017eiant\u012f pa\u017einti tavo begalin\u0119 T\u0117vi\u0161k\u0105 meil\u0119\u201c.<\/p><\/p>\n\n<p><p>Brang\u016bs broliai ir seserys, pabaigoje giedosite d\u0117kojimo \u201e<em>Te Deum<\/em>&#8221; u\u017e Dievo meil\u0119 ir i\u0161tikimyb\u0119. Tai labai gra\u017eu: d\u0117koti Dievui u\u017e jo meil\u0119 ir i\u0161tikimyb\u0119. Da\u017enai d\u0117kojame u\u017e jo malones, u\u017e tai k\u0105 duoda ir tai yra labai gerai. Bet dar geriau d\u0117koti u\u017e tai, kas<br \/>jis yra, u\u017e tai, kad yra Dievas i\u0161tikimas meil\u0117je. Jo gerumas nepriklauso nuo m\u016bs\u0173. K\u0105 bedarytume, Dievas mus i\u0161tikimai myli. Tai yra m\u016bs\u0173 pasitik\u0117jimo \u0161altinis, did\u017eiausia gyvenimo paguoda. Taigi dr\u0105sos, neli\u016bd\u0117kite! Kai problem\u0173 debesys u\u017eklups j\u016bs\u0173 dienas, atsiminkite, kad i\u0161tikimoji Dievo meil\u0117 spindi be nepaliaujamai, kaip nenusileid\u017eianti saul\u0117. Atminkite jo gerum\u0105, stipresn\u012f u\u017e bet kok\u012f blog\u012f, ir saldus jo meil\u0117s prisiminimas pad\u0117s jums sielvarte.<\/p><\/p>\n\n<p><p>Dar lieka labai svarbus \u201ea\u010di\u016b&#8221;: tiems, kurie i\u0161vyksta \u012f misij\u0105. Jau\u010diu, kad turiu pasakyti jums kelis \u017eod\u017eius, i\u0161 visos \u0161irdies, b\u016btent apie misij\u0105, apie evangelizacij\u0105, kuri \u0161iandien yra prioritetas Ba\u017eny\u010diai. Nes misija rei\u0161kia atiduoti bals\u0105 i\u0161tikimai Dievo meilei, rei\u0161kia skelbti, kad Dievas mus myli ir, kad niekada nepavargs nuo man\u0119s, nuo tav\u0119s, nuo m\u016bs\u0173 ir \u0161io pasaulio nuo, kurio da\u017enai pavargstame mes. Misija- dovanoti tai, k\u0105 mes gavome. Misija- vykdyti J\u0117zaus \u012fsakym\u0105, kur\u012f gavome ir kur\u012f nor\u0117\u010diau apm\u0105styti su jumis: \u201eEikite ir darykite mano mokiniais vis\u0173 taut\u0173 \u017emones.\u201c (Mt 28, 19)<\/p><\/p>\n\n<p>\u201eEikite.&#8221; Misija reikalauja i\u0161vykti. Gyvenime yra didel\u0117 pagunda pasilikti, nerizikuoti, pasitenkinti kontroliuojama situacija. Daug lengviau pasilikti namuose, apsuptas t\u0173, kurie tave myli, bet tai ne J\u0117zaus kelias. Jis siun\u010dia: \u201eEikite\u201c. Tai labai ai\u0161kus kvietimas, kur\u012f reikia priimti pilnai. Jis pritaria trumpoms ekskursijoms arba kompensuotoms kelion\u0117ms, bet sako savo mokiniams, visiems mokiniams, tik vien\u0105 \u017eod\u012f: \u201eEikite!\u201c Eikite- tai stiprus kvietimas, kuris ataidi kiekviename krik\u0161\u010dioni\u0161ko gyvenimo kampe; ai\u0161kus kvietimas b\u016bti visada i\u0161\u0117jime, piligrimai pasaulyje ie\u0161kant broli\u0173, kurie dar nepa\u017e\u012fsta Dievo meil\u0117s d\u017eiaugsmo.<\/p>\n\n<p><p>Bet kaip \u012fmanoma eiti? Reikia b\u016bti vikriam, negalima ne\u0161tis kartu vis\u0173 nam\u0173 dekoracij\u0173. Tai moko Biblija: kai Dievas i\u0161vadavo i\u0161rinkt\u0105j\u0105 taut\u0105, padar\u0117, kad i\u0161vykt\u0173 \u012f dykum\u0105 tik su reikalingiausiomis priemon\u0117mis. Ir kai tapo \u017emogumi, Jis pats keliavo skurde, netur\u0117damas net kur galvos priglausti (plg. Lk 9, 58). Pra\u0161o savi\u0161ki\u0173 tokio pa\u010dio stiliaus. Tam, kad keliautume reikia b\u016bti lengviems. Tam, kad skelbtume, reikia atsi\u017ead\u0117ti. Tik Ba\u017eny\u010dia i\u0161silaisvinusi i\u0161 vald\u017eios bei pinig\u0173 tro\u0161kimo, i\u0161laisvinta i\u0161 triumfalizmo ir klerikalizmo gali \u012ftikinamai liudyti, kad Kristus i\u0161vaduoja \u017emog\u0173. Kas i\u0161 meil\u0117s i\u0161moksta<br \/>atsi\u017ead\u0117ti dalyk\u0173, apkabina \u0161\u012f brang\u0173 lob\u012f- laisv\u0119. Nepasilieka suvar\u017eytas savo prisiri\u0161imuose, kurie kaskart reikalauja daugiau, bet niekada nesuteikia ramyb\u0117s, ir jau\u010dia, kad \u0161irdis did\u0117ja be r\u016bpes\u010di\u0173 atvira Dievui ir broliams.<\/p><\/p>\n\n<p>\u201eEiti\u201c yra misija nusakantis veiksma\u017eodis ir tai kur kas daugiau, nes asmenuojamas daugiskaita. Vie\u0161pats nesako: eik tu, po to tu, v\u0117liau tu ir t.t. Jis sako \u201eeikite\u201c! Kartu! Tas, kuris eina vienas n\u0117ra pilnai misionierius. Turi eiti drauge. Keliauti kartu visada yra menas. Reikia mokytis kiekvien\u0105 dien\u0105. Taip pat reikia b\u016bti atsargiam, pavyzd\u017eiui, nediktuoti kelio kitiems. Kitaip tariant, reikia lyd\u0117ti ir laukti, turint omenyje, kad kito kelias n\u0117ra toks pat kaip mano. Kaip ir gyvenime, niekas neturi identi\u0161ko gyvenimo su kitu, taip yra ir su tik\u0117jimu, ir su misija: einama kartu, neizoliuojant sav\u0119s nuo kit\u0173 ir neprimesdami savo \u0117jimo tempo. Einama kartu, kaip Ba\u017eny\u010dia, su ganytojais, su visais broliais, nesiver\u017eiant \u012f priek\u012f ir nesisk\u0173sdami d\u0117l t\u0173, kurie eina l\u0117\u010diau. Esame piligrimai, kurie lydimi broli\u0173 lydime kitus brolius. Gerai padaryti tai asmeni\u0161kai, atsargiai ir gerbdami kiekvieno keli\u0105 bei nepriversdami nei vieno augti, nes atsakymas Dievui br\u0119sta tiktais autenti\u0161koje ir nuo\u0161ird\u017eioje laisv\u0117je.<\/p>\n\n<p>Prisik\u0117l\u0119s Kristus sako: \u201eDarykite mokiniais.&#8221; Tai yra misija. Jis nesako \u201eu\u017ekariaukite&#8221; ar \u201eu\u017eimkite&#8221;, bet \u201edarykite mokiniais&#8221;. Tai rei\u0161kia, dalintis su kitais gaut\u0105ja malone, tuo meil\u0117s susitikimu, kuris pakeit\u0117 j\u016bs\u0173 gyvenim\u0105. Tai misijos \u0161irdis: liudyti, kad Dievas mus myli ir kad su Juo yra \u012fmanoma tikroji meil\u0117 galinti atiduoti save bet kur: \u0161eimoje, darbe, pa\u0161v\u0119stajame gyvenime, kaip su\u017ead\u0117tiniai. Misija rei\u0161kia tapti mokiniais su naujaisiais Kristaus mokiniais. Be abejon\u0117s, Ba\u017eny\u010dia yra m\u016bs\u0173 mokytoja, bet negali b\u016bti mokytoja jeigu prie\u0161 tai n\u0117ra mokin\u0117. Lygiai taip pat negali b\u016bti motina, jeigu n\u0117ra dukra. \u0160tai m\u016bs\u0173 Motina: nuolanki Ba\u017eny\u010dia, T\u0117vo dukra ir Mokytojo mokin\u0117, laiminga \u017emonijos sesuo. \u0160i nauja \u201emokinyst\u0117s&#8221; dinamika- mokinys, kuris daro mokiniais. Tai visai, kas kita nei proselitizmas (prievartinis atvertimas skelbiant evangelij\u0105).<\/p>\n\n<p>\u010cia randasi skelbimo j\u0117ga, kad pasaulis \u012ftik\u0117t\u0173. \u012etikinantys argumentai nesiskaito, bet pritraukiantis gyvenimo b\u016bdas; ne geb\u0117jimas primesti savo, bet tarnavimas. J\u016bs turite savo DNR pa\u0161aukim\u0105 skelbti \u0161eimynin\u012f gyvenim\u0105 sekdami \u0160ventosios \u0160eimos pavyzd\u017eiu: nuolankume, paprastume ir \u0161lovinime. Ne\u0161kite \u0161i\u0105 \u0161eimynin\u0119 atmosfer\u0105 \u012f apleistas vietas, kur n\u0117ra \u0161ios meil\u0117s \u017eenkl\u0173. Leiskit\u0117s b\u016bti atpa\u017e\u012fstamiems kaip J\u0117zaus draugai. Vadinkite visus draugais ir b\u016bkite vis\u0173 draugais.<\/p>\n\n<p><p>\u201eEikite ir darykite mokiniais vis\u0173 taut\u0173 \u017emones.&#8221; Kai J\u0117zus sako \u201evis\u0173 taut\u0173 \u017emones&#8221;, pana\u0161u, kad siekia pabr\u0117\u017eti, jog savo \u0161irdyje yra vietos kiekvienam. Visiems be i\u0161imties. Kaip s\u016bn\u016bs t\u0117vui ar motinai: jeigu j\u0173 daug, dideli ir ma\u017ei , kiekvienas kar\u0161tai mylimas. Duodama meil\u0117\u00a0 nesuma\u017e\u0117ja, bet dauginasi, plista ir visada pilna vilties. Kaip ir t\u0117vai, kurie nemato pirmiausia vaik\u0173 tr\u016bkum\u0173, bet b\u016btent vaikus. I\u0161 tos perspektyvos jie tada priima j\u0173 problemas ir sunkumus. Lygiai taip pat daro misionieriai su Dievo mylimomis tautomis. Jie nei\u0161kelia neigiamus aspektus, bet \u201emato \u0161irdimi&#8221;, su pagarbos bei meiles \u017evilgsniu ir kantriu pasitik\u0117jimu. Eikite tokiu b\u016bdu \u012f misij\u0105, b\u016bdami tikri, kad \u201e\u017eaid\u017eiate namuose&#8221;. Vie\u0161pats yra vis\u0173 taut\u0173 \u0161eimininkas ir jo Dvasia jau yra pas\u0117jusi prie\u0161 jums ateinant. Galvodami apie m\u016bs\u0173 T\u0117v\u0105, kuris taip myli pasaul\u012f (<em>Jn<\/em> 3, 16), b\u016bkite \u017emonijos aistruoliais, prisid\u0117kite prie kiekvieno d\u017eiaugsmo (2 Kor 1, 24). Tegu vertina j\u016bs\u0173 artum\u0105, myl\u0117kite taut\u0173 tradicijas, nepritaikykite \u012fr\u0117mint\u0173 modeli\u0173. Ne mokykite teorij\u0173 ir schem\u0173, bet remkit\u0117s konkre\u010diomis situacijomis. Dvasia duos jums tinkam\u0105 skelbimo form\u0105 atitinkamu laiku ir Ba\u017eny\u010dia gal\u0117s augti taut\u0173, maloni\u0173 ir charizm\u0173 \u012fvairov\u0117je.<\/p><\/p>\n\n<p>Brang\u016bs broliai ir seserys, j\u016bs\u0173 charizma yra did\u017eiul\u0117 Dievo malon\u0117 m\u016bs\u0173 laik\u0173 Ba\u017eny\u010diai. D\u0117kokime Vie\u0161pa\u010diui u\u017e visus \u0161iuos 50 met\u0173. Plojimai 50-me\u010diui! \u017di\u016br\u0117dami \u012f Jo t\u0117vi\u0161k\u0105, broli\u0161k\u0105 ir aistring\u0105 i\u0161tikimyb\u0119 niekada nepraraskite pasitik\u0117jimo. Jis jus apsaugos, tuo pa\u010diu metu ragindamas mus eiti pirmyn su nuolankiu paprastumu, kaip jo mylimi mokiniai, \u012f visas tautas. A\u0161 lyd\u017eiu jus ir raginu: pirmyn! Ir pra\u0161au j\u016bs\u0173, nepamir\u0161kite melstis u\u017e mane, kuris pasilieku \u010dia!<\/p>\n","protected":false},"excerpt":{"rendered":"<p>Tarptautinis susitikimas Neokatekumenatinio kelio 50-me\u010dio progai pamin\u0117ti. \u0160ventojo T\u0117vo Pranci\u0161kaus kalba. 5-V-2018 Pranci\u0161kus Tor Vergata, Roma\u0160e\u0161tadienis, 2018 m. gegu\u017e\u0117s 5 d. Brang\u016bs broliai ir seserys, laba diena! D\u017eiaugiuosi matydamas jus ir kad galime kartu su jumis i\u0161tarti: a\u010di\u016b! A\u010di\u016b Dievui ir jums visiems, ypatingai tiems, kurie \u012fveik\u0117 ilg\u0105 keli\u0105, kad gal\u0117t\u0173 b\u016bti \u010dia. A\u010di\u016b u\u017e t\u0105 \u201etaip\u201c, kur\u012f i\u0161tar\u0117te, u\u017e tai, kad pri\u0117m\u0117te Dievo kvietim\u0105 padaryti gyventi Evangelija ir evangelizuoti.<\/p>\n<div class=\"read-more\"><a class=\"btn read-more-btn\" href=\"https:\/\/neocatechumenaleiter.org\/lt\/popieziu-kalbos\/pranciskus\/tarptautinis-susitikimas-neokatekumenatinio-kelio-50-mecio-progai-pamineti-sventojo-tevo-pranciskaus-kalba\/\">Skaityti vis\u0105<\/a><\/div>\n","protected":false},"author":2,"featured_media":0,"parent":14784,"menu_order":6,"comment_status":"closed","ping_status":"closed","template":"","meta":{"footnotes":""},"class_list":["post-19179","page","type-page","status-publish","hentry"],"_links":{"self":[{"href":"https:\/\/neocatechumenaleiter.org\/lt\/wp-json\/wp\/v2\/pages\/19179","targetHints":{"allow":["GET"]}}],"collection":[{"href":"https:\/\/neocatechumenaleiter.org\/lt\/wp-json\/wp\/v2\/pages"}],"about":[{"href":"https:\/\/neocatechumenaleiter.org\/lt\/wp-json\/wp\/v2\/types\/page"}],"author":[{"embeddable":true,"href":"https:\/\/neocatechumenaleiter.org\/lt\/wp-json\/wp\/v2\/users\/2"}],"replies":[{"embeddable":true,"href":"https:\/\/neocatechumenaleiter.org\/lt\/wp-json\/wp\/v2\/comments?post=19179"}],"version-history":[{"count":1,"href":"https:\/\/neocatechumenaleiter.org\/lt\/wp-json\/wp\/v2\/pages\/19179\/revisions"}],"predecessor-version":[{"id":19180,"href":"https:\/\/neocatechumenaleiter.org\/lt\/wp-json\/wp\/v2\/pages\/19179\/revisions\/19180"}],"up":[{"embeddable":true,"href":"https:\/\/neocatechumenaleiter.org\/lt\/wp-json\/wp\/v2\/pages\/14784"}],"wp:attachment":[{"href":"https:\/\/neocatechumenaleiter.org\/lt\/wp-json\/wp\/v2\/media?parent=19179"}],"curies":[{"name":"wp","href":"https:\/\/api.w.org\/{rel}","templated":true}]}}