{"id":19181,"date":"2020-11-19T10:21:22","date_gmt":"2020-11-19T09:21:22","guid":{"rendered":"https:\/\/neocatechumenaleiter.org\/popieziu-kalbos\/sv-jonas-paulius-ii\/sveikinimas-italijos-bendruomeniu-jaunimui-24-2-2002\/"},"modified":"2020-11-19T10:21:23","modified_gmt":"2020-11-19T09:21:23","slug":"sveikinimas-italijos-bendruomeniu-jaunimui-24-2-2002","status":"publish","type":"page","link":"https:\/\/neocatechumenaleiter.org\/lt\/popieziu-kalbos\/sv-jonas-paulius-ii\/sveikinimas-italijos-bendruomeniu-jaunimui-24-2-2002\/","title":{"rendered":"Sveikinimas Italijos bendruomeni\u0173 jaunimui 24-2-2002"},"content":{"rendered":"\n<h1 class=\"has-text-align-center wp-block-heading\">Sveikinimas Italijos bendruomeni\u0173 jaunimui 24-2-2002<\/h1>\n\n<div style=\"height:20px\" aria-hidden=\"true\" class=\"wp-block-spacer\"><\/div>\n\n<h4 class=\"has-text-align-center wp-block-heading\">\u0160v. Jonas Paulius II<\/h4>\n\n<div style=\"height:20px\" aria-hidden=\"true\" class=\"wp-block-spacer\"><\/div>\n\n<p><p><strong>\u0160v. Petro aik\u0161t\u0117, 2002 vasario 24 d.<\/strong><\/p><\/p>\n\n<p><p><em>\u201eIki susitikimo Toronte.&#8221; \u0160iais \u017eod\u017eiais po maldos Marijai Jonas Paulius II atnaujino pakvietim\u0105 dalyvavimui XVII Pasaulio jaunimo dienose, kurios \u0161iemet vyks Kanadoje. \u0160is pakvietimas \u0160v. Petro aik\u0161t\u0117je nuskamb\u0117jo po \u201eVie\u0161paties angelo&#8221; maldos adresuotas t\u016bkstantiems jaunuoli\u0173 i\u0161 \u012fvairi\u0173 Italijos vyskupij\u0173 bei parapij\u0173 Neokatechumenatini\u0173 bendruomeni\u0173 sekmadien\u012f, 24-\u0105j\u0105 dien\u0105.<\/em><\/p><\/p>\n\n<p>\u201eSveikinu su ypatingu nuo\u0161irdumu jaunim\u0105, gausiai susirinkus\u012f, i\u0161 \u012fvairi\u0173 Italijos vyskupij\u0173 bei parapij\u0173 Neokatechumenatini\u0173 bendruomeni\u0173. Brangieji, j\u016bs esate \u201ekelyje&#8221; \u012f Pasaulio jaunimo dienas Kanadoje ateinant\u012f liepos m\u0117nes\u012f. B\u016bkite jauni kelyje su Kristumi. D\u0117koju jums, nes su j\u016bs\u0173 buvimu \u010dia skatinate atnaujinti \u0161\u012f pakvietim\u0105 j\u016bs\u0173 bendraam\u017eiams italams bei kitatau\u010diams, kad visi gal\u0117t\u0173 ruo\u0161tis \u0161iam susitikimui. Mok\u0117kite elgtis su nuolankumu ir pagarba kiekvienu metu ir dalinkit\u0117s jumyse esan\u010dia viltimi. A\u010di\u016b u\u017e aplankym\u0105 ir iki susitikimo Toronte!<\/p>\n","protected":false},"excerpt":{"rendered":"<p>Sveikinimas Italijos bendruomeni\u0173 jaunimui 24-2-2002 \u0160v. Jonas Paulius II \u0160v. Petro aik\u0161t\u0117, 2002 vasario 24 d. \u201eIki susitikimo Toronte.&#8221; \u0160iais \u017eod\u017eiais po maldos Marijai Jonas Paulius II atnaujino pakvietim\u0105 dalyvavimui XVII Pasaulio jaunimo dienose, kurios \u0161iemet vyks Kanadoje. \u0160is pakvietimas \u0160v. Petro aik\u0161t\u0117je nuskamb\u0117jo po \u201eVie\u0161paties angelo&#8221; maldos adresuotas t\u016bkstantiems jaunuoli\u0173 i\u0161 \u012fvairi\u0173 Italijos vyskupij\u0173 bei parapij\u0173 Neokatechumenatini\u0173 bendruomeni\u0173 sekmadien\u012f, 24-\u0105j\u0105 dien\u0105. \u201eSveikinu su ypatingu nuo\u0161irdumu jaunim\u0105, gausiai susirinkus\u012f, i\u0161<\/p>\n<div class=\"read-more\"><a class=\"btn read-more-btn\" href=\"https:\/\/neocatechumenaleiter.org\/lt\/popieziu-kalbos\/sv-jonas-paulius-ii\/sveikinimas-italijos-bendruomeniu-jaunimui-24-2-2002\/\">Skaityti vis\u0105<\/a><\/div>\n","protected":false},"author":2,"featured_media":0,"parent":16071,"menu_order":98,"comment_status":"closed","ping_status":"closed","template":"","meta":{"footnotes":""},"class_list":["post-19181","page","type-page","status-publish","hentry"],"_links":{"self":[{"href":"https:\/\/neocatechumenaleiter.org\/lt\/wp-json\/wp\/v2\/pages\/19181","targetHints":{"allow":["GET"]}}],"collection":[{"href":"https:\/\/neocatechumenaleiter.org\/lt\/wp-json\/wp\/v2\/pages"}],"about":[{"href":"https:\/\/neocatechumenaleiter.org\/lt\/wp-json\/wp\/v2\/types\/page"}],"author":[{"embeddable":true,"href":"https:\/\/neocatechumenaleiter.org\/lt\/wp-json\/wp\/v2\/users\/2"}],"replies":[{"embeddable":true,"href":"https:\/\/neocatechumenaleiter.org\/lt\/wp-json\/wp\/v2\/comments?post=19181"}],"version-history":[{"count":1,"href":"https:\/\/neocatechumenaleiter.org\/lt\/wp-json\/wp\/v2\/pages\/19181\/revisions"}],"predecessor-version":[{"id":19182,"href":"https:\/\/neocatechumenaleiter.org\/lt\/wp-json\/wp\/v2\/pages\/19181\/revisions\/19182"}],"up":[{"embeddable":true,"href":"https:\/\/neocatechumenaleiter.org\/lt\/wp-json\/wp\/v2\/pages\/16071"}],"wp:attachment":[{"href":"https:\/\/neocatechumenaleiter.org\/lt\/wp-json\/wp\/v2\/media?parent=19181"}],"curies":[{"name":"wp","href":"https:\/\/api.w.org\/{rel}","templated":true}]}}